{"id":35158,"date":"2026-04-02T09:58:43","date_gmt":"2026-04-02T07:58:43","guid":{"rendered":"https:\/\/actiaenergy.com\/solutions\/ems-scada-ltr9020\/"},"modified":"2026-04-02T11:58:45","modified_gmt":"2026-04-02T09:58:45","slug":"ems-scada-ltr9020","status":"publish","type":"product","link":"https:\/\/actiaenergy.com\/en\/solutions\/ems-scada-ltr9020\/","title":{"rendered":"EMS for Renewable Energy Site Management"},"content":{"rendered":"<p class=\"product-description\">The SCADA EMS (Energy Management System) offered by Actia Energy is an advanced energy management system designed to ensure a balance between production and consumption and improve energy performance. equilibrium between production and consumption and improve energy performance.<\/p>\n<p class=\"product-description\">The PO EMS enables intelligent management of solar farm production data through a user-friendly HMI. This flexible and modular solution can be adapted to the different needs of producers. It interfaces between the SCADA (LTR9020 \u2013 MISTRAL) and solar energy production sites supplying Battery Energy Storage Systems (BESS).<br \/>\nIt acts as a communication gateway, enabling information to be sent to the ACTIA SCADA DMS via the IEC 60870-5-104 protocol, while ensuring that it is processed and archived.<\/p>\n<p class=\"product-description\">With extensive expertise in electrical network management, the EMS remote control software is a customisable solution that is open to technological developments, with a support team at your service.<\/p>\n","protected":false},"excerpt":{"rendered":"<p>EMS system for managing and analysing data from renewable energy production sites.<\/p>\n","protected":false},"featured_media":35146,"template":"","meta":{"site-sidebar-layout":"default","site-content-layout":"","ast-site-content-layout":"default","site-content-style":"default","site-sidebar-style":"default","ast-global-header-display":"","ast-banner-title-visibility":"","ast-main-header-display":"","ast-hfb-above-header-display":"","ast-hfb-below-header-display":"","ast-hfb-mobile-header-display":"","site-post-title":"","ast-breadcrumbs-content":"","ast-featured-img":"","footer-sml-layout":"","ast-disable-related-posts":"","theme-transparent-header-meta":"","adv-header-id-meta":"","stick-header-meta":"","header-above-stick-meta":"","header-main-stick-meta":"","header-below-stick-meta":"","astra-migrate-meta-layouts":"default","ast-page-background-enabled":"default","ast-page-background-meta":{"desktop":{"background-color":"var(--ast-global-color-5)","background-image":"","background-repeat":"repeat","background-position":"center center","background-size":"auto","background-attachment":"scroll","background-type":"","background-media":"","overlay-type":"","overlay-color":"","overlay-opacity":"","overlay-gradient":""},"tablet":{"background-color":"","background-image":"","background-repeat":"repeat","background-position":"center center","background-size":"auto","background-attachment":"scroll","background-type":"","background-media":"","overlay-type":"","overlay-color":"","overlay-opacity":"","overlay-gradient":""},"mobile":{"background-color":"","background-image":"","background-repeat":"repeat","background-position":"center center","background-size":"auto","background-attachment":"scroll","background-type":"","background-media":"","overlay-type":"","overlay-color":"","overlay-opacity":"","overlay-gradient":""}},"ast-content-background-meta":{"desktop":{"background-color":"var(--ast-global-color-4)","background-image":"","background-repeat":"repeat","background-position":"center center","background-size":"auto","background-attachment":"scroll","background-type":"","background-media":"","overlay-type":"","overlay-color":"","overlay-opacity":"","overlay-gradient":""},"tablet":{"background-color":"var(--ast-global-color-4)","background-image":"","background-repeat":"repeat","background-position":"center center","background-size":"auto","background-attachment":"scroll","background-type":"","background-media":"","overlay-type":"","overlay-color":"","overlay-opacity":"","overlay-gradient":""},"mobile":{"background-color":"var(--ast-global-color-4)","background-image":"","background-repeat":"repeat","background-position":"center center","background-size":"auto","background-attachment":"scroll","background-type":"","background-media":"","overlay-type":"","overlay-color":"","overlay-opacity":"","overlay-gradient":""}}},"product_brand":[],"product_cat":[7201,7229],"product_tag":[3322,3323,3324,3325,3326],"class_list":{"0":"post-35158","1":"product","2":"type-product","3":"status-publish","4":"has-post-thumbnail","6":"product_cat-scada-control-system","7":"product_cat-ems","8":"product_tag-scada","9":"product_tag-iec-60870-5-101","10":"product_tag-dms","11":"product_tag-hnz","12":"product_tag-iec-60870-5-104","13":"desktop-align-left","14":"tablet-align-left","15":"mobile-align-left","17":"first","18":"instock","19":"product-type-simple"},"yoast_head":"<!-- This site is optimized with the Yoast SEO plugin v27.5 - https:\/\/yoast.com\/product\/yoast-seo-wordpress\/ -->\n<title>LTR9020, EMS for Renewable Energy Site Management - SCADA Control System by ACTIA Energy<\/title>\n<meta name=\"description\" content=\"LTR9020 - SCADA software - EMS Mistral, renewable energy EMS to optimise production and consumption management at renewable energy sites.\" \/>\n<meta name=\"robots\" content=\"index, follow, max-snippet:-1, max-image-preview:large, max-video-preview:-1\" \/>\n<link rel=\"canonical\" href=\"https:\/\/actiaenergy.com\/en\/solutions\/ems-scada-ltr9020\/\" \/>\n<meta property=\"og:locale\" content=\"en_US\" \/>\n<meta property=\"og:type\" content=\"article\" \/>\n<meta property=\"og:title\" content=\"LTR9020, EMS for Renewable Energy Site Management - SCADA Control System by ACTIA Energy\" \/>\n<meta property=\"og:description\" content=\"LTR9020 - SCADA software - EMS Mistral, renewable energy EMS to optimise production and consumption management at renewable energy sites.\" \/>\n<meta property=\"og:url\" content=\"https:\/\/actiaenergy.com\/en\/solutions\/ems-scada-ltr9020\/\" \/>\n<meta property=\"og:site_name\" content=\"ACTIA Energy\" \/>\n<meta property=\"article:modified_time\" content=\"2026-04-02T09:58:45+00:00\" \/>\n<meta property=\"og:image\" content=\"https:\/\/actiaenergy.com\/wp-content\/uploads\/scada-mistral-ems-w1080h1080-1-37.webp\" \/>\n\t<meta property=\"og:image:width\" content=\"1080\" \/>\n\t<meta property=\"og:image:height\" content=\"1080\" \/>\n\t<meta property=\"og:image:type\" content=\"image\/webp\" \/>\n<meta name=\"twitter:card\" content=\"summary_large_image\" \/>\n<meta name=\"twitter:label1\" content=\"Est. reading time\" \/>\n\t<meta name=\"twitter:data1\" content=\"1 minute\" \/>\n<script type=\"application\/ld+json\" class=\"yoast-schema-graph\">{\"@context\":\"https:\\\/\\\/schema.org\",\"@graph\":[{\"@type\":\"WebPage\",\"@id\":\"https:\\\/\\\/actiaenergy.com\\\/en\\\/solutions\\\/ems-scada-ltr9020\\\/\",\"url\":\"https:\\\/\\\/actiaenergy.com\\\/en\\\/solutions\\\/ems-scada-ltr9020\\\/\",\"name\":\"LTR9020, EMS for Renewable Energy Site Management - SCADA Control System by ACTIA Energy\",\"isPartOf\":{\"@id\":\"https:\\\/\\\/actiaenergy.com\\\/en\\\/#website\"},\"primaryImageOfPage\":{\"@id\":\"https:\\\/\\\/actiaenergy.com\\\/en\\\/solutions\\\/ems-scada-ltr9020\\\/#primaryimage\"},\"image\":{\"@id\":\"https:\\\/\\\/actiaenergy.com\\\/en\\\/solutions\\\/ems-scada-ltr9020\\\/#primaryimage\"},\"thumbnailUrl\":\"https:\\\/\\\/actiaenergy.com\\\/wp-content\\\/uploads\\\/scada-mistral-ems-w1080h1080-1-37.webp\",\"datePublished\":\"2026-04-02T07:58:43+00:00\",\"dateModified\":\"2026-04-02T09:58:45+00:00\",\"description\":\"LTR9020 - SCADA software - EMS Mistral, renewable energy EMS to optimise production and consumption management at renewable energy sites.\",\"breadcrumb\":{\"@id\":\"https:\\\/\\\/actiaenergy.com\\\/en\\\/solutions\\\/ems-scada-ltr9020\\\/#breadcrumb\"},\"inLanguage\":\"en-US\",\"potentialAction\":[{\"@type\":\"ReadAction\",\"target\":[\"https:\\\/\\\/actiaenergy.com\\\/en\\\/solutions\\\/ems-scada-ltr9020\\\/\"]}]},{\"@type\":\"ImageObject\",\"inLanguage\":\"en-US\",\"@id\":\"https:\\\/\\\/actiaenergy.com\\\/en\\\/solutions\\\/ems-scada-ltr9020\\\/#primaryimage\",\"url\":\"https:\\\/\\\/actiaenergy.com\\\/wp-content\\\/uploads\\\/scada-mistral-ems-w1080h1080-1-37.webp\",\"contentUrl\":\"https:\\\/\\\/actiaenergy.com\\\/wp-content\\\/uploads\\\/scada-mistral-ems-w1080h1080-1-37.webp\",\"width\":1080,\"height\":1080,\"caption\":\"SCADA Sistema de Control Sistema EMS para la gesti\u00f3n de plantas de producci\u00f3n de energ\u00eda renovable - ACTIA Energy\"},{\"@type\":\"BreadcrumbList\",\"@id\":\"https:\\\/\\\/actiaenergy.com\\\/en\\\/solutions\\\/ems-scada-ltr9020\\\/#breadcrumb\",\"itemListElement\":[{\"@type\":\"ListItem\",\"position\":1,\"name\":\"ACTIA Energy\",\"item\":\"https:\\\/\\\/actiaenergy.com\\\/en\\\/actia-energy\\\/\"},{\"@type\":\"ListItem\",\"position\":2,\"name\":\"Solutions\",\"item\":\"https:\\\/\\\/actiaenergy.com\\\/en\\\/solutions\\\/\"},{\"@type\":\"ListItem\",\"position\":3,\"name\":\"EMS for Renewable Energy Site Management\"}]},{\"@type\":\"WebSite\",\"@id\":\"https:\\\/\\\/actiaenergy.com\\\/en\\\/#website\",\"url\":\"https:\\\/\\\/actiaenergy.com\\\/en\\\/\",\"name\":\"ACTIA Energy\",\"description\":\"L&#039;ing\u00e9nierie de l&#039;\u00e9nergie de demain.\",\"publisher\":{\"@id\":\"https:\\\/\\\/actiaenergy.com\\\/en\\\/#organization\"},\"potentialAction\":[{\"@type\":\"SearchAction\",\"target\":{\"@type\":\"EntryPoint\",\"urlTemplate\":\"https:\\\/\\\/actiaenergy.com\\\/en\\\/?s={search_term_string}\"},\"query-input\":{\"@type\":\"PropertyValueSpecification\",\"valueRequired\":true,\"valueName\":\"search_term_string\"}}],\"inLanguage\":\"en-US\"},{\"@type\":\"Organization\",\"@id\":\"https:\\\/\\\/actiaenergy.com\\\/en\\\/#organization\",\"name\":\"ACTIA Energy\",\"url\":\"https:\\\/\\\/actiaenergy.com\\\/en\\\/\",\"logo\":{\"@type\":\"ImageObject\",\"inLanguage\":\"en-US\",\"@id\":\"https:\\\/\\\/actiaenergy.com\\\/en\\\/#\\\/schema\\\/logo\\\/image\\\/\",\"url\":\"https:\\\/\\\/actiaenergy.com\\\/wp-content\\\/uploads\\\/Logo-ACTIA-Couleurs-h150.png\",\"contentUrl\":\"https:\\\/\\\/actiaenergy.com\\\/wp-content\\\/uploads\\\/Logo-ACTIA-Couleurs-h150.png\",\"width\":706,\"height\":150,\"caption\":\"ACTIA Energy\"},\"image\":{\"@id\":\"https:\\\/\\\/actiaenergy.com\\\/en\\\/#\\\/schema\\\/logo\\\/image\\\/\"}}]}<\/script>\n<!-- \/ Yoast SEO plugin. -->","yoast_head_json":{"title":"LTR9020, EMS for Renewable Energy Site Management - SCADA Control System by ACTIA Energy","description":"LTR9020 - SCADA software - EMS Mistral, renewable energy EMS to optimise production and consumption management at renewable energy sites.","robots":{"index":"index","follow":"follow","max-snippet":"max-snippet:-1","max-image-preview":"max-image-preview:large","max-video-preview":"max-video-preview:-1"},"canonical":"https:\/\/actiaenergy.com\/en\/solutions\/ems-scada-ltr9020\/","og_locale":"en_US","og_type":"article","og_title":"LTR9020, EMS for Renewable Energy Site Management - SCADA Control System by ACTIA Energy","og_description":"LTR9020 - SCADA software - EMS Mistral, renewable energy EMS to optimise production and consumption management at renewable energy sites.","og_url":"https:\/\/actiaenergy.com\/en\/solutions\/ems-scada-ltr9020\/","og_site_name":"ACTIA Energy","article_modified_time":"2026-04-02T09:58:45+00:00","og_image":[{"width":1080,"height":1080,"url":"https:\/\/actiaenergy.com\/wp-content\/uploads\/scada-mistral-ems-w1080h1080-1-37.webp","type":"image\/webp"}],"twitter_card":"summary_large_image","twitter_misc":{"Est. reading time":"1 minute"},"schema":{"@context":"https:\/\/schema.org","@graph":[{"@type":"WebPage","@id":"https:\/\/actiaenergy.com\/en\/solutions\/ems-scada-ltr9020\/","url":"https:\/\/actiaenergy.com\/en\/solutions\/ems-scada-ltr9020\/","name":"LTR9020, EMS for Renewable Energy Site Management - SCADA Control System by ACTIA Energy","isPartOf":{"@id":"https:\/\/actiaenergy.com\/en\/#website"},"primaryImageOfPage":{"@id":"https:\/\/actiaenergy.com\/en\/solutions\/ems-scada-ltr9020\/#primaryimage"},"image":{"@id":"https:\/\/actiaenergy.com\/en\/solutions\/ems-scada-ltr9020\/#primaryimage"},"thumbnailUrl":"https:\/\/actiaenergy.com\/wp-content\/uploads\/scada-mistral-ems-w1080h1080-1-37.webp","datePublished":"2026-04-02T07:58:43+00:00","dateModified":"2026-04-02T09:58:45+00:00","description":"LTR9020 - SCADA software - EMS Mistral, renewable energy EMS to optimise production and consumption management at renewable energy sites.","breadcrumb":{"@id":"https:\/\/actiaenergy.com\/en\/solutions\/ems-scada-ltr9020\/#breadcrumb"},"inLanguage":"en-US","potentialAction":[{"@type":"ReadAction","target":["https:\/\/actiaenergy.com\/en\/solutions\/ems-scada-ltr9020\/"]}]},{"@type":"ImageObject","inLanguage":"en-US","@id":"https:\/\/actiaenergy.com\/en\/solutions\/ems-scada-ltr9020\/#primaryimage","url":"https:\/\/actiaenergy.com\/wp-content\/uploads\/scada-mistral-ems-w1080h1080-1-37.webp","contentUrl":"https:\/\/actiaenergy.com\/wp-content\/uploads\/scada-mistral-ems-w1080h1080-1-37.webp","width":1080,"height":1080,"caption":"SCADA Sistema de Control Sistema EMS para la gesti\u00f3n de plantas de producci\u00f3n de energ\u00eda renovable - ACTIA Energy"},{"@type":"BreadcrumbList","@id":"https:\/\/actiaenergy.com\/en\/solutions\/ems-scada-ltr9020\/#breadcrumb","itemListElement":[{"@type":"ListItem","position":1,"name":"ACTIA Energy","item":"https:\/\/actiaenergy.com\/en\/actia-energy\/"},{"@type":"ListItem","position":2,"name":"Solutions","item":"https:\/\/actiaenergy.com\/en\/solutions\/"},{"@type":"ListItem","position":3,"name":"EMS for Renewable Energy Site Management"}]},{"@type":"WebSite","@id":"https:\/\/actiaenergy.com\/en\/#website","url":"https:\/\/actiaenergy.com\/en\/","name":"ACTIA Energy","description":"L&#039;ing\u00e9nierie de l&#039;\u00e9nergie de demain.","publisher":{"@id":"https:\/\/actiaenergy.com\/en\/#organization"},"potentialAction":[{"@type":"SearchAction","target":{"@type":"EntryPoint","urlTemplate":"https:\/\/actiaenergy.com\/en\/?s={search_term_string}"},"query-input":{"@type":"PropertyValueSpecification","valueRequired":true,"valueName":"search_term_string"}}],"inLanguage":"en-US"},{"@type":"Organization","@id":"https:\/\/actiaenergy.com\/en\/#organization","name":"ACTIA Energy","url":"https:\/\/actiaenergy.com\/en\/","logo":{"@type":"ImageObject","inLanguage":"en-US","@id":"https:\/\/actiaenergy.com\/en\/#\/schema\/logo\/image\/","url":"https:\/\/actiaenergy.com\/wp-content\/uploads\/Logo-ACTIA-Couleurs-h150.png","contentUrl":"https:\/\/actiaenergy.com\/wp-content\/uploads\/Logo-ACTIA-Couleurs-h150.png","width":706,"height":150,"caption":"ACTIA Energy"},"image":{"@id":"https:\/\/actiaenergy.com\/en\/#\/schema\/logo\/image\/"}}]}},"_links":{"self":[{"href":"https:\/\/actiaenergy.com\/en\/wp-json\/wp\/v2\/product\/35158","targetHints":{"allow":["GET"]}}],"collection":[{"href":"https:\/\/actiaenergy.com\/en\/wp-json\/wp\/v2\/product"}],"about":[{"href":"https:\/\/actiaenergy.com\/en\/wp-json\/wp\/v2\/types\/product"}],"wp:featuredmedia":[{"embeddable":true,"href":"https:\/\/actiaenergy.com\/en\/wp-json\/wp\/v2\/media\/35146"}],"wp:attachment":[{"href":"https:\/\/actiaenergy.com\/en\/wp-json\/wp\/v2\/media?parent=35158"}],"wp:term":[{"taxonomy":"product_brand","embeddable":true,"href":"https:\/\/actiaenergy.com\/en\/wp-json\/wp\/v2\/product_brand?post=35158"},{"taxonomy":"product_cat","embeddable":true,"href":"https:\/\/actiaenergy.com\/en\/wp-json\/wp\/v2\/product_cat?post=35158"},{"taxonomy":"product_tag","embeddable":true,"href":"https:\/\/actiaenergy.com\/en\/wp-json\/wp\/v2\/product_tag?post=35158"}],"curies":[{"name":"wp","href":"https:\/\/api.w.org\/{rel}","templated":true}]}}