{"id":35194,"date":"2026-04-02T10:00:40","date_gmt":"2026-04-02T08:00:40","guid":{"rendered":"https:\/\/actiaenergy.com\/solutions\/calculator-interface-substation-ht-cer9035\/"},"modified":"2026-04-02T12:00:42","modified_gmt":"2026-04-02T10:00:42","slug":"calculator-interface-substation-ht-cer9035","status":"publish","type":"product","link":"https:\/\/actiaenergy.com\/en\/solutions\/calculator-interface-substation-ht-cer9035\/","title":{"rendered":"MV Interface for Energy Producers and Storage Operators"},"content":{"rendered":"<p class=\"product-description\">The CER9035 is connected to the following three Information Systems (IS):<\/p>\n<ul>\n<li>Remote control IS: Network control and electrical system management (EOD, system security, etc.).<\/li>\n<li>Performance supervision IS: Monitoring compliance with technical requirements and electrotechnical parameters at the injection point.<\/li>\n<li>Management System IS: Supervision, configuration and updating of CER9035 software and firmware.<\/li>\n<\/ul>\n<p class=\"product-description\">The CER9035 provides the following functions:<\/p>\n<ul>\n<li>Remote control: Exchange of status and instructions with the producer\/storage facility&#8217;s SCADA system.\n<li>Measurements and recordings: Acquisition, storage and transmission of electrical data.<\/li>\n<li>Cybersecurity: Secure exchanges and protection of information systems via integrated router and TPM.<\/li>\n<li>Time synchronisation: Time setting via NTP protocol.\n<li>Local HMI: Web access for on-site consultation and maintenance.\n<li>Software updates: Controlled deployment via remote management system.\n<\/ul>\n","protected":false},"excerpt":{"rendered":"<p>The CER9035 is a remote interface device for producers and storage facilities, installed at the delivery point of high-voltage sites connected to EDF SEI networks, with power ratings between 250 kVA and 12 MW.<\/p>\n","protected":false},"featured_media":35182,"template":"","meta":{"site-sidebar-layout":"default","site-content-layout":"","ast-site-content-layout":"default","site-content-style":"default","site-sidebar-style":"default","ast-global-header-display":"","ast-banner-title-visibility":"","ast-main-header-display":"","ast-hfb-above-header-display":"","ast-hfb-below-header-display":"","ast-hfb-mobile-header-display":"","site-post-title":"","ast-breadcrumbs-content":"","ast-featured-img":"","footer-sml-layout":"","ast-disable-related-posts":"","theme-transparent-header-meta":"","adv-header-id-meta":"","stick-header-meta":"","header-above-stick-meta":"","header-main-stick-meta":"","header-below-stick-meta":"","astra-migrate-meta-layouts":"default","ast-page-background-enabled":"default","ast-page-background-meta":{"desktop":{"background-color":"var(--ast-global-color-5)","background-image":"","background-repeat":"repeat","background-position":"center center","background-size":"auto","background-attachment":"scroll","background-type":"","background-media":"","overlay-type":"","overlay-color":"","overlay-opacity":"","overlay-gradient":""},"tablet":{"background-color":"","background-image":"","background-repeat":"repeat","background-position":"center center","background-size":"auto","background-attachment":"scroll","background-type":"","background-media":"","overlay-type":"","overlay-color":"","overlay-opacity":"","overlay-gradient":""},"mobile":{"background-color":"","background-image":"","background-repeat":"repeat","background-position":"center center","background-size":"auto","background-attachment":"scroll","background-type":"","background-media":"","overlay-type":"","overlay-color":"","overlay-opacity":"","overlay-gradient":""}},"ast-content-background-meta":{"desktop":{"background-color":"var(--ast-global-color-4)","background-image":"","background-repeat":"repeat","background-position":"center center","background-size":"auto","background-attachment":"scroll","background-type":"","background-media":"","overlay-type":"","overlay-color":"","overlay-opacity":"","overlay-gradient":""},"tablet":{"background-color":"var(--ast-global-color-4)","background-image":"","background-repeat":"repeat","background-position":"center center","background-size":"auto","background-attachment":"scroll","background-type":"","background-media":"","overlay-type":"","overlay-color":"","overlay-opacity":"","overlay-gradient":""},"mobile":{"background-color":"var(--ast-global-color-4)","background-image":"","background-repeat":"repeat","background-position":"center center","background-size":"auto","background-attachment":"scroll","background-type":"","background-media":"","overlay-type":"","overlay-color":"","overlay-opacity":"","overlay-gradient":""}}},"product_brand":[],"product_cat":[7207,7244],"product_tag":[186,3326,4436],"class_list":{"0":"post-35194","1":"product","2":"type-product","3":"status-publish","4":"has-post-thumbnail","6":"product_cat-numerical-relay-rtu","7":"product_cat-rtu-vf-delivery-substation","8":"product_tag-rtu","9":"product_tag-iec-60870-5-104","10":"product_tag-cer9035","11":"desktop-align-left","12":"tablet-align-left","13":"mobile-align-left","15":"first","16":"instock","17":"product-type-simple"},"yoast_head":"<!-- This site is optimized with the Yoast SEO plugin v27.5 - https:\/\/yoast.com\/product\/yoast-seo-wordpress\/ -->\n<title>CER9035, MV Interface for Energy Producers and Storage Operators - Numerical Relay &amp; RTU par ACTIA Energy<\/title>\n<meta name=\"description\" content=\"CER9035 : Remote control RTU for energy producers and storage facilities, with supervision, electrical measurements, cybersecurity and IEC 60870-5-104 &amp; 61850 protocols.\" \/>\n<meta name=\"robots\" content=\"index, follow, max-snippet:-1, max-image-preview:large, max-video-preview:-1\" \/>\n<link rel=\"canonical\" href=\"https:\/\/actiaenergy.com\/en\/solutions\/calculator-interface-substation-ht-cer9035\/\" \/>\n<meta property=\"og:locale\" content=\"en_US\" \/>\n<meta property=\"og:type\" content=\"article\" \/>\n<meta property=\"og:title\" content=\"CER9035, MV Interface for Energy Producers and Storage Operators - Numerical Relay &amp; RTU par ACTIA Energy\" \/>\n<meta property=\"og:description\" content=\"CER9035 : Remote control RTU for energy producers and storage facilities, with supervision, electrical measurements, cybersecurity and IEC 60870-5-104 &amp; 61850 protocols.\" \/>\n<meta property=\"og:url\" content=\"https:\/\/actiaenergy.com\/en\/solutions\/calculator-interface-substation-ht-cer9035\/\" \/>\n<meta property=\"og:site_name\" content=\"ACTIA Energy\" \/>\n<meta property=\"article:modified_time\" content=\"2026-04-02T10:00:42+00:00\" \/>\n<meta property=\"og:image\" content=\"https:\/\/actiaenergy.com\/wp-content\/uploads\/coffret-CER9035-1080-1-27.webp\" \/>\n\t<meta property=\"og:image:width\" content=\"1080\" \/>\n\t<meta property=\"og:image:height\" content=\"1080\" \/>\n\t<meta property=\"og:image:type\" content=\"image\/webp\" \/>\n<meta name=\"twitter:card\" content=\"summary_large_image\" \/>\n<meta name=\"twitter:label1\" content=\"Est. reading time\" \/>\n\t<meta name=\"twitter:data1\" content=\"1 minute\" \/>\n<script type=\"application\/ld+json\" class=\"yoast-schema-graph\">{\"@context\":\"https:\\\/\\\/schema.org\",\"@graph\":[{\"@type\":\"WebPage\",\"@id\":\"https:\\\/\\\/actiaenergy.com\\\/en\\\/solutions\\\/calculator-interface-substation-ht-cer9035\\\/\",\"url\":\"https:\\\/\\\/actiaenergy.com\\\/en\\\/solutions\\\/calculator-interface-substation-ht-cer9035\\\/\",\"name\":\"CER9035, MV Interface for Energy Producers and Storage Operators - Numerical Relay & RTU par ACTIA Energy\",\"isPartOf\":{\"@id\":\"https:\\\/\\\/actiaenergy.com\\\/en\\\/#website\"},\"primaryImageOfPage\":{\"@id\":\"https:\\\/\\\/actiaenergy.com\\\/en\\\/solutions\\\/calculator-interface-substation-ht-cer9035\\\/#primaryimage\"},\"image\":{\"@id\":\"https:\\\/\\\/actiaenergy.com\\\/en\\\/solutions\\\/calculator-interface-substation-ht-cer9035\\\/#primaryimage\"},\"thumbnailUrl\":\"https:\\\/\\\/actiaenergy.com\\\/wp-content\\\/uploads\\\/coffret-CER9035-1080-1-27.webp\",\"datePublished\":\"2026-04-02T08:00:40+00:00\",\"dateModified\":\"2026-04-02T10:00:42+00:00\",\"description\":\"CER9035 : Remote control RTU for energy producers and storage facilities, with supervision, electrical measurements, cybersecurity and IEC 60870-5-104 & 61850 protocols.\",\"breadcrumb\":{\"@id\":\"https:\\\/\\\/actiaenergy.com\\\/en\\\/solutions\\\/calculator-interface-substation-ht-cer9035\\\/#breadcrumb\"},\"inLanguage\":\"en-US\",\"potentialAction\":[{\"@type\":\"ReadAction\",\"target\":[\"https:\\\/\\\/actiaenergy.com\\\/en\\\/solutions\\\/calculator-interface-substation-ht-cer9035\\\/\"]}]},{\"@type\":\"ImageObject\",\"inLanguage\":\"en-US\",\"@id\":\"https:\\\/\\\/actiaenergy.com\\\/en\\\/solutions\\\/calculator-interface-substation-ht-cer9035\\\/#primaryimage\",\"url\":\"https:\\\/\\\/actiaenergy.com\\\/wp-content\\\/uploads\\\/coffret-CER9035-1080-1-27.webp\",\"contentUrl\":\"https:\\\/\\\/actiaenergy.com\\\/wp-content\\\/uploads\\\/coffret-CER9035-1080-1-27.webp\",\"width\":1080,\"height\":1080,\"caption\":\"Protecciones Num\u00e9ricas y RTU Interfaz Media Tensi\u00f3n para productores y almacenadores de energ\u00eda - ACTIA Energy\"},{\"@type\":\"BreadcrumbList\",\"@id\":\"https:\\\/\\\/actiaenergy.com\\\/en\\\/solutions\\\/calculator-interface-substation-ht-cer9035\\\/#breadcrumb\",\"itemListElement\":[{\"@type\":\"ListItem\",\"position\":1,\"name\":\"ACTIA Energy\",\"item\":\"https:\\\/\\\/actiaenergy.com\\\/en\\\/actia-energy\\\/\"},{\"@type\":\"ListItem\",\"position\":2,\"name\":\"Solutions\",\"item\":\"https:\\\/\\\/actiaenergy.com\\\/en\\\/solutions\\\/\"},{\"@type\":\"ListItem\",\"position\":3,\"name\":\"MV Interface for Energy Producers and Storage Operators\"}]},{\"@type\":\"WebSite\",\"@id\":\"https:\\\/\\\/actiaenergy.com\\\/en\\\/#website\",\"url\":\"https:\\\/\\\/actiaenergy.com\\\/en\\\/\",\"name\":\"ACTIA Energy\",\"description\":\"L&#039;ing\u00e9nierie de l&#039;\u00e9nergie de demain.\",\"publisher\":{\"@id\":\"https:\\\/\\\/actiaenergy.com\\\/en\\\/#organization\"},\"potentialAction\":[{\"@type\":\"SearchAction\",\"target\":{\"@type\":\"EntryPoint\",\"urlTemplate\":\"https:\\\/\\\/actiaenergy.com\\\/en\\\/?s={search_term_string}\"},\"query-input\":{\"@type\":\"PropertyValueSpecification\",\"valueRequired\":true,\"valueName\":\"search_term_string\"}}],\"inLanguage\":\"en-US\"},{\"@type\":\"Organization\",\"@id\":\"https:\\\/\\\/actiaenergy.com\\\/en\\\/#organization\",\"name\":\"ACTIA Energy\",\"url\":\"https:\\\/\\\/actiaenergy.com\\\/en\\\/\",\"logo\":{\"@type\":\"ImageObject\",\"inLanguage\":\"en-US\",\"@id\":\"https:\\\/\\\/actiaenergy.com\\\/en\\\/#\\\/schema\\\/logo\\\/image\\\/\",\"url\":\"https:\\\/\\\/actiaenergy.com\\\/wp-content\\\/uploads\\\/Logo-ACTIA-Couleurs-h150.png\",\"contentUrl\":\"https:\\\/\\\/actiaenergy.com\\\/wp-content\\\/uploads\\\/Logo-ACTIA-Couleurs-h150.png\",\"width\":706,\"height\":150,\"caption\":\"ACTIA Energy\"},\"image\":{\"@id\":\"https:\\\/\\\/actiaenergy.com\\\/en\\\/#\\\/schema\\\/logo\\\/image\\\/\"}}]}<\/script>\n<!-- \/ Yoast SEO plugin. -->","yoast_head_json":{"title":"CER9035, MV Interface for Energy Producers and Storage Operators - Numerical Relay & RTU par ACTIA Energy","description":"CER9035 : Remote control RTU for energy producers and storage facilities, with supervision, electrical measurements, cybersecurity and IEC 60870-5-104 & 61850 protocols.","robots":{"index":"index","follow":"follow","max-snippet":"max-snippet:-1","max-image-preview":"max-image-preview:large","max-video-preview":"max-video-preview:-1"},"canonical":"https:\/\/actiaenergy.com\/en\/solutions\/calculator-interface-substation-ht-cer9035\/","og_locale":"en_US","og_type":"article","og_title":"CER9035, MV Interface for Energy Producers and Storage Operators - Numerical Relay & RTU par ACTIA Energy","og_description":"CER9035 : Remote control RTU for energy producers and storage facilities, with supervision, electrical measurements, cybersecurity and IEC 60870-5-104 & 61850 protocols.","og_url":"https:\/\/actiaenergy.com\/en\/solutions\/calculator-interface-substation-ht-cer9035\/","og_site_name":"ACTIA Energy","article_modified_time":"2026-04-02T10:00:42+00:00","og_image":[{"width":1080,"height":1080,"url":"https:\/\/actiaenergy.com\/wp-content\/uploads\/coffret-CER9035-1080-1-27.webp","type":"image\/webp"}],"twitter_card":"summary_large_image","twitter_misc":{"Est. reading time":"1 minute"},"schema":{"@context":"https:\/\/schema.org","@graph":[{"@type":"WebPage","@id":"https:\/\/actiaenergy.com\/en\/solutions\/calculator-interface-substation-ht-cer9035\/","url":"https:\/\/actiaenergy.com\/en\/solutions\/calculator-interface-substation-ht-cer9035\/","name":"CER9035, MV Interface for Energy Producers and Storage Operators - Numerical Relay & RTU par ACTIA Energy","isPartOf":{"@id":"https:\/\/actiaenergy.com\/en\/#website"},"primaryImageOfPage":{"@id":"https:\/\/actiaenergy.com\/en\/solutions\/calculator-interface-substation-ht-cer9035\/#primaryimage"},"image":{"@id":"https:\/\/actiaenergy.com\/en\/solutions\/calculator-interface-substation-ht-cer9035\/#primaryimage"},"thumbnailUrl":"https:\/\/actiaenergy.com\/wp-content\/uploads\/coffret-CER9035-1080-1-27.webp","datePublished":"2026-04-02T08:00:40+00:00","dateModified":"2026-04-02T10:00:42+00:00","description":"CER9035 : Remote control RTU for energy producers and storage facilities, with supervision, electrical measurements, cybersecurity and IEC 60870-5-104 & 61850 protocols.","breadcrumb":{"@id":"https:\/\/actiaenergy.com\/en\/solutions\/calculator-interface-substation-ht-cer9035\/#breadcrumb"},"inLanguage":"en-US","potentialAction":[{"@type":"ReadAction","target":["https:\/\/actiaenergy.com\/en\/solutions\/calculator-interface-substation-ht-cer9035\/"]}]},{"@type":"ImageObject","inLanguage":"en-US","@id":"https:\/\/actiaenergy.com\/en\/solutions\/calculator-interface-substation-ht-cer9035\/#primaryimage","url":"https:\/\/actiaenergy.com\/wp-content\/uploads\/coffret-CER9035-1080-1-27.webp","contentUrl":"https:\/\/actiaenergy.com\/wp-content\/uploads\/coffret-CER9035-1080-1-27.webp","width":1080,"height":1080,"caption":"Protecciones Num\u00e9ricas y RTU Interfaz Media Tensi\u00f3n para productores y almacenadores de energ\u00eda - ACTIA Energy"},{"@type":"BreadcrumbList","@id":"https:\/\/actiaenergy.com\/en\/solutions\/calculator-interface-substation-ht-cer9035\/#breadcrumb","itemListElement":[{"@type":"ListItem","position":1,"name":"ACTIA Energy","item":"https:\/\/actiaenergy.com\/en\/actia-energy\/"},{"@type":"ListItem","position":2,"name":"Solutions","item":"https:\/\/actiaenergy.com\/en\/solutions\/"},{"@type":"ListItem","position":3,"name":"MV Interface for Energy Producers and Storage Operators"}]},{"@type":"WebSite","@id":"https:\/\/actiaenergy.com\/en\/#website","url":"https:\/\/actiaenergy.com\/en\/","name":"ACTIA Energy","description":"L&#039;ing\u00e9nierie de l&#039;\u00e9nergie de demain.","publisher":{"@id":"https:\/\/actiaenergy.com\/en\/#organization"},"potentialAction":[{"@type":"SearchAction","target":{"@type":"EntryPoint","urlTemplate":"https:\/\/actiaenergy.com\/en\/?s={search_term_string}"},"query-input":{"@type":"PropertyValueSpecification","valueRequired":true,"valueName":"search_term_string"}}],"inLanguage":"en-US"},{"@type":"Organization","@id":"https:\/\/actiaenergy.com\/en\/#organization","name":"ACTIA Energy","url":"https:\/\/actiaenergy.com\/en\/","logo":{"@type":"ImageObject","inLanguage":"en-US","@id":"https:\/\/actiaenergy.com\/en\/#\/schema\/logo\/image\/","url":"https:\/\/actiaenergy.com\/wp-content\/uploads\/Logo-ACTIA-Couleurs-h150.png","contentUrl":"https:\/\/actiaenergy.com\/wp-content\/uploads\/Logo-ACTIA-Couleurs-h150.png","width":706,"height":150,"caption":"ACTIA Energy"},"image":{"@id":"https:\/\/actiaenergy.com\/en\/#\/schema\/logo\/image\/"}}]}},"_links":{"self":[{"href":"https:\/\/actiaenergy.com\/en\/wp-json\/wp\/v2\/product\/35194","targetHints":{"allow":["GET"]}}],"collection":[{"href":"https:\/\/actiaenergy.com\/en\/wp-json\/wp\/v2\/product"}],"about":[{"href":"https:\/\/actiaenergy.com\/en\/wp-json\/wp\/v2\/types\/product"}],"wp:featuredmedia":[{"embeddable":true,"href":"https:\/\/actiaenergy.com\/en\/wp-json\/wp\/v2\/media\/35182"}],"wp:attachment":[{"href":"https:\/\/actiaenergy.com\/en\/wp-json\/wp\/v2\/media?parent=35194"}],"wp:term":[{"taxonomy":"product_brand","embeddable":true,"href":"https:\/\/actiaenergy.com\/en\/wp-json\/wp\/v2\/product_brand?post=35194"},{"taxonomy":"product_cat","embeddable":true,"href":"https:\/\/actiaenergy.com\/en\/wp-json\/wp\/v2\/product_cat?post=35194"},{"taxonomy":"product_tag","embeddable":true,"href":"https:\/\/actiaenergy.com\/en\/wp-json\/wp\/v2\/product_tag?post=35194"}],"curies":[{"name":"wp","href":"https:\/\/api.w.org\/{rel}","templated":true}]}}