{"id":35269,"date":"2026-04-02T10:05:42","date_gmt":"2026-04-02T08:05:42","guid":{"rendered":"https:\/\/actiaenergy.com\/solutions\/standalone-touchscreen-tablet-sgt9030\/"},"modified":"2026-04-02T12:05:45","modified_gmt":"2026-04-02T10:05:45","slug":"standalone-touchscreen-tablet-sgt9030","status":"publish","type":"product","link":"https:\/\/actiaenergy.com\/en\/solutions\/standalone-touchscreen-tablet-sgt9030\/","title":{"rendered":"Standalone Touchscreen for HV Simulation"},"content":{"rendered":"<p class=\"product-description\">SGT 9030 \u2013 Standalone Touchscreen Tablet for HV Simulation<\/p>\n<p class=\"product-description\">The SGT 9030 \u2013 Smart Grid Touch is a standalone touchscreen tablet designed to simulate the main components of the HV network: circuit breakers (CB), diverter switches (DS), line switches (LS) and earthing switches (ES). Thanks to its intuitive graphical interface, it enables real-time supervision of operations, testing of SF6 thresholds, management of marking and locking of SA, ST and TT (Voltage Transformers) signalling and locking, as well as complete management of non-complementarities (00\/11) on all components.<\/p>\n<p class=\"product-description\">This simulator covers all 63 kV to 400 kV HV topologies, in single or double busbar configurations, and manages realistic operating scenarios. It interfaces directly with SCUs (Switchgear Control Units) via digital I\/O in an IEC 61850 (process level) environment.<\/p>\n<p class=\"product-description\">The SGT 9030 communicates via three I\/O cards (48 ports in total), with fully configurable control: timing, interlocks, internal faults, PVH triggering, etc. , interlocks, internal faults, PVH triggering, etc. It is equipped with Phoenix Contact terminal blocks, powered by 48 V or 127 V DC, and can be integrated into R#SPACE, ELECTRE bearing cabinets.<\/p>\n<p class=\"product-description\">Versatile, robust and scalable, it is designed for test platforms, field technicians, HV network maintenance services, demonstration benches and training centres.<\/p>\n<p class=\"product-description\">Its software architecture, developed under PyQt5, allows for advanced customisation via JSON files to adapt the tool to all test environments.<\/p>\n<div class=\"pdfviewer\">&#13;<br \/>\n    <a  class=\"_3d-flip-book  fb3d-link-lightbox-mode\" data-id=\"0\" data-mode=\"link-lightbox\" data-title=\"false\" data-template=\"short-white-book-view\" data-lightbox=\"dark-shadow\" data-urlparam=\"fb3d-page\" data-page-n=\"0\" data-pdf=\"https:\/\/actiaenergy.com\/xml-ecatalogue\/Pdf\/SMART-GRID-TOUCH-E1-FP-FR.pdf\" data-tax=\"null\" data-thumbnail=\"\" data-cols=\"3\" data-book-template=\"default\" data-trigger=\"\" style=\"background-color:#221f21\">&#13;<br \/>\n        <img decoding=\"async\" class=\"brochure-pdf\" src=\"https:\/\/actiaenergy.com\/xml-ecatalogue\/Pdf\/Thumbnails\/SMART-GRID-TOUCH-E1-FP-FR_thumb_normal.jpg\">&#13;<br \/>\n    <\/a>&#13;\n<\/div>\n","protected":false},"excerpt":{"rendered":"<p>SGT 9030 \u2013 Standalone Touchscreen Tablet for HTB Component Simulation, real-time monitoring and SF6 threshold testing. It interfaces directly with SCUs via digital I\/O and integrates with IEC 61850 architectures. Versatile and robust, it adapts to R#SPACE and ELECTRE platforms and facilitates the validation of HV substations.<\/p>\n","protected":false},"featured_media":35257,"template":"","meta":{"site-sidebar-layout":"default","site-content-layout":"","ast-site-content-layout":"default","site-content-style":"default","site-sidebar-style":"default","ast-global-header-display":"","ast-banner-title-visibility":"","ast-main-header-display":"","ast-hfb-above-header-display":"","ast-hfb-below-header-display":"","ast-hfb-mobile-header-display":"","site-post-title":"","ast-breadcrumbs-content":"","ast-featured-img":"","footer-sml-layout":"","ast-disable-related-posts":"","theme-transparent-header-meta":"","adv-header-id-meta":"","stick-header-meta":"","header-above-stick-meta":"","header-main-stick-meta":"","header-below-stick-meta":"","astra-migrate-meta-layouts":"default","ast-page-background-enabled":"default","ast-page-background-meta":{"desktop":{"background-color":"var(--ast-global-color-5)","background-image":"","background-repeat":"repeat","background-position":"center center","background-size":"auto","background-attachment":"scroll","background-type":"","background-media":"","overlay-type":"","overlay-color":"","overlay-opacity":"","overlay-gradient":""},"tablet":{"background-color":"","background-image":"","background-repeat":"repeat","background-position":"center center","background-size":"auto","background-attachment":"scroll","background-type":"","background-media":"","overlay-type":"","overlay-color":"","overlay-opacity":"","overlay-gradient":""},"mobile":{"background-color":"","background-image":"","background-repeat":"repeat","background-position":"center center","background-size":"auto","background-attachment":"scroll","background-type":"","background-media":"","overlay-type":"","overlay-color":"","overlay-opacity":"","overlay-gradient":""}},"ast-content-background-meta":{"desktop":{"background-color":"var(--ast-global-color-4)","background-image":"","background-repeat":"repeat","background-position":"center center","background-size":"auto","background-attachment":"scroll","background-type":"","background-media":"","overlay-type":"","overlay-color":"","overlay-opacity":"","overlay-gradient":""},"tablet":{"background-color":"var(--ast-global-color-4)","background-image":"","background-repeat":"repeat","background-position":"center center","background-size":"auto","background-attachment":"scroll","background-type":"","background-media":"","overlay-type":"","overlay-color":"","overlay-opacity":"","overlay-gradient":""},"mobile":{"background-color":"var(--ast-global-color-4)","background-image":"","background-repeat":"repeat","background-position":"center center","background-size":"auto","background-attachment":"scroll","background-type":"","background-media":"","overlay-type":"","overlay-color":"","overlay-opacity":"","overlay-gradient":""}}},"product_brand":[],"product_cat":[7219,7292],"product_tag":[3454,3458,7293,7294,7295,7296,7297,7298,7299,7300,7301,7302,7303,7304,7305,7306,7307],"class_list":{"0":"post-35269","1":"product","2":"type-product","3":"status-publish","4":"has-post-thumbnail","6":"product_cat-network-testing-monitoring","7":"product_cat-simulators-and-hv-test-equipment","8":"product_tag-sgt9030","9":"product_tag-sf6","10":"product_tag-hv-simulator","11":"product_tag-touchscreen-test-tablet","12":"product_tag-dummy-circuit-breaker","13":"product_tag-hv-disconnector","14":"product_tag-py-qt5-hmi","15":"product_tag-63-400kv-hv-network","16":"product_tag-single-busbar","17":"product_tag-double-busbar","18":"product_tag-i-o-modules","19":"product_tag-substation-test-automation","20":"product_tag-json-configuration","21":"product_tag-hv-component-supervision","22":"product_tag-relays-testing","23":"product_tag-substation-source-simulator","24":"product_tag-hv-training-tool","25":"desktop-align-left","26":"tablet-align-left","27":"mobile-align-left","29":"first","30":"instock","31":"product-type-simple"},"yoast_head":"<!-- This site is optimized with the Yoast SEO plugin v27.5 - https:\/\/yoast.com\/product\/yoast-seo-wordpress\/ -->\n<title>SGT 9030, Standalone Touchscreen for HV Simulation - Network Testing &amp; Monitoring by ACTIA Energy<\/title>\n<meta name=\"description\" content=\"Discover the SGT 9030 Smart Grid Touch, an HV simulation touch screen tablet: SF6 testing, real-time monitoring and IEC 61850 compatibility up to 400 kV.\" \/>\n<meta name=\"robots\" content=\"index, follow, max-snippet:-1, max-image-preview:large, max-video-preview:-1\" \/>\n<link rel=\"canonical\" href=\"https:\/\/actiaenergy.com\/en\/solutions\/standalone-touchscreen-tablet-sgt9030\/\" \/>\n<meta property=\"og:locale\" content=\"en_US\" \/>\n<meta property=\"og:type\" content=\"article\" \/>\n<meta property=\"og:title\" content=\"SGT 9030, Standalone Touchscreen for HV Simulation - Network Testing &amp; Monitoring by ACTIA Energy\" \/>\n<meta property=\"og:description\" content=\"Discover the SGT 9030 Smart Grid Touch, an HV simulation touch screen tablet: SF6 testing, real-time monitoring and IEC 61850 compatibility up to 400 kV.\" \/>\n<meta property=\"og:url\" content=\"https:\/\/actiaenergy.com\/en\/solutions\/standalone-touchscreen-tablet-sgt9030\/\" \/>\n<meta property=\"og:site_name\" content=\"ACTIA Energy\" \/>\n<meta property=\"article:modified_time\" content=\"2026-04-02T10:05:45+00:00\" \/>\n<meta property=\"og:image\" content=\"https:\/\/actiaenergy.com\/wp-content\/uploads\/sgt9030-w1080h1080-1-36.webp\" \/>\n\t<meta property=\"og:image:width\" content=\"1080\" \/>\n\t<meta property=\"og:image:height\" content=\"1080\" \/>\n\t<meta property=\"og:image:type\" content=\"image\/webp\" \/>\n<meta name=\"twitter:card\" content=\"summary_large_image\" \/>\n<meta name=\"twitter:label1\" content=\"Est. reading time\" \/>\n\t<meta name=\"twitter:data1\" content=\"1 minute\" \/>\n<script type=\"application\/ld+json\" class=\"yoast-schema-graph\">{\"@context\":\"https:\\\/\\\/schema.org\",\"@graph\":[{\"@type\":\"WebPage\",\"@id\":\"https:\\\/\\\/actiaenergy.com\\\/en\\\/solutions\\\/standalone-touchscreen-tablet-sgt9030\\\/\",\"url\":\"https:\\\/\\\/actiaenergy.com\\\/en\\\/solutions\\\/standalone-touchscreen-tablet-sgt9030\\\/\",\"name\":\"SGT 9030, Standalone Touchscreen for HV Simulation - Network Testing & Monitoring by ACTIA Energy\",\"isPartOf\":{\"@id\":\"https:\\\/\\\/actiaenergy.com\\\/en\\\/#website\"},\"primaryImageOfPage\":{\"@id\":\"https:\\\/\\\/actiaenergy.com\\\/en\\\/solutions\\\/standalone-touchscreen-tablet-sgt9030\\\/#primaryimage\"},\"image\":{\"@id\":\"https:\\\/\\\/actiaenergy.com\\\/en\\\/solutions\\\/standalone-touchscreen-tablet-sgt9030\\\/#primaryimage\"},\"thumbnailUrl\":\"https:\\\/\\\/actiaenergy.com\\\/wp-content\\\/uploads\\\/sgt9030-w1080h1080-1-36.webp\",\"datePublished\":\"2026-04-02T08:05:42+00:00\",\"dateModified\":\"2026-04-02T10:05:45+00:00\",\"description\":\"Discover the SGT 9030 Smart Grid Touch, an HV simulation touch screen tablet: SF6 testing, real-time monitoring and IEC 61850 compatibility up to 400 kV.\",\"breadcrumb\":{\"@id\":\"https:\\\/\\\/actiaenergy.com\\\/en\\\/solutions\\\/standalone-touchscreen-tablet-sgt9030\\\/#breadcrumb\"},\"inLanguage\":\"en-US\",\"potentialAction\":[{\"@type\":\"ReadAction\",\"target\":[\"https:\\\/\\\/actiaenergy.com\\\/en\\\/solutions\\\/standalone-touchscreen-tablet-sgt9030\\\/\"]}]},{\"@type\":\"ImageObject\",\"inLanguage\":\"en-US\",\"@id\":\"https:\\\/\\\/actiaenergy.com\\\/en\\\/solutions\\\/standalone-touchscreen-tablet-sgt9030\\\/#primaryimage\",\"url\":\"https:\\\/\\\/actiaenergy.com\\\/wp-content\\\/uploads\\\/sgt9030-w1080h1080-1-36.webp\",\"contentUrl\":\"https:\\\/\\\/actiaenergy.com\\\/wp-content\\\/uploads\\\/sgt9030-w1080h1080-1-36.webp\",\"width\":1080,\"height\":1080,\"caption\":\"Medio de prueba y supervisi\u00f3n de rede Tableta t\u00e1ctil aut\u00f3noma para simulaci\u00f3n y supervisi\u00f3n - ACTIA Energy\"},{\"@type\":\"BreadcrumbList\",\"@id\":\"https:\\\/\\\/actiaenergy.com\\\/en\\\/solutions\\\/standalone-touchscreen-tablet-sgt9030\\\/#breadcrumb\",\"itemListElement\":[{\"@type\":\"ListItem\",\"position\":1,\"name\":\"ACTIA Energy\",\"item\":\"https:\\\/\\\/actiaenergy.com\\\/en\\\/actia-energy\\\/\"},{\"@type\":\"ListItem\",\"position\":2,\"name\":\"Solutions\",\"item\":\"https:\\\/\\\/actiaenergy.com\\\/en\\\/solutions\\\/\"},{\"@type\":\"ListItem\",\"position\":3,\"name\":\"Standalone Touchscreen for HV Simulation\"}]},{\"@type\":\"WebSite\",\"@id\":\"https:\\\/\\\/actiaenergy.com\\\/en\\\/#website\",\"url\":\"https:\\\/\\\/actiaenergy.com\\\/en\\\/\",\"name\":\"ACTIA Energy\",\"description\":\"L&#039;ing\u00e9nierie de l&#039;\u00e9nergie de demain.\",\"publisher\":{\"@id\":\"https:\\\/\\\/actiaenergy.com\\\/en\\\/#organization\"},\"potentialAction\":[{\"@type\":\"SearchAction\",\"target\":{\"@type\":\"EntryPoint\",\"urlTemplate\":\"https:\\\/\\\/actiaenergy.com\\\/en\\\/?s={search_term_string}\"},\"query-input\":{\"@type\":\"PropertyValueSpecification\",\"valueRequired\":true,\"valueName\":\"search_term_string\"}}],\"inLanguage\":\"en-US\"},{\"@type\":\"Organization\",\"@id\":\"https:\\\/\\\/actiaenergy.com\\\/en\\\/#organization\",\"name\":\"ACTIA Energy\",\"url\":\"https:\\\/\\\/actiaenergy.com\\\/en\\\/\",\"logo\":{\"@type\":\"ImageObject\",\"inLanguage\":\"en-US\",\"@id\":\"https:\\\/\\\/actiaenergy.com\\\/en\\\/#\\\/schema\\\/logo\\\/image\\\/\",\"url\":\"https:\\\/\\\/actiaenergy.com\\\/wp-content\\\/uploads\\\/Logo-ACTIA-Couleurs-h150.png\",\"contentUrl\":\"https:\\\/\\\/actiaenergy.com\\\/wp-content\\\/uploads\\\/Logo-ACTIA-Couleurs-h150.png\",\"width\":706,\"height\":150,\"caption\":\"ACTIA Energy\"},\"image\":{\"@id\":\"https:\\\/\\\/actiaenergy.com\\\/en\\\/#\\\/schema\\\/logo\\\/image\\\/\"}}]}<\/script>\n<!-- \/ Yoast SEO plugin. -->","yoast_head_json":{"title":"SGT 9030, Standalone Touchscreen for HV Simulation - Network Testing & Monitoring by ACTIA Energy","description":"Discover the SGT 9030 Smart Grid Touch, an HV simulation touch screen tablet: SF6 testing, real-time monitoring and IEC 61850 compatibility up to 400 kV.","robots":{"index":"index","follow":"follow","max-snippet":"max-snippet:-1","max-image-preview":"max-image-preview:large","max-video-preview":"max-video-preview:-1"},"canonical":"https:\/\/actiaenergy.com\/en\/solutions\/standalone-touchscreen-tablet-sgt9030\/","og_locale":"en_US","og_type":"article","og_title":"SGT 9030, Standalone Touchscreen for HV Simulation - Network Testing & Monitoring by ACTIA Energy","og_description":"Discover the SGT 9030 Smart Grid Touch, an HV simulation touch screen tablet: SF6 testing, real-time monitoring and IEC 61850 compatibility up to 400 kV.","og_url":"https:\/\/actiaenergy.com\/en\/solutions\/standalone-touchscreen-tablet-sgt9030\/","og_site_name":"ACTIA Energy","article_modified_time":"2026-04-02T10:05:45+00:00","og_image":[{"width":1080,"height":1080,"url":"https:\/\/actiaenergy.com\/wp-content\/uploads\/sgt9030-w1080h1080-1-36.webp","type":"image\/webp"}],"twitter_card":"summary_large_image","twitter_misc":{"Est. reading time":"1 minute"},"schema":{"@context":"https:\/\/schema.org","@graph":[{"@type":"WebPage","@id":"https:\/\/actiaenergy.com\/en\/solutions\/standalone-touchscreen-tablet-sgt9030\/","url":"https:\/\/actiaenergy.com\/en\/solutions\/standalone-touchscreen-tablet-sgt9030\/","name":"SGT 9030, Standalone Touchscreen for HV Simulation - Network Testing & Monitoring by ACTIA Energy","isPartOf":{"@id":"https:\/\/actiaenergy.com\/en\/#website"},"primaryImageOfPage":{"@id":"https:\/\/actiaenergy.com\/en\/solutions\/standalone-touchscreen-tablet-sgt9030\/#primaryimage"},"image":{"@id":"https:\/\/actiaenergy.com\/en\/solutions\/standalone-touchscreen-tablet-sgt9030\/#primaryimage"},"thumbnailUrl":"https:\/\/actiaenergy.com\/wp-content\/uploads\/sgt9030-w1080h1080-1-36.webp","datePublished":"2026-04-02T08:05:42+00:00","dateModified":"2026-04-02T10:05:45+00:00","description":"Discover the SGT 9030 Smart Grid Touch, an HV simulation touch screen tablet: SF6 testing, real-time monitoring and IEC 61850 compatibility up to 400 kV.","breadcrumb":{"@id":"https:\/\/actiaenergy.com\/en\/solutions\/standalone-touchscreen-tablet-sgt9030\/#breadcrumb"},"inLanguage":"en-US","potentialAction":[{"@type":"ReadAction","target":["https:\/\/actiaenergy.com\/en\/solutions\/standalone-touchscreen-tablet-sgt9030\/"]}]},{"@type":"ImageObject","inLanguage":"en-US","@id":"https:\/\/actiaenergy.com\/en\/solutions\/standalone-touchscreen-tablet-sgt9030\/#primaryimage","url":"https:\/\/actiaenergy.com\/wp-content\/uploads\/sgt9030-w1080h1080-1-36.webp","contentUrl":"https:\/\/actiaenergy.com\/wp-content\/uploads\/sgt9030-w1080h1080-1-36.webp","width":1080,"height":1080,"caption":"Medio de prueba y supervisi\u00f3n de rede Tableta t\u00e1ctil aut\u00f3noma para simulaci\u00f3n y supervisi\u00f3n - ACTIA Energy"},{"@type":"BreadcrumbList","@id":"https:\/\/actiaenergy.com\/en\/solutions\/standalone-touchscreen-tablet-sgt9030\/#breadcrumb","itemListElement":[{"@type":"ListItem","position":1,"name":"ACTIA Energy","item":"https:\/\/actiaenergy.com\/en\/actia-energy\/"},{"@type":"ListItem","position":2,"name":"Solutions","item":"https:\/\/actiaenergy.com\/en\/solutions\/"},{"@type":"ListItem","position":3,"name":"Standalone Touchscreen for HV Simulation"}]},{"@type":"WebSite","@id":"https:\/\/actiaenergy.com\/en\/#website","url":"https:\/\/actiaenergy.com\/en\/","name":"ACTIA Energy","description":"L&#039;ing\u00e9nierie de l&#039;\u00e9nergie de demain.","publisher":{"@id":"https:\/\/actiaenergy.com\/en\/#organization"},"potentialAction":[{"@type":"SearchAction","target":{"@type":"EntryPoint","urlTemplate":"https:\/\/actiaenergy.com\/en\/?s={search_term_string}"},"query-input":{"@type":"PropertyValueSpecification","valueRequired":true,"valueName":"search_term_string"}}],"inLanguage":"en-US"},{"@type":"Organization","@id":"https:\/\/actiaenergy.com\/en\/#organization","name":"ACTIA Energy","url":"https:\/\/actiaenergy.com\/en\/","logo":{"@type":"ImageObject","inLanguage":"en-US","@id":"https:\/\/actiaenergy.com\/en\/#\/schema\/logo\/image\/","url":"https:\/\/actiaenergy.com\/wp-content\/uploads\/Logo-ACTIA-Couleurs-h150.png","contentUrl":"https:\/\/actiaenergy.com\/wp-content\/uploads\/Logo-ACTIA-Couleurs-h150.png","width":706,"height":150,"caption":"ACTIA Energy"},"image":{"@id":"https:\/\/actiaenergy.com\/en\/#\/schema\/logo\/image\/"}}]}},"_links":{"self":[{"href":"https:\/\/actiaenergy.com\/en\/wp-json\/wp\/v2\/product\/35269","targetHints":{"allow":["GET"]}}],"collection":[{"href":"https:\/\/actiaenergy.com\/en\/wp-json\/wp\/v2\/product"}],"about":[{"href":"https:\/\/actiaenergy.com\/en\/wp-json\/wp\/v2\/types\/product"}],"wp:featuredmedia":[{"embeddable":true,"href":"https:\/\/actiaenergy.com\/en\/wp-json\/wp\/v2\/media\/35257"}],"wp:attachment":[{"href":"https:\/\/actiaenergy.com\/en\/wp-json\/wp\/v2\/media?parent=35269"}],"wp:term":[{"taxonomy":"product_brand","embeddable":true,"href":"https:\/\/actiaenergy.com\/en\/wp-json\/wp\/v2\/product_brand?post=35269"},{"taxonomy":"product_cat","embeddable":true,"href":"https:\/\/actiaenergy.com\/en\/wp-json\/wp\/v2\/product_cat?post=35269"},{"taxonomy":"product_tag","embeddable":true,"href":"https:\/\/actiaenergy.com\/en\/wp-json\/wp\/v2\/product_tag?post=35269"}],"curies":[{"name":"wp","href":"https:\/\/api.w.org\/{rel}","templated":true}]}}