{"id":35281,"date":"2025-05-05T00:00:00","date_gmt":"2025-05-04T22:00:00","guid":{"rendered":"https:\/\/actiaenergy.com\/solutions\/lv-distribution-cabinet-csa\/"},"modified":"2026-04-02T12:06:30","modified_gmt":"2026-04-02T10:06:30","slug":"lv-distribution-cabinet-csa","status":"publish","type":"product","link":"https:\/\/actiaenergy.com\/en\/solutions\/lv-distribution-cabinet-csa\/","title":{"rendered":"Modular Low Voltage Panels"},"content":{"rendered":"<p class=\"product-description\">The ACTIA Energy auxiliary unit panel is a low-voltage device designed to ensure continuity and redundancy of AC and DC power supply. It integrates perfectly into the installations of network operators as well as private industrial substations, ensuring efficient and secure management of electrical sources.<\/p>\n<h3>Versatile modular architecture<\/h3>\n<p class=\"product-description\">The panels are available in several configurations, with source inverters in 250 A, 400 A or 630 A. This modularity makes it possible to meet a variety of needs: power supply for critical networks, redundant management between two transformers or between a transformer and a generator set. Some configurations include two separate cabinets, each equipped with an independent source selector switch. This allows the management of the main network to be separated from that of the secure network.<\/p>\n<h3>Advanced switching features<\/h3>\n<p class=\"product-description\">The auxiliary unit panel can incorporate simple or specific switching logic, depending on the usage scenarios. Specific logic allows, for example, the start-up phase of the generator set to be synchronised with the load switchover. Each inverter is coupled to a control system that guarantees safe operation, even in the event of an upstream fault (loss of source, network imbalance, etc.).<\/p>\n<h3>Optimised energy distribution<\/h3>\n<p class=\"product-description\">Energy is transmitted via flexible insulated bars, which are perfectly dimensioned. The connection interfaces allow up to four 3 x 95 mm\u00b2 + 35 mm\u00b2 cables to be connected, facilitating multi-source connections and reducing energy losses.<\/p>\n<h3>Safety, reliability and adaptability<\/h3>\n<p class=\"product-description\">Designed in accordance with current standards for critical applications, the switchboards guarantee safe operation, simplified installation and easy maintenance. Thanks to their modular design, they adapt to changing infrastructures and ensure high energy availability.<br \/>\nThe ACTIA Energy auxiliary unit panel is therefore the ideal solution for ensuring the continuity of service for sensitive equipment in all electrical operating contexts.<\/p>\n<div class=\"pdfviewer\">&#13;<br \/>\n    <a  class=\"_3d-flip-book  fb3d-link-lightbox-mode\" data-id=\"0\" data-mode=\"link-lightbox\" data-title=\"false\" data-template=\"short-white-book-view\" data-lightbox=\"dark-shadow\" data-urlparam=\"fb3d-page\" data-page-n=\"0\" data-pdf=\"https:\/\/actiaenergy.com\/xml-ecatalogue\/Pdf\/PLAQUETTE-UA-FR-EN-EDIT-1.0.pdf\" data-tax=\"null\" data-thumbnail=\"\" data-cols=\"3\" data-book-template=\"default\" data-trigger=\"\" style=\"background-color:#221f21\">&#13;<br \/>\n        <img decoding=\"async\" class=\"brochure-pdf\" src=\"https:\/\/actiaenergy.com\/xml-ecatalogue\/Pdf\/Thumbnails\/PLAQUETTE-UA-FR-EN-EDIT-1.0_thumb_normal.jpg\">&#13;<br \/>\n    <\/a>&#13;\n<\/div>\n","protected":false},"excerpt":{"rendered":"<p>Modular Low Voltage Distribution Systems for electrical networks, combining safety, flexibility and energy efficiency.<\/p>\n","protected":false},"featured_media":35272,"template":"","meta":{"site-sidebar-layout":"default","site-content-layout":"","ast-site-content-layout":"default","site-content-style":"default","site-sidebar-style":"default","ast-global-header-display":"","ast-banner-title-visibility":"","ast-main-header-display":"","ast-hfb-above-header-display":"","ast-hfb-below-header-display":"","ast-hfb-mobile-header-display":"","site-post-title":"","ast-breadcrumbs-content":"","ast-featured-img":"","footer-sml-layout":"","ast-disable-related-posts":"","theme-transparent-header-meta":"","adv-header-id-meta":"","stick-header-meta":"","header-above-stick-meta":"","header-main-stick-meta":"","header-below-stick-meta":"","astra-migrate-meta-layouts":"default","ast-page-background-enabled":"default","ast-page-background-meta":{"desktop":{"background-color":"var(--ast-global-color-5)","background-image":"","background-repeat":"repeat","background-position":"center center","background-size":"auto","background-attachment":"scroll","background-type":"","background-media":"","overlay-type":"","overlay-color":"","overlay-opacity":"","overlay-gradient":""},"tablet":{"background-color":"","background-image":"","background-repeat":"repeat","background-position":"center center","background-size":"auto","background-attachment":"scroll","background-type":"","background-media":"","overlay-type":"","overlay-color":"","overlay-opacity":"","overlay-gradient":""},"mobile":{"background-color":"","background-image":"","background-repeat":"repeat","background-position":"center center","background-size":"auto","background-attachment":"scroll","background-type":"","background-media":"","overlay-type":"","overlay-color":"","overlay-opacity":"","overlay-gradient":""}},"ast-content-background-meta":{"desktop":{"background-color":"var(--ast-global-color-4)","background-image":"","background-repeat":"repeat","background-position":"center center","background-size":"auto","background-attachment":"scroll","background-type":"","background-media":"","overlay-type":"","overlay-color":"","overlay-opacity":"","overlay-gradient":""},"tablet":{"background-color":"var(--ast-global-color-4)","background-image":"","background-repeat":"repeat","background-position":"center center","background-size":"auto","background-attachment":"scroll","background-type":"","background-media":"","overlay-type":"","overlay-color":"","overlay-opacity":"","overlay-gradient":""},"mobile":{"background-color":"var(--ast-global-color-4)","background-image":"","background-repeat":"repeat","background-position":"center center","background-size":"auto","background-attachment":"scroll","background-type":"","background-media":"","overlay-type":"","overlay-color":"","overlay-opacity":"","overlay-gradient":""}}},"product_brand":[],"product_cat":[7210,7324],"product_tag":[7233,7325,7326,7327,7328,7329,7330,7331,7332],"class_list":{"0":"post-35281","1":"product","2":"type-product","3":"status-publish","4":"has-post-thumbnail","6":"product_cat-auxiliary-lv-distribution-panel","7":"product_cat-auxiliary-unit-panel","8":"product_tag-lv","9":"product_tag-electrical-distribution","10":"product_tag-electrical-engineering","11":"product_tag-energy","12":"product_tag-flexibility","13":"product_tag-industry","14":"product_tag-source-station","15":"product_tag-energy-security","16":"product_tag-auxiliary-units-panel","17":"desktop-align-left","18":"tablet-align-left","19":"mobile-align-left","21":"first","22":"instock","23":"product-type-simple"},"yoast_head":"<!-- This site is optimized with the Yoast SEO plugin v27.5 - https:\/\/yoast.com\/product\/yoast-seo-wordpress\/ -->\n<title>CSA9010, CSA9030, Modular Low Voltage Panels - Auxiliary LV Distribution Panel by ACTIA Energy<\/title>\n<meta name=\"description\" content=\"Discover our Redundant Auxiliary Unit Panel: security, redundancy and performance for your low-voltage electrical networks.\" \/>\n<meta name=\"robots\" content=\"index, follow, max-snippet:-1, max-image-preview:large, max-video-preview:-1\" \/>\n<link rel=\"canonical\" href=\"https:\/\/actiaenergy.com\/en\/solutions\/lv-distribution-cabinet-csa\/\" \/>\n<meta property=\"og:locale\" content=\"en_US\" \/>\n<meta property=\"og:type\" content=\"article\" \/>\n<meta property=\"og:title\" content=\"CSA9010, CSA9030, Modular Low Voltage Panels - Auxiliary LV Distribution Panel by ACTIA Energy\" \/>\n<meta property=\"og:description\" content=\"Discover our Redundant Auxiliary Unit Panel: security, redundancy and performance for your low-voltage electrical networks.\" \/>\n<meta property=\"og:url\" content=\"https:\/\/actiaenergy.com\/en\/solutions\/lv-distribution-cabinet-csa\/\" \/>\n<meta property=\"og:site_name\" content=\"ACTIA Energy\" \/>\n<meta property=\"article:modified_time\" content=\"2026-04-02T10:06:30+00:00\" \/>\n<meta property=\"og:image\" content=\"https:\/\/actiaenergy.com\/wp-content\/uploads\/tableaux-unites-auxiliaires-ua-1080-1-36.webp\" \/>\n\t<meta property=\"og:image:width\" content=\"1080\" \/>\n\t<meta property=\"og:image:height\" content=\"1080\" \/>\n\t<meta property=\"og:image:type\" content=\"image\/webp\" \/>\n<meta name=\"twitter:card\" content=\"summary_large_image\" \/>\n<meta name=\"twitter:label1\" content=\"Est. reading time\" \/>\n\t<meta name=\"twitter:data1\" content=\"2 minutes\" \/>\n<script type=\"application\/ld+json\" class=\"yoast-schema-graph\">{\"@context\":\"https:\\\/\\\/schema.org\",\"@graph\":[{\"@type\":\"WebPage\",\"@id\":\"https:\\\/\\\/actiaenergy.com\\\/en\\\/solutions\\\/lv-distribution-cabinet-csa\\\/\",\"url\":\"https:\\\/\\\/actiaenergy.com\\\/en\\\/solutions\\\/lv-distribution-cabinet-csa\\\/\",\"name\":\"CSA9010, CSA9030, Modular Low Voltage Panels - Auxiliary LV Distribution Panel by ACTIA Energy\",\"isPartOf\":{\"@id\":\"https:\\\/\\\/actiaenergy.com\\\/en\\\/#website\"},\"primaryImageOfPage\":{\"@id\":\"https:\\\/\\\/actiaenergy.com\\\/en\\\/solutions\\\/lv-distribution-cabinet-csa\\\/#primaryimage\"},\"image\":{\"@id\":\"https:\\\/\\\/actiaenergy.com\\\/en\\\/solutions\\\/lv-distribution-cabinet-csa\\\/#primaryimage\"},\"thumbnailUrl\":\"https:\\\/\\\/actiaenergy.com\\\/wp-content\\\/uploads\\\/tableaux-unites-auxiliaires-ua-1080-1-36.webp\",\"datePublished\":\"2025-05-04T22:00:00+00:00\",\"dateModified\":\"2026-04-02T10:06:30+00:00\",\"description\":\"Discover our Redundant Auxiliary Unit Panel: security, redundancy and performance for your low-voltage electrical networks.\",\"breadcrumb\":{\"@id\":\"https:\\\/\\\/actiaenergy.com\\\/en\\\/solutions\\\/lv-distribution-cabinet-csa\\\/#breadcrumb\"},\"inLanguage\":\"en-US\",\"potentialAction\":[{\"@type\":\"ReadAction\",\"target\":[\"https:\\\/\\\/actiaenergy.com\\\/en\\\/solutions\\\/lv-distribution-cabinet-csa\\\/\"]}]},{\"@type\":\"ImageObject\",\"inLanguage\":\"en-US\",\"@id\":\"https:\\\/\\\/actiaenergy.com\\\/en\\\/solutions\\\/lv-distribution-cabinet-csa\\\/#primaryimage\",\"url\":\"https:\\\/\\\/actiaenergy.com\\\/wp-content\\\/uploads\\\/tableaux-unites-auxiliaires-ua-1080-1-36.webp\",\"contentUrl\":\"https:\\\/\\\/actiaenergy.com\\\/wp-content\\\/uploads\\\/tableaux-unites-auxiliaires-ua-1080-1-36.webp\",\"width\":1080,\"height\":1080,\"caption\":\"Distribuci\u00f3n de Baja Tensi\u00f3n Tablero modulare de distribuci\u00f3n Baja tensi\u00f3n - ACTIA Energy\"},{\"@type\":\"BreadcrumbList\",\"@id\":\"https:\\\/\\\/actiaenergy.com\\\/en\\\/solutions\\\/lv-distribution-cabinet-csa\\\/#breadcrumb\",\"itemListElement\":[{\"@type\":\"ListItem\",\"position\":1,\"name\":\"ACTIA Energy\",\"item\":\"https:\\\/\\\/actiaenergy.com\\\/en\\\/actia-energy\\\/\"},{\"@type\":\"ListItem\",\"position\":2,\"name\":\"Solutions\",\"item\":\"https:\\\/\\\/actiaenergy.com\\\/en\\\/solutions\\\/\"},{\"@type\":\"ListItem\",\"position\":3,\"name\":\"Modular Low Voltage Panels\"}]},{\"@type\":\"WebSite\",\"@id\":\"https:\\\/\\\/actiaenergy.com\\\/en\\\/#website\",\"url\":\"https:\\\/\\\/actiaenergy.com\\\/en\\\/\",\"name\":\"ACTIA Energy\",\"description\":\"L&#039;ing\u00e9nierie de l&#039;\u00e9nergie de demain.\",\"publisher\":{\"@id\":\"https:\\\/\\\/actiaenergy.com\\\/en\\\/#organization\"},\"potentialAction\":[{\"@type\":\"SearchAction\",\"target\":{\"@type\":\"EntryPoint\",\"urlTemplate\":\"https:\\\/\\\/actiaenergy.com\\\/en\\\/?s={search_term_string}\"},\"query-input\":{\"@type\":\"PropertyValueSpecification\",\"valueRequired\":true,\"valueName\":\"search_term_string\"}}],\"inLanguage\":\"en-US\"},{\"@type\":\"Organization\",\"@id\":\"https:\\\/\\\/actiaenergy.com\\\/en\\\/#organization\",\"name\":\"ACTIA Energy\",\"url\":\"https:\\\/\\\/actiaenergy.com\\\/en\\\/\",\"logo\":{\"@type\":\"ImageObject\",\"inLanguage\":\"en-US\",\"@id\":\"https:\\\/\\\/actiaenergy.com\\\/en\\\/#\\\/schema\\\/logo\\\/image\\\/\",\"url\":\"https:\\\/\\\/actiaenergy.com\\\/wp-content\\\/uploads\\\/Logo-ACTIA-Couleurs-h150.png\",\"contentUrl\":\"https:\\\/\\\/actiaenergy.com\\\/wp-content\\\/uploads\\\/Logo-ACTIA-Couleurs-h150.png\",\"width\":706,\"height\":150,\"caption\":\"ACTIA Energy\"},\"image\":{\"@id\":\"https:\\\/\\\/actiaenergy.com\\\/en\\\/#\\\/schema\\\/logo\\\/image\\\/\"}}]}<\/script>\n<!-- \/ Yoast SEO plugin. -->","yoast_head_json":{"title":"CSA9010, CSA9030, Modular Low Voltage Panels - Auxiliary LV Distribution Panel by ACTIA Energy","description":"Discover our Redundant Auxiliary Unit Panel: security, redundancy and performance for your low-voltage electrical networks.","robots":{"index":"index","follow":"follow","max-snippet":"max-snippet:-1","max-image-preview":"max-image-preview:large","max-video-preview":"max-video-preview:-1"},"canonical":"https:\/\/actiaenergy.com\/en\/solutions\/lv-distribution-cabinet-csa\/","og_locale":"en_US","og_type":"article","og_title":"CSA9010, CSA9030, Modular Low Voltage Panels - Auxiliary LV Distribution Panel by ACTIA Energy","og_description":"Discover our Redundant Auxiliary Unit Panel: security, redundancy and performance for your low-voltage electrical networks.","og_url":"https:\/\/actiaenergy.com\/en\/solutions\/lv-distribution-cabinet-csa\/","og_site_name":"ACTIA Energy","article_modified_time":"2026-04-02T10:06:30+00:00","og_image":[{"width":1080,"height":1080,"url":"https:\/\/actiaenergy.com\/wp-content\/uploads\/tableaux-unites-auxiliaires-ua-1080-1-36.webp","type":"image\/webp"}],"twitter_card":"summary_large_image","twitter_misc":{"Est. reading time":"2 minutes"},"schema":{"@context":"https:\/\/schema.org","@graph":[{"@type":"WebPage","@id":"https:\/\/actiaenergy.com\/en\/solutions\/lv-distribution-cabinet-csa\/","url":"https:\/\/actiaenergy.com\/en\/solutions\/lv-distribution-cabinet-csa\/","name":"CSA9010, CSA9030, Modular Low Voltage Panels - Auxiliary LV Distribution Panel by ACTIA Energy","isPartOf":{"@id":"https:\/\/actiaenergy.com\/en\/#website"},"primaryImageOfPage":{"@id":"https:\/\/actiaenergy.com\/en\/solutions\/lv-distribution-cabinet-csa\/#primaryimage"},"image":{"@id":"https:\/\/actiaenergy.com\/en\/solutions\/lv-distribution-cabinet-csa\/#primaryimage"},"thumbnailUrl":"https:\/\/actiaenergy.com\/wp-content\/uploads\/tableaux-unites-auxiliaires-ua-1080-1-36.webp","datePublished":"2025-05-04T22:00:00+00:00","dateModified":"2026-04-02T10:06:30+00:00","description":"Discover our Redundant Auxiliary Unit Panel: security, redundancy and performance for your low-voltage electrical networks.","breadcrumb":{"@id":"https:\/\/actiaenergy.com\/en\/solutions\/lv-distribution-cabinet-csa\/#breadcrumb"},"inLanguage":"en-US","potentialAction":[{"@type":"ReadAction","target":["https:\/\/actiaenergy.com\/en\/solutions\/lv-distribution-cabinet-csa\/"]}]},{"@type":"ImageObject","inLanguage":"en-US","@id":"https:\/\/actiaenergy.com\/en\/solutions\/lv-distribution-cabinet-csa\/#primaryimage","url":"https:\/\/actiaenergy.com\/wp-content\/uploads\/tableaux-unites-auxiliaires-ua-1080-1-36.webp","contentUrl":"https:\/\/actiaenergy.com\/wp-content\/uploads\/tableaux-unites-auxiliaires-ua-1080-1-36.webp","width":1080,"height":1080,"caption":"Distribuci\u00f3n de Baja Tensi\u00f3n Tablero modulare de distribuci\u00f3n Baja tensi\u00f3n - ACTIA Energy"},{"@type":"BreadcrumbList","@id":"https:\/\/actiaenergy.com\/en\/solutions\/lv-distribution-cabinet-csa\/#breadcrumb","itemListElement":[{"@type":"ListItem","position":1,"name":"ACTIA Energy","item":"https:\/\/actiaenergy.com\/en\/actia-energy\/"},{"@type":"ListItem","position":2,"name":"Solutions","item":"https:\/\/actiaenergy.com\/en\/solutions\/"},{"@type":"ListItem","position":3,"name":"Modular Low Voltage Panels"}]},{"@type":"WebSite","@id":"https:\/\/actiaenergy.com\/en\/#website","url":"https:\/\/actiaenergy.com\/en\/","name":"ACTIA Energy","description":"L&#039;ing\u00e9nierie de l&#039;\u00e9nergie de demain.","publisher":{"@id":"https:\/\/actiaenergy.com\/en\/#organization"},"potentialAction":[{"@type":"SearchAction","target":{"@type":"EntryPoint","urlTemplate":"https:\/\/actiaenergy.com\/en\/?s={search_term_string}"},"query-input":{"@type":"PropertyValueSpecification","valueRequired":true,"valueName":"search_term_string"}}],"inLanguage":"en-US"},{"@type":"Organization","@id":"https:\/\/actiaenergy.com\/en\/#organization","name":"ACTIA Energy","url":"https:\/\/actiaenergy.com\/en\/","logo":{"@type":"ImageObject","inLanguage":"en-US","@id":"https:\/\/actiaenergy.com\/en\/#\/schema\/logo\/image\/","url":"https:\/\/actiaenergy.com\/wp-content\/uploads\/Logo-ACTIA-Couleurs-h150.png","contentUrl":"https:\/\/actiaenergy.com\/wp-content\/uploads\/Logo-ACTIA-Couleurs-h150.png","width":706,"height":150,"caption":"ACTIA Energy"},"image":{"@id":"https:\/\/actiaenergy.com\/en\/#\/schema\/logo\/image\/"}}]}},"_links":{"self":[{"href":"https:\/\/actiaenergy.com\/en\/wp-json\/wp\/v2\/product\/35281","targetHints":{"allow":["GET"]}}],"collection":[{"href":"https:\/\/actiaenergy.com\/en\/wp-json\/wp\/v2\/product"}],"about":[{"href":"https:\/\/actiaenergy.com\/en\/wp-json\/wp\/v2\/types\/product"}],"wp:featuredmedia":[{"embeddable":true,"href":"https:\/\/actiaenergy.com\/en\/wp-json\/wp\/v2\/media\/35272"}],"wp:attachment":[{"href":"https:\/\/actiaenergy.com\/en\/wp-json\/wp\/v2\/media?parent=35281"}],"wp:term":[{"taxonomy":"product_brand","embeddable":true,"href":"https:\/\/actiaenergy.com\/en\/wp-json\/wp\/v2\/product_brand?post=35281"},{"taxonomy":"product_cat","embeddable":true,"href":"https:\/\/actiaenergy.com\/en\/wp-json\/wp\/v2\/product_cat?post=35281"},{"taxonomy":"product_tag","embeddable":true,"href":"https:\/\/actiaenergy.com\/en\/wp-json\/wp\/v2\/product_tag?post=35281"}],"curies":[{"name":"wp","href":"https:\/\/api.w.org\/{rel}","templated":true}]}}