{"id":35416,"date":"2025-01-07T00:00:00","date_gmt":"2025-01-06T23:00:00","guid":{"rendered":"https:\/\/actiaenergy.com\/solutions\/vocational-training-cybersecurity-networks-electricity\/"},"modified":"2026-04-02T12:15:53","modified_gmt":"2026-04-02T10:15:53","slug":"vocational-training-cybersecurity-networks-electricity","status":"publish","type":"product","link":"https:\/\/actiaenergy.com\/en\/solutions\/vocational-training-cybersecurity-networks-electricity\/","title":{"rendered":"Energy Industry Skills Training Program"},"content":{"rendered":"<p class=\"product-description\">ACTIA Energy offers a vocational training program to support energy and industry professionals in developing key technical skills. This program covers industrial cybersecurity, communication networks, standard protocols (IEC 61850, IEC 60870), electrical schematics, MV\/HV network protection, and electrical certifications.<\/p>\n<p class=\"product-description\">Each module addresses specific field and office engineering needs, combining theory, demonstrations, and practical case studies.<\/p>\n<div class=\"pdfviewer\">&#13;<br \/>\n    <a  class=\"_3d-flip-book  fb3d-link-lightbox-mode\" data-id=\"0\" data-mode=\"link-lightbox\" data-title=\"false\" data-template=\"short-white-book-view\" data-lightbox=\"dark-shadow\" data-urlparam=\"fb3d-page\" data-page-n=\"0\" data-pdf=\"https:\/\/actiaenergy.com\/xml-ecatalogue\/Pdf\/FORMATION-METIERS-E1-FP-FR.pdf\" data-tax=\"null\" data-thumbnail=\"\" data-cols=\"3\" data-book-template=\"default\" data-trigger=\"\" style=\"background-color:#221f21\">&#13;<br \/>\n        <img decoding=\"async\" class=\"brochure-pdf\" src=\"https:\/\/actiaenergy.com\/xml-ecatalogue\/Pdf\/Thumbnails\/FORMATION-METIERS-E1-FP-FR_thumb_normal.jpg\">&#13;<br \/>\n    <\/a>&#13;\n<\/div>\n","protected":false},"excerpt":{"rendered":"<p>ACTIA Energy supports your skill development with a vocational training program tailored to the technical challenges of the energy sector.<\/p>\n","protected":false},"featured_media":35404,"template":"","meta":{"site-sidebar-layout":"default","site-content-layout":"","ast-site-content-layout":"default","site-content-style":"default","site-sidebar-style":"default","ast-global-header-display":"","ast-banner-title-visibility":"","ast-main-header-display":"","ast-hfb-above-header-display":"","ast-hfb-below-header-display":"","ast-hfb-mobile-header-display":"","site-post-title":"","ast-breadcrumbs-content":"","ast-featured-img":"","footer-sml-layout":"","ast-disable-related-posts":"","theme-transparent-header-meta":"","adv-header-id-meta":"","stick-header-meta":"","header-above-stick-meta":"","header-main-stick-meta":"","header-below-stick-meta":"","astra-migrate-meta-layouts":"default","ast-page-background-enabled":"default","ast-page-background-meta":{"desktop":{"background-color":"var(--ast-global-color-5)","background-image":"","background-repeat":"repeat","background-position":"center center","background-size":"auto","background-attachment":"scroll","background-type":"","background-media":"","overlay-type":"","overlay-color":"","overlay-opacity":"","overlay-gradient":""},"tablet":{"background-color":"","background-image":"","background-repeat":"repeat","background-position":"center center","background-size":"auto","background-attachment":"scroll","background-type":"","background-media":"","overlay-type":"","overlay-color":"","overlay-opacity":"","overlay-gradient":""},"mobile":{"background-color":"","background-image":"","background-repeat":"repeat","background-position":"center center","background-size":"auto","background-attachment":"scroll","background-type":"","background-media":"","overlay-type":"","overlay-color":"","overlay-opacity":"","overlay-gradient":""}},"ast-content-background-meta":{"desktop":{"background-color":"var(--ast-global-color-4)","background-image":"","background-repeat":"repeat","background-position":"center center","background-size":"auto","background-attachment":"scroll","background-type":"","background-media":"","overlay-type":"","overlay-color":"","overlay-opacity":"","overlay-gradient":""},"tablet":{"background-color":"var(--ast-global-color-4)","background-image":"","background-repeat":"repeat","background-position":"center center","background-size":"auto","background-attachment":"scroll","background-type":"","background-media":"","overlay-type":"","overlay-color":"","overlay-opacity":"","overlay-gradient":""},"mobile":{"background-color":"var(--ast-global-color-4)","background-image":"","background-repeat":"repeat","background-position":"center center","background-size":"auto","background-attachment":"scroll","background-type":"","background-media":"","overlay-type":"","overlay-color":"","overlay-opacity":"","overlay-gradient":""}}},"product_brand":[],"product_cat":[7222,7379],"product_tag":[5503],"class_list":{"0":"post-35416","1":"product","2":"type-product","3":"status-publish","4":"has-post-thumbnail","6":"product_cat-actia-energy-training-catalogue","7":"product_cat-education-and-skills","8":"product_tag-formation-metier","9":"desktop-align-left","10":"tablet-align-left","11":"mobile-align-left","13":"first","14":"instock","15":"product-type-simple"},"yoast_head":"<!-- This site is optimized with the Yoast SEO plugin v27.5 - https:\/\/yoast.com\/product\/yoast-seo-wordpress\/ -->\n<title>Vocational Training - cybersecurity, networks, electricity, Energy Industry Skills Training Program - ACTIA Energy Training Catalogue par ACTIA Energy<\/title>\n<meta name=\"description\" content=\"Vocational Training: master cybersecurity, IP networks, IEC 61850, source substations, and electrical certification.\" \/>\n<meta name=\"robots\" content=\"index, follow, max-snippet:-1, max-image-preview:large, max-video-preview:-1\" \/>\n<link rel=\"canonical\" href=\"https:\/\/actiaenergy.com\/en\/solutions\/vocational-training-cybersecurity-networks-electricity\/\" \/>\n<meta property=\"og:locale\" content=\"en_US\" \/>\n<meta property=\"og:type\" content=\"article\" \/>\n<meta property=\"og:title\" content=\"Vocational Training - cybersecurity, networks, electricity, Energy Industry Skills Training Program - ACTIA Energy Training Catalogue par ACTIA Energy\" \/>\n<meta property=\"og:description\" content=\"Vocational Training: master cybersecurity, IP networks, IEC 61850, source substations, and electrical certification.\" \/>\n<meta property=\"og:url\" content=\"https:\/\/actiaenergy.com\/en\/solutions\/vocational-training-cybersecurity-networks-electricity\/\" \/>\n<meta property=\"og:site_name\" content=\"ACTIA Energy\" \/>\n<meta property=\"article:modified_time\" content=\"2026-04-02T10:15:53+00:00\" \/>\n<meta property=\"og:image\" content=\"https:\/\/actiaenergy.com\/wp-content\/uploads\/formations-actia-energy-1080-metiers-1-35.webp\" \/>\n\t<meta property=\"og:image:width\" content=\"1080\" \/>\n\t<meta property=\"og:image:height\" content=\"1080\" \/>\n\t<meta property=\"og:image:type\" content=\"image\/webp\" \/>\n<meta name=\"twitter:card\" content=\"summary_large_image\" \/>\n<script type=\"application\/ld+json\" class=\"yoast-schema-graph\">{\"@context\":\"https:\\\/\\\/schema.org\",\"@graph\":[{\"@type\":\"WebPage\",\"@id\":\"https:\\\/\\\/actiaenergy.com\\\/en\\\/solutions\\\/vocational-training-cybersecurity-networks-electricity\\\/\",\"url\":\"https:\\\/\\\/actiaenergy.com\\\/en\\\/solutions\\\/vocational-training-cybersecurity-networks-electricity\\\/\",\"name\":\"Vocational Training - cybersecurity, networks, electricity, Energy Industry Skills Training Program - ACTIA Energy Training Catalogue par ACTIA Energy\",\"isPartOf\":{\"@id\":\"https:\\\/\\\/actiaenergy.com\\\/en\\\/#website\"},\"primaryImageOfPage\":{\"@id\":\"https:\\\/\\\/actiaenergy.com\\\/en\\\/solutions\\\/vocational-training-cybersecurity-networks-electricity\\\/#primaryimage\"},\"image\":{\"@id\":\"https:\\\/\\\/actiaenergy.com\\\/en\\\/solutions\\\/vocational-training-cybersecurity-networks-electricity\\\/#primaryimage\"},\"thumbnailUrl\":\"https:\\\/\\\/actiaenergy.com\\\/wp-content\\\/uploads\\\/formations-actia-energy-1080-metiers-1-35.webp\",\"datePublished\":\"2025-01-06T23:00:00+00:00\",\"dateModified\":\"2026-04-02T10:15:53+00:00\",\"description\":\"Vocational Training: master cybersecurity, IP networks, IEC 61850, source substations, and electrical certification.\",\"breadcrumb\":{\"@id\":\"https:\\\/\\\/actiaenergy.com\\\/en\\\/solutions\\\/vocational-training-cybersecurity-networks-electricity\\\/#breadcrumb\"},\"inLanguage\":\"en-US\",\"potentialAction\":[{\"@type\":\"ReadAction\",\"target\":[\"https:\\\/\\\/actiaenergy.com\\\/en\\\/solutions\\\/vocational-training-cybersecurity-networks-electricity\\\/\"]}]},{\"@type\":\"ImageObject\",\"inLanguage\":\"en-US\",\"@id\":\"https:\\\/\\\/actiaenergy.com\\\/en\\\/solutions\\\/vocational-training-cybersecurity-networks-electricity\\\/#primaryimage\",\"url\":\"https:\\\/\\\/actiaenergy.com\\\/wp-content\\\/uploads\\\/formations-actia-energy-1080-metiers-1-35.webp\",\"contentUrl\":\"https:\\\/\\\/actiaenergy.com\\\/wp-content\\\/uploads\\\/formations-actia-energy-1080-metiers-1-35.webp\",\"width\":1080,\"height\":1080,\"caption\":\"Cat\u00e1logo de formaci\u00f3n ACTIA Energy Programa de Formaci\u00f3n Profesional en Energ\u00eda - ACTIA Energy\"},{\"@type\":\"BreadcrumbList\",\"@id\":\"https:\\\/\\\/actiaenergy.com\\\/en\\\/solutions\\\/vocational-training-cybersecurity-networks-electricity\\\/#breadcrumb\",\"itemListElement\":[{\"@type\":\"ListItem\",\"position\":1,\"name\":\"ACTIA Energy\",\"item\":\"https:\\\/\\\/actiaenergy.com\\\/en\\\/actia-energy\\\/\"},{\"@type\":\"ListItem\",\"position\":2,\"name\":\"Solutions\",\"item\":\"https:\\\/\\\/actiaenergy.com\\\/en\\\/solutions\\\/\"},{\"@type\":\"ListItem\",\"position\":3,\"name\":\"Energy Industry Skills Training Program\"}]},{\"@type\":\"WebSite\",\"@id\":\"https:\\\/\\\/actiaenergy.com\\\/en\\\/#website\",\"url\":\"https:\\\/\\\/actiaenergy.com\\\/en\\\/\",\"name\":\"ACTIA Energy\",\"description\":\"L&#039;ing\u00e9nierie de l&#039;\u00e9nergie de demain.\",\"publisher\":{\"@id\":\"https:\\\/\\\/actiaenergy.com\\\/en\\\/#organization\"},\"potentialAction\":[{\"@type\":\"SearchAction\",\"target\":{\"@type\":\"EntryPoint\",\"urlTemplate\":\"https:\\\/\\\/actiaenergy.com\\\/en\\\/?s={search_term_string}\"},\"query-input\":{\"@type\":\"PropertyValueSpecification\",\"valueRequired\":true,\"valueName\":\"search_term_string\"}}],\"inLanguage\":\"en-US\"},{\"@type\":\"Organization\",\"@id\":\"https:\\\/\\\/actiaenergy.com\\\/en\\\/#organization\",\"name\":\"ACTIA Energy\",\"url\":\"https:\\\/\\\/actiaenergy.com\\\/en\\\/\",\"logo\":{\"@type\":\"ImageObject\",\"inLanguage\":\"en-US\",\"@id\":\"https:\\\/\\\/actiaenergy.com\\\/en\\\/#\\\/schema\\\/logo\\\/image\\\/\",\"url\":\"https:\\\/\\\/actiaenergy.com\\\/wp-content\\\/uploads\\\/Logo-ACTIA-Couleurs-h150.png\",\"contentUrl\":\"https:\\\/\\\/actiaenergy.com\\\/wp-content\\\/uploads\\\/Logo-ACTIA-Couleurs-h150.png\",\"width\":706,\"height\":150,\"caption\":\"ACTIA Energy\"},\"image\":{\"@id\":\"https:\\\/\\\/actiaenergy.com\\\/en\\\/#\\\/schema\\\/logo\\\/image\\\/\"}}]}<\/script>\n<!-- \/ Yoast SEO plugin. -->","yoast_head_json":{"title":"Vocational Training - cybersecurity, networks, electricity, Energy Industry Skills Training Program - ACTIA Energy Training Catalogue par ACTIA Energy","description":"Vocational Training: master cybersecurity, IP networks, IEC 61850, source substations, and electrical certification.","robots":{"index":"index","follow":"follow","max-snippet":"max-snippet:-1","max-image-preview":"max-image-preview:large","max-video-preview":"max-video-preview:-1"},"canonical":"https:\/\/actiaenergy.com\/en\/solutions\/vocational-training-cybersecurity-networks-electricity\/","og_locale":"en_US","og_type":"article","og_title":"Vocational Training - cybersecurity, networks, electricity, Energy Industry Skills Training Program - ACTIA Energy Training Catalogue par ACTIA Energy","og_description":"Vocational Training: master cybersecurity, IP networks, IEC 61850, source substations, and electrical certification.","og_url":"https:\/\/actiaenergy.com\/en\/solutions\/vocational-training-cybersecurity-networks-electricity\/","og_site_name":"ACTIA Energy","article_modified_time":"2026-04-02T10:15:53+00:00","og_image":[{"width":1080,"height":1080,"url":"https:\/\/actiaenergy.com\/wp-content\/uploads\/formations-actia-energy-1080-metiers-1-35.webp","type":"image\/webp"}],"twitter_card":"summary_large_image","schema":{"@context":"https:\/\/schema.org","@graph":[{"@type":"WebPage","@id":"https:\/\/actiaenergy.com\/en\/solutions\/vocational-training-cybersecurity-networks-electricity\/","url":"https:\/\/actiaenergy.com\/en\/solutions\/vocational-training-cybersecurity-networks-electricity\/","name":"Vocational Training - cybersecurity, networks, electricity, Energy Industry Skills Training Program - ACTIA Energy Training Catalogue par ACTIA Energy","isPartOf":{"@id":"https:\/\/actiaenergy.com\/en\/#website"},"primaryImageOfPage":{"@id":"https:\/\/actiaenergy.com\/en\/solutions\/vocational-training-cybersecurity-networks-electricity\/#primaryimage"},"image":{"@id":"https:\/\/actiaenergy.com\/en\/solutions\/vocational-training-cybersecurity-networks-electricity\/#primaryimage"},"thumbnailUrl":"https:\/\/actiaenergy.com\/wp-content\/uploads\/formations-actia-energy-1080-metiers-1-35.webp","datePublished":"2025-01-06T23:00:00+00:00","dateModified":"2026-04-02T10:15:53+00:00","description":"Vocational Training: master cybersecurity, IP networks, IEC 61850, source substations, and electrical certification.","breadcrumb":{"@id":"https:\/\/actiaenergy.com\/en\/solutions\/vocational-training-cybersecurity-networks-electricity\/#breadcrumb"},"inLanguage":"en-US","potentialAction":[{"@type":"ReadAction","target":["https:\/\/actiaenergy.com\/en\/solutions\/vocational-training-cybersecurity-networks-electricity\/"]}]},{"@type":"ImageObject","inLanguage":"en-US","@id":"https:\/\/actiaenergy.com\/en\/solutions\/vocational-training-cybersecurity-networks-electricity\/#primaryimage","url":"https:\/\/actiaenergy.com\/wp-content\/uploads\/formations-actia-energy-1080-metiers-1-35.webp","contentUrl":"https:\/\/actiaenergy.com\/wp-content\/uploads\/formations-actia-energy-1080-metiers-1-35.webp","width":1080,"height":1080,"caption":"Cat\u00e1logo de formaci\u00f3n ACTIA Energy Programa de Formaci\u00f3n Profesional en Energ\u00eda - ACTIA Energy"},{"@type":"BreadcrumbList","@id":"https:\/\/actiaenergy.com\/en\/solutions\/vocational-training-cybersecurity-networks-electricity\/#breadcrumb","itemListElement":[{"@type":"ListItem","position":1,"name":"ACTIA Energy","item":"https:\/\/actiaenergy.com\/en\/actia-energy\/"},{"@type":"ListItem","position":2,"name":"Solutions","item":"https:\/\/actiaenergy.com\/en\/solutions\/"},{"@type":"ListItem","position":3,"name":"Energy Industry Skills Training Program"}]},{"@type":"WebSite","@id":"https:\/\/actiaenergy.com\/en\/#website","url":"https:\/\/actiaenergy.com\/en\/","name":"ACTIA Energy","description":"L&#039;ing\u00e9nierie de l&#039;\u00e9nergie de demain.","publisher":{"@id":"https:\/\/actiaenergy.com\/en\/#organization"},"potentialAction":[{"@type":"SearchAction","target":{"@type":"EntryPoint","urlTemplate":"https:\/\/actiaenergy.com\/en\/?s={search_term_string}"},"query-input":{"@type":"PropertyValueSpecification","valueRequired":true,"valueName":"search_term_string"}}],"inLanguage":"en-US"},{"@type":"Organization","@id":"https:\/\/actiaenergy.com\/en\/#organization","name":"ACTIA Energy","url":"https:\/\/actiaenergy.com\/en\/","logo":{"@type":"ImageObject","inLanguage":"en-US","@id":"https:\/\/actiaenergy.com\/en\/#\/schema\/logo\/image\/","url":"https:\/\/actiaenergy.com\/wp-content\/uploads\/Logo-ACTIA-Couleurs-h150.png","contentUrl":"https:\/\/actiaenergy.com\/wp-content\/uploads\/Logo-ACTIA-Couleurs-h150.png","width":706,"height":150,"caption":"ACTIA Energy"},"image":{"@id":"https:\/\/actiaenergy.com\/en\/#\/schema\/logo\/image\/"}}]}},"_links":{"self":[{"href":"https:\/\/actiaenergy.com\/en\/wp-json\/wp\/v2\/product\/35416","targetHints":{"allow":["GET"]}}],"collection":[{"href":"https:\/\/actiaenergy.com\/en\/wp-json\/wp\/v2\/product"}],"about":[{"href":"https:\/\/actiaenergy.com\/en\/wp-json\/wp\/v2\/types\/product"}],"wp:featuredmedia":[{"embeddable":true,"href":"https:\/\/actiaenergy.com\/en\/wp-json\/wp\/v2\/media\/35404"}],"wp:attachment":[{"href":"https:\/\/actiaenergy.com\/en\/wp-json\/wp\/v2\/media?parent=35416"}],"wp:term":[{"taxonomy":"product_brand","embeddable":true,"href":"https:\/\/actiaenergy.com\/en\/wp-json\/wp\/v2\/product_brand?post=35416"},{"taxonomy":"product_cat","embeddable":true,"href":"https:\/\/actiaenergy.com\/en\/wp-json\/wp\/v2\/product_cat?post=35416"},{"taxonomy":"product_tag","embeddable":true,"href":"https:\/\/actiaenergy.com\/en\/wp-json\/wp\/v2\/product_tag?post=35416"}],"curies":[{"name":"wp","href":"https:\/\/api.w.org\/{rel}","templated":true}]}}