{"id":35129,"date":"2026-04-02T09:57:40","date_gmt":"2026-04-02T07:57:40","guid":{"rendered":"https:\/\/actiaenergy.com\/solutions\/scada-dms-ferroviario-ltr9080\/"},"modified":"2026-04-02T11:57:42","modified_gmt":"2026-04-02T09:57:42","slug":"scada-dms-ferroviario-ltr9080","status":"publish","type":"product","link":"https:\/\/actiaenergy.com\/es\/solutions\/scada-dms-ferroviario-ltr9080\/","title":{"rendered":"Sistema de telecontrol DMS para redes ferroviarias"},"content":{"rendered":"<p class=\"product-description\">Desarrollada completamente por ACTIA Energy, LTR9080 es una soluci\u00f3n llave en mano de Telecontrol dise\u00f1ada para la visualizaci\u00f3n y explotaci\u00f3n de redes de distribuci\u00f3n el\u00e9ctrica para la alimentaci\u00f3n de las catenarias.<\/p>\n<p class=\"product-description\">Es una soluci\u00f3n modular y flexible que se adapta a las especificidades de las redes ferroviarias.<\/p>\n<p class=\"product-description\">El sistema LTR9080 se utiliza para conocer en todo momento el estado real de la red, el comportamiento de las subestaciones el\u00e9ctricas y el estado de los dispositivos de corte.<\/p>\n<p class=\"product-description\">Permite localizar lo m\u00e1s r\u00e1pido posible las fallas y reponer la alimentaci\u00f3n de los elementos sanos en el menor tiempo posible.<\/p>\n<p class=\"product-description\">Este sistema de telecontrol ayuda en el an\u00e1lisis de la informaci\u00f3n para mejorar la calidad del servicio y la seguridad, asistiendo a los operadores.<\/p>\n<p class=\"product-description\">Totalmente escalable, permite la integraci\u00f3n de m\u00f3dulos y funciones externas mientras garantiza el control de equipos remotos (RTU, PLC) de diferentes fabricantes.<\/p>\n<p class=\"product-description\">Con una larga trayectoria de experiencia en la gesti\u00f3n de redes el\u00e9ctricas, el software de telecontrol DMS LTR9080 sigue siendo una soluci\u00f3n personalizable y abierta a las evoluciones tecnol\u00f3gicas, con un equipo de soporte a su disposici\u00f3n.<\/p>\n","protected":false},"excerpt":{"rendered":"<p>Sistema de Telecontrol DMS para la supervisi\u00f3n y explotaci\u00f3n de las redes de distribuci\u00f3n el\u00e9ctrica ferroviaria.<\/p>\n","protected":false},"featured_media":35119,"template":"","meta":{"site-sidebar-layout":"default","site-content-layout":"","ast-site-content-layout":"default","site-content-style":"default","site-sidebar-style":"default","ast-global-header-display":"","ast-banner-title-visibility":"","ast-main-header-display":"","ast-hfb-above-header-display":"","ast-hfb-below-header-display":"","ast-hfb-mobile-header-display":"","site-post-title":"","ast-breadcrumbs-content":"","ast-featured-img":"","footer-sml-layout":"","ast-disable-related-posts":"","theme-transparent-header-meta":"","adv-header-id-meta":"","stick-header-meta":"","header-above-stick-meta":"","header-main-stick-meta":"","header-below-stick-meta":"","astra-migrate-meta-layouts":"default","ast-page-background-enabled":"default","ast-page-background-meta":{"desktop":{"background-color":"var(--ast-global-color-5)","background-image":"","background-repeat":"repeat","background-position":"center center","background-size":"auto","background-attachment":"scroll","background-type":"","background-media":"","overlay-type":"","overlay-color":"","overlay-opacity":"","overlay-gradient":""},"tablet":{"background-color":"","background-image":"","background-repeat":"repeat","background-position":"center center","background-size":"auto","background-attachment":"scroll","background-type":"","background-media":"","overlay-type":"","overlay-color":"","overlay-opacity":"","overlay-gradient":""},"mobile":{"background-color":"","background-image":"","background-repeat":"repeat","background-position":"center center","background-size":"auto","background-attachment":"scroll","background-type":"","background-media":"","overlay-type":"","overlay-color":"","overlay-opacity":"","overlay-gradient":""}},"ast-content-background-meta":{"desktop":{"background-color":"var(--ast-global-color-4)","background-image":"","background-repeat":"repeat","background-position":"center center","background-size":"auto","background-attachment":"scroll","background-type":"","background-media":"","overlay-type":"","overlay-color":"","overlay-opacity":"","overlay-gradient":""},"tablet":{"background-color":"var(--ast-global-color-4)","background-image":"","background-repeat":"repeat","background-position":"center center","background-size":"auto","background-attachment":"scroll","background-type":"","background-media":"","overlay-type":"","overlay-color":"","overlay-opacity":"","overlay-gradient":""},"mobile":{"background-color":"var(--ast-global-color-4)","background-image":"","background-repeat":"repeat","background-position":"center center","background-size":"auto","background-attachment":"scroll","background-type":"","background-media":"","overlay-type":"","overlay-color":"","overlay-opacity":"","overlay-gradient":""}}},"product_brand":[],"product_cat":[7202,7226],"product_tag":[171,5913,5915,5931,5937,7227],"class_list":{"0":"post-35129","1":"product","2":"type-product","3":"status-publish","4":"has-post-thumbnail","6":"product_cat-scada-sistema-de-control","7":"product_cat-dms","8":"product_tag-dms","9":"product_tag-scada","10":"product_tag-iec-60870-5-101","11":"product_tag-hnz","12":"product_tag-iec-60870-5-104","13":"product_tag-telecontrol","14":"desktop-align-left","15":"tablet-align-left","16":"mobile-align-left","18":"first","19":"instock","20":"product-type-simple"},"yoast_head":"<!-- This site is optimized with the Yoast SEO plugin v27.5 - https:\/\/yoast.com\/product\/yoast-seo-wordpress\/ -->\n<title>LTR9080, Sistema de telecontrol DMS para redes ferroviarias - SCADA Sistema de Control par ACTIA Energy<\/title>\n<meta name=\"description\" content=\"LTR9080 - SCADA DMS, soluci\u00f3n de telecontrol ferroviario para la supervisi\u00f3n de redes catenarias el\u00e9ctricas.\" \/>\n<meta name=\"robots\" content=\"index, follow, max-snippet:-1, max-image-preview:large, max-video-preview:-1\" \/>\n<link rel=\"canonical\" href=\"https:\/\/actiaenergy.com\/es\/solutions\/scada-dms-ferroviario-ltr9080\/\" \/>\n<meta property=\"og:locale\" content=\"es_ES\" \/>\n<meta property=\"og:type\" content=\"article\" \/>\n<meta property=\"og:title\" content=\"LTR9080, Sistema de telecontrol DMS para redes ferroviarias - SCADA Sistema de Control par ACTIA Energy\" \/>\n<meta property=\"og:description\" content=\"LTR9080 - SCADA DMS, soluci\u00f3n de telecontrol ferroviario para la supervisi\u00f3n de redes catenarias el\u00e9ctricas.\" \/>\n<meta property=\"og:url\" content=\"https:\/\/actiaenergy.com\/es\/solutions\/scada-dms-ferroviario-ltr9080\/\" \/>\n<meta property=\"og:site_name\" content=\"ACTIA Energy\" \/>\n<meta property=\"article:modified_time\" content=\"2026-04-02T09:57:42+00:00\" \/>\n<meta property=\"og:image\" content=\"https:\/\/actiaenergy.com\/wp-content\/uploads\/scada-pirate-w1080h1080-1-38.webp\" \/>\n\t<meta property=\"og:image:width\" content=\"1080\" \/>\n\t<meta property=\"og:image:height\" content=\"1080\" \/>\n\t<meta property=\"og:image:type\" content=\"image\/webp\" \/>\n<meta name=\"twitter:card\" content=\"summary_large_image\" \/>\n<meta name=\"twitter:label1\" content=\"Tiempo de lectura\" \/>\n\t<meta name=\"twitter:data1\" content=\"1 minuto\" \/>\n<script type=\"application\/ld+json\" class=\"yoast-schema-graph\">{\"@context\":\"https:\\\/\\\/schema.org\",\"@graph\":[{\"@type\":\"WebPage\",\"@id\":\"https:\\\/\\\/actiaenergy.com\\\/es\\\/solutions\\\/scada-dms-ferroviario-ltr9080\\\/\",\"url\":\"https:\\\/\\\/actiaenergy.com\\\/es\\\/solutions\\\/scada-dms-ferroviario-ltr9080\\\/\",\"name\":\"LTR9080, Sistema de telecontrol DMS para redes ferroviarias - SCADA Sistema de Control par ACTIA Energy\",\"isPartOf\":{\"@id\":\"https:\\\/\\\/actiaenergy.com\\\/es\\\/#website\"},\"primaryImageOfPage\":{\"@id\":\"https:\\\/\\\/actiaenergy.com\\\/es\\\/solutions\\\/scada-dms-ferroviario-ltr9080\\\/#primaryimage\"},\"image\":{\"@id\":\"https:\\\/\\\/actiaenergy.com\\\/es\\\/solutions\\\/scada-dms-ferroviario-ltr9080\\\/#primaryimage\"},\"thumbnailUrl\":\"https:\\\/\\\/actiaenergy.com\\\/wp-content\\\/uploads\\\/scada-pirate-w1080h1080-1-38.webp\",\"datePublished\":\"2026-04-02T07:57:40+00:00\",\"dateModified\":\"2026-04-02T09:57:42+00:00\",\"description\":\"LTR9080 - SCADA DMS, soluci\u00f3n de telecontrol ferroviario para la supervisi\u00f3n de redes catenarias el\u00e9ctricas.\",\"breadcrumb\":{\"@id\":\"https:\\\/\\\/actiaenergy.com\\\/es\\\/solutions\\\/scada-dms-ferroviario-ltr9080\\\/#breadcrumb\"},\"inLanguage\":\"es\",\"potentialAction\":[{\"@type\":\"ReadAction\",\"target\":[\"https:\\\/\\\/actiaenergy.com\\\/es\\\/solutions\\\/scada-dms-ferroviario-ltr9080\\\/\"]}]},{\"@type\":\"ImageObject\",\"inLanguage\":\"es\",\"@id\":\"https:\\\/\\\/actiaenergy.com\\\/es\\\/solutions\\\/scada-dms-ferroviario-ltr9080\\\/#primaryimage\",\"url\":\"https:\\\/\\\/actiaenergy.com\\\/wp-content\\\/uploads\\\/scada-pirate-w1080h1080-1-38.webp\",\"contentUrl\":\"https:\\\/\\\/actiaenergy.com\\\/wp-content\\\/uploads\\\/scada-pirate-w1080h1080-1-38.webp\",\"width\":1080,\"height\":1080,\"caption\":\"SCADA Sistema de Control Sistema de telecontrol DMS para redes ferroviarias - ACTIA Energy\"},{\"@type\":\"BreadcrumbList\",\"@id\":\"https:\\\/\\\/actiaenergy.com\\\/es\\\/solutions\\\/scada-dms-ferroviario-ltr9080\\\/#breadcrumb\",\"itemListElement\":[{\"@type\":\"ListItem\",\"position\":1,\"name\":\"ACTIA Energy\",\"item\":\"https:\\\/\\\/actiaenergy.com\\\/es\\\/actia-energy\\\/\"},{\"@type\":\"ListItem\",\"position\":2,\"name\":\"Soluciones\",\"item\":\"https:\\\/\\\/actiaenergy.com\\\/es\\\/soluciones\\\/\"},{\"@type\":\"ListItem\",\"position\":3,\"name\":\"Sistema de telecontrol DMS para redes ferroviarias\"}]},{\"@type\":\"WebSite\",\"@id\":\"https:\\\/\\\/actiaenergy.com\\\/es\\\/#website\",\"url\":\"https:\\\/\\\/actiaenergy.com\\\/es\\\/\",\"name\":\"ACTIA Energy\",\"description\":\"L&#039;ing\u00e9nierie de l&#039;\u00e9nergie de demain.\",\"publisher\":{\"@id\":\"https:\\\/\\\/actiaenergy.com\\\/es\\\/#organization\"},\"potentialAction\":[{\"@type\":\"SearchAction\",\"target\":{\"@type\":\"EntryPoint\",\"urlTemplate\":\"https:\\\/\\\/actiaenergy.com\\\/es\\\/?s={search_term_string}\"},\"query-input\":{\"@type\":\"PropertyValueSpecification\",\"valueRequired\":true,\"valueName\":\"search_term_string\"}}],\"inLanguage\":\"es\"},{\"@type\":\"Organization\",\"@id\":\"https:\\\/\\\/actiaenergy.com\\\/es\\\/#organization\",\"name\":\"ACTIA Energy\",\"url\":\"https:\\\/\\\/actiaenergy.com\\\/es\\\/\",\"logo\":{\"@type\":\"ImageObject\",\"inLanguage\":\"es\",\"@id\":\"https:\\\/\\\/actiaenergy.com\\\/es\\\/#\\\/schema\\\/logo\\\/image\\\/\",\"url\":\"https:\\\/\\\/actiaenergy.com\\\/wp-content\\\/uploads\\\/Logo-ACTIA-Couleurs-h150.png\",\"contentUrl\":\"https:\\\/\\\/actiaenergy.com\\\/wp-content\\\/uploads\\\/Logo-ACTIA-Couleurs-h150.png\",\"width\":706,\"height\":150,\"caption\":\"ACTIA Energy\"},\"image\":{\"@id\":\"https:\\\/\\\/actiaenergy.com\\\/es\\\/#\\\/schema\\\/logo\\\/image\\\/\"}}]}<\/script>\n<!-- \/ Yoast SEO plugin. -->","yoast_head_json":{"title":"LTR9080, Sistema de telecontrol DMS para redes ferroviarias - SCADA Sistema de Control par ACTIA Energy","description":"LTR9080 - SCADA DMS, soluci\u00f3n de telecontrol ferroviario para la supervisi\u00f3n de redes catenarias el\u00e9ctricas.","robots":{"index":"index","follow":"follow","max-snippet":"max-snippet:-1","max-image-preview":"max-image-preview:large","max-video-preview":"max-video-preview:-1"},"canonical":"https:\/\/actiaenergy.com\/es\/solutions\/scada-dms-ferroviario-ltr9080\/","og_locale":"es_ES","og_type":"article","og_title":"LTR9080, Sistema de telecontrol DMS para redes ferroviarias - SCADA Sistema de Control par ACTIA Energy","og_description":"LTR9080 - SCADA DMS, soluci\u00f3n de telecontrol ferroviario para la supervisi\u00f3n de redes catenarias el\u00e9ctricas.","og_url":"https:\/\/actiaenergy.com\/es\/solutions\/scada-dms-ferroviario-ltr9080\/","og_site_name":"ACTIA Energy","article_modified_time":"2026-04-02T09:57:42+00:00","og_image":[{"width":1080,"height":1080,"url":"https:\/\/actiaenergy.com\/wp-content\/uploads\/scada-pirate-w1080h1080-1-38.webp","type":"image\/webp"}],"twitter_card":"summary_large_image","twitter_misc":{"Tiempo de lectura":"1 minuto"},"schema":{"@context":"https:\/\/schema.org","@graph":[{"@type":"WebPage","@id":"https:\/\/actiaenergy.com\/es\/solutions\/scada-dms-ferroviario-ltr9080\/","url":"https:\/\/actiaenergy.com\/es\/solutions\/scada-dms-ferroviario-ltr9080\/","name":"LTR9080, Sistema de telecontrol DMS para redes ferroviarias - SCADA Sistema de Control par ACTIA Energy","isPartOf":{"@id":"https:\/\/actiaenergy.com\/es\/#website"},"primaryImageOfPage":{"@id":"https:\/\/actiaenergy.com\/es\/solutions\/scada-dms-ferroviario-ltr9080\/#primaryimage"},"image":{"@id":"https:\/\/actiaenergy.com\/es\/solutions\/scada-dms-ferroviario-ltr9080\/#primaryimage"},"thumbnailUrl":"https:\/\/actiaenergy.com\/wp-content\/uploads\/scada-pirate-w1080h1080-1-38.webp","datePublished":"2026-04-02T07:57:40+00:00","dateModified":"2026-04-02T09:57:42+00:00","description":"LTR9080 - SCADA DMS, soluci\u00f3n de telecontrol ferroviario para la supervisi\u00f3n de redes catenarias el\u00e9ctricas.","breadcrumb":{"@id":"https:\/\/actiaenergy.com\/es\/solutions\/scada-dms-ferroviario-ltr9080\/#breadcrumb"},"inLanguage":"es","potentialAction":[{"@type":"ReadAction","target":["https:\/\/actiaenergy.com\/es\/solutions\/scada-dms-ferroviario-ltr9080\/"]}]},{"@type":"ImageObject","inLanguage":"es","@id":"https:\/\/actiaenergy.com\/es\/solutions\/scada-dms-ferroviario-ltr9080\/#primaryimage","url":"https:\/\/actiaenergy.com\/wp-content\/uploads\/scada-pirate-w1080h1080-1-38.webp","contentUrl":"https:\/\/actiaenergy.com\/wp-content\/uploads\/scada-pirate-w1080h1080-1-38.webp","width":1080,"height":1080,"caption":"SCADA Sistema de Control Sistema de telecontrol DMS para redes ferroviarias - ACTIA Energy"},{"@type":"BreadcrumbList","@id":"https:\/\/actiaenergy.com\/es\/solutions\/scada-dms-ferroviario-ltr9080\/#breadcrumb","itemListElement":[{"@type":"ListItem","position":1,"name":"ACTIA Energy","item":"https:\/\/actiaenergy.com\/es\/actia-energy\/"},{"@type":"ListItem","position":2,"name":"Soluciones","item":"https:\/\/actiaenergy.com\/es\/soluciones\/"},{"@type":"ListItem","position":3,"name":"Sistema de telecontrol DMS para redes ferroviarias"}]},{"@type":"WebSite","@id":"https:\/\/actiaenergy.com\/es\/#website","url":"https:\/\/actiaenergy.com\/es\/","name":"ACTIA Energy","description":"L&#039;ing\u00e9nierie de l&#039;\u00e9nergie de demain.","publisher":{"@id":"https:\/\/actiaenergy.com\/es\/#organization"},"potentialAction":[{"@type":"SearchAction","target":{"@type":"EntryPoint","urlTemplate":"https:\/\/actiaenergy.com\/es\/?s={search_term_string}"},"query-input":{"@type":"PropertyValueSpecification","valueRequired":true,"valueName":"search_term_string"}}],"inLanguage":"es"},{"@type":"Organization","@id":"https:\/\/actiaenergy.com\/es\/#organization","name":"ACTIA Energy","url":"https:\/\/actiaenergy.com\/es\/","logo":{"@type":"ImageObject","inLanguage":"es","@id":"https:\/\/actiaenergy.com\/es\/#\/schema\/logo\/image\/","url":"https:\/\/actiaenergy.com\/wp-content\/uploads\/Logo-ACTIA-Couleurs-h150.png","contentUrl":"https:\/\/actiaenergy.com\/wp-content\/uploads\/Logo-ACTIA-Couleurs-h150.png","width":706,"height":150,"caption":"ACTIA Energy"},"image":{"@id":"https:\/\/actiaenergy.com\/es\/#\/schema\/logo\/image\/"}}]}},"_links":{"self":[{"href":"https:\/\/actiaenergy.com\/es\/wp-json\/wp\/v2\/product\/35129","targetHints":{"allow":["GET"]}}],"collection":[{"href":"https:\/\/actiaenergy.com\/es\/wp-json\/wp\/v2\/product"}],"about":[{"href":"https:\/\/actiaenergy.com\/es\/wp-json\/wp\/v2\/types\/product"}],"wp:featuredmedia":[{"embeddable":true,"href":"https:\/\/actiaenergy.com\/es\/wp-json\/wp\/v2\/media\/35119"}],"wp:attachment":[{"href":"https:\/\/actiaenergy.com\/es\/wp-json\/wp\/v2\/media?parent=35129"}],"wp:term":[{"taxonomy":"product_brand","embeddable":true,"href":"https:\/\/actiaenergy.com\/es\/wp-json\/wp\/v2\/product_brand?post=35129"},{"taxonomy":"product_cat","embeddable":true,"href":"https:\/\/actiaenergy.com\/es\/wp-json\/wp\/v2\/product_cat?post=35129"},{"taxonomy":"product_tag","embeddable":true,"href":"https:\/\/actiaenergy.com\/es\/wp-json\/wp\/v2\/product_tag?post=35129"}],"curies":[{"name":"wp","href":"https:\/\/api.w.org\/{rel}","templated":true}]}}