{"id":35159,"date":"2026-04-02T09:58:55","date_gmt":"2026-04-02T07:58:55","guid":{"rendered":"https:\/\/actiaenergy.com\/solutions\/scada-ems-ltr9020-es\/"},"modified":"2026-04-02T11:58:58","modified_gmt":"2026-04-02T09:58:58","slug":"scada-ems-ltr9020-es","status":"publish","type":"product","link":"https:\/\/actiaenergy.com\/es\/solutions\/scada-ems-ltr9020-es\/","title":{"rendered":"Sistema EMS para la gesti\u00f3n de plantas de producci\u00f3n de energ\u00eda renovable"},"content":{"rendered":"<p class=\"product-description\">El SCADA EMS (Energy Management System) propuesto por Actia Energy es un sistema avanzado de gesti\u00f3n energ\u00e9tica destinado a asegurar el equilibrio producci\u00f3n\/consumo y a mejorar el rendimiento energ\u00e9tico.<\/p>\n<p class=\"product-description\">El PO EMS permite una gesti\u00f3n inteligente de los datos de producci\u00f3n de granjas solares a trav\u00e9s de una interfaz de usuario amigable. Esta soluci\u00f3n flexible y modular puede adaptarse a las diferentes necesidades de los productores. Est\u00e1 interconectado entre el SCADA (LTR9020 \u2013 MISTRAL) y los sitios de producci\u00f3n de energ\u00eda solar que alimentan Sistemas de Almacenamiento de Energ\u00eda por Bater\u00edas (BESS).<\/p>\n<p class=\"product-description\">Act\u00faa como una pasarela de comunicaci\u00f3n que permite enviar la informaci\u00f3n al SCADA DMS ACTIA mediante el protocolo IEC 60870-5-104, mientras asegura su procesamiento y archivado.<\/p>\n<p class=\"product-description\">Con una larga trayectoria de experiencia en la gesti\u00f3n de redes el\u00e9ctricas, el software de telecontrol EMS es una soluci\u00f3n personalizable y abierta a las evoluciones tecnol\u00f3gicas, con un equipo de soporte a su disposici\u00f3n.<\/p>\n","protected":false},"excerpt":{"rendered":"<p>Sistema EMS para la gesti\u00f3n y el an\u00e1lisis de datos de sitios de producci\u00f3n de EnR.<\/p>\n","protected":false},"featured_media":35146,"template":"","meta":{"site-sidebar-layout":"default","site-content-layout":"","ast-site-content-layout":"default","site-content-style":"default","site-sidebar-style":"default","ast-global-header-display":"","ast-banner-title-visibility":"","ast-main-header-display":"","ast-hfb-above-header-display":"","ast-hfb-below-header-display":"","ast-hfb-mobile-header-display":"","site-post-title":"","ast-breadcrumbs-content":"","ast-featured-img":"","footer-sml-layout":"","ast-disable-related-posts":"","theme-transparent-header-meta":"","adv-header-id-meta":"","stick-header-meta":"","header-above-stick-meta":"","header-main-stick-meta":"","header-below-stick-meta":"","astra-migrate-meta-layouts":"default","ast-page-background-enabled":"default","ast-page-background-meta":{"desktop":{"background-color":"var(--ast-global-color-5)","background-image":"","background-repeat":"repeat","background-position":"center center","background-size":"auto","background-attachment":"scroll","background-type":"","background-media":"","overlay-type":"","overlay-color":"","overlay-opacity":"","overlay-gradient":""},"tablet":{"background-color":"","background-image":"","background-repeat":"repeat","background-position":"center center","background-size":"auto","background-attachment":"scroll","background-type":"","background-media":"","overlay-type":"","overlay-color":"","overlay-opacity":"","overlay-gradient":""},"mobile":{"background-color":"","background-image":"","background-repeat":"repeat","background-position":"center center","background-size":"auto","background-attachment":"scroll","background-type":"","background-media":"","overlay-type":"","overlay-color":"","overlay-opacity":"","overlay-gradient":""}},"ast-content-background-meta":{"desktop":{"background-color":"var(--ast-global-color-4)","background-image":"","background-repeat":"repeat","background-position":"center center","background-size":"auto","background-attachment":"scroll","background-type":"","background-media":"","overlay-type":"","overlay-color":"","overlay-opacity":"","overlay-gradient":""},"tablet":{"background-color":"var(--ast-global-color-4)","background-image":"","background-repeat":"repeat","background-position":"center center","background-size":"auto","background-attachment":"scroll","background-type":"","background-media":"","overlay-type":"","overlay-color":"","overlay-opacity":"","overlay-gradient":""},"mobile":{"background-color":"var(--ast-global-color-4)","background-image":"","background-repeat":"repeat","background-position":"center center","background-size":"auto","background-attachment":"scroll","background-type":"","background-media":"","overlay-type":"","overlay-color":"","overlay-opacity":"","overlay-gradient":""}}},"product_brand":[],"product_cat":[7202,7230],"product_tag":[171,5913,5915,5931,5937,7227],"class_list":{"0":"post-35159","1":"product","2":"type-product","3":"status-publish","4":"has-post-thumbnail","6":"product_cat-scada-sistema-de-control","7":"product_cat-ems","8":"product_tag-dms","9":"product_tag-scada","10":"product_tag-iec-60870-5-101","11":"product_tag-hnz","12":"product_tag-iec-60870-5-104","13":"product_tag-telecontrol","14":"desktop-align-left","15":"tablet-align-left","16":"mobile-align-left","18":"first","19":"instock","20":"product-type-simple"},"yoast_head":"<!-- This site is optimized with the Yoast SEO plugin v27.5 - https:\/\/yoast.com\/product\/yoast-seo-wordpress\/ -->\n<title>LTR9020, Sistema EMS para la gesti\u00f3n de plantas de producci\u00f3n de energ\u00eda renovable - SCADA Sistema de Control par ACTIA Energy<\/title>\n<meta name=\"description\" content=\"LTR9020 - Software SCADA - EMS MISTRAL, EMS energ\u00edas renovables para optimizar la gesti\u00f3n de producci\u00f3n y consumo de los sitios EnR.\" \/>\n<meta name=\"robots\" content=\"index, follow, max-snippet:-1, max-image-preview:large, max-video-preview:-1\" \/>\n<link rel=\"canonical\" href=\"https:\/\/actiaenergy.com\/es\/solutions\/scada-ems-ltr9020-es\/\" \/>\n<meta property=\"og:locale\" content=\"es_ES\" \/>\n<meta property=\"og:type\" content=\"article\" \/>\n<meta property=\"og:title\" content=\"LTR9020, Sistema EMS para la gesti\u00f3n de plantas de producci\u00f3n de energ\u00eda renovable - SCADA Sistema de Control par ACTIA Energy\" \/>\n<meta property=\"og:description\" content=\"LTR9020 - Software SCADA - EMS MISTRAL, EMS energ\u00edas renovables para optimizar la gesti\u00f3n de producci\u00f3n y consumo de los sitios EnR.\" \/>\n<meta property=\"og:url\" content=\"https:\/\/actiaenergy.com\/es\/solutions\/scada-ems-ltr9020-es\/\" \/>\n<meta property=\"og:site_name\" content=\"ACTIA Energy\" \/>\n<meta property=\"article:modified_time\" content=\"2026-04-02T09:58:58+00:00\" \/>\n<meta property=\"og:image\" content=\"https:\/\/actiaenergy.com\/wp-content\/uploads\/scada-mistral-ems-w1080h1080-1-37.webp\" \/>\n\t<meta property=\"og:image:width\" content=\"1080\" \/>\n\t<meta property=\"og:image:height\" content=\"1080\" \/>\n\t<meta property=\"og:image:type\" content=\"image\/webp\" \/>\n<meta name=\"twitter:card\" content=\"summary_large_image\" \/>\n<meta name=\"twitter:label1\" content=\"Tiempo de lectura\" \/>\n\t<meta name=\"twitter:data1\" content=\"1 minuto\" \/>\n<script type=\"application\/ld+json\" class=\"yoast-schema-graph\">{\"@context\":\"https:\\\/\\\/schema.org\",\"@graph\":[{\"@type\":\"WebPage\",\"@id\":\"https:\\\/\\\/actiaenergy.com\\\/es\\\/solutions\\\/scada-ems-ltr9020-es\\\/\",\"url\":\"https:\\\/\\\/actiaenergy.com\\\/es\\\/solutions\\\/scada-ems-ltr9020-es\\\/\",\"name\":\"LTR9020, Sistema EMS para la gesti\u00f3n de plantas de producci\u00f3n de energ\u00eda renovable - SCADA Sistema de Control par ACTIA Energy\",\"isPartOf\":{\"@id\":\"https:\\\/\\\/actiaenergy.com\\\/es\\\/#website\"},\"primaryImageOfPage\":{\"@id\":\"https:\\\/\\\/actiaenergy.com\\\/es\\\/solutions\\\/scada-ems-ltr9020-es\\\/#primaryimage\"},\"image\":{\"@id\":\"https:\\\/\\\/actiaenergy.com\\\/es\\\/solutions\\\/scada-ems-ltr9020-es\\\/#primaryimage\"},\"thumbnailUrl\":\"https:\\\/\\\/actiaenergy.com\\\/wp-content\\\/uploads\\\/scada-mistral-ems-w1080h1080-1-37.webp\",\"datePublished\":\"2026-04-02T07:58:55+00:00\",\"dateModified\":\"2026-04-02T09:58:58+00:00\",\"description\":\"LTR9020 - Software SCADA - EMS MISTRAL, EMS energ\u00edas renovables para optimizar la gesti\u00f3n de producci\u00f3n y consumo de los sitios EnR.\",\"breadcrumb\":{\"@id\":\"https:\\\/\\\/actiaenergy.com\\\/es\\\/solutions\\\/scada-ems-ltr9020-es\\\/#breadcrumb\"},\"inLanguage\":\"es\",\"potentialAction\":[{\"@type\":\"ReadAction\",\"target\":[\"https:\\\/\\\/actiaenergy.com\\\/es\\\/solutions\\\/scada-ems-ltr9020-es\\\/\"]}]},{\"@type\":\"ImageObject\",\"inLanguage\":\"es\",\"@id\":\"https:\\\/\\\/actiaenergy.com\\\/es\\\/solutions\\\/scada-ems-ltr9020-es\\\/#primaryimage\",\"url\":\"https:\\\/\\\/actiaenergy.com\\\/wp-content\\\/uploads\\\/scada-mistral-ems-w1080h1080-1-37.webp\",\"contentUrl\":\"https:\\\/\\\/actiaenergy.com\\\/wp-content\\\/uploads\\\/scada-mistral-ems-w1080h1080-1-37.webp\",\"width\":1080,\"height\":1080,\"caption\":\"SCADA Sistema de Control Sistema EMS para la gesti\u00f3n de plantas de producci\u00f3n de energ\u00eda renovable - ACTIA Energy\"},{\"@type\":\"BreadcrumbList\",\"@id\":\"https:\\\/\\\/actiaenergy.com\\\/es\\\/solutions\\\/scada-ems-ltr9020-es\\\/#breadcrumb\",\"itemListElement\":[{\"@type\":\"ListItem\",\"position\":1,\"name\":\"ACTIA Energy\",\"item\":\"https:\\\/\\\/actiaenergy.com\\\/es\\\/actia-energy\\\/\"},{\"@type\":\"ListItem\",\"position\":2,\"name\":\"Soluciones\",\"item\":\"https:\\\/\\\/actiaenergy.com\\\/es\\\/soluciones\\\/\"},{\"@type\":\"ListItem\",\"position\":3,\"name\":\"Sistema EMS para la gesti\u00f3n de plantas de producci\u00f3n de energ\u00eda renovable\"}]},{\"@type\":\"WebSite\",\"@id\":\"https:\\\/\\\/actiaenergy.com\\\/es\\\/#website\",\"url\":\"https:\\\/\\\/actiaenergy.com\\\/es\\\/\",\"name\":\"ACTIA Energy\",\"description\":\"L&#039;ing\u00e9nierie de l&#039;\u00e9nergie de demain.\",\"publisher\":{\"@id\":\"https:\\\/\\\/actiaenergy.com\\\/es\\\/#organization\"},\"potentialAction\":[{\"@type\":\"SearchAction\",\"target\":{\"@type\":\"EntryPoint\",\"urlTemplate\":\"https:\\\/\\\/actiaenergy.com\\\/es\\\/?s={search_term_string}\"},\"query-input\":{\"@type\":\"PropertyValueSpecification\",\"valueRequired\":true,\"valueName\":\"search_term_string\"}}],\"inLanguage\":\"es\"},{\"@type\":\"Organization\",\"@id\":\"https:\\\/\\\/actiaenergy.com\\\/es\\\/#organization\",\"name\":\"ACTIA Energy\",\"url\":\"https:\\\/\\\/actiaenergy.com\\\/es\\\/\",\"logo\":{\"@type\":\"ImageObject\",\"inLanguage\":\"es\",\"@id\":\"https:\\\/\\\/actiaenergy.com\\\/es\\\/#\\\/schema\\\/logo\\\/image\\\/\",\"url\":\"https:\\\/\\\/actiaenergy.com\\\/wp-content\\\/uploads\\\/Logo-ACTIA-Couleurs-h150.png\",\"contentUrl\":\"https:\\\/\\\/actiaenergy.com\\\/wp-content\\\/uploads\\\/Logo-ACTIA-Couleurs-h150.png\",\"width\":706,\"height\":150,\"caption\":\"ACTIA Energy\"},\"image\":{\"@id\":\"https:\\\/\\\/actiaenergy.com\\\/es\\\/#\\\/schema\\\/logo\\\/image\\\/\"}}]}<\/script>\n<!-- \/ Yoast SEO plugin. -->","yoast_head_json":{"title":"LTR9020, Sistema EMS para la gesti\u00f3n de plantas de producci\u00f3n de energ\u00eda renovable - SCADA Sistema de Control par ACTIA Energy","description":"LTR9020 - Software SCADA - EMS MISTRAL, EMS energ\u00edas renovables para optimizar la gesti\u00f3n de producci\u00f3n y consumo de los sitios EnR.","robots":{"index":"index","follow":"follow","max-snippet":"max-snippet:-1","max-image-preview":"max-image-preview:large","max-video-preview":"max-video-preview:-1"},"canonical":"https:\/\/actiaenergy.com\/es\/solutions\/scada-ems-ltr9020-es\/","og_locale":"es_ES","og_type":"article","og_title":"LTR9020, Sistema EMS para la gesti\u00f3n de plantas de producci\u00f3n de energ\u00eda renovable - SCADA Sistema de Control par ACTIA Energy","og_description":"LTR9020 - Software SCADA - EMS MISTRAL, EMS energ\u00edas renovables para optimizar la gesti\u00f3n de producci\u00f3n y consumo de los sitios EnR.","og_url":"https:\/\/actiaenergy.com\/es\/solutions\/scada-ems-ltr9020-es\/","og_site_name":"ACTIA Energy","article_modified_time":"2026-04-02T09:58:58+00:00","og_image":[{"width":1080,"height":1080,"url":"https:\/\/actiaenergy.com\/wp-content\/uploads\/scada-mistral-ems-w1080h1080-1-37.webp","type":"image\/webp"}],"twitter_card":"summary_large_image","twitter_misc":{"Tiempo de lectura":"1 minuto"},"schema":{"@context":"https:\/\/schema.org","@graph":[{"@type":"WebPage","@id":"https:\/\/actiaenergy.com\/es\/solutions\/scada-ems-ltr9020-es\/","url":"https:\/\/actiaenergy.com\/es\/solutions\/scada-ems-ltr9020-es\/","name":"LTR9020, Sistema EMS para la gesti\u00f3n de plantas de producci\u00f3n de energ\u00eda renovable - SCADA Sistema de Control par ACTIA Energy","isPartOf":{"@id":"https:\/\/actiaenergy.com\/es\/#website"},"primaryImageOfPage":{"@id":"https:\/\/actiaenergy.com\/es\/solutions\/scada-ems-ltr9020-es\/#primaryimage"},"image":{"@id":"https:\/\/actiaenergy.com\/es\/solutions\/scada-ems-ltr9020-es\/#primaryimage"},"thumbnailUrl":"https:\/\/actiaenergy.com\/wp-content\/uploads\/scada-mistral-ems-w1080h1080-1-37.webp","datePublished":"2026-04-02T07:58:55+00:00","dateModified":"2026-04-02T09:58:58+00:00","description":"LTR9020 - Software SCADA - EMS MISTRAL, EMS energ\u00edas renovables para optimizar la gesti\u00f3n de producci\u00f3n y consumo de los sitios EnR.","breadcrumb":{"@id":"https:\/\/actiaenergy.com\/es\/solutions\/scada-ems-ltr9020-es\/#breadcrumb"},"inLanguage":"es","potentialAction":[{"@type":"ReadAction","target":["https:\/\/actiaenergy.com\/es\/solutions\/scada-ems-ltr9020-es\/"]}]},{"@type":"ImageObject","inLanguage":"es","@id":"https:\/\/actiaenergy.com\/es\/solutions\/scada-ems-ltr9020-es\/#primaryimage","url":"https:\/\/actiaenergy.com\/wp-content\/uploads\/scada-mistral-ems-w1080h1080-1-37.webp","contentUrl":"https:\/\/actiaenergy.com\/wp-content\/uploads\/scada-mistral-ems-w1080h1080-1-37.webp","width":1080,"height":1080,"caption":"SCADA Sistema de Control Sistema EMS para la gesti\u00f3n de plantas de producci\u00f3n de energ\u00eda renovable - ACTIA Energy"},{"@type":"BreadcrumbList","@id":"https:\/\/actiaenergy.com\/es\/solutions\/scada-ems-ltr9020-es\/#breadcrumb","itemListElement":[{"@type":"ListItem","position":1,"name":"ACTIA Energy","item":"https:\/\/actiaenergy.com\/es\/actia-energy\/"},{"@type":"ListItem","position":2,"name":"Soluciones","item":"https:\/\/actiaenergy.com\/es\/soluciones\/"},{"@type":"ListItem","position":3,"name":"Sistema EMS para la gesti\u00f3n de plantas de producci\u00f3n de energ\u00eda renovable"}]},{"@type":"WebSite","@id":"https:\/\/actiaenergy.com\/es\/#website","url":"https:\/\/actiaenergy.com\/es\/","name":"ACTIA Energy","description":"L&#039;ing\u00e9nierie de l&#039;\u00e9nergie de demain.","publisher":{"@id":"https:\/\/actiaenergy.com\/es\/#organization"},"potentialAction":[{"@type":"SearchAction","target":{"@type":"EntryPoint","urlTemplate":"https:\/\/actiaenergy.com\/es\/?s={search_term_string}"},"query-input":{"@type":"PropertyValueSpecification","valueRequired":true,"valueName":"search_term_string"}}],"inLanguage":"es"},{"@type":"Organization","@id":"https:\/\/actiaenergy.com\/es\/#organization","name":"ACTIA Energy","url":"https:\/\/actiaenergy.com\/es\/","logo":{"@type":"ImageObject","inLanguage":"es","@id":"https:\/\/actiaenergy.com\/es\/#\/schema\/logo\/image\/","url":"https:\/\/actiaenergy.com\/wp-content\/uploads\/Logo-ACTIA-Couleurs-h150.png","contentUrl":"https:\/\/actiaenergy.com\/wp-content\/uploads\/Logo-ACTIA-Couleurs-h150.png","width":706,"height":150,"caption":"ACTIA Energy"},"image":{"@id":"https:\/\/actiaenergy.com\/es\/#\/schema\/logo\/image\/"}}]}},"_links":{"self":[{"href":"https:\/\/actiaenergy.com\/es\/wp-json\/wp\/v2\/product\/35159","targetHints":{"allow":["GET"]}}],"collection":[{"href":"https:\/\/actiaenergy.com\/es\/wp-json\/wp\/v2\/product"}],"about":[{"href":"https:\/\/actiaenergy.com\/es\/wp-json\/wp\/v2\/types\/product"}],"wp:featuredmedia":[{"embeddable":true,"href":"https:\/\/actiaenergy.com\/es\/wp-json\/wp\/v2\/media\/35146"}],"wp:attachment":[{"href":"https:\/\/actiaenergy.com\/es\/wp-json\/wp\/v2\/media?parent=35159"}],"wp:term":[{"taxonomy":"product_brand","embeddable":true,"href":"https:\/\/actiaenergy.com\/es\/wp-json\/wp\/v2\/product_brand?post=35159"},{"taxonomy":"product_cat","embeddable":true,"href":"https:\/\/actiaenergy.com\/es\/wp-json\/wp\/v2\/product_cat?post=35159"},{"taxonomy":"product_tag","embeddable":true,"href":"https:\/\/actiaenergy.com\/es\/wp-json\/wp\/v2\/product_tag?post=35159"}],"curies":[{"name":"wp","href":"https:\/\/api.w.org\/{rel}","templated":true}]}}