{"id":35168,"date":"2025-05-05T00:00:00","date_gmt":"2025-05-04T22:00:00","guid":{"rendered":"https:\/\/actiaenergy.com\/solutions\/cuadro-post-smart-cps9010\/"},"modified":"2026-04-02T11:59:35","modified_gmt":"2026-04-02T09:59:35","slug":"cuadro-post-smart-cps9010","status":"publish","type":"product","link":"https:\/\/actiaenergy.com\/es\/solutions\/cuadro-post-smart-cps9010\/","title":{"rendered":"Cuadro Post Smart para la supervisi\u00f3n de redes de MT\/BT"},"content":{"rendered":"<p class=\"product-description\">El Cuadro Post Smart est\u00e1 en el coraz\u00f3n de nuestros sistemas de supervisi\u00f3n de redes AT\/BT, ofreciendo una visi\u00f3n completa y precisa de los par\u00e1metros el\u00e9ctricos en tiempo real. Permite una detecci\u00f3n r\u00e1pida de los fallos y optimiza las intervenciones de mantenimiento.<\/p>\n<p class=\"product-description\">Gracias a sensores inteligentes y una plataforma software dedicada, nuestras soluciones basadas en el Cuadro Post Smart garantizan una mejora continua del servicio y una reducci\u00f3n de los costes de explotaci\u00f3n.<\/p>\n<p class=\"product-description\">Principales funcionalidades:<\/p>\n<ul>\n<li>Supervisi\u00f3n en tiempo real de los par\u00e1metros el\u00e9ctricos (tensi\u00f3n, corriente, potencia, fallos)<\/li>\n<li>Detecci\u00f3n y localizaci\u00f3n de incidentes en la red<\/li>\n<li>Plataforma de supervisi\u00f3n centralizada con alertas autom\u00e1ticas<\/li>\n<li>Compatibilidad con las infraestructuras AT\/BT existentes<\/li>\n<li>Reducci\u00f3n de los tiempos de parada y optimizaci\u00f3n del mantenimiento<\/li>\n<\/ul>\n<div class=\"pdfviewer\">&#13;<br \/>\n    <a  class=\"_3d-flip-book  fb3d-link-lightbox-mode\" data-id=\"0\" data-mode=\"link-lightbox\" data-title=\"false\" data-template=\"short-white-book-view\" data-lightbox=\"dark-shadow\" data-urlparam=\"fb3d-page\" data-page-n=\"0\" data-pdf=\"https:\/\/actiaenergy.com\/xml-ecatalogue\/Pdf\/PLAQUETTE-COFFRET-OMT-9035-FR-EN-EDIT-1.0.pdf\" data-tax=\"null\" data-thumbnail=\"\" data-cols=\"3\" data-book-template=\"default\" data-trigger=\"\" style=\"background-color:#221f21\">&#13;<br \/>\n        <img decoding=\"async\" class=\"brochure-pdf\" src=\"https:\/\/actiaenergy.com\/xml-ecatalogue\/Pdf\/Thumbnails\/PLAQUETTE-COFFRET-OMT-9035-FR-EN-EDIT-1.0_thumb_normal.jpg\">&#13;<br \/>\n    <\/a>&#13;\n<\/div>\n","protected":false},"excerpt":{"rendered":"<p>El Cuadro Post Smart CPS9010 permite la supervisi\u00f3n en tiempo real de las redes AT\/BT, la detecci\u00f3n de fallos y la optimizaci\u00f3n de las intervenciones.<\/p>\n","protected":false},"featured_media":35161,"template":"","meta":{"site-sidebar-layout":"default","site-content-layout":"","ast-site-content-layout":"default","site-content-style":"default","site-sidebar-style":"default","ast-global-header-display":"","ast-banner-title-visibility":"","ast-main-header-display":"","ast-hfb-above-header-display":"","ast-hfb-below-header-display":"","ast-hfb-mobile-header-display":"","site-post-title":"","ast-breadcrumbs-content":"","ast-featured-img":"","footer-sml-layout":"","ast-disable-related-posts":"","theme-transparent-header-meta":"","adv-header-id-meta":"","stick-header-meta":"","header-above-stick-meta":"","header-main-stick-meta":"","header-below-stick-meta":"","astra-migrate-meta-layouts":"default","ast-page-background-enabled":"default","ast-page-background-meta":{"desktop":{"background-color":"var(--ast-global-color-5)","background-image":"","background-repeat":"repeat","background-position":"center center","background-size":"auto","background-attachment":"scroll","background-type":"","background-media":"","overlay-type":"","overlay-color":"","overlay-opacity":"","overlay-gradient":""},"tablet":{"background-color":"","background-image":"","background-repeat":"repeat","background-position":"center center","background-size":"auto","background-attachment":"scroll","background-type":"","background-media":"","overlay-type":"","overlay-color":"","overlay-opacity":"","overlay-gradient":""},"mobile":{"background-color":"","background-image":"","background-repeat":"repeat","background-position":"center center","background-size":"auto","background-attachment":"scroll","background-type":"","background-media":"","overlay-type":"","overlay-color":"","overlay-opacity":"","overlay-gradient":""}},"ast-content-background-meta":{"desktop":{"background-color":"var(--ast-global-color-4)","background-image":"","background-repeat":"repeat","background-position":"center center","background-size":"auto","background-attachment":"scroll","background-type":"","background-media":"","overlay-type":"","overlay-color":"","overlay-opacity":"","overlay-gradient":""},"tablet":{"background-color":"var(--ast-global-color-4)","background-image":"","background-repeat":"repeat","background-position":"center center","background-size":"auto","background-attachment":"scroll","background-type":"","background-media":"","overlay-type":"","overlay-color":"","overlay-opacity":"","overlay-gradient":""},"mobile":{"background-color":"var(--ast-global-color-4)","background-image":"","background-repeat":"repeat","background-position":"center center","background-size":"auto","background-attachment":"scroll","background-type":"","background-media":"","overlay-type":"","overlay-color":"","overlay-opacity":"","overlay-gradient":""}}},"product_brand":[],"product_cat":[7205,7235],"product_tag":[184,5929,7236,7237,7238,7239],"class_list":{"0":"post-35168","1":"product","2":"type-product","3":"status-publish","4":"has-post-thumbnail","6":"product_cat-supervision-de-la-red-electrica-mt-bt","7":"product_cat-supervision-y-seguimiento","8":"product_tag-supervision","9":"product_tag-bt","10":"product_tag-gestion-de-redes","11":"product_tag-media-tension","12":"product_tag-mantenimiento","13":"product_tag-vigilancia-de-redes","14":"desktop-align-left","15":"tablet-align-left","16":"mobile-align-left","18":"first","19":"instock","20":"product-type-simple"},"yoast_head":"<!-- This site is optimized with the Yoast SEO plugin v27.5 - https:\/\/yoast.com\/product\/yoast-seo-wordpress\/ -->\n<title>CPS9010, Cuadro Post Smart para la supervisi\u00f3n de redes de MT\/BT - Supervisi\u00f3n de la red el\u00e9ctrica MT\/BT par ACTIA Energy<\/title>\n<meta name=\"description\" content=\"Descubra el Cuadro Post-Smart CPS9010, CPS9035: la soluci\u00f3n inteligente para supervisar, detectar y controlar sus redes AT\/BT en tiempo real.\" \/>\n<meta name=\"robots\" content=\"index, follow, max-snippet:-1, max-image-preview:large, max-video-preview:-1\" \/>\n<link rel=\"canonical\" href=\"https:\/\/actiaenergy.com\/es\/solutions\/cuadro-post-smart-cps9010\/\" \/>\n<meta property=\"og:locale\" content=\"es_ES\" \/>\n<meta property=\"og:type\" content=\"article\" \/>\n<meta property=\"og:title\" content=\"CPS9010, Cuadro Post Smart para la supervisi\u00f3n de redes de MT\/BT - Supervisi\u00f3n de la red el\u00e9ctrica MT\/BT par ACTIA Energy\" \/>\n<meta property=\"og:description\" content=\"Descubra el Cuadro Post-Smart CPS9010, CPS9035: la soluci\u00f3n inteligente para supervisar, detectar y controlar sus redes AT\/BT en tiempo real.\" \/>\n<meta property=\"og:url\" content=\"https:\/\/actiaenergy.com\/es\/solutions\/cuadro-post-smart-cps9010\/\" \/>\n<meta property=\"og:site_name\" content=\"ACTIA Energy\" \/>\n<meta property=\"article:modified_time\" content=\"2026-04-02T09:59:35+00:00\" \/>\n<meta property=\"og:image\" content=\"https:\/\/actiaenergy.com\/wp-content\/uploads\/surveillance-protection-reseaux-1080-01-34.webp\" \/>\n\t<meta property=\"og:image:width\" content=\"1080\" \/>\n\t<meta property=\"og:image:height\" content=\"1080\" \/>\n\t<meta property=\"og:image:type\" content=\"image\/webp\" \/>\n<meta name=\"twitter:card\" content=\"summary_large_image\" \/>\n<meta name=\"twitter:label1\" content=\"Tiempo de lectura\" \/>\n\t<meta name=\"twitter:data1\" content=\"1 minuto\" \/>\n<script type=\"application\/ld+json\" class=\"yoast-schema-graph\">{\"@context\":\"https:\\\/\\\/schema.org\",\"@graph\":[{\"@type\":\"WebPage\",\"@id\":\"https:\\\/\\\/actiaenergy.com\\\/es\\\/solutions\\\/cuadro-post-smart-cps9010\\\/\",\"url\":\"https:\\\/\\\/actiaenergy.com\\\/es\\\/solutions\\\/cuadro-post-smart-cps9010\\\/\",\"name\":\"CPS9010, Cuadro Post Smart para la supervisi\u00f3n de redes de MT\\\/BT - Supervisi\u00f3n de la red el\u00e9ctrica MT\\\/BT par ACTIA Energy\",\"isPartOf\":{\"@id\":\"https:\\\/\\\/actiaenergy.com\\\/es\\\/#website\"},\"primaryImageOfPage\":{\"@id\":\"https:\\\/\\\/actiaenergy.com\\\/es\\\/solutions\\\/cuadro-post-smart-cps9010\\\/#primaryimage\"},\"image\":{\"@id\":\"https:\\\/\\\/actiaenergy.com\\\/es\\\/solutions\\\/cuadro-post-smart-cps9010\\\/#primaryimage\"},\"thumbnailUrl\":\"https:\\\/\\\/actiaenergy.com\\\/wp-content\\\/uploads\\\/surveillance-protection-reseaux-1080-01-34.webp\",\"datePublished\":\"2025-05-04T22:00:00+00:00\",\"dateModified\":\"2026-04-02T09:59:35+00:00\",\"description\":\"Descubra el Cuadro Post-Smart CPS9010, CPS9035: la soluci\u00f3n inteligente para supervisar, detectar y controlar sus redes AT\\\/BT en tiempo real.\",\"breadcrumb\":{\"@id\":\"https:\\\/\\\/actiaenergy.com\\\/es\\\/solutions\\\/cuadro-post-smart-cps9010\\\/#breadcrumb\"},\"inLanguage\":\"es\",\"potentialAction\":[{\"@type\":\"ReadAction\",\"target\":[\"https:\\\/\\\/actiaenergy.com\\\/es\\\/solutions\\\/cuadro-post-smart-cps9010\\\/\"]}]},{\"@type\":\"ImageObject\",\"inLanguage\":\"es\",\"@id\":\"https:\\\/\\\/actiaenergy.com\\\/es\\\/solutions\\\/cuadro-post-smart-cps9010\\\/#primaryimage\",\"url\":\"https:\\\/\\\/actiaenergy.com\\\/wp-content\\\/uploads\\\/surveillance-protection-reseaux-1080-01-34.webp\",\"contentUrl\":\"https:\\\/\\\/actiaenergy.com\\\/wp-content\\\/uploads\\\/surveillance-protection-reseaux-1080-01-34.webp\",\"width\":1080,\"height\":1080,\"caption\":\"Supervisi\u00f3n de la red el\u00e9ctrica MT\\\/BT Cuadro Post Smart para la supervisi\u00f3n de redes de MT\\\/BT - ACTIA Energy\"},{\"@type\":\"BreadcrumbList\",\"@id\":\"https:\\\/\\\/actiaenergy.com\\\/es\\\/solutions\\\/cuadro-post-smart-cps9010\\\/#breadcrumb\",\"itemListElement\":[{\"@type\":\"ListItem\",\"position\":1,\"name\":\"ACTIA Energy\",\"item\":\"https:\\\/\\\/actiaenergy.com\\\/es\\\/actia-energy\\\/\"},{\"@type\":\"ListItem\",\"position\":2,\"name\":\"Soluciones\",\"item\":\"https:\\\/\\\/actiaenergy.com\\\/es\\\/soluciones\\\/\"},{\"@type\":\"ListItem\",\"position\":3,\"name\":\"Cuadro Post Smart para la supervisi\u00f3n de redes de MT\\\/BT\"}]},{\"@type\":\"WebSite\",\"@id\":\"https:\\\/\\\/actiaenergy.com\\\/es\\\/#website\",\"url\":\"https:\\\/\\\/actiaenergy.com\\\/es\\\/\",\"name\":\"ACTIA Energy\",\"description\":\"L&#039;ing\u00e9nierie de l&#039;\u00e9nergie de demain.\",\"publisher\":{\"@id\":\"https:\\\/\\\/actiaenergy.com\\\/es\\\/#organization\"},\"potentialAction\":[{\"@type\":\"SearchAction\",\"target\":{\"@type\":\"EntryPoint\",\"urlTemplate\":\"https:\\\/\\\/actiaenergy.com\\\/es\\\/?s={search_term_string}\"},\"query-input\":{\"@type\":\"PropertyValueSpecification\",\"valueRequired\":true,\"valueName\":\"search_term_string\"}}],\"inLanguage\":\"es\"},{\"@type\":\"Organization\",\"@id\":\"https:\\\/\\\/actiaenergy.com\\\/es\\\/#organization\",\"name\":\"ACTIA Energy\",\"url\":\"https:\\\/\\\/actiaenergy.com\\\/es\\\/\",\"logo\":{\"@type\":\"ImageObject\",\"inLanguage\":\"es\",\"@id\":\"https:\\\/\\\/actiaenergy.com\\\/es\\\/#\\\/schema\\\/logo\\\/image\\\/\",\"url\":\"https:\\\/\\\/actiaenergy.com\\\/wp-content\\\/uploads\\\/Logo-ACTIA-Couleurs-h150.png\",\"contentUrl\":\"https:\\\/\\\/actiaenergy.com\\\/wp-content\\\/uploads\\\/Logo-ACTIA-Couleurs-h150.png\",\"width\":706,\"height\":150,\"caption\":\"ACTIA Energy\"},\"image\":{\"@id\":\"https:\\\/\\\/actiaenergy.com\\\/es\\\/#\\\/schema\\\/logo\\\/image\\\/\"}}]}<\/script>\n<!-- \/ Yoast SEO plugin. -->","yoast_head_json":{"title":"CPS9010, Cuadro Post Smart para la supervisi\u00f3n de redes de MT\/BT - Supervisi\u00f3n de la red el\u00e9ctrica MT\/BT par ACTIA Energy","description":"Descubra el Cuadro Post-Smart CPS9010, CPS9035: la soluci\u00f3n inteligente para supervisar, detectar y controlar sus redes AT\/BT en tiempo real.","robots":{"index":"index","follow":"follow","max-snippet":"max-snippet:-1","max-image-preview":"max-image-preview:large","max-video-preview":"max-video-preview:-1"},"canonical":"https:\/\/actiaenergy.com\/es\/solutions\/cuadro-post-smart-cps9010\/","og_locale":"es_ES","og_type":"article","og_title":"CPS9010, Cuadro Post Smart para la supervisi\u00f3n de redes de MT\/BT - Supervisi\u00f3n de la red el\u00e9ctrica MT\/BT par ACTIA Energy","og_description":"Descubra el Cuadro Post-Smart CPS9010, CPS9035: la soluci\u00f3n inteligente para supervisar, detectar y controlar sus redes AT\/BT en tiempo real.","og_url":"https:\/\/actiaenergy.com\/es\/solutions\/cuadro-post-smart-cps9010\/","og_site_name":"ACTIA Energy","article_modified_time":"2026-04-02T09:59:35+00:00","og_image":[{"width":1080,"height":1080,"url":"https:\/\/actiaenergy.com\/wp-content\/uploads\/surveillance-protection-reseaux-1080-01-34.webp","type":"image\/webp"}],"twitter_card":"summary_large_image","twitter_misc":{"Tiempo de lectura":"1 minuto"},"schema":{"@context":"https:\/\/schema.org","@graph":[{"@type":"WebPage","@id":"https:\/\/actiaenergy.com\/es\/solutions\/cuadro-post-smart-cps9010\/","url":"https:\/\/actiaenergy.com\/es\/solutions\/cuadro-post-smart-cps9010\/","name":"CPS9010, Cuadro Post Smart para la supervisi\u00f3n de redes de MT\/BT - Supervisi\u00f3n de la red el\u00e9ctrica MT\/BT par ACTIA Energy","isPartOf":{"@id":"https:\/\/actiaenergy.com\/es\/#website"},"primaryImageOfPage":{"@id":"https:\/\/actiaenergy.com\/es\/solutions\/cuadro-post-smart-cps9010\/#primaryimage"},"image":{"@id":"https:\/\/actiaenergy.com\/es\/solutions\/cuadro-post-smart-cps9010\/#primaryimage"},"thumbnailUrl":"https:\/\/actiaenergy.com\/wp-content\/uploads\/surveillance-protection-reseaux-1080-01-34.webp","datePublished":"2025-05-04T22:00:00+00:00","dateModified":"2026-04-02T09:59:35+00:00","description":"Descubra el Cuadro Post-Smart CPS9010, CPS9035: la soluci\u00f3n inteligente para supervisar, detectar y controlar sus redes AT\/BT en tiempo real.","breadcrumb":{"@id":"https:\/\/actiaenergy.com\/es\/solutions\/cuadro-post-smart-cps9010\/#breadcrumb"},"inLanguage":"es","potentialAction":[{"@type":"ReadAction","target":["https:\/\/actiaenergy.com\/es\/solutions\/cuadro-post-smart-cps9010\/"]}]},{"@type":"ImageObject","inLanguage":"es","@id":"https:\/\/actiaenergy.com\/es\/solutions\/cuadro-post-smart-cps9010\/#primaryimage","url":"https:\/\/actiaenergy.com\/wp-content\/uploads\/surveillance-protection-reseaux-1080-01-34.webp","contentUrl":"https:\/\/actiaenergy.com\/wp-content\/uploads\/surveillance-protection-reseaux-1080-01-34.webp","width":1080,"height":1080,"caption":"Supervisi\u00f3n de la red el\u00e9ctrica MT\/BT Cuadro Post Smart para la supervisi\u00f3n de redes de MT\/BT - ACTIA Energy"},{"@type":"BreadcrumbList","@id":"https:\/\/actiaenergy.com\/es\/solutions\/cuadro-post-smart-cps9010\/#breadcrumb","itemListElement":[{"@type":"ListItem","position":1,"name":"ACTIA Energy","item":"https:\/\/actiaenergy.com\/es\/actia-energy\/"},{"@type":"ListItem","position":2,"name":"Soluciones","item":"https:\/\/actiaenergy.com\/es\/soluciones\/"},{"@type":"ListItem","position":3,"name":"Cuadro Post Smart para la supervisi\u00f3n de redes de MT\/BT"}]},{"@type":"WebSite","@id":"https:\/\/actiaenergy.com\/es\/#website","url":"https:\/\/actiaenergy.com\/es\/","name":"ACTIA Energy","description":"L&#039;ing\u00e9nierie de l&#039;\u00e9nergie de demain.","publisher":{"@id":"https:\/\/actiaenergy.com\/es\/#organization"},"potentialAction":[{"@type":"SearchAction","target":{"@type":"EntryPoint","urlTemplate":"https:\/\/actiaenergy.com\/es\/?s={search_term_string}"},"query-input":{"@type":"PropertyValueSpecification","valueRequired":true,"valueName":"search_term_string"}}],"inLanguage":"es"},{"@type":"Organization","@id":"https:\/\/actiaenergy.com\/es\/#organization","name":"ACTIA Energy","url":"https:\/\/actiaenergy.com\/es\/","logo":{"@type":"ImageObject","inLanguage":"es","@id":"https:\/\/actiaenergy.com\/es\/#\/schema\/logo\/image\/","url":"https:\/\/actiaenergy.com\/wp-content\/uploads\/Logo-ACTIA-Couleurs-h150.png","contentUrl":"https:\/\/actiaenergy.com\/wp-content\/uploads\/Logo-ACTIA-Couleurs-h150.png","width":706,"height":150,"caption":"ACTIA Energy"},"image":{"@id":"https:\/\/actiaenergy.com\/es\/#\/schema\/logo\/image\/"}}]}},"_links":{"self":[{"href":"https:\/\/actiaenergy.com\/es\/wp-json\/wp\/v2\/product\/35168","targetHints":{"allow":["GET"]}}],"collection":[{"href":"https:\/\/actiaenergy.com\/es\/wp-json\/wp\/v2\/product"}],"about":[{"href":"https:\/\/actiaenergy.com\/es\/wp-json\/wp\/v2\/types\/product"}],"wp:featuredmedia":[{"embeddable":true,"href":"https:\/\/actiaenergy.com\/es\/wp-json\/wp\/v2\/media\/35161"}],"wp:attachment":[{"href":"https:\/\/actiaenergy.com\/es\/wp-json\/wp\/v2\/media?parent=35168"}],"wp:term":[{"taxonomy":"product_brand","embeddable":true,"href":"https:\/\/actiaenergy.com\/es\/wp-json\/wp\/v2\/product_brand?post=35168"},{"taxonomy":"product_cat","embeddable":true,"href":"https:\/\/actiaenergy.com\/es\/wp-json\/wp\/v2\/product_cat?post=35168"},{"taxonomy":"product_tag","embeddable":true,"href":"https:\/\/actiaenergy.com\/es\/wp-json\/wp\/v2\/product_tag?post=35168"}],"curies":[{"name":"wp","href":"https:\/\/api.w.org\/{rel}","templated":true}]}}