{"id":35180,"date":"2025-05-05T00:00:00","date_gmt":"2025-05-04T22:00:00","guid":{"rendered":"https:\/\/actiaenergy.com\/solutions\/protecciones-digitales-pnm9010\/"},"modified":"2026-04-02T12:00:15","modified_gmt":"2026-04-02T10:00:15","slug":"protecciones-digitales-pnm9010","status":"publish","type":"product","link":"https:\/\/actiaenergy.com\/es\/solutions\/protecciones-digitales-pnm9010\/","title":{"rendered":"Protecci\u00f3n digital modular alta tensi\u00f3n para subestaciones el\u00e9ctricas"},"content":{"rendered":"<p class=\"product-description\">Protecci\u00f3n digital modular que integra, seg\u00fan la configuraci\u00f3n, uno o varios m\u00f3dulos de adquisici\u00f3n (corrientes y tensiones), uno o varios m\u00f3dulos de E\/S TOR, un m\u00f3dulo de alimentaci\u00f3n (48 o 127 VDC) y un m\u00f3dulo central (CPU) que asegura la comunicaci\u00f3n CEI-61850 en la Red Local Interna.<\/p>\n<p class=\"product-description\">Las prestaciones de las funciones de protecci\u00f3n (MAXIP, MAXIH, DEFDOUBLE, RRL, EPTR, PDP, PTS, PWH, RSE, TAC, etc.) cumplen el pliego de condiciones de Enedis hasta el nivel PCCN3V2.<\/p>\n<p class=\"product-description\">La protecci\u00f3n integra igualmente una IHM ergon\u00f3mica que facilita la comprensi\u00f3n del estado de la protecci\u00f3n y la ejecuci\u00f3n de comandos en modo ensayo.<\/p>\n<p class=\"product-description\">Adem\u00e1s, cuando la protecci\u00f3n entra en funcionamiento, se crea un archivo de perturbograf\u00eda conforme al est\u00e1ndar COMTRADE para el an\u00e1lisis de fallos.<\/p>\n<p class=\"product-description\">Asimismo, su dise\u00f1o modular facilita el mantenimiento mediante la sustituci\u00f3n selectiva de un eventual m\u00f3dulo defectuoso.<\/p>\n<p class=\"product-description\">Y por \u00faltimo, la protecci\u00f3n integrada en el sistema PCCN Actia es totalmente controlable a distancia.<\/p>\n<div class=\"pdfviewer\">&#13;<br \/>\n    <a  class=\"_3d-flip-book  fb3d-link-lightbox-mode\" data-id=\"0\" data-mode=\"link-lightbox\" data-title=\"false\" data-template=\"short-white-book-view\" data-lightbox=\"dark-shadow\" data-urlparam=\"fb3d-page\" data-page-n=\"0\" data-pdf=\"https:\/\/actiaenergy.com\/xml-ecatalogue\/Pdf\/PLAQUETTE-PROTECTIONS-NUMERIQUES-GAMME-RELYANCE-FR-EN-EDIT-1.0.pdf\" data-tax=\"null\" data-thumbnail=\"\" data-cols=\"3\" data-book-template=\"default\" data-trigger=\"\" style=\"background-color:#221f21\">&#13;<br \/>\n        <img decoding=\"async\" class=\"brochure-pdf\" src=\"https:\/\/actiaenergy.com\/xml-ecatalogue\/Pdf\/Thumbnails\/PLAQUETTE-PROTECTIONS-NUMERIQUES-GAMME-RELYANCE-FR-EN-EDIT-1.0_thumb_normal.jpg\">&#13;<br \/>\n    <\/a>&#13;\n<\/div>\n","protected":false},"excerpt":{"rendered":"<p>Protecci\u00f3n digital modular alta tensi\u00f3n que, en funci\u00f3n de la configuraci\u00f3n del software, puede garantizar las funciones de protecci\u00f3n de una entrada, una salida, un acoplamiento, un condensador y un shunt.<\/p>\n","protected":false},"featured_media":35170,"template":"","meta":{"site-sidebar-layout":"default","site-content-layout":"","ast-site-content-layout":"default","site-content-style":"default","site-sidebar-style":"default","ast-global-header-display":"","ast-banner-title-visibility":"","ast-main-header-display":"","ast-hfb-above-header-display":"","ast-hfb-below-header-display":"","ast-hfb-mobile-header-display":"","site-post-title":"","ast-breadcrumbs-content":"","ast-featured-img":"","footer-sml-layout":"","ast-disable-related-posts":"","theme-transparent-header-meta":"","adv-header-id-meta":"","stick-header-meta":"","header-above-stick-meta":"","header-main-stick-meta":"","header-below-stick-meta":"","astra-migrate-meta-layouts":"default","ast-page-background-enabled":"default","ast-page-background-meta":{"desktop":{"background-color":"var(--ast-global-color-5)","background-image":"","background-repeat":"repeat","background-position":"center center","background-size":"auto","background-attachment":"scroll","background-type":"","background-media":"","overlay-type":"","overlay-color":"","overlay-opacity":"","overlay-gradient":""},"tablet":{"background-color":"","background-image":"","background-repeat":"repeat","background-position":"center center","background-size":"auto","background-attachment":"scroll","background-type":"","background-media":"","overlay-type":"","overlay-color":"","overlay-opacity":"","overlay-gradient":""},"mobile":{"background-color":"","background-image":"","background-repeat":"repeat","background-position":"center center","background-size":"auto","background-attachment":"scroll","background-type":"","background-media":"","overlay-type":"","overlay-color":"","overlay-opacity":"","overlay-gradient":""}},"ast-content-background-meta":{"desktop":{"background-color":"var(--ast-global-color-4)","background-image":"","background-repeat":"repeat","background-position":"center center","background-size":"auto","background-attachment":"scroll","background-type":"","background-media":"","overlay-type":"","overlay-color":"","overlay-opacity":"","overlay-gradient":""},"tablet":{"background-color":"var(--ast-global-color-4)","background-image":"","background-repeat":"repeat","background-position":"center center","background-size":"auto","background-attachment":"scroll","background-type":"","background-media":"","overlay-type":"","overlay-color":"","overlay-opacity":"","overlay-gradient":""},"mobile":{"background-color":"var(--ast-global-color-4)","background-image":"","background-repeat":"repeat","background-position":"center center","background-size":"auto","background-attachment":"scroll","background-type":"","background-media":"","overlay-type":"","overlay-color":"","overlay-opacity":"","overlay-gradient":""}}},"product_brand":[],"product_cat":[7208,7242],"product_tag":[387,390,396,5902,5905,5907,5909,5911,5914,5926,5927,5928,5934,5935,5943],"class_list":{"0":"post-35180","1":"product","2":"type-product","3":"status-publish","4":"has-post-thumbnail","6":"product_cat-protecciones-numericas-y-rtu","8":"product_tag-pdp","9":"product_tag-rse","10":"product_tag-cpu","11":"product_tag-maxih","12":"product_tag-eptr","13":"product_tag-rrl","14":"product_tag-pwh","15":"product_tag-pnm9010","16":"product_tag-dio","17":"product_tag-maxip","18":"product_tag-pts","19":"product_tag-5928","20":"product_tag-defdouble","21":"product_tag-tac","22":"product_tag-ana","23":"desktop-align-left","24":"tablet-align-left","25":"mobile-align-left","27":"first","28":"instock","29":"product-type-simple"},"yoast_head":"<!-- This site is optimized with the Yoast SEO plugin v27.5 - https:\/\/yoast.com\/product\/yoast-seo-wordpress\/ -->\n<title>PNM9010, Protecci\u00f3n digital modular alta tensi\u00f3n para subestaciones el\u00e9ctricas - Protecciones Num\u00e9ricas y RTU par ACTIA Energy<\/title>\n<meta name=\"description\" content=\"Descubra los PNM9010, protecciones digitales modulares alta tensi\u00f3n, inteligentes y evolutivas, dise\u00f1adas para proteger sus redes alta tensi\u00f3n seg\u00fan las normas Enedis.\" \/>\n<meta name=\"robots\" content=\"index, follow, max-snippet:-1, max-image-preview:large, max-video-preview:-1\" \/>\n<link rel=\"canonical\" href=\"https:\/\/actiaenergy.com\/es\/solutions\/protecciones-digitales-pnm9010\/\" \/>\n<meta property=\"og:locale\" content=\"es_ES\" \/>\n<meta property=\"og:type\" content=\"article\" \/>\n<meta property=\"og:title\" content=\"PNM9010, Protecci\u00f3n digital modular alta tensi\u00f3n para subestaciones el\u00e9ctricas - Protecciones Num\u00e9ricas y RTU par ACTIA Energy\" \/>\n<meta property=\"og:description\" content=\"Descubra los PNM9010, protecciones digitales modulares alta tensi\u00f3n, inteligentes y evolutivas, dise\u00f1adas para proteger sus redes alta tensi\u00f3n seg\u00fan las normas Enedis.\" \/>\n<meta property=\"og:url\" content=\"https:\/\/actiaenergy.com\/es\/solutions\/protecciones-digitales-pnm9010\/\" \/>\n<meta property=\"og:site_name\" content=\"ACTIA Energy\" \/>\n<meta property=\"article:modified_time\" content=\"2026-04-02T10:00:15+00:00\" \/>\n<meta property=\"og:image\" content=\"https:\/\/actiaenergy.com\/wp-content\/uploads\/pnm-rack-modules-1080-1-37.webp\" \/>\n\t<meta property=\"og:image:width\" content=\"1080\" \/>\n\t<meta property=\"og:image:height\" content=\"1080\" \/>\n\t<meta property=\"og:image:type\" content=\"image\/webp\" \/>\n<meta name=\"twitter:card\" content=\"summary_large_image\" \/>\n<meta name=\"twitter:label1\" content=\"Tiempo de lectura\" \/>\n\t<meta name=\"twitter:data1\" content=\"1 minuto\" \/>\n<script type=\"application\/ld+json\" class=\"yoast-schema-graph\">{\"@context\":\"https:\\\/\\\/schema.org\",\"@graph\":[{\"@type\":\"WebPage\",\"@id\":\"https:\\\/\\\/actiaenergy.com\\\/es\\\/solutions\\\/protecciones-digitales-pnm9010\\\/\",\"url\":\"https:\\\/\\\/actiaenergy.com\\\/es\\\/solutions\\\/protecciones-digitales-pnm9010\\\/\",\"name\":\"PNM9010, Protecci\u00f3n digital modular alta tensi\u00f3n para subestaciones el\u00e9ctricas - Protecciones Num\u00e9ricas y RTU par ACTIA Energy\",\"isPartOf\":{\"@id\":\"https:\\\/\\\/actiaenergy.com\\\/es\\\/#website\"},\"primaryImageOfPage\":{\"@id\":\"https:\\\/\\\/actiaenergy.com\\\/es\\\/solutions\\\/protecciones-digitales-pnm9010\\\/#primaryimage\"},\"image\":{\"@id\":\"https:\\\/\\\/actiaenergy.com\\\/es\\\/solutions\\\/protecciones-digitales-pnm9010\\\/#primaryimage\"},\"thumbnailUrl\":\"https:\\\/\\\/actiaenergy.com\\\/wp-content\\\/uploads\\\/pnm-rack-modules-1080-1-37.webp\",\"datePublished\":\"2025-05-04T22:00:00+00:00\",\"dateModified\":\"2026-04-02T10:00:15+00:00\",\"description\":\"Descubra los PNM9010, protecciones digitales modulares alta tensi\u00f3n, inteligentes y evolutivas, dise\u00f1adas para proteger sus redes alta tensi\u00f3n seg\u00fan las normas Enedis.\",\"breadcrumb\":{\"@id\":\"https:\\\/\\\/actiaenergy.com\\\/es\\\/solutions\\\/protecciones-digitales-pnm9010\\\/#breadcrumb\"},\"inLanguage\":\"es\",\"potentialAction\":[{\"@type\":\"ReadAction\",\"target\":[\"https:\\\/\\\/actiaenergy.com\\\/es\\\/solutions\\\/protecciones-digitales-pnm9010\\\/\"]}]},{\"@type\":\"ImageObject\",\"inLanguage\":\"es\",\"@id\":\"https:\\\/\\\/actiaenergy.com\\\/es\\\/solutions\\\/protecciones-digitales-pnm9010\\\/#primaryimage\",\"url\":\"https:\\\/\\\/actiaenergy.com\\\/wp-content\\\/uploads\\\/pnm-rack-modules-1080-1-37.webp\",\"contentUrl\":\"https:\\\/\\\/actiaenergy.com\\\/wp-content\\\/uploads\\\/pnm-rack-modules-1080-1-37.webp\",\"width\":1080,\"height\":1080,\"caption\":\"Protecciones Num\u00e9ricas y RTU Protecci\u00f3n digital modular alta tensi\u00f3n para subestaciones el\u00e9ctricas - ACTIA Energy\"},{\"@type\":\"BreadcrumbList\",\"@id\":\"https:\\\/\\\/actiaenergy.com\\\/es\\\/solutions\\\/protecciones-digitales-pnm9010\\\/#breadcrumb\",\"itemListElement\":[{\"@type\":\"ListItem\",\"position\":1,\"name\":\"ACTIA Energy\",\"item\":\"https:\\\/\\\/actiaenergy.com\\\/es\\\/actia-energy\\\/\"},{\"@type\":\"ListItem\",\"position\":2,\"name\":\"Soluciones\",\"item\":\"https:\\\/\\\/actiaenergy.com\\\/es\\\/soluciones\\\/\"},{\"@type\":\"ListItem\",\"position\":3,\"name\":\"Protecci\u00f3n digital modular alta tensi\u00f3n para subestaciones el\u00e9ctricas\"}]},{\"@type\":\"WebSite\",\"@id\":\"https:\\\/\\\/actiaenergy.com\\\/es\\\/#website\",\"url\":\"https:\\\/\\\/actiaenergy.com\\\/es\\\/\",\"name\":\"ACTIA Energy\",\"description\":\"L&#039;ing\u00e9nierie de l&#039;\u00e9nergie de demain.\",\"publisher\":{\"@id\":\"https:\\\/\\\/actiaenergy.com\\\/es\\\/#organization\"},\"potentialAction\":[{\"@type\":\"SearchAction\",\"target\":{\"@type\":\"EntryPoint\",\"urlTemplate\":\"https:\\\/\\\/actiaenergy.com\\\/es\\\/?s={search_term_string}\"},\"query-input\":{\"@type\":\"PropertyValueSpecification\",\"valueRequired\":true,\"valueName\":\"search_term_string\"}}],\"inLanguage\":\"es\"},{\"@type\":\"Organization\",\"@id\":\"https:\\\/\\\/actiaenergy.com\\\/es\\\/#organization\",\"name\":\"ACTIA Energy\",\"url\":\"https:\\\/\\\/actiaenergy.com\\\/es\\\/\",\"logo\":{\"@type\":\"ImageObject\",\"inLanguage\":\"es\",\"@id\":\"https:\\\/\\\/actiaenergy.com\\\/es\\\/#\\\/schema\\\/logo\\\/image\\\/\",\"url\":\"https:\\\/\\\/actiaenergy.com\\\/wp-content\\\/uploads\\\/Logo-ACTIA-Couleurs-h150.png\",\"contentUrl\":\"https:\\\/\\\/actiaenergy.com\\\/wp-content\\\/uploads\\\/Logo-ACTIA-Couleurs-h150.png\",\"width\":706,\"height\":150,\"caption\":\"ACTIA Energy\"},\"image\":{\"@id\":\"https:\\\/\\\/actiaenergy.com\\\/es\\\/#\\\/schema\\\/logo\\\/image\\\/\"}}]}<\/script>\n<!-- \/ Yoast SEO plugin. -->","yoast_head_json":{"title":"PNM9010, Protecci\u00f3n digital modular alta tensi\u00f3n para subestaciones el\u00e9ctricas - Protecciones Num\u00e9ricas y RTU par ACTIA Energy","description":"Descubra los PNM9010, protecciones digitales modulares alta tensi\u00f3n, inteligentes y evolutivas, dise\u00f1adas para proteger sus redes alta tensi\u00f3n seg\u00fan las normas Enedis.","robots":{"index":"index","follow":"follow","max-snippet":"max-snippet:-1","max-image-preview":"max-image-preview:large","max-video-preview":"max-video-preview:-1"},"canonical":"https:\/\/actiaenergy.com\/es\/solutions\/protecciones-digitales-pnm9010\/","og_locale":"es_ES","og_type":"article","og_title":"PNM9010, Protecci\u00f3n digital modular alta tensi\u00f3n para subestaciones el\u00e9ctricas - Protecciones Num\u00e9ricas y RTU par ACTIA Energy","og_description":"Descubra los PNM9010, protecciones digitales modulares alta tensi\u00f3n, inteligentes y evolutivas, dise\u00f1adas para proteger sus redes alta tensi\u00f3n seg\u00fan las normas Enedis.","og_url":"https:\/\/actiaenergy.com\/es\/solutions\/protecciones-digitales-pnm9010\/","og_site_name":"ACTIA Energy","article_modified_time":"2026-04-02T10:00:15+00:00","og_image":[{"width":1080,"height":1080,"url":"https:\/\/actiaenergy.com\/wp-content\/uploads\/pnm-rack-modules-1080-1-37.webp","type":"image\/webp"}],"twitter_card":"summary_large_image","twitter_misc":{"Tiempo de lectura":"1 minuto"},"schema":{"@context":"https:\/\/schema.org","@graph":[{"@type":"WebPage","@id":"https:\/\/actiaenergy.com\/es\/solutions\/protecciones-digitales-pnm9010\/","url":"https:\/\/actiaenergy.com\/es\/solutions\/protecciones-digitales-pnm9010\/","name":"PNM9010, Protecci\u00f3n digital modular alta tensi\u00f3n para subestaciones el\u00e9ctricas - Protecciones Num\u00e9ricas y RTU par ACTIA Energy","isPartOf":{"@id":"https:\/\/actiaenergy.com\/es\/#website"},"primaryImageOfPage":{"@id":"https:\/\/actiaenergy.com\/es\/solutions\/protecciones-digitales-pnm9010\/#primaryimage"},"image":{"@id":"https:\/\/actiaenergy.com\/es\/solutions\/protecciones-digitales-pnm9010\/#primaryimage"},"thumbnailUrl":"https:\/\/actiaenergy.com\/wp-content\/uploads\/pnm-rack-modules-1080-1-37.webp","datePublished":"2025-05-04T22:00:00+00:00","dateModified":"2026-04-02T10:00:15+00:00","description":"Descubra los PNM9010, protecciones digitales modulares alta tensi\u00f3n, inteligentes y evolutivas, dise\u00f1adas para proteger sus redes alta tensi\u00f3n seg\u00fan las normas Enedis.","breadcrumb":{"@id":"https:\/\/actiaenergy.com\/es\/solutions\/protecciones-digitales-pnm9010\/#breadcrumb"},"inLanguage":"es","potentialAction":[{"@type":"ReadAction","target":["https:\/\/actiaenergy.com\/es\/solutions\/protecciones-digitales-pnm9010\/"]}]},{"@type":"ImageObject","inLanguage":"es","@id":"https:\/\/actiaenergy.com\/es\/solutions\/protecciones-digitales-pnm9010\/#primaryimage","url":"https:\/\/actiaenergy.com\/wp-content\/uploads\/pnm-rack-modules-1080-1-37.webp","contentUrl":"https:\/\/actiaenergy.com\/wp-content\/uploads\/pnm-rack-modules-1080-1-37.webp","width":1080,"height":1080,"caption":"Protecciones Num\u00e9ricas y RTU Protecci\u00f3n digital modular alta tensi\u00f3n para subestaciones el\u00e9ctricas - ACTIA Energy"},{"@type":"BreadcrumbList","@id":"https:\/\/actiaenergy.com\/es\/solutions\/protecciones-digitales-pnm9010\/#breadcrumb","itemListElement":[{"@type":"ListItem","position":1,"name":"ACTIA Energy","item":"https:\/\/actiaenergy.com\/es\/actia-energy\/"},{"@type":"ListItem","position":2,"name":"Soluciones","item":"https:\/\/actiaenergy.com\/es\/soluciones\/"},{"@type":"ListItem","position":3,"name":"Protecci\u00f3n digital modular alta tensi\u00f3n para subestaciones el\u00e9ctricas"}]},{"@type":"WebSite","@id":"https:\/\/actiaenergy.com\/es\/#website","url":"https:\/\/actiaenergy.com\/es\/","name":"ACTIA Energy","description":"L&#039;ing\u00e9nierie de l&#039;\u00e9nergie de demain.","publisher":{"@id":"https:\/\/actiaenergy.com\/es\/#organization"},"potentialAction":[{"@type":"SearchAction","target":{"@type":"EntryPoint","urlTemplate":"https:\/\/actiaenergy.com\/es\/?s={search_term_string}"},"query-input":{"@type":"PropertyValueSpecification","valueRequired":true,"valueName":"search_term_string"}}],"inLanguage":"es"},{"@type":"Organization","@id":"https:\/\/actiaenergy.com\/es\/#organization","name":"ACTIA Energy","url":"https:\/\/actiaenergy.com\/es\/","logo":{"@type":"ImageObject","inLanguage":"es","@id":"https:\/\/actiaenergy.com\/es\/#\/schema\/logo\/image\/","url":"https:\/\/actiaenergy.com\/wp-content\/uploads\/Logo-ACTIA-Couleurs-h150.png","contentUrl":"https:\/\/actiaenergy.com\/wp-content\/uploads\/Logo-ACTIA-Couleurs-h150.png","width":706,"height":150,"caption":"ACTIA Energy"},"image":{"@id":"https:\/\/actiaenergy.com\/es\/#\/schema\/logo\/image\/"}}]}},"_links":{"self":[{"href":"https:\/\/actiaenergy.com\/es\/wp-json\/wp\/v2\/product\/35180","targetHints":{"allow":["GET"]}}],"collection":[{"href":"https:\/\/actiaenergy.com\/es\/wp-json\/wp\/v2\/product"}],"about":[{"href":"https:\/\/actiaenergy.com\/es\/wp-json\/wp\/v2\/types\/product"}],"wp:featuredmedia":[{"embeddable":true,"href":"https:\/\/actiaenergy.com\/es\/wp-json\/wp\/v2\/media\/35170"}],"wp:attachment":[{"href":"https:\/\/actiaenergy.com\/es\/wp-json\/wp\/v2\/media?parent=35180"}],"wp:term":[{"taxonomy":"product_brand","embeddable":true,"href":"https:\/\/actiaenergy.com\/es\/wp-json\/wp\/v2\/product_brand?post=35180"},{"taxonomy":"product_cat","embeddable":true,"href":"https:\/\/actiaenergy.com\/es\/wp-json\/wp\/v2\/product_cat?post=35180"},{"taxonomy":"product_tag","embeddable":true,"href":"https:\/\/actiaenergy.com\/es\/wp-json\/wp\/v2\/product_tag?post=35180"}],"curies":[{"name":"wp","href":"https:\/\/api.w.org\/{rel}","templated":true}]}}