{"id":35195,"date":"2026-04-02T10:00:51","date_gmt":"2026-04-02T08:00:51","guid":{"rendered":"https:\/\/actiaenergy.com\/solutions\/calculadora-interfaz-estacion-cer9035\/"},"modified":"2026-04-02T12:00:54","modified_gmt":"2026-04-02T10:00:54","slug":"calculadora-interfaz-estacion-cer9035","status":"publish","type":"product","link":"https:\/\/actiaenergy.com\/es\/solutions\/calculadora-interfaz-estacion-cer9035\/","title":{"rendered":"Interfaz Media Tensi\u00f3n para productores y almacenadores de energ\u00eda"},"content":{"rendered":"<p class=\"product-description\">El CER9035 est\u00e1 conectado a los tres siguientes Sistemas de Informaci\u00f3n (SI):<\/p>\n<ul>\n<li>SI de telecontrol: Pilotaje de la red y gesti\u00f3n del sistema el\u00e9ctrico (EOD, seguridad del sistema, etc.).<\/li>\n<li>SI de supervisi\u00f3n de prestaciones: Seguimiento del cumplimiento de los requisitos t\u00e9cnicos y de las magnitudes electrot\u00e9cnicas en el punto de inyecci\u00f3n.<\/li>\n<li>SI de Management System: Supervisi\u00f3n, configuraci\u00f3n y actualizaci\u00f3n de los programas inform\u00e1ticos y firmwares del CER9035.<\/li>\n<\/ul>\n<p class=\"product-description\">El CER9035 garantiza las siguientes funcionalidades:<\/p>\n<ul>\n<li>Telecontrol: Intercambio de estados y consignas con el SCADA del productor\/almacenador.<\/li>\n<li>Mediciones y registros: Adquisici\u00f3n, almacenamiento y transmisi\u00f3n de datos el\u00e9ctricos.<\/li>\n<li>Ciberseguridad: Protecci\u00f3n de los intercambios y de los SI mediante router integrado y TPM.<\/li>\n<li>Sincronizaci\u00f3n horaria: Puesta en hora mediante el protocolo NTP.<\/li>\n<li>IHM local: Acceso web para consulta y mantenimiento in situ.<\/li>\n<li>Actualizaciones de software: Despliegue controlado a trav\u00e9s de un Management System remoto.<\/li>\n<\/ul>\n","protected":false},"excerpt":{"rendered":"<p>El CER9035 es un equipo de interfaz remoto para productores y almacenistas, instalado en la estaci\u00f3n de las instalaciones Media Tensi\u00f3n conectadas a las redes EDF SEI, con una potencia comprendida entre 250 kVA y 12 MW.<\/p>\n","protected":false},"featured_media":35182,"template":"","meta":{"site-sidebar-layout":"default","site-content-layout":"","ast-site-content-layout":"default","site-content-style":"default","site-sidebar-style":"default","ast-global-header-display":"","ast-banner-title-visibility":"","ast-main-header-display":"","ast-hfb-above-header-display":"","ast-hfb-below-header-display":"","ast-hfb-mobile-header-display":"","site-post-title":"","ast-breadcrumbs-content":"","ast-featured-img":"","footer-sml-layout":"","ast-disable-related-posts":"","theme-transparent-header-meta":"","adv-header-id-meta":"","stick-header-meta":"","header-above-stick-meta":"","header-main-stick-meta":"","header-below-stick-meta":"","astra-migrate-meta-layouts":"default","ast-page-background-enabled":"default","ast-page-background-meta":{"desktop":{"background-color":"var(--ast-global-color-5)","background-image":"","background-repeat":"repeat","background-position":"center center","background-size":"auto","background-attachment":"scroll","background-type":"","background-media":"","overlay-type":"","overlay-color":"","overlay-opacity":"","overlay-gradient":""},"tablet":{"background-color":"","background-image":"","background-repeat":"repeat","background-position":"center center","background-size":"auto","background-attachment":"scroll","background-type":"","background-media":"","overlay-type":"","overlay-color":"","overlay-opacity":"","overlay-gradient":""},"mobile":{"background-color":"","background-image":"","background-repeat":"repeat","background-position":"center center","background-size":"auto","background-attachment":"scroll","background-type":"","background-media":"","overlay-type":"","overlay-color":"","overlay-opacity":"","overlay-gradient":""}},"ast-content-background-meta":{"desktop":{"background-color":"var(--ast-global-color-4)","background-image":"","background-repeat":"repeat","background-position":"center center","background-size":"auto","background-attachment":"scroll","background-type":"","background-media":"","overlay-type":"","overlay-color":"","overlay-opacity":"","overlay-gradient":""},"tablet":{"background-color":"var(--ast-global-color-4)","background-image":"","background-repeat":"repeat","background-position":"center center","background-size":"auto","background-attachment":"scroll","background-type":"","background-media":"","overlay-type":"","overlay-color":"","overlay-opacity":"","overlay-gradient":""},"mobile":{"background-color":"var(--ast-global-color-4)","background-image":"","background-repeat":"repeat","background-position":"center center","background-size":"auto","background-attachment":"scroll","background-type":"","background-media":"","overlay-type":"","overlay-color":"","overlay-opacity":"","overlay-gradient":""}}},"product_brand":[],"product_cat":[7208,7245],"product_tag":[5916,5937,5944],"class_list":{"0":"post-35195","1":"product","2":"type-product","3":"status-publish","4":"has-post-thumbnail","6":"product_cat-protecciones-numericas-y-rtu","7":"product_cat-rtu-subestacione-electrica","8":"product_tag-rtu","9":"product_tag-iec-60870-5-104","10":"product_tag-cer9035","11":"desktop-align-left","12":"tablet-align-left","13":"mobile-align-left","15":"first","16":"instock","17":"product-type-simple"},"yoast_head":"<!-- This site is optimized with the Yoast SEO plugin v27.5 - https:\/\/yoast.com\/product\/yoast-seo-wordpress\/ -->\n<title>CER9035, Interfaz Media Tensi\u00f3n para productores y almacenadores de energ\u00eda - Protecciones Num\u00e9ricas y RTU par ACTIA Energy<\/title>\n<meta name=\"description\" content=\"CER9035 : RTU de telecontrol para productores y almacenadores de energ\u00eda, con supervisi\u00f3n, mediciones el\u00e9ctricas, ciberseguridad y protocolos IEC 60870-5-104 y 61850.\" \/>\n<meta name=\"robots\" content=\"index, follow, max-snippet:-1, max-image-preview:large, max-video-preview:-1\" \/>\n<link rel=\"canonical\" href=\"https:\/\/actiaenergy.com\/es\/solutions\/calculadora-interfaz-estacion-cer9035\/\" \/>\n<meta property=\"og:locale\" content=\"es_ES\" \/>\n<meta property=\"og:type\" content=\"article\" \/>\n<meta property=\"og:title\" content=\"CER9035, Interfaz Media Tensi\u00f3n para productores y almacenadores de energ\u00eda - Protecciones Num\u00e9ricas y RTU par ACTIA Energy\" \/>\n<meta property=\"og:description\" content=\"CER9035 : RTU de telecontrol para productores y almacenadores de energ\u00eda, con supervisi\u00f3n, mediciones el\u00e9ctricas, ciberseguridad y protocolos IEC 60870-5-104 y 61850.\" \/>\n<meta property=\"og:url\" content=\"https:\/\/actiaenergy.com\/es\/solutions\/calculadora-interfaz-estacion-cer9035\/\" \/>\n<meta property=\"og:site_name\" content=\"ACTIA Energy\" \/>\n<meta property=\"article:modified_time\" content=\"2026-04-02T10:00:54+00:00\" \/>\n<meta property=\"og:image\" content=\"https:\/\/actiaenergy.com\/wp-content\/uploads\/coffret-CER9035-1080-1-27.webp\" \/>\n\t<meta property=\"og:image:width\" content=\"1080\" \/>\n\t<meta property=\"og:image:height\" content=\"1080\" \/>\n\t<meta property=\"og:image:type\" content=\"image\/webp\" \/>\n<meta name=\"twitter:card\" content=\"summary_large_image\" \/>\n<meta name=\"twitter:label1\" content=\"Tiempo de lectura\" \/>\n\t<meta name=\"twitter:data1\" content=\"1 minuto\" \/>\n<script type=\"application\/ld+json\" class=\"yoast-schema-graph\">{\"@context\":\"https:\\\/\\\/schema.org\",\"@graph\":[{\"@type\":\"WebPage\",\"@id\":\"https:\\\/\\\/actiaenergy.com\\\/es\\\/solutions\\\/calculadora-interfaz-estacion-cer9035\\\/\",\"url\":\"https:\\\/\\\/actiaenergy.com\\\/es\\\/solutions\\\/calculadora-interfaz-estacion-cer9035\\\/\",\"name\":\"CER9035, Interfaz Media Tensi\u00f3n para productores y almacenadores de energ\u00eda - Protecciones Num\u00e9ricas y RTU par ACTIA Energy\",\"isPartOf\":{\"@id\":\"https:\\\/\\\/actiaenergy.com\\\/es\\\/#website\"},\"primaryImageOfPage\":{\"@id\":\"https:\\\/\\\/actiaenergy.com\\\/es\\\/solutions\\\/calculadora-interfaz-estacion-cer9035\\\/#primaryimage\"},\"image\":{\"@id\":\"https:\\\/\\\/actiaenergy.com\\\/es\\\/solutions\\\/calculadora-interfaz-estacion-cer9035\\\/#primaryimage\"},\"thumbnailUrl\":\"https:\\\/\\\/actiaenergy.com\\\/wp-content\\\/uploads\\\/coffret-CER9035-1080-1-27.webp\",\"datePublished\":\"2026-04-02T08:00:51+00:00\",\"dateModified\":\"2026-04-02T10:00:54+00:00\",\"description\":\"CER9035 : RTU de telecontrol para productores y almacenadores de energ\u00eda, con supervisi\u00f3n, mediciones el\u00e9ctricas, ciberseguridad y protocolos IEC 60870-5-104 y 61850.\",\"breadcrumb\":{\"@id\":\"https:\\\/\\\/actiaenergy.com\\\/es\\\/solutions\\\/calculadora-interfaz-estacion-cer9035\\\/#breadcrumb\"},\"inLanguage\":\"es\",\"potentialAction\":[{\"@type\":\"ReadAction\",\"target\":[\"https:\\\/\\\/actiaenergy.com\\\/es\\\/solutions\\\/calculadora-interfaz-estacion-cer9035\\\/\"]}]},{\"@type\":\"ImageObject\",\"inLanguage\":\"es\",\"@id\":\"https:\\\/\\\/actiaenergy.com\\\/es\\\/solutions\\\/calculadora-interfaz-estacion-cer9035\\\/#primaryimage\",\"url\":\"https:\\\/\\\/actiaenergy.com\\\/wp-content\\\/uploads\\\/coffret-CER9035-1080-1-27.webp\",\"contentUrl\":\"https:\\\/\\\/actiaenergy.com\\\/wp-content\\\/uploads\\\/coffret-CER9035-1080-1-27.webp\",\"width\":1080,\"height\":1080,\"caption\":\"Protecciones Num\u00e9ricas y RTU Interfaz Media Tensi\u00f3n para productores y almacenadores de energ\u00eda - ACTIA Energy\"},{\"@type\":\"BreadcrumbList\",\"@id\":\"https:\\\/\\\/actiaenergy.com\\\/es\\\/solutions\\\/calculadora-interfaz-estacion-cer9035\\\/#breadcrumb\",\"itemListElement\":[{\"@type\":\"ListItem\",\"position\":1,\"name\":\"ACTIA Energy\",\"item\":\"https:\\\/\\\/actiaenergy.com\\\/es\\\/actia-energy\\\/\"},{\"@type\":\"ListItem\",\"position\":2,\"name\":\"Soluciones\",\"item\":\"https:\\\/\\\/actiaenergy.com\\\/es\\\/soluciones\\\/\"},{\"@type\":\"ListItem\",\"position\":3,\"name\":\"Interfaz Media Tensi\u00f3n para productores y almacenadores de energ\u00eda\"}]},{\"@type\":\"WebSite\",\"@id\":\"https:\\\/\\\/actiaenergy.com\\\/es\\\/#website\",\"url\":\"https:\\\/\\\/actiaenergy.com\\\/es\\\/\",\"name\":\"ACTIA Energy\",\"description\":\"L&#039;ing\u00e9nierie de l&#039;\u00e9nergie de demain.\",\"publisher\":{\"@id\":\"https:\\\/\\\/actiaenergy.com\\\/es\\\/#organization\"},\"potentialAction\":[{\"@type\":\"SearchAction\",\"target\":{\"@type\":\"EntryPoint\",\"urlTemplate\":\"https:\\\/\\\/actiaenergy.com\\\/es\\\/?s={search_term_string}\"},\"query-input\":{\"@type\":\"PropertyValueSpecification\",\"valueRequired\":true,\"valueName\":\"search_term_string\"}}],\"inLanguage\":\"es\"},{\"@type\":\"Organization\",\"@id\":\"https:\\\/\\\/actiaenergy.com\\\/es\\\/#organization\",\"name\":\"ACTIA Energy\",\"url\":\"https:\\\/\\\/actiaenergy.com\\\/es\\\/\",\"logo\":{\"@type\":\"ImageObject\",\"inLanguage\":\"es\",\"@id\":\"https:\\\/\\\/actiaenergy.com\\\/es\\\/#\\\/schema\\\/logo\\\/image\\\/\",\"url\":\"https:\\\/\\\/actiaenergy.com\\\/wp-content\\\/uploads\\\/Logo-ACTIA-Couleurs-h150.png\",\"contentUrl\":\"https:\\\/\\\/actiaenergy.com\\\/wp-content\\\/uploads\\\/Logo-ACTIA-Couleurs-h150.png\",\"width\":706,\"height\":150,\"caption\":\"ACTIA Energy\"},\"image\":{\"@id\":\"https:\\\/\\\/actiaenergy.com\\\/es\\\/#\\\/schema\\\/logo\\\/image\\\/\"}}]}<\/script>\n<!-- \/ Yoast SEO plugin. -->","yoast_head_json":{"title":"CER9035, Interfaz Media Tensi\u00f3n para productores y almacenadores de energ\u00eda - Protecciones Num\u00e9ricas y RTU par ACTIA Energy","description":"CER9035 : RTU de telecontrol para productores y almacenadores de energ\u00eda, con supervisi\u00f3n, mediciones el\u00e9ctricas, ciberseguridad y protocolos IEC 60870-5-104 y 61850.","robots":{"index":"index","follow":"follow","max-snippet":"max-snippet:-1","max-image-preview":"max-image-preview:large","max-video-preview":"max-video-preview:-1"},"canonical":"https:\/\/actiaenergy.com\/es\/solutions\/calculadora-interfaz-estacion-cer9035\/","og_locale":"es_ES","og_type":"article","og_title":"CER9035, Interfaz Media Tensi\u00f3n para productores y almacenadores de energ\u00eda - Protecciones Num\u00e9ricas y RTU par ACTIA Energy","og_description":"CER9035 : RTU de telecontrol para productores y almacenadores de energ\u00eda, con supervisi\u00f3n, mediciones el\u00e9ctricas, ciberseguridad y protocolos IEC 60870-5-104 y 61850.","og_url":"https:\/\/actiaenergy.com\/es\/solutions\/calculadora-interfaz-estacion-cer9035\/","og_site_name":"ACTIA Energy","article_modified_time":"2026-04-02T10:00:54+00:00","og_image":[{"width":1080,"height":1080,"url":"https:\/\/actiaenergy.com\/wp-content\/uploads\/coffret-CER9035-1080-1-27.webp","type":"image\/webp"}],"twitter_card":"summary_large_image","twitter_misc":{"Tiempo de lectura":"1 minuto"},"schema":{"@context":"https:\/\/schema.org","@graph":[{"@type":"WebPage","@id":"https:\/\/actiaenergy.com\/es\/solutions\/calculadora-interfaz-estacion-cer9035\/","url":"https:\/\/actiaenergy.com\/es\/solutions\/calculadora-interfaz-estacion-cer9035\/","name":"CER9035, Interfaz Media Tensi\u00f3n para productores y almacenadores de energ\u00eda - Protecciones Num\u00e9ricas y RTU par ACTIA Energy","isPartOf":{"@id":"https:\/\/actiaenergy.com\/es\/#website"},"primaryImageOfPage":{"@id":"https:\/\/actiaenergy.com\/es\/solutions\/calculadora-interfaz-estacion-cer9035\/#primaryimage"},"image":{"@id":"https:\/\/actiaenergy.com\/es\/solutions\/calculadora-interfaz-estacion-cer9035\/#primaryimage"},"thumbnailUrl":"https:\/\/actiaenergy.com\/wp-content\/uploads\/coffret-CER9035-1080-1-27.webp","datePublished":"2026-04-02T08:00:51+00:00","dateModified":"2026-04-02T10:00:54+00:00","description":"CER9035 : RTU de telecontrol para productores y almacenadores de energ\u00eda, con supervisi\u00f3n, mediciones el\u00e9ctricas, ciberseguridad y protocolos IEC 60870-5-104 y 61850.","breadcrumb":{"@id":"https:\/\/actiaenergy.com\/es\/solutions\/calculadora-interfaz-estacion-cer9035\/#breadcrumb"},"inLanguage":"es","potentialAction":[{"@type":"ReadAction","target":["https:\/\/actiaenergy.com\/es\/solutions\/calculadora-interfaz-estacion-cer9035\/"]}]},{"@type":"ImageObject","inLanguage":"es","@id":"https:\/\/actiaenergy.com\/es\/solutions\/calculadora-interfaz-estacion-cer9035\/#primaryimage","url":"https:\/\/actiaenergy.com\/wp-content\/uploads\/coffret-CER9035-1080-1-27.webp","contentUrl":"https:\/\/actiaenergy.com\/wp-content\/uploads\/coffret-CER9035-1080-1-27.webp","width":1080,"height":1080,"caption":"Protecciones Num\u00e9ricas y RTU Interfaz Media Tensi\u00f3n para productores y almacenadores de energ\u00eda - ACTIA Energy"},{"@type":"BreadcrumbList","@id":"https:\/\/actiaenergy.com\/es\/solutions\/calculadora-interfaz-estacion-cer9035\/#breadcrumb","itemListElement":[{"@type":"ListItem","position":1,"name":"ACTIA Energy","item":"https:\/\/actiaenergy.com\/es\/actia-energy\/"},{"@type":"ListItem","position":2,"name":"Soluciones","item":"https:\/\/actiaenergy.com\/es\/soluciones\/"},{"@type":"ListItem","position":3,"name":"Interfaz Media Tensi\u00f3n para productores y almacenadores de energ\u00eda"}]},{"@type":"WebSite","@id":"https:\/\/actiaenergy.com\/es\/#website","url":"https:\/\/actiaenergy.com\/es\/","name":"ACTIA Energy","description":"L&#039;ing\u00e9nierie de l&#039;\u00e9nergie de demain.","publisher":{"@id":"https:\/\/actiaenergy.com\/es\/#organization"},"potentialAction":[{"@type":"SearchAction","target":{"@type":"EntryPoint","urlTemplate":"https:\/\/actiaenergy.com\/es\/?s={search_term_string}"},"query-input":{"@type":"PropertyValueSpecification","valueRequired":true,"valueName":"search_term_string"}}],"inLanguage":"es"},{"@type":"Organization","@id":"https:\/\/actiaenergy.com\/es\/#organization","name":"ACTIA Energy","url":"https:\/\/actiaenergy.com\/es\/","logo":{"@type":"ImageObject","inLanguage":"es","@id":"https:\/\/actiaenergy.com\/es\/#\/schema\/logo\/image\/","url":"https:\/\/actiaenergy.com\/wp-content\/uploads\/Logo-ACTIA-Couleurs-h150.png","contentUrl":"https:\/\/actiaenergy.com\/wp-content\/uploads\/Logo-ACTIA-Couleurs-h150.png","width":706,"height":150,"caption":"ACTIA Energy"},"image":{"@id":"https:\/\/actiaenergy.com\/es\/#\/schema\/logo\/image\/"}}]}},"_links":{"self":[{"href":"https:\/\/actiaenergy.com\/es\/wp-json\/wp\/v2\/product\/35195","targetHints":{"allow":["GET"]}}],"collection":[{"href":"https:\/\/actiaenergy.com\/es\/wp-json\/wp\/v2\/product"}],"about":[{"href":"https:\/\/actiaenergy.com\/es\/wp-json\/wp\/v2\/types\/product"}],"wp:featuredmedia":[{"embeddable":true,"href":"https:\/\/actiaenergy.com\/es\/wp-json\/wp\/v2\/media\/35182"}],"wp:attachment":[{"href":"https:\/\/actiaenergy.com\/es\/wp-json\/wp\/v2\/media?parent=35195"}],"wp:term":[{"taxonomy":"product_brand","embeddable":true,"href":"https:\/\/actiaenergy.com\/es\/wp-json\/wp\/v2\/product_brand?post=35195"},{"taxonomy":"product_cat","embeddable":true,"href":"https:\/\/actiaenergy.com\/es\/wp-json\/wp\/v2\/product_cat?post=35195"},{"taxonomy":"product_tag","embeddable":true,"href":"https:\/\/actiaenergy.com\/es\/wp-json\/wp\/v2\/product_tag?post=35195"}],"curies":[{"name":"wp","href":"https:\/\/api.w.org\/{rel}","templated":true}]}}