{"id":35207,"date":"2025-05-05T00:00:00","date_gmt":"2025-05-04T22:00:00","guid":{"rendered":"https:\/\/actiaenergy.com\/solutions\/calculadora-interfaz-substation-cip9030\/"},"modified":"2026-04-02T12:01:30","modified_gmt":"2026-04-02T10:01:30","slug":"calculadora-interfaz-substation-cip9030","status":"publish","type":"product","link":"https:\/\/actiaenergy.com\/es\/solutions\/calculadora-interfaz-substation-cip9030\/","title":{"rendered":"RTU de telecontrol para agrupaciones de subestaci\u00f3n RTE"},"content":{"rendered":"<p class=\"product-description\">El Calculador de Interfaz de Subestaci\u00f3n CIP9030, instalado en los Agrupamientos de Subestaci\u00f3n  y en la Sala de Supervisi\u00f3n de Equipos H24 de RTE, es un equipo de telecontrol (RTU) que garantiza:<\/p>\n<ul>\n<li>la gesti\u00f3n de las alarmas locales (alarma de peligro, alarma de intrusi\u00f3n, etc.)<\/li>\n<li>la gesti\u00f3n de los accesos (apertura de portillo, apertura del portal principal, etc.)<\/li>\n<li>la gesti\u00f3n de la iluminaci\u00f3n (iluminaci\u00f3n del pasillo xx, etc.)<\/li>\n<\/ul>\n<p class=\"product-description\">Con el fin de garantizar sus funciones, el calculador de interfaz de subestaci\u00f3n realiza la adquisici\u00f3n de la informaci\u00f3n de la subestaci\u00f3n y el control de las placas de alarmado gracias a sus tarjetas de entradas\/salidas l\u00f3gicas (E\/S Todo o Nada). Los datos adquiridos se transmiten a los centros de supervisi\u00f3n mediante el protocolo IEC 60870-5-104.<\/p>\n<p class=\"product-description\">Con sus dos tarjetas CPU y sus dos m\u00f3dulos de alimentaci\u00f3n integrados, el CIP9030 garantiza una buena continuidad de explotaci\u00f3n, asegurando as\u00ed la seguridad de los operadores del GdP.<\/p>\n<p class=\"product-description\">El RTU CIP9030 es modular y puede integrar de 1 a 10 m\u00f3dulos de gesti\u00f3n de E\/S TOR, por configuraci\u00f3n seg\u00fan el volumen de datos de la subestaci\u00f3n. Esto supone una capacidad de 160 Entradas L\u00f3gicas y 120 Salidas L\u00f3gicas. Es posible a\u00f1adir extensiones que permiten aumentar el volumen de datos hasta 496 Entradas L\u00f3gicas y 372 Salidas L\u00f3gicas.<\/p>\n<p class=\"product-description\">Al desempe\u00f1ar un papel central en la arquitectura objetivo del ambicioso proyecto de RTE, PLASMA, la ciberseguridad es indispensable para el CIP9030. En consecuencia, el equipo integra las \u00faltimas especificaciones de ciberseguridad que incluyen, entre otras, el endurecimiento del sistema, la autenticaci\u00f3n nominativa mediante Active Directory, la transferencia de archivos v\u00eda SFTP y la segregaci\u00f3n de las funciones de usuario y administrador.<\/p>\n","protected":false},"excerpt":{"rendered":"<p>Equipo de telecontrol y gesti\u00f3n de alarmas y accesos del grupo de subestaci\u00f3nes y sala de supervisi\u00f3n de equipos H24. Calculador de interfaz de subestaci\u00f3n compatible con IEC 60870-5-104.<\/p>\n","protected":false},"featured_media":35197,"template":"","meta":{"site-sidebar-layout":"default","site-content-layout":"","ast-site-content-layout":"default","site-content-style":"default","site-sidebar-style":"default","ast-global-header-display":"","ast-banner-title-visibility":"","ast-main-header-display":"","ast-hfb-above-header-display":"","ast-hfb-below-header-display":"","ast-hfb-mobile-header-display":"","site-post-title":"","ast-breadcrumbs-content":"","ast-featured-img":"","footer-sml-layout":"","ast-disable-related-posts":"","theme-transparent-header-meta":"","adv-header-id-meta":"","stick-header-meta":"","header-above-stick-meta":"","header-main-stick-meta":"","header-below-stick-meta":"","astra-migrate-meta-layouts":"default","ast-page-background-enabled":"default","ast-page-background-meta":{"desktop":{"background-color":"var(--ast-global-color-5)","background-image":"","background-repeat":"repeat","background-position":"center center","background-size":"auto","background-attachment":"scroll","background-type":"","background-media":"","overlay-type":"","overlay-color":"","overlay-opacity":"","overlay-gradient":""},"tablet":{"background-color":"","background-image":"","background-repeat":"repeat","background-position":"center center","background-size":"auto","background-attachment":"scroll","background-type":"","background-media":"","overlay-type":"","overlay-color":"","overlay-opacity":"","overlay-gradient":""},"mobile":{"background-color":"","background-image":"","background-repeat":"repeat","background-position":"center center","background-size":"auto","background-attachment":"scroll","background-type":"","background-media":"","overlay-type":"","overlay-color":"","overlay-opacity":"","overlay-gradient":""}},"ast-content-background-meta":{"desktop":{"background-color":"var(--ast-global-color-4)","background-image":"","background-repeat":"repeat","background-position":"center center","background-size":"auto","background-attachment":"scroll","background-type":"","background-media":"","overlay-type":"","overlay-color":"","overlay-opacity":"","overlay-gradient":""},"tablet":{"background-color":"var(--ast-global-color-4)","background-image":"","background-repeat":"repeat","background-position":"center center","background-size":"auto","background-attachment":"scroll","background-type":"","background-media":"","overlay-type":"","overlay-color":"","overlay-opacity":"","overlay-gradient":""},"mobile":{"background-color":"var(--ast-global-color-4)","background-image":"","background-repeat":"repeat","background-position":"center center","background-size":"auto","background-attachment":"scroll","background-type":"","background-media":"","overlay-type":"","overlay-color":"","overlay-opacity":"","overlay-gradient":""}}},"product_brand":[],"product_cat":[7208,7248],"product_tag":[5748,5916,5917,5937],"class_list":{"0":"post-35207","1":"product","2":"type-product","3":"status-publish","4":"has-post-thumbnail","6":"product_cat-protecciones-numericas-y-rtu","7":"product_cat-equipos-de-telecontrol-rtu","8":"product_tag-sistema-de-alarmas","9":"product_tag-rtu","10":"product_tag-plasma","11":"product_tag-iec-60870-5-104","12":"desktop-align-left","13":"tablet-align-left","14":"mobile-align-left","16":"first","17":"instock","18":"product-type-simple"},"yoast_head":"<!-- This site is optimized with the Yoast SEO plugin v27.5 - https:\/\/yoast.com\/product\/yoast-seo-wordpress\/ -->\n<title>CIP9030 - Modular, RTU de telecontrol para agrupaciones de subestaci\u00f3n RTE - Protecciones Num\u00e9ricas y RTU par ACTIA Energy<\/title>\n<meta name=\"description\" content=\"Descubra el CIP9030 Calculador de Interfaz de Substaci\u00f3n, dise\u00f1ado para estaciones RTE: supervisi\u00f3n, acceso, alarmas y ciberseguridad avanzada en el coraz\u00f3n de las arquitecturas.\" \/>\n<meta name=\"robots\" content=\"index, follow, max-snippet:-1, max-image-preview:large, max-video-preview:-1\" \/>\n<link rel=\"canonical\" href=\"https:\/\/actiaenergy.com\/es\/solutions\/calculadora-interfaz-substation-cip9030\/\" \/>\n<meta property=\"og:locale\" content=\"es_ES\" \/>\n<meta property=\"og:type\" content=\"article\" \/>\n<meta property=\"og:title\" content=\"CIP9030 - Modular, RTU de telecontrol para agrupaciones de subestaci\u00f3n RTE - Protecciones Num\u00e9ricas y RTU par ACTIA Energy\" \/>\n<meta property=\"og:description\" content=\"Descubra el CIP9030 Calculador de Interfaz de Substaci\u00f3n, dise\u00f1ado para estaciones RTE: supervisi\u00f3n, acceso, alarmas y ciberseguridad avanzada en el coraz\u00f3n de las arquitecturas.\" \/>\n<meta property=\"og:url\" content=\"https:\/\/actiaenergy.com\/es\/solutions\/calculadora-interfaz-substation-cip9030\/\" \/>\n<meta property=\"og:site_name\" content=\"ACTIA Energy\" \/>\n<meta property=\"article:modified_time\" content=\"2026-04-02T10:01:30+00:00\" \/>\n<meta property=\"og:image\" content=\"https:\/\/actiaenergy.com\/wp-content\/uploads\/cip9030-rtu-modules-1080-1-36.webp\" \/>\n\t<meta property=\"og:image:width\" content=\"1080\" \/>\n\t<meta property=\"og:image:height\" content=\"1080\" \/>\n\t<meta property=\"og:image:type\" content=\"image\/webp\" \/>\n<meta name=\"twitter:card\" content=\"summary_large_image\" \/>\n<meta name=\"twitter:label1\" content=\"Tiempo de lectura\" \/>\n\t<meta name=\"twitter:data1\" content=\"2 minutos\" \/>\n<script type=\"application\/ld+json\" class=\"yoast-schema-graph\">{\"@context\":\"https:\\\/\\\/schema.org\",\"@graph\":[{\"@type\":\"WebPage\",\"@id\":\"https:\\\/\\\/actiaenergy.com\\\/es\\\/solutions\\\/calculadora-interfaz-substation-cip9030\\\/\",\"url\":\"https:\\\/\\\/actiaenergy.com\\\/es\\\/solutions\\\/calculadora-interfaz-substation-cip9030\\\/\",\"name\":\"CIP9030 - Modular, RTU de telecontrol para agrupaciones de subestaci\u00f3n RTE - Protecciones Num\u00e9ricas y RTU par ACTIA Energy\",\"isPartOf\":{\"@id\":\"https:\\\/\\\/actiaenergy.com\\\/es\\\/#website\"},\"primaryImageOfPage\":{\"@id\":\"https:\\\/\\\/actiaenergy.com\\\/es\\\/solutions\\\/calculadora-interfaz-substation-cip9030\\\/#primaryimage\"},\"image\":{\"@id\":\"https:\\\/\\\/actiaenergy.com\\\/es\\\/solutions\\\/calculadora-interfaz-substation-cip9030\\\/#primaryimage\"},\"thumbnailUrl\":\"https:\\\/\\\/actiaenergy.com\\\/wp-content\\\/uploads\\\/cip9030-rtu-modules-1080-1-36.webp\",\"datePublished\":\"2025-05-04T22:00:00+00:00\",\"dateModified\":\"2026-04-02T10:01:30+00:00\",\"description\":\"Descubra el CIP9030 Calculador de Interfaz de Substaci\u00f3n, dise\u00f1ado para estaciones RTE: supervisi\u00f3n, acceso, alarmas y ciberseguridad avanzada en el coraz\u00f3n de las arquitecturas.\",\"breadcrumb\":{\"@id\":\"https:\\\/\\\/actiaenergy.com\\\/es\\\/solutions\\\/calculadora-interfaz-substation-cip9030\\\/#breadcrumb\"},\"inLanguage\":\"es\",\"potentialAction\":[{\"@type\":\"ReadAction\",\"target\":[\"https:\\\/\\\/actiaenergy.com\\\/es\\\/solutions\\\/calculadora-interfaz-substation-cip9030\\\/\"]}]},{\"@type\":\"ImageObject\",\"inLanguage\":\"es\",\"@id\":\"https:\\\/\\\/actiaenergy.com\\\/es\\\/solutions\\\/calculadora-interfaz-substation-cip9030\\\/#primaryimage\",\"url\":\"https:\\\/\\\/actiaenergy.com\\\/wp-content\\\/uploads\\\/cip9030-rtu-modules-1080-1-36.webp\",\"contentUrl\":\"https:\\\/\\\/actiaenergy.com\\\/wp-content\\\/uploads\\\/cip9030-rtu-modules-1080-1-36.webp\",\"width\":1080,\"height\":1080,\"caption\":\"Protecciones Num\u00e9ricas y RTU RTU de telecontrol para agrupaciones de subestaci\u00f3n RTE - ACTIA Energy\"},{\"@type\":\"BreadcrumbList\",\"@id\":\"https:\\\/\\\/actiaenergy.com\\\/es\\\/solutions\\\/calculadora-interfaz-substation-cip9030\\\/#breadcrumb\",\"itemListElement\":[{\"@type\":\"ListItem\",\"position\":1,\"name\":\"ACTIA Energy\",\"item\":\"https:\\\/\\\/actiaenergy.com\\\/es\\\/actia-energy\\\/\"},{\"@type\":\"ListItem\",\"position\":2,\"name\":\"Soluciones\",\"item\":\"https:\\\/\\\/actiaenergy.com\\\/es\\\/soluciones\\\/\"},{\"@type\":\"ListItem\",\"position\":3,\"name\":\"RTU de telecontrol para agrupaciones de subestaci\u00f3n RTE\"}]},{\"@type\":\"WebSite\",\"@id\":\"https:\\\/\\\/actiaenergy.com\\\/es\\\/#website\",\"url\":\"https:\\\/\\\/actiaenergy.com\\\/es\\\/\",\"name\":\"ACTIA Energy\",\"description\":\"L&#039;ing\u00e9nierie de l&#039;\u00e9nergie de demain.\",\"publisher\":{\"@id\":\"https:\\\/\\\/actiaenergy.com\\\/es\\\/#organization\"},\"potentialAction\":[{\"@type\":\"SearchAction\",\"target\":{\"@type\":\"EntryPoint\",\"urlTemplate\":\"https:\\\/\\\/actiaenergy.com\\\/es\\\/?s={search_term_string}\"},\"query-input\":{\"@type\":\"PropertyValueSpecification\",\"valueRequired\":true,\"valueName\":\"search_term_string\"}}],\"inLanguage\":\"es\"},{\"@type\":\"Organization\",\"@id\":\"https:\\\/\\\/actiaenergy.com\\\/es\\\/#organization\",\"name\":\"ACTIA Energy\",\"url\":\"https:\\\/\\\/actiaenergy.com\\\/es\\\/\",\"logo\":{\"@type\":\"ImageObject\",\"inLanguage\":\"es\",\"@id\":\"https:\\\/\\\/actiaenergy.com\\\/es\\\/#\\\/schema\\\/logo\\\/image\\\/\",\"url\":\"https:\\\/\\\/actiaenergy.com\\\/wp-content\\\/uploads\\\/Logo-ACTIA-Couleurs-h150.png\",\"contentUrl\":\"https:\\\/\\\/actiaenergy.com\\\/wp-content\\\/uploads\\\/Logo-ACTIA-Couleurs-h150.png\",\"width\":706,\"height\":150,\"caption\":\"ACTIA Energy\"},\"image\":{\"@id\":\"https:\\\/\\\/actiaenergy.com\\\/es\\\/#\\\/schema\\\/logo\\\/image\\\/\"}}]}<\/script>\n<!-- \/ Yoast SEO plugin. -->","yoast_head_json":{"title":"CIP9030 - Modular, RTU de telecontrol para agrupaciones de subestaci\u00f3n RTE - Protecciones Num\u00e9ricas y RTU par ACTIA Energy","description":"Descubra el CIP9030 Calculador de Interfaz de Substaci\u00f3n, dise\u00f1ado para estaciones RTE: supervisi\u00f3n, acceso, alarmas y ciberseguridad avanzada en el coraz\u00f3n de las arquitecturas.","robots":{"index":"index","follow":"follow","max-snippet":"max-snippet:-1","max-image-preview":"max-image-preview:large","max-video-preview":"max-video-preview:-1"},"canonical":"https:\/\/actiaenergy.com\/es\/solutions\/calculadora-interfaz-substation-cip9030\/","og_locale":"es_ES","og_type":"article","og_title":"CIP9030 - Modular, RTU de telecontrol para agrupaciones de subestaci\u00f3n RTE - Protecciones Num\u00e9ricas y RTU par ACTIA Energy","og_description":"Descubra el CIP9030 Calculador de Interfaz de Substaci\u00f3n, dise\u00f1ado para estaciones RTE: supervisi\u00f3n, acceso, alarmas y ciberseguridad avanzada en el coraz\u00f3n de las arquitecturas.","og_url":"https:\/\/actiaenergy.com\/es\/solutions\/calculadora-interfaz-substation-cip9030\/","og_site_name":"ACTIA Energy","article_modified_time":"2026-04-02T10:01:30+00:00","og_image":[{"width":1080,"height":1080,"url":"https:\/\/actiaenergy.com\/wp-content\/uploads\/cip9030-rtu-modules-1080-1-36.webp","type":"image\/webp"}],"twitter_card":"summary_large_image","twitter_misc":{"Tiempo de lectura":"2 minutos"},"schema":{"@context":"https:\/\/schema.org","@graph":[{"@type":"WebPage","@id":"https:\/\/actiaenergy.com\/es\/solutions\/calculadora-interfaz-substation-cip9030\/","url":"https:\/\/actiaenergy.com\/es\/solutions\/calculadora-interfaz-substation-cip9030\/","name":"CIP9030 - Modular, RTU de telecontrol para agrupaciones de subestaci\u00f3n RTE - Protecciones Num\u00e9ricas y RTU par ACTIA Energy","isPartOf":{"@id":"https:\/\/actiaenergy.com\/es\/#website"},"primaryImageOfPage":{"@id":"https:\/\/actiaenergy.com\/es\/solutions\/calculadora-interfaz-substation-cip9030\/#primaryimage"},"image":{"@id":"https:\/\/actiaenergy.com\/es\/solutions\/calculadora-interfaz-substation-cip9030\/#primaryimage"},"thumbnailUrl":"https:\/\/actiaenergy.com\/wp-content\/uploads\/cip9030-rtu-modules-1080-1-36.webp","datePublished":"2025-05-04T22:00:00+00:00","dateModified":"2026-04-02T10:01:30+00:00","description":"Descubra el CIP9030 Calculador de Interfaz de Substaci\u00f3n, dise\u00f1ado para estaciones RTE: supervisi\u00f3n, acceso, alarmas y ciberseguridad avanzada en el coraz\u00f3n de las arquitecturas.","breadcrumb":{"@id":"https:\/\/actiaenergy.com\/es\/solutions\/calculadora-interfaz-substation-cip9030\/#breadcrumb"},"inLanguage":"es","potentialAction":[{"@type":"ReadAction","target":["https:\/\/actiaenergy.com\/es\/solutions\/calculadora-interfaz-substation-cip9030\/"]}]},{"@type":"ImageObject","inLanguage":"es","@id":"https:\/\/actiaenergy.com\/es\/solutions\/calculadora-interfaz-substation-cip9030\/#primaryimage","url":"https:\/\/actiaenergy.com\/wp-content\/uploads\/cip9030-rtu-modules-1080-1-36.webp","contentUrl":"https:\/\/actiaenergy.com\/wp-content\/uploads\/cip9030-rtu-modules-1080-1-36.webp","width":1080,"height":1080,"caption":"Protecciones Num\u00e9ricas y RTU RTU de telecontrol para agrupaciones de subestaci\u00f3n RTE - ACTIA Energy"},{"@type":"BreadcrumbList","@id":"https:\/\/actiaenergy.com\/es\/solutions\/calculadora-interfaz-substation-cip9030\/#breadcrumb","itemListElement":[{"@type":"ListItem","position":1,"name":"ACTIA Energy","item":"https:\/\/actiaenergy.com\/es\/actia-energy\/"},{"@type":"ListItem","position":2,"name":"Soluciones","item":"https:\/\/actiaenergy.com\/es\/soluciones\/"},{"@type":"ListItem","position":3,"name":"RTU de telecontrol para agrupaciones de subestaci\u00f3n RTE"}]},{"@type":"WebSite","@id":"https:\/\/actiaenergy.com\/es\/#website","url":"https:\/\/actiaenergy.com\/es\/","name":"ACTIA Energy","description":"L&#039;ing\u00e9nierie de l&#039;\u00e9nergie de demain.","publisher":{"@id":"https:\/\/actiaenergy.com\/es\/#organization"},"potentialAction":[{"@type":"SearchAction","target":{"@type":"EntryPoint","urlTemplate":"https:\/\/actiaenergy.com\/es\/?s={search_term_string}"},"query-input":{"@type":"PropertyValueSpecification","valueRequired":true,"valueName":"search_term_string"}}],"inLanguage":"es"},{"@type":"Organization","@id":"https:\/\/actiaenergy.com\/es\/#organization","name":"ACTIA Energy","url":"https:\/\/actiaenergy.com\/es\/","logo":{"@type":"ImageObject","inLanguage":"es","@id":"https:\/\/actiaenergy.com\/es\/#\/schema\/logo\/image\/","url":"https:\/\/actiaenergy.com\/wp-content\/uploads\/Logo-ACTIA-Couleurs-h150.png","contentUrl":"https:\/\/actiaenergy.com\/wp-content\/uploads\/Logo-ACTIA-Couleurs-h150.png","width":706,"height":150,"caption":"ACTIA Energy"},"image":{"@id":"https:\/\/actiaenergy.com\/es\/#\/schema\/logo\/image\/"}}]}},"_links":{"self":[{"href":"https:\/\/actiaenergy.com\/es\/wp-json\/wp\/v2\/product\/35207","targetHints":{"allow":["GET"]}}],"collection":[{"href":"https:\/\/actiaenergy.com\/es\/wp-json\/wp\/v2\/product"}],"about":[{"href":"https:\/\/actiaenergy.com\/es\/wp-json\/wp\/v2\/types\/product"}],"wp:featuredmedia":[{"embeddable":true,"href":"https:\/\/actiaenergy.com\/es\/wp-json\/wp\/v2\/media\/35197"}],"wp:attachment":[{"href":"https:\/\/actiaenergy.com\/es\/wp-json\/wp\/v2\/media?parent=35207"}],"wp:term":[{"taxonomy":"product_brand","embeddable":true,"href":"https:\/\/actiaenergy.com\/es\/wp-json\/wp\/v2\/product_brand?post=35207"},{"taxonomy":"product_cat","embeddable":true,"href":"https:\/\/actiaenergy.com\/es\/wp-json\/wp\/v2\/product_cat?post=35207"},{"taxonomy":"product_tag","embeddable":true,"href":"https:\/\/actiaenergy.com\/es\/wp-json\/wp\/v2\/product_tag?post=35207"}],"curies":[{"name":"wp","href":"https:\/\/api.w.org\/{rel}","templated":true}]}}