{"id":35222,"date":"2025-05-05T00:00:00","date_gmt":"2025-05-04T22:00:00","guid":{"rendered":"https:\/\/actiaenergy.com\/solutions\/calculadora-interfaz-substacion-cip9035\/"},"modified":"2026-04-02T12:02:05","modified_gmt":"2026-04-02T10:02:05","slug":"calculadora-interfaz-substacion-cip9035","status":"publish","type":"product","link":"https:\/\/actiaenergy.com\/es\/solutions\/calculadora-interfaz-substacion-cip9035\/","title":{"rendered":"RTU modular para telecontrol de subestaciones de alta tensi\u00f3n"},"content":{"rendered":"<p class=\"product-description\">El CIP9035, Calculador de Interfaz de Subestaci\u00f3n instalado en las subestaciones fuente ATB \/ ATD, es un equipo de telecontrol (RTU) que garantiza:<\/p>\n<ul>\n<li>La adquisici\u00f3n de los datos de las protecciones digitales en Modbus o IEC 61850<\/li>\n<li>La adquisici\u00f3n de los datos cableados de la subestaci\u00f3n fuente<\/li>\n<li>La transmisi\u00f3n de los datos hacia los centros de supervisi\u00f3n mediante IEC 60870-5-104<\/li>\n<li>El control de los \u00f3rganos de las protecciones en Modbus o IEC 61850 y cableados<\/li>\n<\/ul>\n<p class=\"product-description\">El CIP9035 desempe\u00f1a el papel de pasarela entre los equipos del tablero de control (Subestaci\u00f3n controlada: equipos de protecci\u00f3n) y los sistemas de supervisi\u00f3n SCADA de la estaci\u00f3n de operaci\u00f3n.<\/p>\n<p class=\"product-description\">El calculador de interfaz de subestaci\u00f3n CIP9035 es modular y puede integrar:<\/p>\n<ul>\n<li>Hasta 2 m\u00f3dulos CPU si se requiere redundancia de la tarjeta CPU<\/li>\n<li>Varios m\u00f3dulos de alimentaci\u00f3n si se requiere redundancia de la alimentaci\u00f3n o en funci\u00f3n de la potencia solicitada por los dem\u00e1s m\u00f3dulos del equipo<\/li>\n<li>Varios m\u00f3dulos de adquisici\u00f3n y control de Entradas \/ Salidas L\u00f3gicas (E\/S TOR)<\/li>\n<li>M\u00f3dulos de adquisici\u00f3n y control de Entradas \/ Salidas Anal\u00f3gicas -20mA\/+20mA<\/li>\n<\/ul>\n<p class=\"product-description\">Gracias a sus m\u00faltiples protocolos integrados, el CIP9035 puede garantizar la gesti\u00f3n de distintos tipos de datos (Telesenalizaci\u00f3n (TS), Telemedidas (TM), Telemandos (TC), Televalor de consigna (TVC)) con diferentes tipos de redes (Modbus RTU, IEC 61850, cableado).<\/p>\n","protected":false},"excerpt":{"rendered":"<p>El calculador de interfaz de estaci\u00f3n CIP9035 es una RTU modular destinada al telecontrol y la supervisi\u00f3n de redes el\u00e9ctricas. Es compatible con IEC 60870-5-104, IEC 61850 y Modbus RTU.<\/p>\n","protected":false},"featured_media":35209,"template":"","meta":{"site-sidebar-layout":"default","site-content-layout":"","ast-site-content-layout":"default","site-content-style":"default","site-sidebar-style":"default","ast-global-header-display":"","ast-banner-title-visibility":"","ast-main-header-display":"","ast-hfb-above-header-display":"","ast-hfb-below-header-display":"","ast-hfb-mobile-header-display":"","site-post-title":"","ast-breadcrumbs-content":"","ast-featured-img":"","footer-sml-layout":"","ast-disable-related-posts":"","theme-transparent-header-meta":"","adv-header-id-meta":"","stick-header-meta":"","header-above-stick-meta":"","header-main-stick-meta":"","header-below-stick-meta":"","astra-migrate-meta-layouts":"default","ast-page-background-enabled":"default","ast-page-background-meta":{"desktop":{"background-color":"var(--ast-global-color-5)","background-image":"","background-repeat":"repeat","background-position":"center center","background-size":"auto","background-attachment":"scroll","background-type":"","background-media":"","overlay-type":"","overlay-color":"","overlay-opacity":"","overlay-gradient":""},"tablet":{"background-color":"","background-image":"","background-repeat":"repeat","background-position":"center center","background-size":"auto","background-attachment":"scroll","background-type":"","background-media":"","overlay-type":"","overlay-color":"","overlay-opacity":"","overlay-gradient":""},"mobile":{"background-color":"","background-image":"","background-repeat":"repeat","background-position":"center center","background-size":"auto","background-attachment":"scroll","background-type":"","background-media":"","overlay-type":"","overlay-color":"","overlay-opacity":"","overlay-gradient":""}},"ast-content-background-meta":{"desktop":{"background-color":"var(--ast-global-color-4)","background-image":"","background-repeat":"repeat","background-position":"center center","background-size":"auto","background-attachment":"scroll","background-type":"","background-media":"","overlay-type":"","overlay-color":"","overlay-opacity":"","overlay-gradient":""},"tablet":{"background-color":"var(--ast-global-color-4)","background-image":"","background-repeat":"repeat","background-position":"center center","background-size":"auto","background-attachment":"scroll","background-type":"","background-media":"","overlay-type":"","overlay-color":"","overlay-opacity":"","overlay-gradient":""},"mobile":{"background-color":"var(--ast-global-color-4)","background-image":"","background-repeat":"repeat","background-position":"center center","background-size":"auto","background-attachment":"scroll","background-type":"","background-media":"","overlay-type":"","overlay-color":"","overlay-opacity":"","overlay-gradient":""}}},"product_brand":[],"product_cat":[7208,7253],"product_tag":[5916,5919,5937,5945,7254,7255],"class_list":{"0":"post-35222","1":"product","2":"type-product","3":"status-publish","4":"has-post-thumbnail","6":"product_cat-protecciones-numericas-y-rtu","7":"product_cat-rtu-para-subestacione-electrica","8":"product_tag-rtu","9":"product_tag-modbus","10":"product_tag-iec-60870-5-104","11":"product_tag-iec-61850","12":"product_tag-red-electrica","13":"product_tag-control-y-comando-digital","14":"desktop-align-left","15":"tablet-align-left","16":"mobile-align-left","18":"first","19":"instock","20":"product-type-simple"},"yoast_head":"<!-- This site is optimized with the Yoast SEO plugin v27.5 - https:\/\/yoast.com\/product\/yoast-seo-wordpress\/ -->\n<title>CIP9035 - Modular, RTU modular para telecontrol de subestaciones de alta tensi\u00f3n - Protecciones Num\u00e9ricas y RTU par ACTIA Energy<\/title>\n<meta name=\"description\" content=\"Descubra el CIP9035 Calculador de interfaz de estaci\u00f3n: un RTU fiable, escalable y seguro, dise\u00f1ado para satisfacer los requisitos cr\u00edticos de las redes el\u00e9ctricas.\" \/>\n<meta name=\"robots\" content=\"index, follow, max-snippet:-1, max-image-preview:large, max-video-preview:-1\" \/>\n<link rel=\"canonical\" href=\"https:\/\/actiaenergy.com\/es\/solutions\/calculadora-interfaz-substacion-cip9035\/\" \/>\n<meta property=\"og:locale\" content=\"es_ES\" \/>\n<meta property=\"og:type\" content=\"article\" \/>\n<meta property=\"og:title\" content=\"CIP9035 - Modular, RTU modular para telecontrol de subestaciones de alta tensi\u00f3n - Protecciones Num\u00e9ricas y RTU par ACTIA Energy\" \/>\n<meta property=\"og:description\" content=\"Descubra el CIP9035 Calculador de interfaz de estaci\u00f3n: un RTU fiable, escalable y seguro, dise\u00f1ado para satisfacer los requisitos cr\u00edticos de las redes el\u00e9ctricas.\" \/>\n<meta property=\"og:url\" content=\"https:\/\/actiaenergy.com\/es\/solutions\/calculadora-interfaz-substacion-cip9035\/\" \/>\n<meta property=\"og:site_name\" content=\"ACTIA Energy\" \/>\n<meta property=\"article:modified_time\" content=\"2026-04-02T10:02:05+00:00\" \/>\n<meta property=\"og:image\" content=\"https:\/\/actiaenergy.com\/wp-content\/uploads\/cip9035-rtu-modules-1080-1-37.webp\" \/>\n\t<meta property=\"og:image:width\" content=\"1080\" \/>\n\t<meta property=\"og:image:height\" content=\"1080\" \/>\n\t<meta property=\"og:image:type\" content=\"image\/webp\" \/>\n<meta name=\"twitter:card\" content=\"summary_large_image\" \/>\n<meta name=\"twitter:label1\" content=\"Tiempo de lectura\" \/>\n\t<meta name=\"twitter:data1\" content=\"1 minuto\" \/>\n<script type=\"application\/ld+json\" class=\"yoast-schema-graph\">{\"@context\":\"https:\\\/\\\/schema.org\",\"@graph\":[{\"@type\":\"WebPage\",\"@id\":\"https:\\\/\\\/actiaenergy.com\\\/es\\\/solutions\\\/calculadora-interfaz-substacion-cip9035\\\/\",\"url\":\"https:\\\/\\\/actiaenergy.com\\\/es\\\/solutions\\\/calculadora-interfaz-substacion-cip9035\\\/\",\"name\":\"CIP9035 - Modular, RTU modular para telecontrol de subestaciones de alta tensi\u00f3n - Protecciones Num\u00e9ricas y RTU par ACTIA Energy\",\"isPartOf\":{\"@id\":\"https:\\\/\\\/actiaenergy.com\\\/es\\\/#website\"},\"primaryImageOfPage\":{\"@id\":\"https:\\\/\\\/actiaenergy.com\\\/es\\\/solutions\\\/calculadora-interfaz-substacion-cip9035\\\/#primaryimage\"},\"image\":{\"@id\":\"https:\\\/\\\/actiaenergy.com\\\/es\\\/solutions\\\/calculadora-interfaz-substacion-cip9035\\\/#primaryimage\"},\"thumbnailUrl\":\"https:\\\/\\\/actiaenergy.com\\\/wp-content\\\/uploads\\\/cip9035-rtu-modules-1080-1-37.webp\",\"datePublished\":\"2025-05-04T22:00:00+00:00\",\"dateModified\":\"2026-04-02T10:02:05+00:00\",\"description\":\"Descubra el CIP9035 Calculador de interfaz de estaci\u00f3n: un RTU fiable, escalable y seguro, dise\u00f1ado para satisfacer los requisitos cr\u00edticos de las redes el\u00e9ctricas.\",\"breadcrumb\":{\"@id\":\"https:\\\/\\\/actiaenergy.com\\\/es\\\/solutions\\\/calculadora-interfaz-substacion-cip9035\\\/#breadcrumb\"},\"inLanguage\":\"es\",\"potentialAction\":[{\"@type\":\"ReadAction\",\"target\":[\"https:\\\/\\\/actiaenergy.com\\\/es\\\/solutions\\\/calculadora-interfaz-substacion-cip9035\\\/\"]}]},{\"@type\":\"ImageObject\",\"inLanguage\":\"es\",\"@id\":\"https:\\\/\\\/actiaenergy.com\\\/es\\\/solutions\\\/calculadora-interfaz-substacion-cip9035\\\/#primaryimage\",\"url\":\"https:\\\/\\\/actiaenergy.com\\\/wp-content\\\/uploads\\\/cip9035-rtu-modules-1080-1-37.webp\",\"contentUrl\":\"https:\\\/\\\/actiaenergy.com\\\/wp-content\\\/uploads\\\/cip9035-rtu-modules-1080-1-37.webp\",\"width\":1080,\"height\":1080,\"caption\":\"Protecciones Num\u00e9ricas y RTU RTU modular para telecontrol de subestaciones de alta tensi\u00f3n - ACTIA Energy\"},{\"@type\":\"BreadcrumbList\",\"@id\":\"https:\\\/\\\/actiaenergy.com\\\/es\\\/solutions\\\/calculadora-interfaz-substacion-cip9035\\\/#breadcrumb\",\"itemListElement\":[{\"@type\":\"ListItem\",\"position\":1,\"name\":\"ACTIA Energy\",\"item\":\"https:\\\/\\\/actiaenergy.com\\\/es\\\/actia-energy\\\/\"},{\"@type\":\"ListItem\",\"position\":2,\"name\":\"Soluciones\",\"item\":\"https:\\\/\\\/actiaenergy.com\\\/es\\\/soluciones\\\/\"},{\"@type\":\"ListItem\",\"position\":3,\"name\":\"RTU modular para telecontrol de subestaciones de alta tensi\u00f3n\"}]},{\"@type\":\"WebSite\",\"@id\":\"https:\\\/\\\/actiaenergy.com\\\/es\\\/#website\",\"url\":\"https:\\\/\\\/actiaenergy.com\\\/es\\\/\",\"name\":\"ACTIA Energy\",\"description\":\"L&#039;ing\u00e9nierie de l&#039;\u00e9nergie de demain.\",\"publisher\":{\"@id\":\"https:\\\/\\\/actiaenergy.com\\\/es\\\/#organization\"},\"potentialAction\":[{\"@type\":\"SearchAction\",\"target\":{\"@type\":\"EntryPoint\",\"urlTemplate\":\"https:\\\/\\\/actiaenergy.com\\\/es\\\/?s={search_term_string}\"},\"query-input\":{\"@type\":\"PropertyValueSpecification\",\"valueRequired\":true,\"valueName\":\"search_term_string\"}}],\"inLanguage\":\"es\"},{\"@type\":\"Organization\",\"@id\":\"https:\\\/\\\/actiaenergy.com\\\/es\\\/#organization\",\"name\":\"ACTIA Energy\",\"url\":\"https:\\\/\\\/actiaenergy.com\\\/es\\\/\",\"logo\":{\"@type\":\"ImageObject\",\"inLanguage\":\"es\",\"@id\":\"https:\\\/\\\/actiaenergy.com\\\/es\\\/#\\\/schema\\\/logo\\\/image\\\/\",\"url\":\"https:\\\/\\\/actiaenergy.com\\\/wp-content\\\/uploads\\\/Logo-ACTIA-Couleurs-h150.png\",\"contentUrl\":\"https:\\\/\\\/actiaenergy.com\\\/wp-content\\\/uploads\\\/Logo-ACTIA-Couleurs-h150.png\",\"width\":706,\"height\":150,\"caption\":\"ACTIA Energy\"},\"image\":{\"@id\":\"https:\\\/\\\/actiaenergy.com\\\/es\\\/#\\\/schema\\\/logo\\\/image\\\/\"}}]}<\/script>\n<!-- \/ Yoast SEO plugin. -->","yoast_head_json":{"title":"CIP9035 - Modular, RTU modular para telecontrol de subestaciones de alta tensi\u00f3n - Protecciones Num\u00e9ricas y RTU par ACTIA Energy","description":"Descubra el CIP9035 Calculador de interfaz de estaci\u00f3n: un RTU fiable, escalable y seguro, dise\u00f1ado para satisfacer los requisitos cr\u00edticos de las redes el\u00e9ctricas.","robots":{"index":"index","follow":"follow","max-snippet":"max-snippet:-1","max-image-preview":"max-image-preview:large","max-video-preview":"max-video-preview:-1"},"canonical":"https:\/\/actiaenergy.com\/es\/solutions\/calculadora-interfaz-substacion-cip9035\/","og_locale":"es_ES","og_type":"article","og_title":"CIP9035 - Modular, RTU modular para telecontrol de subestaciones de alta tensi\u00f3n - Protecciones Num\u00e9ricas y RTU par ACTIA Energy","og_description":"Descubra el CIP9035 Calculador de interfaz de estaci\u00f3n: un RTU fiable, escalable y seguro, dise\u00f1ado para satisfacer los requisitos cr\u00edticos de las redes el\u00e9ctricas.","og_url":"https:\/\/actiaenergy.com\/es\/solutions\/calculadora-interfaz-substacion-cip9035\/","og_site_name":"ACTIA Energy","article_modified_time":"2026-04-02T10:02:05+00:00","og_image":[{"width":1080,"height":1080,"url":"https:\/\/actiaenergy.com\/wp-content\/uploads\/cip9035-rtu-modules-1080-1-37.webp","type":"image\/webp"}],"twitter_card":"summary_large_image","twitter_misc":{"Tiempo de lectura":"1 minuto"},"schema":{"@context":"https:\/\/schema.org","@graph":[{"@type":"WebPage","@id":"https:\/\/actiaenergy.com\/es\/solutions\/calculadora-interfaz-substacion-cip9035\/","url":"https:\/\/actiaenergy.com\/es\/solutions\/calculadora-interfaz-substacion-cip9035\/","name":"CIP9035 - Modular, RTU modular para telecontrol de subestaciones de alta tensi\u00f3n - Protecciones Num\u00e9ricas y RTU par ACTIA Energy","isPartOf":{"@id":"https:\/\/actiaenergy.com\/es\/#website"},"primaryImageOfPage":{"@id":"https:\/\/actiaenergy.com\/es\/solutions\/calculadora-interfaz-substacion-cip9035\/#primaryimage"},"image":{"@id":"https:\/\/actiaenergy.com\/es\/solutions\/calculadora-interfaz-substacion-cip9035\/#primaryimage"},"thumbnailUrl":"https:\/\/actiaenergy.com\/wp-content\/uploads\/cip9035-rtu-modules-1080-1-37.webp","datePublished":"2025-05-04T22:00:00+00:00","dateModified":"2026-04-02T10:02:05+00:00","description":"Descubra el CIP9035 Calculador de interfaz de estaci\u00f3n: un RTU fiable, escalable y seguro, dise\u00f1ado para satisfacer los requisitos cr\u00edticos de las redes el\u00e9ctricas.","breadcrumb":{"@id":"https:\/\/actiaenergy.com\/es\/solutions\/calculadora-interfaz-substacion-cip9035\/#breadcrumb"},"inLanguage":"es","potentialAction":[{"@type":"ReadAction","target":["https:\/\/actiaenergy.com\/es\/solutions\/calculadora-interfaz-substacion-cip9035\/"]}]},{"@type":"ImageObject","inLanguage":"es","@id":"https:\/\/actiaenergy.com\/es\/solutions\/calculadora-interfaz-substacion-cip9035\/#primaryimage","url":"https:\/\/actiaenergy.com\/wp-content\/uploads\/cip9035-rtu-modules-1080-1-37.webp","contentUrl":"https:\/\/actiaenergy.com\/wp-content\/uploads\/cip9035-rtu-modules-1080-1-37.webp","width":1080,"height":1080,"caption":"Protecciones Num\u00e9ricas y RTU RTU modular para telecontrol de subestaciones de alta tensi\u00f3n - ACTIA Energy"},{"@type":"BreadcrumbList","@id":"https:\/\/actiaenergy.com\/es\/solutions\/calculadora-interfaz-substacion-cip9035\/#breadcrumb","itemListElement":[{"@type":"ListItem","position":1,"name":"ACTIA Energy","item":"https:\/\/actiaenergy.com\/es\/actia-energy\/"},{"@type":"ListItem","position":2,"name":"Soluciones","item":"https:\/\/actiaenergy.com\/es\/soluciones\/"},{"@type":"ListItem","position":3,"name":"RTU modular para telecontrol de subestaciones de alta tensi\u00f3n"}]},{"@type":"WebSite","@id":"https:\/\/actiaenergy.com\/es\/#website","url":"https:\/\/actiaenergy.com\/es\/","name":"ACTIA Energy","description":"L&#039;ing\u00e9nierie de l&#039;\u00e9nergie de demain.","publisher":{"@id":"https:\/\/actiaenergy.com\/es\/#organization"},"potentialAction":[{"@type":"SearchAction","target":{"@type":"EntryPoint","urlTemplate":"https:\/\/actiaenergy.com\/es\/?s={search_term_string}"},"query-input":{"@type":"PropertyValueSpecification","valueRequired":true,"valueName":"search_term_string"}}],"inLanguage":"es"},{"@type":"Organization","@id":"https:\/\/actiaenergy.com\/es\/#organization","name":"ACTIA Energy","url":"https:\/\/actiaenergy.com\/es\/","logo":{"@type":"ImageObject","inLanguage":"es","@id":"https:\/\/actiaenergy.com\/es\/#\/schema\/logo\/image\/","url":"https:\/\/actiaenergy.com\/wp-content\/uploads\/Logo-ACTIA-Couleurs-h150.png","contentUrl":"https:\/\/actiaenergy.com\/wp-content\/uploads\/Logo-ACTIA-Couleurs-h150.png","width":706,"height":150,"caption":"ACTIA Energy"},"image":{"@id":"https:\/\/actiaenergy.com\/es\/#\/schema\/logo\/image\/"}}]}},"_links":{"self":[{"href":"https:\/\/actiaenergy.com\/es\/wp-json\/wp\/v2\/product\/35222","targetHints":{"allow":["GET"]}}],"collection":[{"href":"https:\/\/actiaenergy.com\/es\/wp-json\/wp\/v2\/product"}],"about":[{"href":"https:\/\/actiaenergy.com\/es\/wp-json\/wp\/v2\/types\/product"}],"wp:featuredmedia":[{"embeddable":true,"href":"https:\/\/actiaenergy.com\/es\/wp-json\/wp\/v2\/media\/35209"}],"wp:attachment":[{"href":"https:\/\/actiaenergy.com\/es\/wp-json\/wp\/v2\/media?parent=35222"}],"wp:term":[{"taxonomy":"product_brand","embeddable":true,"href":"https:\/\/actiaenergy.com\/es\/wp-json\/wp\/v2\/product_brand?post=35222"},{"taxonomy":"product_cat","embeddable":true,"href":"https:\/\/actiaenergy.com\/es\/wp-json\/wp\/v2\/product_cat?post=35222"},{"taxonomy":"product_tag","embeddable":true,"href":"https:\/\/actiaenergy.com\/es\/wp-json\/wp\/v2\/product_tag?post=35222"}],"curies":[{"name":"wp","href":"https:\/\/api.w.org\/{rel}","templated":true}]}}