{"id":35228,"date":"2025-05-05T00:00:00","date_gmt":"2025-05-04T22:00:00","guid":{"rendered":"https:\/\/actiaenergy.com\/solutions\/control-mando-numerico-ccn9035\/"},"modified":"2026-04-02T12:02:42","modified_gmt":"2026-04-02T10:02:42","slug":"control-mando-numerico-ccn9035","status":"publish","type":"product","link":"https:\/\/actiaenergy.com\/es\/solutions\/control-mando-numerico-ccn9035\/","title":{"rendered":"Sistema de control y mando digital para subestaciones de MT\/BT"},"content":{"rendered":"<p class=\"product-description\">El CCN9035 es un equipo de Control y Mando Digital de alto rendimiento, dise\u00f1ado para la gesti\u00f3n de subestaciones el\u00e9ctricas de alta\/media tensi\u00f3n. Integra un tablero 42U y un calculador de subestaci\u00f3n que garantiza la supervisi\u00f3n y el control de las instalaciones el\u00e9ctricas con gran precisi\u00f3n.<\/p>\n<p class=\"product-description\">Este calculador de subestaci\u00f3n est\u00e1 conectado a los sistemas de protecci\u00f3n IED de la subestaci\u00f3n el\u00e9ctrica mediante el protocolo IEC 61850, garantizando una comunicaci\u00f3n fiable. Tambi\u00e9n dispone de bornes de intercambio para algunas telesenalizaciones y telemandos, lo que permite un control a distancia para los niveles antiguos.<\/p>\n<p class=\"product-description\">Para garantizar una sincronizaci\u00f3n perfecta, el calculador CCN9035 utiliza un reloj GPS con el protocolo NTP (Network Time Protocol), asegurando as\u00ed una precisi\u00f3n temporal indispensable para la gesti\u00f3n de las instalaciones el\u00e9ctricas.<\/p>\n<p class=\"product-description\">El CCN9035 est\u00e1 equipado con un Puesto de Operador Local Gr\u00e1fico que permite operar directamente la subestaci\u00f3n in situ, ofreciendo as\u00ed la m\u00e1xima flexibilidad para las intervenciones sobre el terreno.<\/p>\n<p class=\"product-description\">El CCN9035 tambi\u00e9n est\u00e1 conectado mediante el protocolo IEC 60870-5-104 a los sistemas de telecontrol, como las soluciones SCADA y de despacho, permitiendo una gesti\u00f3n en tiempo real de las instalaciones el\u00e9ctricas.<\/p>\n<p class=\"product-description\">Gracias a sus funcionalidades avanzadas y a su arquitectura robusta, el CCN9035 garantiza una gesti\u00f3n eficiente y fiable de las subestaciones el\u00e9ctricas de alta tensi\u00f3n.<\/p>\n","protected":false},"excerpt":{"rendered":"<p>El CCN9035 gestiona las subestaciones alta\/media tensi\u00f3n, integra las protecciones IED a trav\u00e9s del protocolo CEI-61850 y se comunica con los sistemas de telecontrol a trav\u00e9s del protocolo CEI870-5-104.<\/p>\n","protected":false},"featured_media":35224,"template":"","meta":{"site-sidebar-layout":"default","site-content-layout":"","ast-site-content-layout":"default","site-content-style":"default","site-sidebar-style":"default","ast-global-header-display":"","ast-banner-title-visibility":"","ast-main-header-display":"","ast-hfb-above-header-display":"","ast-hfb-below-header-display":"","ast-hfb-mobile-header-display":"","site-post-title":"","ast-breadcrumbs-content":"","ast-featured-img":"","footer-sml-layout":"","ast-disable-related-posts":"","theme-transparent-header-meta":"","adv-header-id-meta":"","stick-header-meta":"","header-above-stick-meta":"","header-main-stick-meta":"","header-below-stick-meta":"","astra-migrate-meta-layouts":"default","ast-page-background-enabled":"default","ast-page-background-meta":{"desktop":{"background-color":"var(--ast-global-color-5)","background-image":"","background-repeat":"repeat","background-position":"center center","background-size":"auto","background-attachment":"scroll","background-type":"","background-media":"","overlay-type":"","overlay-color":"","overlay-opacity":"","overlay-gradient":""},"tablet":{"background-color":"","background-image":"","background-repeat":"repeat","background-position":"center center","background-size":"auto","background-attachment":"scroll","background-type":"","background-media":"","overlay-type":"","overlay-color":"","overlay-opacity":"","overlay-gradient":""},"mobile":{"background-color":"","background-image":"","background-repeat":"repeat","background-position":"center center","background-size":"auto","background-attachment":"scroll","background-type":"","background-media":"","overlay-type":"","overlay-color":"","overlay-opacity":"","overlay-gradient":""}},"ast-content-background-meta":{"desktop":{"background-color":"var(--ast-global-color-4)","background-image":"","background-repeat":"repeat","background-position":"center center","background-size":"auto","background-attachment":"scroll","background-type":"","background-media":"","overlay-type":"","overlay-color":"","overlay-opacity":"","overlay-gradient":""},"tablet":{"background-color":"var(--ast-global-color-4)","background-image":"","background-repeat":"repeat","background-position":"center center","background-size":"auto","background-attachment":"scroll","background-type":"","background-media":"","overlay-type":"","overlay-color":"","overlay-opacity":"","overlay-gradient":""},"mobile":{"background-color":"var(--ast-global-color-4)","background-image":"","background-repeat":"repeat","background-position":"center center","background-size":"auto","background-attachment":"scroll","background-type":"","background-media":"","overlay-type":"","overlay-color":"","overlay-opacity":"","overlay-gradient":""}}},"product_brand":[],"product_cat":[7208,7253],"product_tag":[184,5913,5916,5937,5945,7227,7259,7260],"class_list":{"0":"post-35228","1":"product","2":"type-product","3":"status-publish","4":"has-post-thumbnail","6":"product_cat-protecciones-numericas-y-rtu","7":"product_cat-rtu-para-subestacione-electrica","8":"product_tag-supervision","9":"product_tag-scada","10":"product_tag-rtu","11":"product_tag-iec-60870-5-104","12":"product_tag-iec-61850","13":"product_tag-telecontrol","14":"product_tag-subestacion-media-tension","15":"product_tag-subestacion-at","16":"desktop-align-left","17":"tablet-align-left","18":"mobile-align-left","20":"first","21":"instock","22":"product-type-simple"},"yoast_head":"<!-- This site is optimized with the Yoast SEO plugin v27.5 - https:\/\/yoast.com\/product\/yoast-seo-wordpress\/ -->\n<title>CCN9035, Sistema de control y mando digital para subestaciones de MT\/BT - Protecciones Num\u00e9ricas y RTU par ACTIA Energy<\/title>\n<meta name=\"description\" content=\"El CCN9035 es un control digital para estaciones de alta\/media tensi\u00f3n, que integra CEI-61850, CEI870-5-104, NTP, telecontrol y supervisi\u00f3n local.\" \/>\n<meta name=\"robots\" content=\"index, follow, max-snippet:-1, max-image-preview:large, max-video-preview:-1\" \/>\n<link rel=\"canonical\" href=\"https:\/\/actiaenergy.com\/es\/solutions\/control-mando-numerico-ccn9035\/\" \/>\n<meta property=\"og:locale\" content=\"es_ES\" \/>\n<meta property=\"og:type\" content=\"article\" \/>\n<meta property=\"og:title\" content=\"CCN9035, Sistema de control y mando digital para subestaciones de MT\/BT - Protecciones Num\u00e9ricas y RTU par ACTIA Energy\" \/>\n<meta property=\"og:description\" content=\"El CCN9035 es un control digital para estaciones de alta\/media tensi\u00f3n, que integra CEI-61850, CEI870-5-104, NTP, telecontrol y supervisi\u00f3n local.\" \/>\n<meta property=\"og:url\" content=\"https:\/\/actiaenergy.com\/es\/solutions\/control-mando-numerico-ccn9035\/\" \/>\n<meta property=\"og:site_name\" content=\"ACTIA Energy\" \/>\n<meta property=\"article:modified_time\" content=\"2026-04-02T10:02:42+00:00\" \/>\n<meta property=\"og:image\" content=\"https:\/\/actiaenergy.com\/wp-content\/uploads\/controle-commande-numerique-ccn9035-1080-1-37.webp\" \/>\n\t<meta property=\"og:image:width\" content=\"1080\" \/>\n\t<meta property=\"og:image:height\" content=\"1080\" \/>\n\t<meta property=\"og:image:type\" content=\"image\/webp\" \/>\n<meta name=\"twitter:card\" content=\"summary_large_image\" \/>\n<meta name=\"twitter:label1\" content=\"Tiempo de lectura\" \/>\n\t<meta name=\"twitter:data1\" content=\"1 minuto\" \/>\n<script type=\"application\/ld+json\" class=\"yoast-schema-graph\">{\"@context\":\"https:\\\/\\\/schema.org\",\"@graph\":[{\"@type\":\"WebPage\",\"@id\":\"https:\\\/\\\/actiaenergy.com\\\/es\\\/solutions\\\/control-mando-numerico-ccn9035\\\/\",\"url\":\"https:\\\/\\\/actiaenergy.com\\\/es\\\/solutions\\\/control-mando-numerico-ccn9035\\\/\",\"name\":\"CCN9035, Sistema de control y mando digital para subestaciones de MT\\\/BT - Protecciones Num\u00e9ricas y RTU par ACTIA Energy\",\"isPartOf\":{\"@id\":\"https:\\\/\\\/actiaenergy.com\\\/es\\\/#website\"},\"primaryImageOfPage\":{\"@id\":\"https:\\\/\\\/actiaenergy.com\\\/es\\\/solutions\\\/control-mando-numerico-ccn9035\\\/#primaryimage\"},\"image\":{\"@id\":\"https:\\\/\\\/actiaenergy.com\\\/es\\\/solutions\\\/control-mando-numerico-ccn9035\\\/#primaryimage\"},\"thumbnailUrl\":\"https:\\\/\\\/actiaenergy.com\\\/wp-content\\\/uploads\\\/controle-commande-numerique-ccn9035-1080-1-37.webp\",\"datePublished\":\"2025-05-04T22:00:00+00:00\",\"dateModified\":\"2026-04-02T10:02:42+00:00\",\"description\":\"El CCN9035 es un control digital para estaciones de alta\\\/media tensi\u00f3n, que integra CEI-61850, CEI870-5-104, NTP, telecontrol y supervisi\u00f3n local.\",\"breadcrumb\":{\"@id\":\"https:\\\/\\\/actiaenergy.com\\\/es\\\/solutions\\\/control-mando-numerico-ccn9035\\\/#breadcrumb\"},\"inLanguage\":\"es\",\"potentialAction\":[{\"@type\":\"ReadAction\",\"target\":[\"https:\\\/\\\/actiaenergy.com\\\/es\\\/solutions\\\/control-mando-numerico-ccn9035\\\/\"]}]},{\"@type\":\"ImageObject\",\"inLanguage\":\"es\",\"@id\":\"https:\\\/\\\/actiaenergy.com\\\/es\\\/solutions\\\/control-mando-numerico-ccn9035\\\/#primaryimage\",\"url\":\"https:\\\/\\\/actiaenergy.com\\\/wp-content\\\/uploads\\\/controle-commande-numerique-ccn9035-1080-1-37.webp\",\"contentUrl\":\"https:\\\/\\\/actiaenergy.com\\\/wp-content\\\/uploads\\\/controle-commande-numerique-ccn9035-1080-1-37.webp\",\"width\":1080,\"height\":1080,\"caption\":\"Protecciones Num\u00e9ricas y RTU Sistema de control y mando digital para subestaciones de MT\\\/BT - ACTIA Energy\"},{\"@type\":\"BreadcrumbList\",\"@id\":\"https:\\\/\\\/actiaenergy.com\\\/es\\\/solutions\\\/control-mando-numerico-ccn9035\\\/#breadcrumb\",\"itemListElement\":[{\"@type\":\"ListItem\",\"position\":1,\"name\":\"ACTIA Energy\",\"item\":\"https:\\\/\\\/actiaenergy.com\\\/es\\\/actia-energy\\\/\"},{\"@type\":\"ListItem\",\"position\":2,\"name\":\"Soluciones\",\"item\":\"https:\\\/\\\/actiaenergy.com\\\/es\\\/soluciones\\\/\"},{\"@type\":\"ListItem\",\"position\":3,\"name\":\"Sistema de control y mando digital para subestaciones de MT\\\/BT\"}]},{\"@type\":\"WebSite\",\"@id\":\"https:\\\/\\\/actiaenergy.com\\\/es\\\/#website\",\"url\":\"https:\\\/\\\/actiaenergy.com\\\/es\\\/\",\"name\":\"ACTIA Energy\",\"description\":\"L&#039;ing\u00e9nierie de l&#039;\u00e9nergie de demain.\",\"publisher\":{\"@id\":\"https:\\\/\\\/actiaenergy.com\\\/es\\\/#organization\"},\"potentialAction\":[{\"@type\":\"SearchAction\",\"target\":{\"@type\":\"EntryPoint\",\"urlTemplate\":\"https:\\\/\\\/actiaenergy.com\\\/es\\\/?s={search_term_string}\"},\"query-input\":{\"@type\":\"PropertyValueSpecification\",\"valueRequired\":true,\"valueName\":\"search_term_string\"}}],\"inLanguage\":\"es\"},{\"@type\":\"Organization\",\"@id\":\"https:\\\/\\\/actiaenergy.com\\\/es\\\/#organization\",\"name\":\"ACTIA Energy\",\"url\":\"https:\\\/\\\/actiaenergy.com\\\/es\\\/\",\"logo\":{\"@type\":\"ImageObject\",\"inLanguage\":\"es\",\"@id\":\"https:\\\/\\\/actiaenergy.com\\\/es\\\/#\\\/schema\\\/logo\\\/image\\\/\",\"url\":\"https:\\\/\\\/actiaenergy.com\\\/wp-content\\\/uploads\\\/Logo-ACTIA-Couleurs-h150.png\",\"contentUrl\":\"https:\\\/\\\/actiaenergy.com\\\/wp-content\\\/uploads\\\/Logo-ACTIA-Couleurs-h150.png\",\"width\":706,\"height\":150,\"caption\":\"ACTIA Energy\"},\"image\":{\"@id\":\"https:\\\/\\\/actiaenergy.com\\\/es\\\/#\\\/schema\\\/logo\\\/image\\\/\"}}]}<\/script>\n<!-- \/ Yoast SEO plugin. -->","yoast_head_json":{"title":"CCN9035, Sistema de control y mando digital para subestaciones de MT\/BT - Protecciones Num\u00e9ricas y RTU par ACTIA Energy","description":"El CCN9035 es un control digital para estaciones de alta\/media tensi\u00f3n, que integra CEI-61850, CEI870-5-104, NTP, telecontrol y supervisi\u00f3n local.","robots":{"index":"index","follow":"follow","max-snippet":"max-snippet:-1","max-image-preview":"max-image-preview:large","max-video-preview":"max-video-preview:-1"},"canonical":"https:\/\/actiaenergy.com\/es\/solutions\/control-mando-numerico-ccn9035\/","og_locale":"es_ES","og_type":"article","og_title":"CCN9035, Sistema de control y mando digital para subestaciones de MT\/BT - Protecciones Num\u00e9ricas y RTU par ACTIA Energy","og_description":"El CCN9035 es un control digital para estaciones de alta\/media tensi\u00f3n, que integra CEI-61850, CEI870-5-104, NTP, telecontrol y supervisi\u00f3n local.","og_url":"https:\/\/actiaenergy.com\/es\/solutions\/control-mando-numerico-ccn9035\/","og_site_name":"ACTIA Energy","article_modified_time":"2026-04-02T10:02:42+00:00","og_image":[{"width":1080,"height":1080,"url":"https:\/\/actiaenergy.com\/wp-content\/uploads\/controle-commande-numerique-ccn9035-1080-1-37.webp","type":"image\/webp"}],"twitter_card":"summary_large_image","twitter_misc":{"Tiempo de lectura":"1 minuto"},"schema":{"@context":"https:\/\/schema.org","@graph":[{"@type":"WebPage","@id":"https:\/\/actiaenergy.com\/es\/solutions\/control-mando-numerico-ccn9035\/","url":"https:\/\/actiaenergy.com\/es\/solutions\/control-mando-numerico-ccn9035\/","name":"CCN9035, Sistema de control y mando digital para subestaciones de MT\/BT - Protecciones Num\u00e9ricas y RTU par ACTIA Energy","isPartOf":{"@id":"https:\/\/actiaenergy.com\/es\/#website"},"primaryImageOfPage":{"@id":"https:\/\/actiaenergy.com\/es\/solutions\/control-mando-numerico-ccn9035\/#primaryimage"},"image":{"@id":"https:\/\/actiaenergy.com\/es\/solutions\/control-mando-numerico-ccn9035\/#primaryimage"},"thumbnailUrl":"https:\/\/actiaenergy.com\/wp-content\/uploads\/controle-commande-numerique-ccn9035-1080-1-37.webp","datePublished":"2025-05-04T22:00:00+00:00","dateModified":"2026-04-02T10:02:42+00:00","description":"El CCN9035 es un control digital para estaciones de alta\/media tensi\u00f3n, que integra CEI-61850, CEI870-5-104, NTP, telecontrol y supervisi\u00f3n local.","breadcrumb":{"@id":"https:\/\/actiaenergy.com\/es\/solutions\/control-mando-numerico-ccn9035\/#breadcrumb"},"inLanguage":"es","potentialAction":[{"@type":"ReadAction","target":["https:\/\/actiaenergy.com\/es\/solutions\/control-mando-numerico-ccn9035\/"]}]},{"@type":"ImageObject","inLanguage":"es","@id":"https:\/\/actiaenergy.com\/es\/solutions\/control-mando-numerico-ccn9035\/#primaryimage","url":"https:\/\/actiaenergy.com\/wp-content\/uploads\/controle-commande-numerique-ccn9035-1080-1-37.webp","contentUrl":"https:\/\/actiaenergy.com\/wp-content\/uploads\/controle-commande-numerique-ccn9035-1080-1-37.webp","width":1080,"height":1080,"caption":"Protecciones Num\u00e9ricas y RTU Sistema de control y mando digital para subestaciones de MT\/BT - ACTIA Energy"},{"@type":"BreadcrumbList","@id":"https:\/\/actiaenergy.com\/es\/solutions\/control-mando-numerico-ccn9035\/#breadcrumb","itemListElement":[{"@type":"ListItem","position":1,"name":"ACTIA Energy","item":"https:\/\/actiaenergy.com\/es\/actia-energy\/"},{"@type":"ListItem","position":2,"name":"Soluciones","item":"https:\/\/actiaenergy.com\/es\/soluciones\/"},{"@type":"ListItem","position":3,"name":"Sistema de control y mando digital para subestaciones de MT\/BT"}]},{"@type":"WebSite","@id":"https:\/\/actiaenergy.com\/es\/#website","url":"https:\/\/actiaenergy.com\/es\/","name":"ACTIA Energy","description":"L&#039;ing\u00e9nierie de l&#039;\u00e9nergie de demain.","publisher":{"@id":"https:\/\/actiaenergy.com\/es\/#organization"},"potentialAction":[{"@type":"SearchAction","target":{"@type":"EntryPoint","urlTemplate":"https:\/\/actiaenergy.com\/es\/?s={search_term_string}"},"query-input":{"@type":"PropertyValueSpecification","valueRequired":true,"valueName":"search_term_string"}}],"inLanguage":"es"},{"@type":"Organization","@id":"https:\/\/actiaenergy.com\/es\/#organization","name":"ACTIA Energy","url":"https:\/\/actiaenergy.com\/es\/","logo":{"@type":"ImageObject","inLanguage":"es","@id":"https:\/\/actiaenergy.com\/es\/#\/schema\/logo\/image\/","url":"https:\/\/actiaenergy.com\/wp-content\/uploads\/Logo-ACTIA-Couleurs-h150.png","contentUrl":"https:\/\/actiaenergy.com\/wp-content\/uploads\/Logo-ACTIA-Couleurs-h150.png","width":706,"height":150,"caption":"ACTIA Energy"},"image":{"@id":"https:\/\/actiaenergy.com\/es\/#\/schema\/logo\/image\/"}}]}},"_links":{"self":[{"href":"https:\/\/actiaenergy.com\/es\/wp-json\/wp\/v2\/product\/35228","targetHints":{"allow":["GET"]}}],"collection":[{"href":"https:\/\/actiaenergy.com\/es\/wp-json\/wp\/v2\/product"}],"about":[{"href":"https:\/\/actiaenergy.com\/es\/wp-json\/wp\/v2\/types\/product"}],"wp:featuredmedia":[{"embeddable":true,"href":"https:\/\/actiaenergy.com\/es\/wp-json\/wp\/v2\/media\/35224"}],"wp:attachment":[{"href":"https:\/\/actiaenergy.com\/es\/wp-json\/wp\/v2\/media?parent=35228"}],"wp:term":[{"taxonomy":"product_brand","embeddable":true,"href":"https:\/\/actiaenergy.com\/es\/wp-json\/wp\/v2\/product_brand?post=35228"},{"taxonomy":"product_cat","embeddable":true,"href":"https:\/\/actiaenergy.com\/es\/wp-json\/wp\/v2\/product_cat?post=35228"},{"taxonomy":"product_tag","embeddable":true,"href":"https:\/\/actiaenergy.com\/es\/wp-json\/wp\/v2\/product_tag?post=35228"}],"curies":[{"name":"wp","href":"https:\/\/api.w.org\/{rel}","templated":true}]}}