{"id":35237,"date":"2025-04-08T00:00:00","date_gmt":"2025-04-07T22:00:00","guid":{"rendered":"https:\/\/actiaenergy.com\/solutions\/tablero-transformador-cnt9110\/"},"modified":"2026-04-02T12:03:57","modified_gmt":"2026-04-02T10:03:57","slug":"tablero-transformador-cnt9110","status":"publish","type":"product","link":"https:\/\/actiaenergy.com\/es\/solutions\/tablero-transformador-cnt9110\/","title":{"rendered":"Tablero de protecci\u00f3n para transformadores alta tensi\u00f3n"},"content":{"rendered":"<p class=\"product-description\">El tablero CNT9110 permite la protecci\u00f3n de un Transformador. Garantiza el control del regulador en carga, protege y supervisa el transformador en caso de fallos (pasatapas, Buchholz, MAXIB, etc.).<\/p>\n<p class=\"product-description\">En funci\u00f3n del r\u00e9gimen de Neutro Impedante (NI) \/ Neutro Compensado (NC), garantiza la compensaci\u00f3n de la impedancia de neutro en funci\u00f3n de las corrientes capacitivas. Permite la transmisi\u00f3n de la informaci\u00f3n a la CNR a trav\u00e9s de la Red Local Industrial (RLI) mediante el protocolo IEC 61850.<\/p>\n<p class=\"product-description\">En funci\u00f3n de la versi\u00f3n del sistema utilizada, dispone de la funci\u00f3n de redundancia que permite recargar un software o una configuraci\u00f3n del lote sin perder la protecci\u00f3n del Transformador y sin retirarlo del servicio.<\/p>\n","protected":false},"excerpt":{"rendered":"<p>Tablero de protecci\u00f3n de transformadores alta tensi\u00f3n.<\/p>\n","protected":false},"featured_media":35230,"template":"","meta":{"site-sidebar-layout":"default","site-content-layout":"","ast-site-content-layout":"default","site-content-style":"default","site-sidebar-style":"default","ast-global-header-display":"","ast-banner-title-visibility":"","ast-main-header-display":"","ast-hfb-above-header-display":"","ast-hfb-below-header-display":"","ast-hfb-mobile-header-display":"","site-post-title":"","ast-breadcrumbs-content":"","ast-featured-img":"","footer-sml-layout":"","ast-disable-related-posts":"","theme-transparent-header-meta":"","adv-header-id-meta":"","stick-header-meta":"","header-above-stick-meta":"","header-main-stick-meta":"","header-below-stick-meta":"","astra-migrate-meta-layouts":"default","ast-page-background-enabled":"default","ast-page-background-meta":{"desktop":{"background-color":"var(--ast-global-color-5)","background-image":"","background-repeat":"repeat","background-position":"center center","background-size":"auto","background-attachment":"scroll","background-type":"","background-media":"","overlay-type":"","overlay-color":"","overlay-opacity":"","overlay-gradient":""},"tablet":{"background-color":"","background-image":"","background-repeat":"repeat","background-position":"center center","background-size":"auto","background-attachment":"scroll","background-type":"","background-media":"","overlay-type":"","overlay-color":"","overlay-opacity":"","overlay-gradient":""},"mobile":{"background-color":"","background-image":"","background-repeat":"repeat","background-position":"center center","background-size":"auto","background-attachment":"scroll","background-type":"","background-media":"","overlay-type":"","overlay-color":"","overlay-opacity":"","overlay-gradient":""}},"ast-content-background-meta":{"desktop":{"background-color":"var(--ast-global-color-4)","background-image":"","background-repeat":"repeat","background-position":"center center","background-size":"auto","background-attachment":"scroll","background-type":"","background-media":"","overlay-type":"","overlay-color":"","overlay-opacity":"","overlay-gradient":""},"tablet":{"background-color":"var(--ast-global-color-4)","background-image":"","background-repeat":"repeat","background-position":"center center","background-size":"auto","background-attachment":"scroll","background-type":"","background-media":"","overlay-type":"","overlay-color":"","overlay-opacity":"","overlay-gradient":""},"mobile":{"background-color":"var(--ast-global-color-4)","background-image":"","background-repeat":"repeat","background-position":"center center","background-size":"auto","background-attachment":"scroll","background-type":"","background-media":"","overlay-type":"","overlay-color":"","overlay-opacity":"","overlay-gradient":""}}},"product_brand":[],"product_cat":[7208,7266],"product_tag":[5908,5924,5947],"class_list":{"0":"post-35237","1":"product","2":"type-product","3":"status-publish","4":"has-post-thumbnail","6":"product_cat-protecciones-numericas-y-rtu","7":"product_cat-tablero-transformador","8":"product_tag-ninc","9":"product_tag-regleur","10":"product_tag-tra","11":"desktop-align-left","12":"tablet-align-left","13":"mobile-align-left","15":"first","16":"instock","17":"product-type-simple"},"yoast_head":"<!-- This site is optimized with the Yoast SEO plugin v27.6 - https:\/\/yoast.com\/product\/yoast-seo-wordpress\/ -->\n<title>CNT9110, Tablero de protecci\u00f3n para transformadores alta tensi\u00f3n - Protecciones Num\u00e9ricas y RTU par ACTIA Energy<\/title>\n<meta name=\"description\" content=\"CNT9110: un tablero inteligente para la protecci\u00f3n y regulaci\u00f3n de transformadores alta tensi\u00f3n. Seguridad, control y supervisi\u00f3n con total continuidad.\" \/>\n<meta name=\"robots\" content=\"index, follow, max-snippet:-1, max-image-preview:large, max-video-preview:-1\" \/>\n<link rel=\"canonical\" href=\"https:\/\/actiaenergy.com\/es\/solutions\/tablero-transformador-cnt9110\/\" \/>\n<meta property=\"og:locale\" content=\"es_ES\" \/>\n<meta property=\"og:type\" content=\"article\" \/>\n<meta property=\"og:title\" content=\"CNT9110, Tablero de protecci\u00f3n para transformadores alta tensi\u00f3n - Protecciones Num\u00e9ricas y RTU par ACTIA Energy\" \/>\n<meta property=\"og:description\" content=\"CNT9110: un tablero inteligente para la protecci\u00f3n y regulaci\u00f3n de transformadores alta tensi\u00f3n. Seguridad, control y supervisi\u00f3n con total continuidad.\" \/>\n<meta property=\"og:url\" content=\"https:\/\/actiaenergy.com\/es\/solutions\/tablero-transformador-cnt9110\/\" \/>\n<meta property=\"og:site_name\" content=\"ACTIA Energy\" \/>\n<meta property=\"article:modified_time\" content=\"2026-04-02T10:03:57+00:00\" \/>\n<meta property=\"og:image\" content=\"https:\/\/actiaenergy.com\/wp-content\/uploads\/product-visuel-eCatalogue-1080-37.webp\" \/>\n\t<meta property=\"og:image:width\" content=\"1080\" \/>\n\t<meta property=\"og:image:height\" content=\"1080\" \/>\n\t<meta property=\"og:image:type\" content=\"image\/webp\" \/>\n<meta name=\"twitter:card\" content=\"summary_large_image\" \/>\n<meta name=\"twitter:label1\" content=\"Tiempo de lectura\" \/>\n\t<meta name=\"twitter:data1\" content=\"1 minuto\" \/>\n<script type=\"application\/ld+json\" class=\"yoast-schema-graph\">{\"@context\":\"https:\\\/\\\/schema.org\",\"@graph\":[{\"@type\":\"WebPage\",\"@id\":\"https:\\\/\\\/actiaenergy.com\\\/es\\\/solutions\\\/tablero-transformador-cnt9110\\\/\",\"url\":\"https:\\\/\\\/actiaenergy.com\\\/es\\\/solutions\\\/tablero-transformador-cnt9110\\\/\",\"name\":\"CNT9110, Tablero de protecci\u00f3n para transformadores alta tensi\u00f3n - Protecciones Num\u00e9ricas y RTU par ACTIA Energy\",\"isPartOf\":{\"@id\":\"https:\\\/\\\/actiaenergy.com\\\/es\\\/#website\"},\"primaryImageOfPage\":{\"@id\":\"https:\\\/\\\/actiaenergy.com\\\/es\\\/solutions\\\/tablero-transformador-cnt9110\\\/#primaryimage\"},\"image\":{\"@id\":\"https:\\\/\\\/actiaenergy.com\\\/es\\\/solutions\\\/tablero-transformador-cnt9110\\\/#primaryimage\"},\"thumbnailUrl\":\"https:\\\/\\\/actiaenergy.com\\\/wp-content\\\/uploads\\\/product-visuel-eCatalogue-1080-37.webp\",\"datePublished\":\"2025-04-07T22:00:00+00:00\",\"dateModified\":\"2026-04-02T10:03:57+00:00\",\"description\":\"CNT9110: un tablero inteligente para la protecci\u00f3n y regulaci\u00f3n de transformadores alta tensi\u00f3n. Seguridad, control y supervisi\u00f3n con total continuidad.\",\"breadcrumb\":{\"@id\":\"https:\\\/\\\/actiaenergy.com\\\/es\\\/solutions\\\/tablero-transformador-cnt9110\\\/#breadcrumb\"},\"inLanguage\":\"es\",\"potentialAction\":[{\"@type\":\"ReadAction\",\"target\":[\"https:\\\/\\\/actiaenergy.com\\\/es\\\/solutions\\\/tablero-transformador-cnt9110\\\/\"]}]},{\"@type\":\"ImageObject\",\"inLanguage\":\"es\",\"@id\":\"https:\\\/\\\/actiaenergy.com\\\/es\\\/solutions\\\/tablero-transformador-cnt9110\\\/#primaryimage\",\"url\":\"https:\\\/\\\/actiaenergy.com\\\/wp-content\\\/uploads\\\/product-visuel-eCatalogue-1080-37.webp\",\"contentUrl\":\"https:\\\/\\\/actiaenergy.com\\\/wp-content\\\/uploads\\\/product-visuel-eCatalogue-1080-37.webp\",\"width\":1080,\"height\":1080,\"caption\":\"Distribuci\u00f3n de Baja Tensi\u00f3n Cuadro TR para sistemas de alta potencia - ACTIA Energy\"},{\"@type\":\"BreadcrumbList\",\"@id\":\"https:\\\/\\\/actiaenergy.com\\\/es\\\/solutions\\\/tablero-transformador-cnt9110\\\/#breadcrumb\",\"itemListElement\":[{\"@type\":\"ListItem\",\"position\":1,\"name\":\"ACTIA Energy\",\"item\":\"https:\\\/\\\/actiaenergy.com\\\/es\\\/\"},{\"@type\":\"ListItem\",\"position\":2,\"name\":\"Soluciones\",\"item\":\"https:\\\/\\\/actiaenergy.com\\\/es\\\/soluciones\\\/\"},{\"@type\":\"ListItem\",\"position\":3,\"name\":\"Tablero de protecci\u00f3n para transformadores alta tensi\u00f3n\"}]},{\"@type\":\"WebSite\",\"@id\":\"https:\\\/\\\/actiaenergy.com\\\/es\\\/#website\",\"url\":\"https:\\\/\\\/actiaenergy.com\\\/es\\\/\",\"name\":\"ACTIA Energy\",\"description\":\"L&#039;ing\u00e9nierie de l&#039;\u00e9nergie de demain.\",\"publisher\":{\"@id\":\"https:\\\/\\\/actiaenergy.com\\\/es\\\/#organization\"},\"potentialAction\":[{\"@type\":\"SearchAction\",\"target\":{\"@type\":\"EntryPoint\",\"urlTemplate\":\"https:\\\/\\\/actiaenergy.com\\\/es\\\/?s={search_term_string}\"},\"query-input\":{\"@type\":\"PropertyValueSpecification\",\"valueRequired\":true,\"valueName\":\"search_term_string\"}}],\"inLanguage\":\"es\"},{\"@type\":\"Organization\",\"@id\":\"https:\\\/\\\/actiaenergy.com\\\/es\\\/#organization\",\"name\":\"ACTIA Energy\",\"url\":\"https:\\\/\\\/actiaenergy.com\\\/es\\\/\",\"logo\":{\"@type\":\"ImageObject\",\"inLanguage\":\"es\",\"@id\":\"https:\\\/\\\/actiaenergy.com\\\/es\\\/#\\\/schema\\\/logo\\\/image\\\/\",\"url\":\"https:\\\/\\\/actiaenergy.com\\\/wp-content\\\/uploads\\\/Logo-ACTIA-Couleurs-h150.png\",\"contentUrl\":\"https:\\\/\\\/actiaenergy.com\\\/wp-content\\\/uploads\\\/Logo-ACTIA-Couleurs-h150.png\",\"width\":706,\"height\":150,\"caption\":\"ACTIA Energy\"},\"image\":{\"@id\":\"https:\\\/\\\/actiaenergy.com\\\/es\\\/#\\\/schema\\\/logo\\\/image\\\/\"}}]}<\/script>\n<!-- \/ Yoast SEO plugin. -->","yoast_head_json":{"title":"CNT9110, Tablero de protecci\u00f3n para transformadores alta tensi\u00f3n - Protecciones Num\u00e9ricas y RTU par ACTIA Energy","description":"CNT9110: un tablero inteligente para la protecci\u00f3n y regulaci\u00f3n de transformadores alta tensi\u00f3n. Seguridad, control y supervisi\u00f3n con total continuidad.","robots":{"index":"index","follow":"follow","max-snippet":"max-snippet:-1","max-image-preview":"max-image-preview:large","max-video-preview":"max-video-preview:-1"},"canonical":"https:\/\/actiaenergy.com\/es\/solutions\/tablero-transformador-cnt9110\/","og_locale":"es_ES","og_type":"article","og_title":"CNT9110, Tablero de protecci\u00f3n para transformadores alta tensi\u00f3n - Protecciones Num\u00e9ricas y RTU par ACTIA Energy","og_description":"CNT9110: un tablero inteligente para la protecci\u00f3n y regulaci\u00f3n de transformadores alta tensi\u00f3n. Seguridad, control y supervisi\u00f3n con total continuidad.","og_url":"https:\/\/actiaenergy.com\/es\/solutions\/tablero-transformador-cnt9110\/","og_site_name":"ACTIA Energy","article_modified_time":"2026-04-02T10:03:57+00:00","og_image":[{"width":1080,"height":1080,"url":"https:\/\/actiaenergy.com\/wp-content\/uploads\/product-visuel-eCatalogue-1080-37.webp","type":"image\/webp"}],"twitter_card":"summary_large_image","twitter_misc":{"Tiempo de lectura":"1 minuto"},"schema":{"@context":"https:\/\/schema.org","@graph":[{"@type":"WebPage","@id":"https:\/\/actiaenergy.com\/es\/solutions\/tablero-transformador-cnt9110\/","url":"https:\/\/actiaenergy.com\/es\/solutions\/tablero-transformador-cnt9110\/","name":"CNT9110, Tablero de protecci\u00f3n para transformadores alta tensi\u00f3n - Protecciones Num\u00e9ricas y RTU par ACTIA Energy","isPartOf":{"@id":"https:\/\/actiaenergy.com\/es\/#website"},"primaryImageOfPage":{"@id":"https:\/\/actiaenergy.com\/es\/solutions\/tablero-transformador-cnt9110\/#primaryimage"},"image":{"@id":"https:\/\/actiaenergy.com\/es\/solutions\/tablero-transformador-cnt9110\/#primaryimage"},"thumbnailUrl":"https:\/\/actiaenergy.com\/wp-content\/uploads\/product-visuel-eCatalogue-1080-37.webp","datePublished":"2025-04-07T22:00:00+00:00","dateModified":"2026-04-02T10:03:57+00:00","description":"CNT9110: un tablero inteligente para la protecci\u00f3n y regulaci\u00f3n de transformadores alta tensi\u00f3n. Seguridad, control y supervisi\u00f3n con total continuidad.","breadcrumb":{"@id":"https:\/\/actiaenergy.com\/es\/solutions\/tablero-transformador-cnt9110\/#breadcrumb"},"inLanguage":"es","potentialAction":[{"@type":"ReadAction","target":["https:\/\/actiaenergy.com\/es\/solutions\/tablero-transformador-cnt9110\/"]}]},{"@type":"ImageObject","inLanguage":"es","@id":"https:\/\/actiaenergy.com\/es\/solutions\/tablero-transformador-cnt9110\/#primaryimage","url":"https:\/\/actiaenergy.com\/wp-content\/uploads\/product-visuel-eCatalogue-1080-37.webp","contentUrl":"https:\/\/actiaenergy.com\/wp-content\/uploads\/product-visuel-eCatalogue-1080-37.webp","width":1080,"height":1080,"caption":"Distribuci\u00f3n de Baja Tensi\u00f3n Cuadro TR para sistemas de alta potencia - ACTIA Energy"},{"@type":"BreadcrumbList","@id":"https:\/\/actiaenergy.com\/es\/solutions\/tablero-transformador-cnt9110\/#breadcrumb","itemListElement":[{"@type":"ListItem","position":1,"name":"ACTIA Energy","item":"https:\/\/actiaenergy.com\/es\/"},{"@type":"ListItem","position":2,"name":"Soluciones","item":"https:\/\/actiaenergy.com\/es\/soluciones\/"},{"@type":"ListItem","position":3,"name":"Tablero de protecci\u00f3n para transformadores alta tensi\u00f3n"}]},{"@type":"WebSite","@id":"https:\/\/actiaenergy.com\/es\/#website","url":"https:\/\/actiaenergy.com\/es\/","name":"ACTIA Energy","description":"L&#039;ing\u00e9nierie de l&#039;\u00e9nergie de demain.","publisher":{"@id":"https:\/\/actiaenergy.com\/es\/#organization"},"potentialAction":[{"@type":"SearchAction","target":{"@type":"EntryPoint","urlTemplate":"https:\/\/actiaenergy.com\/es\/?s={search_term_string}"},"query-input":{"@type":"PropertyValueSpecification","valueRequired":true,"valueName":"search_term_string"}}],"inLanguage":"es"},{"@type":"Organization","@id":"https:\/\/actiaenergy.com\/es\/#organization","name":"ACTIA Energy","url":"https:\/\/actiaenergy.com\/es\/","logo":{"@type":"ImageObject","inLanguage":"es","@id":"https:\/\/actiaenergy.com\/es\/#\/schema\/logo\/image\/","url":"https:\/\/actiaenergy.com\/wp-content\/uploads\/Logo-ACTIA-Couleurs-h150.png","contentUrl":"https:\/\/actiaenergy.com\/wp-content\/uploads\/Logo-ACTIA-Couleurs-h150.png","width":706,"height":150,"caption":"ACTIA Energy"},"image":{"@id":"https:\/\/actiaenergy.com\/es\/#\/schema\/logo\/image\/"}}]}},"_links":{"self":[{"href":"https:\/\/actiaenergy.com\/es\/wp-json\/wp\/v2\/product\/35237","targetHints":{"allow":["GET"]}}],"collection":[{"href":"https:\/\/actiaenergy.com\/es\/wp-json\/wp\/v2\/product"}],"about":[{"href":"https:\/\/actiaenergy.com\/es\/wp-json\/wp\/v2\/types\/product"}],"wp:featuredmedia":[{"embeddable":true,"href":"https:\/\/actiaenergy.com\/es\/wp-json\/wp\/v2\/media\/35230"}],"wp:attachment":[{"href":"https:\/\/actiaenergy.com\/es\/wp-json\/wp\/v2\/media?parent=35237"}],"wp:term":[{"taxonomy":"product_brand","embeddable":true,"href":"https:\/\/actiaenergy.com\/es\/wp-json\/wp\/v2\/product_brand?post=35237"},{"taxonomy":"product_cat","embeddable":true,"href":"https:\/\/actiaenergy.com\/es\/wp-json\/wp\/v2\/product_cat?post=35237"},{"taxonomy":"product_tag","embeddable":true,"href":"https:\/\/actiaenergy.com\/es\/wp-json\/wp\/v2\/product_tag?post=35237"}],"curies":[{"name":"wp","href":"https:\/\/api.w.org\/{rel}","templated":true}]}}