{"id":35240,"date":"2025-04-08T00:00:00","date_gmt":"2025-04-07T22:00:00","guid":{"rendered":"https:\/\/actiaenergy.com\/solutions\/pasarela-de-comunicacion-desviador-tension-cnt9110\/"},"modified":"2026-04-02T12:04:35","modified_gmt":"2026-04-02T10:04:35","slug":"pasarela-de-comunicacion-desviador-tension-cnt9110","status":"publish","type":"product","link":"https:\/\/actiaenergy.com\/es\/solutions\/pasarela-de-comunicacion-desviador-tension-cnt9110\/","title":{"rendered":"Pasarela de comunicaci\u00f3n entre RLI y red federativa"},"content":{"rendered":"<p class=\"product-description\">El tablero CNR9110 es una Pasarela de Comunicaci\u00f3n entre la Red Local Industrial (RLI) y la Red Federadora (RF). La RF es la red hist\u00f3rica impuesta por ENEDIS; los intercambios (mnem\u00f3nicos) est\u00e1n definidos por el DICODATA mediante el protocolo SNMP.<\/p>\n<p class=\"product-description\">A la RF se conectan los lotes de Supervisor, Automatismos y CNR. La RLI, mediante el protocolo IEC 61850, permite establecer los intercambios entre las RAMES y los lotes de Transformadores.<\/p>\n<p class=\"product-description\">Tambi\u00e9n permite suministrar la tensi\u00f3n +\/-Ve para los DT y DTS de la Subestaci\u00f3n Fuente. Dispone de un Selector de Tensi\u00f3n que permite conmutar la TRI cableada. Asimismo, incorpora una opci\u00f3n denominada \u00abConector CO\u00bb que permite configurar una instant\u00e1nea de fase y cablearla en un bornero de intercambio.<\/p>\n","protected":false},"excerpt":{"rendered":"<p>Pasarela de comunicaci\u00f3n de red local industrial (RLI) \/ red federadora (RF). Recopila la informaci\u00f3n de los lotes de transformadores y ramas desde la RLI transmitida a los lotes presentes en la RF.<\/p>\n","protected":false},"featured_media":35230,"template":"","meta":{"site-sidebar-layout":"default","site-content-layout":"","ast-site-content-layout":"default","site-content-style":"default","site-sidebar-style":"default","ast-global-header-display":"","ast-banner-title-visibility":"","ast-main-header-display":"","ast-hfb-above-header-display":"","ast-hfb-below-header-display":"","ast-hfb-mobile-header-display":"","site-post-title":"","ast-breadcrumbs-content":"","ast-featured-img":"","footer-sml-layout":"","ast-disable-related-posts":"","theme-transparent-header-meta":"","adv-header-id-meta":"","stick-header-meta":"","header-above-stick-meta":"","header-main-stick-meta":"","header-below-stick-meta":"","astra-migrate-meta-layouts":"default","ast-page-background-enabled":"default","ast-page-background-meta":{"desktop":{"background-color":"var(--ast-global-color-5)","background-image":"","background-repeat":"repeat","background-position":"center center","background-size":"auto","background-attachment":"scroll","background-type":"","background-media":"","overlay-type":"","overlay-color":"","overlay-opacity":"","overlay-gradient":""},"tablet":{"background-color":"","background-image":"","background-repeat":"repeat","background-position":"center center","background-size":"auto","background-attachment":"scroll","background-type":"","background-media":"","overlay-type":"","overlay-color":"","overlay-opacity":"","overlay-gradient":""},"mobile":{"background-color":"","background-image":"","background-repeat":"repeat","background-position":"center center","background-size":"auto","background-attachment":"scroll","background-type":"","background-media":"","overlay-type":"","overlay-color":"","overlay-opacity":"","overlay-gradient":""}},"ast-content-background-meta":{"desktop":{"background-color":"var(--ast-global-color-4)","background-image":"","background-repeat":"repeat","background-position":"center center","background-size":"auto","background-attachment":"scroll","background-type":"","background-media":"","overlay-type":"","overlay-color":"","overlay-opacity":"","overlay-gradient":""},"tablet":{"background-color":"var(--ast-global-color-4)","background-image":"","background-repeat":"repeat","background-position":"center center","background-size":"auto","background-attachment":"scroll","background-type":"","background-media":"","overlay-type":"","overlay-color":"","overlay-opacity":"","overlay-gradient":""},"mobile":{"background-color":"var(--ast-global-color-4)","background-image":"","background-repeat":"repeat","background-position":"center center","background-size":"auto","background-attachment":"scroll","background-type":"","background-media":"","overlay-type":"","overlay-color":"","overlay-opacity":"","overlay-gradient":""}}},"product_brand":[],"product_cat":[7208,7269],"product_tag":[518,5910,5912,5925,5940,5945],"class_list":{"0":"post-35240","1":"product","2":"type-product","3":"status-publish","4":"has-post-thumbnail","6":"product_cat-protecciones-numericas-y-rtu","7":"product_cat-pasarela-de-comunicacion-y-conmutador-de-tension","8":"product_tag-rf","9":"product_tag-rli","10":"product_tag-gtw","11":"product_tag-tdl","12":"product_tag-cnr","13":"product_tag-iec-61850","14":"desktop-align-left","15":"tablet-align-left","16":"mobile-align-left","18":"first","19":"instock","20":"product-type-simple"},"yoast_head":"<!-- This site is optimized with the Yoast SEO plugin v27.5 - https:\/\/yoast.com\/product\/yoast-seo-wordpress\/ -->\n<title>CNR9110, Pasarela de comunicaci\u00f3n entre RLI y red federativa - Protecciones Num\u00e9ricas y RTU par ACTIA Energy<\/title>\n<meta name=\"description\" content=\"Pasarela de comunicaci\u00f3n entre RF y RLI con conmutaci\u00f3n de tensi\u00f3n y salida configurable.\" \/>\n<meta name=\"robots\" content=\"index, follow, max-snippet:-1, max-image-preview:large, max-video-preview:-1\" \/>\n<link rel=\"canonical\" href=\"https:\/\/actiaenergy.com\/es\/solutions\/pasarela-de-comunicacion-desviador-tension-cnt9110\/\" \/>\n<meta property=\"og:locale\" content=\"es_ES\" \/>\n<meta property=\"og:type\" content=\"article\" \/>\n<meta property=\"og:title\" content=\"CNR9110, Pasarela de comunicaci\u00f3n entre RLI y red federativa - Protecciones Num\u00e9ricas y RTU par ACTIA Energy\" \/>\n<meta property=\"og:description\" content=\"Pasarela de comunicaci\u00f3n entre RF y RLI con conmutaci\u00f3n de tensi\u00f3n y salida configurable.\" \/>\n<meta property=\"og:url\" content=\"https:\/\/actiaenergy.com\/es\/solutions\/pasarela-de-comunicacion-desviador-tension-cnt9110\/\" \/>\n<meta property=\"og:site_name\" content=\"ACTIA Energy\" \/>\n<meta property=\"article:modified_time\" content=\"2026-04-02T10:04:35+00:00\" \/>\n<meta property=\"og:image\" content=\"https:\/\/actiaenergy.com\/wp-content\/uploads\/product-visuel-eCatalogue-1080-37.webp\" \/>\n\t<meta property=\"og:image:width\" content=\"1080\" \/>\n\t<meta property=\"og:image:height\" content=\"1080\" \/>\n\t<meta property=\"og:image:type\" content=\"image\/webp\" \/>\n<meta name=\"twitter:card\" content=\"summary_large_image\" \/>\n<meta name=\"twitter:label1\" content=\"Tiempo de lectura\" \/>\n\t<meta name=\"twitter:data1\" content=\"1 minuto\" \/>\n<script type=\"application\/ld+json\" class=\"yoast-schema-graph\">{\"@context\":\"https:\\\/\\\/schema.org\",\"@graph\":[{\"@type\":\"WebPage\",\"@id\":\"https:\\\/\\\/actiaenergy.com\\\/es\\\/solutions\\\/pasarela-de-comunicacion-desviador-tension-cnt9110\\\/\",\"url\":\"https:\\\/\\\/actiaenergy.com\\\/es\\\/solutions\\\/pasarela-de-comunicacion-desviador-tension-cnt9110\\\/\",\"name\":\"CNR9110, Pasarela de comunicaci\u00f3n entre RLI y red federativa - Protecciones Num\u00e9ricas y RTU par ACTIA Energy\",\"isPartOf\":{\"@id\":\"https:\\\/\\\/actiaenergy.com\\\/es\\\/#website\"},\"primaryImageOfPage\":{\"@id\":\"https:\\\/\\\/actiaenergy.com\\\/es\\\/solutions\\\/pasarela-de-comunicacion-desviador-tension-cnt9110\\\/#primaryimage\"},\"image\":{\"@id\":\"https:\\\/\\\/actiaenergy.com\\\/es\\\/solutions\\\/pasarela-de-comunicacion-desviador-tension-cnt9110\\\/#primaryimage\"},\"thumbnailUrl\":\"https:\\\/\\\/actiaenergy.com\\\/wp-content\\\/uploads\\\/product-visuel-eCatalogue-1080-37.webp\",\"datePublished\":\"2025-04-07T22:00:00+00:00\",\"dateModified\":\"2026-04-02T10:04:35+00:00\",\"description\":\"Pasarela de comunicaci\u00f3n entre RF y RLI con conmutaci\u00f3n de tensi\u00f3n y salida configurable.\",\"breadcrumb\":{\"@id\":\"https:\\\/\\\/actiaenergy.com\\\/es\\\/solutions\\\/pasarela-de-comunicacion-desviador-tension-cnt9110\\\/#breadcrumb\"},\"inLanguage\":\"es\",\"potentialAction\":[{\"@type\":\"ReadAction\",\"target\":[\"https:\\\/\\\/actiaenergy.com\\\/es\\\/solutions\\\/pasarela-de-comunicacion-desviador-tension-cnt9110\\\/\"]}]},{\"@type\":\"ImageObject\",\"inLanguage\":\"es\",\"@id\":\"https:\\\/\\\/actiaenergy.com\\\/es\\\/solutions\\\/pasarela-de-comunicacion-desviador-tension-cnt9110\\\/#primaryimage\",\"url\":\"https:\\\/\\\/actiaenergy.com\\\/wp-content\\\/uploads\\\/product-visuel-eCatalogue-1080-37.webp\",\"contentUrl\":\"https:\\\/\\\/actiaenergy.com\\\/wp-content\\\/uploads\\\/product-visuel-eCatalogue-1080-37.webp\",\"width\":1080,\"height\":1080,\"caption\":\"Distribuci\u00f3n de Baja Tensi\u00f3n Cuadro TR para sistemas de alta potencia - ACTIA Energy\"},{\"@type\":\"BreadcrumbList\",\"@id\":\"https:\\\/\\\/actiaenergy.com\\\/es\\\/solutions\\\/pasarela-de-comunicacion-desviador-tension-cnt9110\\\/#breadcrumb\",\"itemListElement\":[{\"@type\":\"ListItem\",\"position\":1,\"name\":\"ACTIA Energy\",\"item\":\"https:\\\/\\\/actiaenergy.com\\\/es\\\/actia-energy\\\/\"},{\"@type\":\"ListItem\",\"position\":2,\"name\":\"Soluciones\",\"item\":\"https:\\\/\\\/actiaenergy.com\\\/es\\\/soluciones\\\/\"},{\"@type\":\"ListItem\",\"position\":3,\"name\":\"Pasarela de comunicaci\u00f3n entre RLI y red federativa\"}]},{\"@type\":\"WebSite\",\"@id\":\"https:\\\/\\\/actiaenergy.com\\\/es\\\/#website\",\"url\":\"https:\\\/\\\/actiaenergy.com\\\/es\\\/\",\"name\":\"ACTIA Energy\",\"description\":\"L&#039;ing\u00e9nierie de l&#039;\u00e9nergie de demain.\",\"publisher\":{\"@id\":\"https:\\\/\\\/actiaenergy.com\\\/es\\\/#organization\"},\"potentialAction\":[{\"@type\":\"SearchAction\",\"target\":{\"@type\":\"EntryPoint\",\"urlTemplate\":\"https:\\\/\\\/actiaenergy.com\\\/es\\\/?s={search_term_string}\"},\"query-input\":{\"@type\":\"PropertyValueSpecification\",\"valueRequired\":true,\"valueName\":\"search_term_string\"}}],\"inLanguage\":\"es\"},{\"@type\":\"Organization\",\"@id\":\"https:\\\/\\\/actiaenergy.com\\\/es\\\/#organization\",\"name\":\"ACTIA Energy\",\"url\":\"https:\\\/\\\/actiaenergy.com\\\/es\\\/\",\"logo\":{\"@type\":\"ImageObject\",\"inLanguage\":\"es\",\"@id\":\"https:\\\/\\\/actiaenergy.com\\\/es\\\/#\\\/schema\\\/logo\\\/image\\\/\",\"url\":\"https:\\\/\\\/actiaenergy.com\\\/wp-content\\\/uploads\\\/Logo-ACTIA-Couleurs-h150.png\",\"contentUrl\":\"https:\\\/\\\/actiaenergy.com\\\/wp-content\\\/uploads\\\/Logo-ACTIA-Couleurs-h150.png\",\"width\":706,\"height\":150,\"caption\":\"ACTIA Energy\"},\"image\":{\"@id\":\"https:\\\/\\\/actiaenergy.com\\\/es\\\/#\\\/schema\\\/logo\\\/image\\\/\"}}]}<\/script>\n<!-- \/ Yoast SEO plugin. -->","yoast_head_json":{"title":"CNR9110, Pasarela de comunicaci\u00f3n entre RLI y red federativa - Protecciones Num\u00e9ricas y RTU par ACTIA Energy","description":"Pasarela de comunicaci\u00f3n entre RF y RLI con conmutaci\u00f3n de tensi\u00f3n y salida configurable.","robots":{"index":"index","follow":"follow","max-snippet":"max-snippet:-1","max-image-preview":"max-image-preview:large","max-video-preview":"max-video-preview:-1"},"canonical":"https:\/\/actiaenergy.com\/es\/solutions\/pasarela-de-comunicacion-desviador-tension-cnt9110\/","og_locale":"es_ES","og_type":"article","og_title":"CNR9110, Pasarela de comunicaci\u00f3n entre RLI y red federativa - Protecciones Num\u00e9ricas y RTU par ACTIA Energy","og_description":"Pasarela de comunicaci\u00f3n entre RF y RLI con conmutaci\u00f3n de tensi\u00f3n y salida configurable.","og_url":"https:\/\/actiaenergy.com\/es\/solutions\/pasarela-de-comunicacion-desviador-tension-cnt9110\/","og_site_name":"ACTIA Energy","article_modified_time":"2026-04-02T10:04:35+00:00","og_image":[{"width":1080,"height":1080,"url":"https:\/\/actiaenergy.com\/wp-content\/uploads\/product-visuel-eCatalogue-1080-37.webp","type":"image\/webp"}],"twitter_card":"summary_large_image","twitter_misc":{"Tiempo de lectura":"1 minuto"},"schema":{"@context":"https:\/\/schema.org","@graph":[{"@type":"WebPage","@id":"https:\/\/actiaenergy.com\/es\/solutions\/pasarela-de-comunicacion-desviador-tension-cnt9110\/","url":"https:\/\/actiaenergy.com\/es\/solutions\/pasarela-de-comunicacion-desviador-tension-cnt9110\/","name":"CNR9110, Pasarela de comunicaci\u00f3n entre RLI y red federativa - Protecciones Num\u00e9ricas y RTU par ACTIA Energy","isPartOf":{"@id":"https:\/\/actiaenergy.com\/es\/#website"},"primaryImageOfPage":{"@id":"https:\/\/actiaenergy.com\/es\/solutions\/pasarela-de-comunicacion-desviador-tension-cnt9110\/#primaryimage"},"image":{"@id":"https:\/\/actiaenergy.com\/es\/solutions\/pasarela-de-comunicacion-desviador-tension-cnt9110\/#primaryimage"},"thumbnailUrl":"https:\/\/actiaenergy.com\/wp-content\/uploads\/product-visuel-eCatalogue-1080-37.webp","datePublished":"2025-04-07T22:00:00+00:00","dateModified":"2026-04-02T10:04:35+00:00","description":"Pasarela de comunicaci\u00f3n entre RF y RLI con conmutaci\u00f3n de tensi\u00f3n y salida configurable.","breadcrumb":{"@id":"https:\/\/actiaenergy.com\/es\/solutions\/pasarela-de-comunicacion-desviador-tension-cnt9110\/#breadcrumb"},"inLanguage":"es","potentialAction":[{"@type":"ReadAction","target":["https:\/\/actiaenergy.com\/es\/solutions\/pasarela-de-comunicacion-desviador-tension-cnt9110\/"]}]},{"@type":"ImageObject","inLanguage":"es","@id":"https:\/\/actiaenergy.com\/es\/solutions\/pasarela-de-comunicacion-desviador-tension-cnt9110\/#primaryimage","url":"https:\/\/actiaenergy.com\/wp-content\/uploads\/product-visuel-eCatalogue-1080-37.webp","contentUrl":"https:\/\/actiaenergy.com\/wp-content\/uploads\/product-visuel-eCatalogue-1080-37.webp","width":1080,"height":1080,"caption":"Distribuci\u00f3n de Baja Tensi\u00f3n Cuadro TR para sistemas de alta potencia - ACTIA Energy"},{"@type":"BreadcrumbList","@id":"https:\/\/actiaenergy.com\/es\/solutions\/pasarela-de-comunicacion-desviador-tension-cnt9110\/#breadcrumb","itemListElement":[{"@type":"ListItem","position":1,"name":"ACTIA Energy","item":"https:\/\/actiaenergy.com\/es\/actia-energy\/"},{"@type":"ListItem","position":2,"name":"Soluciones","item":"https:\/\/actiaenergy.com\/es\/soluciones\/"},{"@type":"ListItem","position":3,"name":"Pasarela de comunicaci\u00f3n entre RLI y red federativa"}]},{"@type":"WebSite","@id":"https:\/\/actiaenergy.com\/es\/#website","url":"https:\/\/actiaenergy.com\/es\/","name":"ACTIA Energy","description":"L&#039;ing\u00e9nierie de l&#039;\u00e9nergie de demain.","publisher":{"@id":"https:\/\/actiaenergy.com\/es\/#organization"},"potentialAction":[{"@type":"SearchAction","target":{"@type":"EntryPoint","urlTemplate":"https:\/\/actiaenergy.com\/es\/?s={search_term_string}"},"query-input":{"@type":"PropertyValueSpecification","valueRequired":true,"valueName":"search_term_string"}}],"inLanguage":"es"},{"@type":"Organization","@id":"https:\/\/actiaenergy.com\/es\/#organization","name":"ACTIA Energy","url":"https:\/\/actiaenergy.com\/es\/","logo":{"@type":"ImageObject","inLanguage":"es","@id":"https:\/\/actiaenergy.com\/es\/#\/schema\/logo\/image\/","url":"https:\/\/actiaenergy.com\/wp-content\/uploads\/Logo-ACTIA-Couleurs-h150.png","contentUrl":"https:\/\/actiaenergy.com\/wp-content\/uploads\/Logo-ACTIA-Couleurs-h150.png","width":706,"height":150,"caption":"ACTIA Energy"},"image":{"@id":"https:\/\/actiaenergy.com\/es\/#\/schema\/logo\/image\/"}}]}},"_links":{"self":[{"href":"https:\/\/actiaenergy.com\/es\/wp-json\/wp\/v2\/product\/35240","targetHints":{"allow":["GET"]}}],"collection":[{"href":"https:\/\/actiaenergy.com\/es\/wp-json\/wp\/v2\/product"}],"about":[{"href":"https:\/\/actiaenergy.com\/es\/wp-json\/wp\/v2\/types\/product"}],"wp:featuredmedia":[{"embeddable":true,"href":"https:\/\/actiaenergy.com\/es\/wp-json\/wp\/v2\/media\/35230"}],"wp:attachment":[{"href":"https:\/\/actiaenergy.com\/es\/wp-json\/wp\/v2\/media?parent=35240"}],"wp:term":[{"taxonomy":"product_brand","embeddable":true,"href":"https:\/\/actiaenergy.com\/es\/wp-json\/wp\/v2\/product_brand?post=35240"},{"taxonomy":"product_cat","embeddable":true,"href":"https:\/\/actiaenergy.com\/es\/wp-json\/wp\/v2\/product_cat?post=35240"},{"taxonomy":"product_tag","embeddable":true,"href":"https:\/\/actiaenergy.com\/es\/wp-json\/wp\/v2\/product_tag?post=35240"}],"curies":[{"name":"wp","href":"https:\/\/api.w.org\/{rel}","templated":true}]}}