{"id":35282,"date":"2025-05-05T00:00:00","date_gmt":"2025-05-04T22:00:00","guid":{"rendered":"https:\/\/actiaenergy.com\/solutions\/tablero-distribucion-baja-tension-csa\/"},"modified":"2026-04-02T12:06:43","modified_gmt":"2026-04-02T10:06:43","slug":"tablero-distribucion-baja-tension-csa","status":"publish","type":"product","link":"https:\/\/actiaenergy.com\/es\/solutions\/tablero-distribucion-baja-tension-csa\/","title":{"rendered":"Tablero modulare de distribuci\u00f3n Baja tensi\u00f3n"},"content":{"rendered":"<p class=\"product-description\">El cuadro de unidad auxiliar ACTIA Energy es un equipo de Baja tensi\u00f3n destinado a garantizar la continuidad y la redundancia de la alimentaci\u00f3n el\u00e9ctrica en corriente alterna y continua. Se integra perfectamente en las instalaciones de los gestores de red (RTE, ENEDIS) as\u00ed como en subestaciones industriales privadas, garantizando una gesti\u00f3n eficaz y segura de las fuentes el\u00e9ctricas.<\/p>\n<h3>Arquitectura modular y vers\u00e1til<\/h3>\n<p class=\"product-description\">Los cuadros est\u00e1n disponibles en varias configuraciones, con conmutadores de fuente en calibres de 250 A, 400 A o 630 A. Esta modularidad permite cubrir necesidades diversas: alimentaci\u00f3n de redes cr\u00edticas, gesti\u00f3n redundante entre dos transformadores o entre un transformador y un grupo electr\u00f3geno. Algunas configuraciones integran dos cuadros distintos, cada uno equipado con un conmutador de fuente independiente. Esto permite separar la gesti\u00f3n de la red principal de la red segura.<\/p>\n<h3>Funciones avanzadas de conmutaci\u00f3n<\/h3>\n<p class=\"product-description\">El cuadro de unidad auxiliar puede incorporar una l\u00f3gica de conmutaci\u00f3n simple o espec\u00edfica, seg\u00fan los escenarios de uso. La l\u00f3gica espec\u00edfica permite, por ejemplo, sincronizar la fase de arranque del grupo electr\u00f3geno con el cambio de carga. Cada conmutador est\u00e1 acoplado a un sistema de control y mando que garantiza la seguridad del funcionamiento, incluso en caso de fallo en la alimentaci\u00f3n upstream (p\u00e9rdida de fuente, desequilibrio de red, etc.).<\/p>\n<h3>Distribuci\u00f3n energ\u00e9tica optimizada<\/h3>\n<p class=\"product-description\">El tr\u00e1nsito de energ\u00eda se realiza mediante barras flexibles aisladas, perfectamente dimensionadas. Las interfaces de conexi\u00f3n permiten el cableado de hasta cuatro cables tipo 3 x 95 mm\u00b2 + 35 mm\u00b2, facilitando las conexiones multi-fuente y reduciendo las p\u00e9rdidas de energ\u00eda.<\/p>\n<h3>Seguridad, fiabilidad y adaptabilidad<\/h3>\n<p class=\"product-description\">Dise\u00f1ados seg\u00fan las normas vigentes para aplicaciones cr\u00edticas, los cuadros garantizan una explotaci\u00f3n segura, una instalaci\u00f3n simplificada y un mantenimiento facilitado. Gracias a su dise\u00f1o modular, se adaptan a la evoluci\u00f3n de las infraestructuras y aseguran una alta disponibilidad energ\u00e9tica.<\/p>\n<p class=\"product-description\">El cuadro de unidad auxiliar ACTIA Energy es, por tanto, la soluci\u00f3n ideal para garantizar la continuidad de servicio de equipos sensibles en todos los contextos de explotaci\u00f3n el\u00e9ctrica.<\/p>\n<div class=\"pdfviewer\">&#13;<br \/>\n    <a  class=\"_3d-flip-book  fb3d-link-lightbox-mode\" data-id=\"0\" data-mode=\"link-lightbox\" data-title=\"false\" data-template=\"short-white-book-view\" data-lightbox=\"dark-shadow\" data-urlparam=\"fb3d-page\" data-page-n=\"0\" data-pdf=\"https:\/\/actiaenergy.com\/xml-ecatalogue\/Pdf\/PLAQUETTE-UA-FR-EN-EDIT-1.0.pdf\" data-tax=\"null\" data-thumbnail=\"\" data-cols=\"3\" data-book-template=\"default\" data-trigger=\"\" style=\"background-color:#221f21\">&#13;<br \/>\n        <img decoding=\"async\" class=\"brochure-pdf\" src=\"https:\/\/actiaenergy.com\/xml-ecatalogue\/Pdf\/Thumbnails\/PLAQUETTE-UA-FR-EN-EDIT-1.0_thumb_normal.jpg\">&#13;<br \/>\n    <\/a>&#13;\n<\/div>\n","protected":false},"excerpt":{"rendered":"<p>Sistemas modulares de distribuci\u00f3n de Baja tensi\u00f3n para redes el\u00e9ctricas, que combinan seguridad, flexibilidad y eficiencia energ\u00e9tica.<\/p>\n","protected":false},"featured_media":35272,"template":"","meta":{"site-sidebar-layout":"default","site-content-layout":"","ast-site-content-layout":"default","site-content-style":"default","site-sidebar-style":"default","ast-global-header-display":"","ast-banner-title-visibility":"","ast-main-header-display":"","ast-hfb-above-header-display":"","ast-hfb-below-header-display":"","ast-hfb-mobile-header-display":"","site-post-title":"","ast-breadcrumbs-content":"","ast-featured-img":"","footer-sml-layout":"","ast-disable-related-posts":"","theme-transparent-header-meta":"","adv-header-id-meta":"","stick-header-meta":"","header-above-stick-meta":"","header-main-stick-meta":"","header-below-stick-meta":"","astra-migrate-meta-layouts":"default","ast-page-background-enabled":"default","ast-page-background-meta":{"desktop":{"background-color":"var(--ast-global-color-5)","background-image":"","background-repeat":"repeat","background-position":"center center","background-size":"auto","background-attachment":"scroll","background-type":"","background-media":"","overlay-type":"","overlay-color":"","overlay-opacity":"","overlay-gradient":""},"tablet":{"background-color":"","background-image":"","background-repeat":"repeat","background-position":"center center","background-size":"auto","background-attachment":"scroll","background-type":"","background-media":"","overlay-type":"","overlay-color":"","overlay-opacity":"","overlay-gradient":""},"mobile":{"background-color":"","background-image":"","background-repeat":"repeat","background-position":"center center","background-size":"auto","background-attachment":"scroll","background-type":"","background-media":"","overlay-type":"","overlay-color":"","overlay-opacity":"","overlay-gradient":""}},"ast-content-background-meta":{"desktop":{"background-color":"var(--ast-global-color-4)","background-image":"","background-repeat":"repeat","background-position":"center center","background-size":"auto","background-attachment":"scroll","background-type":"","background-media":"","overlay-type":"","overlay-color":"","overlay-opacity":"","overlay-gradient":""},"tablet":{"background-color":"var(--ast-global-color-4)","background-image":"","background-repeat":"repeat","background-position":"center center","background-size":"auto","background-attachment":"scroll","background-type":"","background-media":"","overlay-type":"","overlay-color":"","overlay-opacity":"","overlay-gradient":""},"mobile":{"background-color":"var(--ast-global-color-4)","background-image":"","background-repeat":"repeat","background-position":"center center","background-size":"auto","background-attachment":"scroll","background-type":"","background-media":"","overlay-type":"","overlay-color":"","overlay-opacity":"","overlay-gradient":""}}},"product_brand":[],"product_cat":[7211,7333],"product_tag":[5929,7334,7335,7336,7337,7338,7339,7340,7341],"class_list":{"0":"post-35282","1":"product","2":"type-product","3":"status-publish","4":"has-post-thumbnail","6":"product_cat-distribucion-de-baja-tension","7":"product_cat-tablero-de-distribucion-electrica","8":"product_tag-bt","9":"product_tag-distribucion-electrica","10":"product_tag-electrotecnia","11":"product_tag-energia","12":"product_tag-flexibilidad","13":"product_tag-industria","14":"product_tag-subestacion-fuente","15":"product_tag-seguridad-energetica","16":"product_tag-panel-de-unidades-auxiliares","17":"desktop-align-left","18":"tablet-align-left","19":"mobile-align-left","21":"first","22":"instock","23":"product-type-simple"},"yoast_head":"<!-- This site is optimized with the Yoast SEO plugin v27.5 - https:\/\/yoast.com\/product\/yoast-seo-wordpress\/ -->\n<title>CSA9010, CSA9030, Tablero modulare de distribuci\u00f3n Baja tensi\u00f3n - Distribuci\u00f3n de Baja Tensi\u00f3n par ACTIA Energy<\/title>\n<meta name=\"description\" content=\"Descubra nuestras tablas de unidades auxiliares redundantes: seguridad, redundancia y rendimiento para sus redes el\u00e9ctricas de Baja tensi\u00f3n.\" \/>\n<meta name=\"robots\" content=\"index, follow, max-snippet:-1, max-image-preview:large, max-video-preview:-1\" \/>\n<link rel=\"canonical\" href=\"https:\/\/actiaenergy.com\/es\/solutions\/tablero-distribucion-baja-tension-csa\/\" \/>\n<meta property=\"og:locale\" content=\"es_ES\" \/>\n<meta property=\"og:type\" content=\"article\" \/>\n<meta property=\"og:title\" content=\"CSA9010, CSA9030, Tablero modulare de distribuci\u00f3n Baja tensi\u00f3n - Distribuci\u00f3n de Baja Tensi\u00f3n par ACTIA Energy\" \/>\n<meta property=\"og:description\" content=\"Descubra nuestras tablas de unidades auxiliares redundantes: seguridad, redundancia y rendimiento para sus redes el\u00e9ctricas de Baja tensi\u00f3n.\" \/>\n<meta property=\"og:url\" content=\"https:\/\/actiaenergy.com\/es\/solutions\/tablero-distribucion-baja-tension-csa\/\" \/>\n<meta property=\"og:site_name\" content=\"ACTIA Energy\" \/>\n<meta property=\"article:modified_time\" content=\"2026-04-02T10:06:43+00:00\" \/>\n<meta property=\"og:image\" content=\"https:\/\/actiaenergy.com\/wp-content\/uploads\/tableaux-unites-auxiliaires-ua-1080-1-36.webp\" \/>\n\t<meta property=\"og:image:width\" content=\"1080\" \/>\n\t<meta property=\"og:image:height\" content=\"1080\" \/>\n\t<meta property=\"og:image:type\" content=\"image\/webp\" \/>\n<meta name=\"twitter:card\" content=\"summary_large_image\" \/>\n<meta name=\"twitter:label1\" content=\"Tiempo de lectura\" \/>\n\t<meta name=\"twitter:data1\" content=\"2 minutos\" \/>\n<script type=\"application\/ld+json\" class=\"yoast-schema-graph\">{\"@context\":\"https:\\\/\\\/schema.org\",\"@graph\":[{\"@type\":\"WebPage\",\"@id\":\"https:\\\/\\\/actiaenergy.com\\\/es\\\/solutions\\\/tablero-distribucion-baja-tension-csa\\\/\",\"url\":\"https:\\\/\\\/actiaenergy.com\\\/es\\\/solutions\\\/tablero-distribucion-baja-tension-csa\\\/\",\"name\":\"CSA9010, CSA9030, Tablero modulare de distribuci\u00f3n Baja tensi\u00f3n - Distribuci\u00f3n de Baja Tensi\u00f3n par ACTIA Energy\",\"isPartOf\":{\"@id\":\"https:\\\/\\\/actiaenergy.com\\\/es\\\/#website\"},\"primaryImageOfPage\":{\"@id\":\"https:\\\/\\\/actiaenergy.com\\\/es\\\/solutions\\\/tablero-distribucion-baja-tension-csa\\\/#primaryimage\"},\"image\":{\"@id\":\"https:\\\/\\\/actiaenergy.com\\\/es\\\/solutions\\\/tablero-distribucion-baja-tension-csa\\\/#primaryimage\"},\"thumbnailUrl\":\"https:\\\/\\\/actiaenergy.com\\\/wp-content\\\/uploads\\\/tableaux-unites-auxiliaires-ua-1080-1-36.webp\",\"datePublished\":\"2025-05-04T22:00:00+00:00\",\"dateModified\":\"2026-04-02T10:06:43+00:00\",\"description\":\"Descubra nuestras tablas de unidades auxiliares redundantes: seguridad, redundancia y rendimiento para sus redes el\u00e9ctricas de Baja tensi\u00f3n.\",\"breadcrumb\":{\"@id\":\"https:\\\/\\\/actiaenergy.com\\\/es\\\/solutions\\\/tablero-distribucion-baja-tension-csa\\\/#breadcrumb\"},\"inLanguage\":\"es\",\"potentialAction\":[{\"@type\":\"ReadAction\",\"target\":[\"https:\\\/\\\/actiaenergy.com\\\/es\\\/solutions\\\/tablero-distribucion-baja-tension-csa\\\/\"]}]},{\"@type\":\"ImageObject\",\"inLanguage\":\"es\",\"@id\":\"https:\\\/\\\/actiaenergy.com\\\/es\\\/solutions\\\/tablero-distribucion-baja-tension-csa\\\/#primaryimage\",\"url\":\"https:\\\/\\\/actiaenergy.com\\\/wp-content\\\/uploads\\\/tableaux-unites-auxiliaires-ua-1080-1-36.webp\",\"contentUrl\":\"https:\\\/\\\/actiaenergy.com\\\/wp-content\\\/uploads\\\/tableaux-unites-auxiliaires-ua-1080-1-36.webp\",\"width\":1080,\"height\":1080,\"caption\":\"Distribuci\u00f3n de Baja Tensi\u00f3n Tablero modulare de distribuci\u00f3n Baja tensi\u00f3n - ACTIA Energy\"},{\"@type\":\"BreadcrumbList\",\"@id\":\"https:\\\/\\\/actiaenergy.com\\\/es\\\/solutions\\\/tablero-distribucion-baja-tension-csa\\\/#breadcrumb\",\"itemListElement\":[{\"@type\":\"ListItem\",\"position\":1,\"name\":\"ACTIA Energy\",\"item\":\"https:\\\/\\\/actiaenergy.com\\\/es\\\/actia-energy\\\/\"},{\"@type\":\"ListItem\",\"position\":2,\"name\":\"Soluciones\",\"item\":\"https:\\\/\\\/actiaenergy.com\\\/es\\\/soluciones\\\/\"},{\"@type\":\"ListItem\",\"position\":3,\"name\":\"Tablero modulare de distribuci\u00f3n Baja tensi\u00f3n\"}]},{\"@type\":\"WebSite\",\"@id\":\"https:\\\/\\\/actiaenergy.com\\\/es\\\/#website\",\"url\":\"https:\\\/\\\/actiaenergy.com\\\/es\\\/\",\"name\":\"ACTIA Energy\",\"description\":\"L&#039;ing\u00e9nierie de l&#039;\u00e9nergie de demain.\",\"publisher\":{\"@id\":\"https:\\\/\\\/actiaenergy.com\\\/es\\\/#organization\"},\"potentialAction\":[{\"@type\":\"SearchAction\",\"target\":{\"@type\":\"EntryPoint\",\"urlTemplate\":\"https:\\\/\\\/actiaenergy.com\\\/es\\\/?s={search_term_string}\"},\"query-input\":{\"@type\":\"PropertyValueSpecification\",\"valueRequired\":true,\"valueName\":\"search_term_string\"}}],\"inLanguage\":\"es\"},{\"@type\":\"Organization\",\"@id\":\"https:\\\/\\\/actiaenergy.com\\\/es\\\/#organization\",\"name\":\"ACTIA Energy\",\"url\":\"https:\\\/\\\/actiaenergy.com\\\/es\\\/\",\"logo\":{\"@type\":\"ImageObject\",\"inLanguage\":\"es\",\"@id\":\"https:\\\/\\\/actiaenergy.com\\\/es\\\/#\\\/schema\\\/logo\\\/image\\\/\",\"url\":\"https:\\\/\\\/actiaenergy.com\\\/wp-content\\\/uploads\\\/Logo-ACTIA-Couleurs-h150.png\",\"contentUrl\":\"https:\\\/\\\/actiaenergy.com\\\/wp-content\\\/uploads\\\/Logo-ACTIA-Couleurs-h150.png\",\"width\":706,\"height\":150,\"caption\":\"ACTIA Energy\"},\"image\":{\"@id\":\"https:\\\/\\\/actiaenergy.com\\\/es\\\/#\\\/schema\\\/logo\\\/image\\\/\"}}]}<\/script>\n<!-- \/ Yoast SEO plugin. -->","yoast_head_json":{"title":"CSA9010, CSA9030, Tablero modulare de distribuci\u00f3n Baja tensi\u00f3n - Distribuci\u00f3n de Baja Tensi\u00f3n par ACTIA Energy","description":"Descubra nuestras tablas de unidades auxiliares redundantes: seguridad, redundancia y rendimiento para sus redes el\u00e9ctricas de Baja tensi\u00f3n.","robots":{"index":"index","follow":"follow","max-snippet":"max-snippet:-1","max-image-preview":"max-image-preview:large","max-video-preview":"max-video-preview:-1"},"canonical":"https:\/\/actiaenergy.com\/es\/solutions\/tablero-distribucion-baja-tension-csa\/","og_locale":"es_ES","og_type":"article","og_title":"CSA9010, CSA9030, Tablero modulare de distribuci\u00f3n Baja tensi\u00f3n - Distribuci\u00f3n de Baja Tensi\u00f3n par ACTIA Energy","og_description":"Descubra nuestras tablas de unidades auxiliares redundantes: seguridad, redundancia y rendimiento para sus redes el\u00e9ctricas de Baja tensi\u00f3n.","og_url":"https:\/\/actiaenergy.com\/es\/solutions\/tablero-distribucion-baja-tension-csa\/","og_site_name":"ACTIA Energy","article_modified_time":"2026-04-02T10:06:43+00:00","og_image":[{"width":1080,"height":1080,"url":"https:\/\/actiaenergy.com\/wp-content\/uploads\/tableaux-unites-auxiliaires-ua-1080-1-36.webp","type":"image\/webp"}],"twitter_card":"summary_large_image","twitter_misc":{"Tiempo de lectura":"2 minutos"},"schema":{"@context":"https:\/\/schema.org","@graph":[{"@type":"WebPage","@id":"https:\/\/actiaenergy.com\/es\/solutions\/tablero-distribucion-baja-tension-csa\/","url":"https:\/\/actiaenergy.com\/es\/solutions\/tablero-distribucion-baja-tension-csa\/","name":"CSA9010, CSA9030, Tablero modulare de distribuci\u00f3n Baja tensi\u00f3n - Distribuci\u00f3n de Baja Tensi\u00f3n par ACTIA Energy","isPartOf":{"@id":"https:\/\/actiaenergy.com\/es\/#website"},"primaryImageOfPage":{"@id":"https:\/\/actiaenergy.com\/es\/solutions\/tablero-distribucion-baja-tension-csa\/#primaryimage"},"image":{"@id":"https:\/\/actiaenergy.com\/es\/solutions\/tablero-distribucion-baja-tension-csa\/#primaryimage"},"thumbnailUrl":"https:\/\/actiaenergy.com\/wp-content\/uploads\/tableaux-unites-auxiliaires-ua-1080-1-36.webp","datePublished":"2025-05-04T22:00:00+00:00","dateModified":"2026-04-02T10:06:43+00:00","description":"Descubra nuestras tablas de unidades auxiliares redundantes: seguridad, redundancia y rendimiento para sus redes el\u00e9ctricas de Baja tensi\u00f3n.","breadcrumb":{"@id":"https:\/\/actiaenergy.com\/es\/solutions\/tablero-distribucion-baja-tension-csa\/#breadcrumb"},"inLanguage":"es","potentialAction":[{"@type":"ReadAction","target":["https:\/\/actiaenergy.com\/es\/solutions\/tablero-distribucion-baja-tension-csa\/"]}]},{"@type":"ImageObject","inLanguage":"es","@id":"https:\/\/actiaenergy.com\/es\/solutions\/tablero-distribucion-baja-tension-csa\/#primaryimage","url":"https:\/\/actiaenergy.com\/wp-content\/uploads\/tableaux-unites-auxiliaires-ua-1080-1-36.webp","contentUrl":"https:\/\/actiaenergy.com\/wp-content\/uploads\/tableaux-unites-auxiliaires-ua-1080-1-36.webp","width":1080,"height":1080,"caption":"Distribuci\u00f3n de Baja Tensi\u00f3n Tablero modulare de distribuci\u00f3n Baja tensi\u00f3n - ACTIA Energy"},{"@type":"BreadcrumbList","@id":"https:\/\/actiaenergy.com\/es\/solutions\/tablero-distribucion-baja-tension-csa\/#breadcrumb","itemListElement":[{"@type":"ListItem","position":1,"name":"ACTIA Energy","item":"https:\/\/actiaenergy.com\/es\/actia-energy\/"},{"@type":"ListItem","position":2,"name":"Soluciones","item":"https:\/\/actiaenergy.com\/es\/soluciones\/"},{"@type":"ListItem","position":3,"name":"Tablero modulare de distribuci\u00f3n Baja tensi\u00f3n"}]},{"@type":"WebSite","@id":"https:\/\/actiaenergy.com\/es\/#website","url":"https:\/\/actiaenergy.com\/es\/","name":"ACTIA Energy","description":"L&#039;ing\u00e9nierie de l&#039;\u00e9nergie de demain.","publisher":{"@id":"https:\/\/actiaenergy.com\/es\/#organization"},"potentialAction":[{"@type":"SearchAction","target":{"@type":"EntryPoint","urlTemplate":"https:\/\/actiaenergy.com\/es\/?s={search_term_string}"},"query-input":{"@type":"PropertyValueSpecification","valueRequired":true,"valueName":"search_term_string"}}],"inLanguage":"es"},{"@type":"Organization","@id":"https:\/\/actiaenergy.com\/es\/#organization","name":"ACTIA Energy","url":"https:\/\/actiaenergy.com\/es\/","logo":{"@type":"ImageObject","inLanguage":"es","@id":"https:\/\/actiaenergy.com\/es\/#\/schema\/logo\/image\/","url":"https:\/\/actiaenergy.com\/wp-content\/uploads\/Logo-ACTIA-Couleurs-h150.png","contentUrl":"https:\/\/actiaenergy.com\/wp-content\/uploads\/Logo-ACTIA-Couleurs-h150.png","width":706,"height":150,"caption":"ACTIA Energy"},"image":{"@id":"https:\/\/actiaenergy.com\/es\/#\/schema\/logo\/image\/"}}]}},"_links":{"self":[{"href":"https:\/\/actiaenergy.com\/es\/wp-json\/wp\/v2\/product\/35282","targetHints":{"allow":["GET"]}}],"collection":[{"href":"https:\/\/actiaenergy.com\/es\/wp-json\/wp\/v2\/product"}],"about":[{"href":"https:\/\/actiaenergy.com\/es\/wp-json\/wp\/v2\/types\/product"}],"wp:featuredmedia":[{"embeddable":true,"href":"https:\/\/actiaenergy.com\/es\/wp-json\/wp\/v2\/media\/35272"}],"wp:attachment":[{"href":"https:\/\/actiaenergy.com\/es\/wp-json\/wp\/v2\/media?parent=35282"}],"wp:term":[{"taxonomy":"product_brand","embeddable":true,"href":"https:\/\/actiaenergy.com\/es\/wp-json\/wp\/v2\/product_brand?post=35282"},{"taxonomy":"product_cat","embeddable":true,"href":"https:\/\/actiaenergy.com\/es\/wp-json\/wp\/v2\/product_cat?post=35282"},{"taxonomy":"product_tag","embeddable":true,"href":"https:\/\/actiaenergy.com\/es\/wp-json\/wp\/v2\/product_tag?post=35282"}],"curies":[{"name":"wp","href":"https:\/\/api.w.org\/{rel}","templated":true}]}}