{"id":35285,"date":"2025-04-08T00:00:00","date_gmt":"2025-04-07T22:00:00","guid":{"rendered":"https:\/\/actiaenergy.com\/solutions\/cuadro-ar-tr-csa9010\/"},"modified":"2026-04-02T12:07:22","modified_gmt":"2026-04-02T10:07:22","slug":"cuadro-ar-tr-csa9010","status":"publish","type":"product","link":"https:\/\/actiaenergy.com\/es\/solutions\/cuadro-ar-tr-csa9010\/","title":{"rendered":"Cuadro de protecci\u00f3n para alimentaciones auxiliares"},"content":{"rendered":"<p class=\"product-description\">Los cuadros de unidades auxiliares ACTIA Energy est\u00e1n dise\u00f1ados para garantizar el correcto funcionamiento interno de las Subestaciones Fuente (ENEDIS). Disponibles en varias versiones (AR, AR Auto, TR, etc.), est\u00e1n adaptados a entornos industriales exigentes.<\/p>\n<p class=\"product-description\">F\u00e1ciles de instalar, estos cuadros integran funciones de protecci\u00f3n. Permiten reducir los tiempos de interrupci\u00f3n y optimizar el mantenimiento de las instalaciones. Fabricados en Francia, cumplen con las expectativas de los operadores y con las normas del sector energ\u00e9tico.<\/p>\n","protected":false},"excerpt":{"rendered":"<p>Cuadro para la protecci\u00f3n de las alimentaciones auxiliares en las subestaciones el\u00e9ctricas.<\/p>\n","protected":false},"featured_media":35230,"template":"","meta":{"site-sidebar-layout":"default","site-content-layout":"","ast-site-content-layout":"default","site-content-style":"default","site-sidebar-style":"default","ast-global-header-display":"","ast-banner-title-visibility":"","ast-main-header-display":"","ast-hfb-above-header-display":"","ast-hfb-below-header-display":"","ast-hfb-mobile-header-display":"","site-post-title":"","ast-breadcrumbs-content":"","ast-featured-img":"","footer-sml-layout":"","ast-disable-related-posts":"","theme-transparent-header-meta":"","adv-header-id-meta":"","stick-header-meta":"","header-above-stick-meta":"","header-main-stick-meta":"","header-below-stick-meta":"","astra-migrate-meta-layouts":"default","ast-page-background-enabled":"default","ast-page-background-meta":{"desktop":{"background-color":"var(--ast-global-color-5)","background-image":"","background-repeat":"repeat","background-position":"center center","background-size":"auto","background-attachment":"scroll","background-type":"","background-media":"","overlay-type":"","overlay-color":"","overlay-opacity":"","overlay-gradient":""},"tablet":{"background-color":"","background-image":"","background-repeat":"repeat","background-position":"center center","background-size":"auto","background-attachment":"scroll","background-type":"","background-media":"","overlay-type":"","overlay-color":"","overlay-opacity":"","overlay-gradient":""},"mobile":{"background-color":"","background-image":"","background-repeat":"repeat","background-position":"center center","background-size":"auto","background-attachment":"scroll","background-type":"","background-media":"","overlay-type":"","overlay-color":"","overlay-opacity":"","overlay-gradient":""}},"ast-content-background-meta":{"desktop":{"background-color":"var(--ast-global-color-4)","background-image":"","background-repeat":"repeat","background-position":"center center","background-size":"auto","background-attachment":"scroll","background-type":"","background-media":"","overlay-type":"","overlay-color":"","overlay-opacity":"","overlay-gradient":""},"tablet":{"background-color":"var(--ast-global-color-4)","background-image":"","background-repeat":"repeat","background-position":"center center","background-size":"auto","background-attachment":"scroll","background-type":"","background-media":"","overlay-type":"","overlay-color":"","overlay-opacity":"","overlay-gradient":""},"mobile":{"background-color":"var(--ast-global-color-4)","background-image":"","background-repeat":"repeat","background-position":"center center","background-size":"auto","background-attachment":"scroll","background-type":"","background-media":"","overlay-type":"","overlay-color":"","overlay-opacity":"","overlay-gradient":""}}},"product_brand":[],"product_cat":[7211,7344],"product_tag":[5899,5920,5941,7345,7346,7347,7348],"class_list":{"0":"post-35285","1":"product","2":"type-product","3":"status-publish","4":"has-post-thumbnail","6":"product_cat-distribucion-de-baja-tension","7":"product_cat-cuadro-servicio-auxiliar","8":"product_tag-40a","9":"product_tag-230v","10":"product_tag-400v","11":"product_tag-cuadro","12":"product_tag-suministro-de-alta-potencia","13":"product_tag-redundante","14":"product_tag-conmutador-de-fuente-manual","15":"desktop-align-left","16":"tablet-align-left","17":"mobile-align-left","19":"first","20":"instock","21":"product-type-simple"},"yoast_head":"<!-- This site is optimized with the Yoast SEO plugin v27.4 - https:\/\/yoast.com\/product\/yoast-seo-wordpress\/ -->\n<title>Cuadro AR-TR CSA9010, Cuadro de protecci\u00f3n para alimentaciones auxiliares - Distribuci\u00f3n de Baja Tensi\u00f3n par ACTIA Energy<\/title>\n<meta name=\"description\" content=\"Cuadrado AR-TR CSA9010: alimentaci\u00f3n redundante y protecci\u00f3n de sistemas de alta potencia.\" \/>\n<meta name=\"robots\" content=\"index, follow, max-snippet:-1, max-image-preview:large, max-video-preview:-1\" \/>\n<link rel=\"canonical\" href=\"https:\/\/actiaenergy.com\/es\/solutions\/cuadro-ar-tr-csa9010\/\" \/>\n<meta property=\"og:locale\" content=\"es_ES\" \/>\n<meta property=\"og:type\" content=\"article\" \/>\n<meta property=\"og:title\" content=\"Cuadro AR-TR CSA9010, Cuadro de protecci\u00f3n para alimentaciones auxiliares - Distribuci\u00f3n de Baja Tensi\u00f3n par ACTIA Energy\" \/>\n<meta property=\"og:description\" content=\"Cuadrado AR-TR CSA9010: alimentaci\u00f3n redundante y protecci\u00f3n de sistemas de alta potencia.\" \/>\n<meta property=\"og:url\" content=\"https:\/\/actiaenergy.com\/es\/solutions\/cuadro-ar-tr-csa9010\/\" \/>\n<meta property=\"og:site_name\" content=\"ACTIA Energy\" \/>\n<meta property=\"article:modified_time\" content=\"2026-04-02T10:07:22+00:00\" \/>\n<meta property=\"og:image\" content=\"https:\/\/actiaenergy.com\/wp-content\/uploads\/product-visuel-eCatalogue-1080-37.webp\" \/>\n\t<meta property=\"og:image:width\" content=\"1080\" \/>\n\t<meta property=\"og:image:height\" content=\"1080\" \/>\n\t<meta property=\"og:image:type\" content=\"image\/webp\" \/>\n<meta name=\"twitter:card\" content=\"summary_large_image\" \/>\n<script type=\"application\/ld+json\" class=\"yoast-schema-graph\">{\"@context\":\"https:\\\/\\\/schema.org\",\"@graph\":[{\"@type\":\"WebPage\",\"@id\":\"https:\\\/\\\/actiaenergy.com\\\/es\\\/solutions\\\/cuadro-ar-tr-csa9010\\\/\",\"url\":\"https:\\\/\\\/actiaenergy.com\\\/es\\\/solutions\\\/cuadro-ar-tr-csa9010\\\/\",\"name\":\"Cuadro AR-TR CSA9010, Cuadro de protecci\u00f3n para alimentaciones auxiliares - Distribuci\u00f3n de Baja Tensi\u00f3n par ACTIA Energy\",\"isPartOf\":{\"@id\":\"https:\\\/\\\/actiaenergy.com\\\/es\\\/#website\"},\"primaryImageOfPage\":{\"@id\":\"https:\\\/\\\/actiaenergy.com\\\/es\\\/solutions\\\/cuadro-ar-tr-csa9010\\\/#primaryimage\"},\"image\":{\"@id\":\"https:\\\/\\\/actiaenergy.com\\\/es\\\/solutions\\\/cuadro-ar-tr-csa9010\\\/#primaryimage\"},\"thumbnailUrl\":\"https:\\\/\\\/actiaenergy.com\\\/wp-content\\\/uploads\\\/product-visuel-eCatalogue-1080-37.webp\",\"datePublished\":\"2025-04-07T22:00:00+00:00\",\"dateModified\":\"2026-04-02T10:07:22+00:00\",\"description\":\"Cuadrado AR-TR CSA9010: alimentaci\u00f3n redundante y protecci\u00f3n de sistemas de alta potencia.\",\"breadcrumb\":{\"@id\":\"https:\\\/\\\/actiaenergy.com\\\/es\\\/solutions\\\/cuadro-ar-tr-csa9010\\\/#breadcrumb\"},\"inLanguage\":\"es\",\"potentialAction\":[{\"@type\":\"ReadAction\",\"target\":[\"https:\\\/\\\/actiaenergy.com\\\/es\\\/solutions\\\/cuadro-ar-tr-csa9010\\\/\"]}]},{\"@type\":\"ImageObject\",\"inLanguage\":\"es\",\"@id\":\"https:\\\/\\\/actiaenergy.com\\\/es\\\/solutions\\\/cuadro-ar-tr-csa9010\\\/#primaryimage\",\"url\":\"https:\\\/\\\/actiaenergy.com\\\/wp-content\\\/uploads\\\/product-visuel-eCatalogue-1080-37.webp\",\"contentUrl\":\"https:\\\/\\\/actiaenergy.com\\\/wp-content\\\/uploads\\\/product-visuel-eCatalogue-1080-37.webp\",\"width\":1080,\"height\":1080,\"caption\":\"Distribuci\u00f3n de Baja Tensi\u00f3n Cuadro TR para sistemas de alta potencia - ACTIA Energy\"},{\"@type\":\"BreadcrumbList\",\"@id\":\"https:\\\/\\\/actiaenergy.com\\\/es\\\/solutions\\\/cuadro-ar-tr-csa9010\\\/#breadcrumb\",\"itemListElement\":[{\"@type\":\"ListItem\",\"position\":1,\"name\":\"ACTIA Energy\",\"item\":\"https:\\\/\\\/actiaenergy.com\\\/es\\\/actia-energy\\\/\"},{\"@type\":\"ListItem\",\"position\":2,\"name\":\"Soluciones\",\"item\":\"https:\\\/\\\/actiaenergy.com\\\/es\\\/soluciones\\\/\"},{\"@type\":\"ListItem\",\"position\":3,\"name\":\"Cuadro de protecci\u00f3n para alimentaciones auxiliares\"}]},{\"@type\":\"WebSite\",\"@id\":\"https:\\\/\\\/actiaenergy.com\\\/es\\\/#website\",\"url\":\"https:\\\/\\\/actiaenergy.com\\\/es\\\/\",\"name\":\"ACTIA Energy\",\"description\":\"L&#039;ing\u00e9nierie de l&#039;\u00e9nergie de demain.\",\"publisher\":{\"@id\":\"https:\\\/\\\/actiaenergy.com\\\/es\\\/#organization\"},\"potentialAction\":[{\"@type\":\"SearchAction\",\"target\":{\"@type\":\"EntryPoint\",\"urlTemplate\":\"https:\\\/\\\/actiaenergy.com\\\/es\\\/?s={search_term_string}\"},\"query-input\":{\"@type\":\"PropertyValueSpecification\",\"valueRequired\":true,\"valueName\":\"search_term_string\"}}],\"inLanguage\":\"es\"},{\"@type\":\"Organization\",\"@id\":\"https:\\\/\\\/actiaenergy.com\\\/es\\\/#organization\",\"name\":\"ACTIA Energy\",\"url\":\"https:\\\/\\\/actiaenergy.com\\\/es\\\/\",\"logo\":{\"@type\":\"ImageObject\",\"inLanguage\":\"es\",\"@id\":\"https:\\\/\\\/actiaenergy.com\\\/es\\\/#\\\/schema\\\/logo\\\/image\\\/\",\"url\":\"https:\\\/\\\/actiaenergy.com\\\/wp-content\\\/uploads\\\/Logo-ACTIA-Couleurs-h150.png\",\"contentUrl\":\"https:\\\/\\\/actiaenergy.com\\\/wp-content\\\/uploads\\\/Logo-ACTIA-Couleurs-h150.png\",\"width\":706,\"height\":150,\"caption\":\"ACTIA Energy\"},\"image\":{\"@id\":\"https:\\\/\\\/actiaenergy.com\\\/es\\\/#\\\/schema\\\/logo\\\/image\\\/\"}}]}<\/script>\n<!-- \/ Yoast SEO plugin. -->","yoast_head_json":{"title":"Cuadro AR-TR CSA9010, Cuadro de protecci\u00f3n para alimentaciones auxiliares - Distribuci\u00f3n de Baja Tensi\u00f3n par ACTIA Energy","description":"Cuadrado AR-TR CSA9010: alimentaci\u00f3n redundante y protecci\u00f3n de sistemas de alta potencia.","robots":{"index":"index","follow":"follow","max-snippet":"max-snippet:-1","max-image-preview":"max-image-preview:large","max-video-preview":"max-video-preview:-1"},"canonical":"https:\/\/actiaenergy.com\/es\/solutions\/cuadro-ar-tr-csa9010\/","og_locale":"es_ES","og_type":"article","og_title":"Cuadro AR-TR CSA9010, Cuadro de protecci\u00f3n para alimentaciones auxiliares - Distribuci\u00f3n de Baja Tensi\u00f3n par ACTIA Energy","og_description":"Cuadrado AR-TR CSA9010: alimentaci\u00f3n redundante y protecci\u00f3n de sistemas de alta potencia.","og_url":"https:\/\/actiaenergy.com\/es\/solutions\/cuadro-ar-tr-csa9010\/","og_site_name":"ACTIA Energy","article_modified_time":"2026-04-02T10:07:22+00:00","og_image":[{"width":1080,"height":1080,"url":"https:\/\/actiaenergy.com\/wp-content\/uploads\/product-visuel-eCatalogue-1080-37.webp","type":"image\/webp"}],"twitter_card":"summary_large_image","schema":{"@context":"https:\/\/schema.org","@graph":[{"@type":"WebPage","@id":"https:\/\/actiaenergy.com\/es\/solutions\/cuadro-ar-tr-csa9010\/","url":"https:\/\/actiaenergy.com\/es\/solutions\/cuadro-ar-tr-csa9010\/","name":"Cuadro AR-TR CSA9010, Cuadro de protecci\u00f3n para alimentaciones auxiliares - Distribuci\u00f3n de Baja Tensi\u00f3n par ACTIA Energy","isPartOf":{"@id":"https:\/\/actiaenergy.com\/es\/#website"},"primaryImageOfPage":{"@id":"https:\/\/actiaenergy.com\/es\/solutions\/cuadro-ar-tr-csa9010\/#primaryimage"},"image":{"@id":"https:\/\/actiaenergy.com\/es\/solutions\/cuadro-ar-tr-csa9010\/#primaryimage"},"thumbnailUrl":"https:\/\/actiaenergy.com\/wp-content\/uploads\/product-visuel-eCatalogue-1080-37.webp","datePublished":"2025-04-07T22:00:00+00:00","dateModified":"2026-04-02T10:07:22+00:00","description":"Cuadrado AR-TR CSA9010: alimentaci\u00f3n redundante y protecci\u00f3n de sistemas de alta potencia.","breadcrumb":{"@id":"https:\/\/actiaenergy.com\/es\/solutions\/cuadro-ar-tr-csa9010\/#breadcrumb"},"inLanguage":"es","potentialAction":[{"@type":"ReadAction","target":["https:\/\/actiaenergy.com\/es\/solutions\/cuadro-ar-tr-csa9010\/"]}]},{"@type":"ImageObject","inLanguage":"es","@id":"https:\/\/actiaenergy.com\/es\/solutions\/cuadro-ar-tr-csa9010\/#primaryimage","url":"https:\/\/actiaenergy.com\/wp-content\/uploads\/product-visuel-eCatalogue-1080-37.webp","contentUrl":"https:\/\/actiaenergy.com\/wp-content\/uploads\/product-visuel-eCatalogue-1080-37.webp","width":1080,"height":1080,"caption":"Distribuci\u00f3n de Baja Tensi\u00f3n Cuadro TR para sistemas de alta potencia - ACTIA Energy"},{"@type":"BreadcrumbList","@id":"https:\/\/actiaenergy.com\/es\/solutions\/cuadro-ar-tr-csa9010\/#breadcrumb","itemListElement":[{"@type":"ListItem","position":1,"name":"ACTIA Energy","item":"https:\/\/actiaenergy.com\/es\/actia-energy\/"},{"@type":"ListItem","position":2,"name":"Soluciones","item":"https:\/\/actiaenergy.com\/es\/soluciones\/"},{"@type":"ListItem","position":3,"name":"Cuadro de protecci\u00f3n para alimentaciones auxiliares"}]},{"@type":"WebSite","@id":"https:\/\/actiaenergy.com\/es\/#website","url":"https:\/\/actiaenergy.com\/es\/","name":"ACTIA Energy","description":"L&#039;ing\u00e9nierie de l&#039;\u00e9nergie de demain.","publisher":{"@id":"https:\/\/actiaenergy.com\/es\/#organization"},"potentialAction":[{"@type":"SearchAction","target":{"@type":"EntryPoint","urlTemplate":"https:\/\/actiaenergy.com\/es\/?s={search_term_string}"},"query-input":{"@type":"PropertyValueSpecification","valueRequired":true,"valueName":"search_term_string"}}],"inLanguage":"es"},{"@type":"Organization","@id":"https:\/\/actiaenergy.com\/es\/#organization","name":"ACTIA Energy","url":"https:\/\/actiaenergy.com\/es\/","logo":{"@type":"ImageObject","inLanguage":"es","@id":"https:\/\/actiaenergy.com\/es\/#\/schema\/logo\/image\/","url":"https:\/\/actiaenergy.com\/wp-content\/uploads\/Logo-ACTIA-Couleurs-h150.png","contentUrl":"https:\/\/actiaenergy.com\/wp-content\/uploads\/Logo-ACTIA-Couleurs-h150.png","width":706,"height":150,"caption":"ACTIA Energy"},"image":{"@id":"https:\/\/actiaenergy.com\/es\/#\/schema\/logo\/image\/"}}]}},"_links":{"self":[{"href":"https:\/\/actiaenergy.com\/es\/wp-json\/wp\/v2\/product\/35285","targetHints":{"allow":["GET"]}}],"collection":[{"href":"https:\/\/actiaenergy.com\/es\/wp-json\/wp\/v2\/product"}],"about":[{"href":"https:\/\/actiaenergy.com\/es\/wp-json\/wp\/v2\/types\/product"}],"wp:featuredmedia":[{"embeddable":true,"href":"https:\/\/actiaenergy.com\/es\/wp-json\/wp\/v2\/media\/35230"}],"wp:attachment":[{"href":"https:\/\/actiaenergy.com\/es\/wp-json\/wp\/v2\/media?parent=35285"}],"wp:term":[{"taxonomy":"product_brand","embeddable":true,"href":"https:\/\/actiaenergy.com\/es\/wp-json\/wp\/v2\/product_brand?post=35285"},{"taxonomy":"product_cat","embeddable":true,"href":"https:\/\/actiaenergy.com\/es\/wp-json\/wp\/v2\/product_cat?post=35285"},{"taxonomy":"product_tag","embeddable":true,"href":"https:\/\/actiaenergy.com\/es\/wp-json\/wp\/v2\/product_tag?post=35285"}],"curies":[{"name":"wp","href":"https:\/\/api.w.org\/{rel}","templated":true}]}}