{"id":35345,"date":"2026-04-02T10:12:14","date_gmt":"2026-04-02T08:12:14","guid":{"rendered":"https:\/\/actiaenergy.com\/solutions\/interfaz-comunicacion-contador-bic9010\/"},"modified":"2026-04-02T12:12:17","modified_gmt":"2026-04-02T10:12:17","slug":"interfaz-comunicacion-contador-bic9010","status":"publish","type":"product","link":"https:\/\/actiaenergy.com\/es\/solutions\/interfaz-comunicacion-contador-bic9010\/","title":{"rendered":"Interfaz de comunicaci\u00f3n segura"},"content":{"rendered":"<p class=\"product-description\">El Interfaz de Comunicaci\u00f3n BIC9010 est\u00e1 dise\u00f1ada para permitir una conectividad segura y duradera con contadores industriales (PYME-PMI, SAPHIR, ICE y Linky Pro) a trav\u00e9s de redes IP (GPRS\/UMTS\/LTE-M) o Ethernet.<\/p>\n<p class=\"product-description\">Permite un acceso remoto seguro a los datos de medici\u00f3n en modo pasante o gateway, adapt\u00e1ndose al entorno mediante alimentaci\u00f3n desde la red el\u00e9ctrica o desde el propio contador.<\/p>\n<p class=\"product-description\">Conforme a las especificaciones de ERDF, este Interfaz de Comunicaci\u00f3n integra una bater\u00eda interna, m\u00faltiples interfaces (RS232, Euridis, Ethernet&#8230;), una antena de radio (interna o externa), un sensor de apertura sellado y compatibilidad con soluciones de ciberseguridad.<\/p>\n<p class=\"product-description\">Su formato compacto, instalaci\u00f3n en riel DIN y robustez industrial la hacen ideal para instalaciones de medici\u00f3n cr\u00edticas.<\/p>\n","protected":false},"excerpt":{"rendered":"<p>Interfaz  Comunicaci\u00f3n segura para el acceso remoto a los contadores PME-PMI, SAPHIR, ICE y Linky Pro a trav\u00e9s de IP, radio o Ethernet.<\/p>\n","protected":false},"featured_media":35338,"template":"","meta":{"site-sidebar-layout":"default","site-content-layout":"","ast-site-content-layout":"default","site-content-style":"default","site-sidebar-style":"default","ast-global-header-display":"","ast-banner-title-visibility":"","ast-main-header-display":"","ast-hfb-above-header-display":"","ast-hfb-below-header-display":"","ast-hfb-mobile-header-display":"","site-post-title":"","ast-breadcrumbs-content":"","ast-featured-img":"","footer-sml-layout":"","ast-disable-related-posts":"","theme-transparent-header-meta":"","adv-header-id-meta":"","stick-header-meta":"","header-above-stick-meta":"","header-main-stick-meta":"","header-below-stick-meta":"","astra-migrate-meta-layouts":"default","ast-page-background-enabled":"default","ast-page-background-meta":{"desktop":{"background-color":"var(--ast-global-color-5)","background-image":"","background-repeat":"repeat","background-position":"center center","background-size":"auto","background-attachment":"scroll","background-type":"","background-media":"","overlay-type":"","overlay-color":"","overlay-opacity":"","overlay-gradient":""},"tablet":{"background-color":"","background-image":"","background-repeat":"repeat","background-position":"center center","background-size":"auto","background-attachment":"scroll","background-type":"","background-media":"","overlay-type":"","overlay-color":"","overlay-opacity":"","overlay-gradient":""},"mobile":{"background-color":"","background-image":"","background-repeat":"repeat","background-position":"center center","background-size":"auto","background-attachment":"scroll","background-type":"","background-media":"","overlay-type":"","overlay-color":"","overlay-opacity":"","overlay-gradient":""}},"ast-content-background-meta":{"desktop":{"background-color":"var(--ast-global-color-4)","background-image":"","background-repeat":"repeat","background-position":"center center","background-size":"auto","background-attachment":"scroll","background-type":"","background-media":"","overlay-type":"","overlay-color":"","overlay-opacity":"","overlay-gradient":""},"tablet":{"background-color":"var(--ast-global-color-4)","background-image":"","background-repeat":"repeat","background-position":"center center","background-size":"auto","background-attachment":"scroll","background-type":"","background-media":"","overlay-type":"","overlay-color":"","overlay-opacity":"","overlay-gradient":""},"mobile":{"background-color":"var(--ast-global-color-4)","background-image":"","background-repeat":"repeat","background-position":"center center","background-size":"auto","background-attachment":"scroll","background-type":"","background-media":"","overlay-type":"","overlay-color":"","overlay-opacity":"","overlay-gradient":""}}},"product_brand":[],"product_cat":[7214,7363],"product_tag":[7364,7365,7366],"class_list":{"0":"post-35345","1":"product","2":"type-product","3":"status-publish","4":"has-post-thumbnail","6":"product_cat-soluciones-de-conectividad","7":"product_cat-modulos-de-comunicacion-para-contadores","8":"product_tag-comunicacion-ip","9":"product_tag-medicion","10":"product_tag-medicion-inteligente","11":"desktop-align-left","12":"tablet-align-left","13":"mobile-align-left","15":"first","16":"instock","17":"product-type-simple"},"yoast_head":"<!-- This site is optimized with the Yoast SEO plugin v27.6 - https:\/\/yoast.com\/product\/yoast-seo-wordpress\/ -->\n<title>BIC9010, Interfaz de comunicaci\u00f3n segura - Soluciones de conectividad par ACTIA Energy<\/title>\n<meta name=\"description\" content=\"Descubra el interfaz de comunicaci\u00f3n BIC9010, una soluci\u00f3n segura para acceder de forma remota a los contadores industriales.\" \/>\n<meta name=\"robots\" content=\"index, follow, max-snippet:-1, max-image-preview:large, max-video-preview:-1\" \/>\n<link rel=\"canonical\" href=\"https:\/\/actiaenergy.com\/es\/solutions\/interfaz-comunicacion-contador-bic9010\/\" \/>\n<meta property=\"og:locale\" content=\"es_ES\" \/>\n<meta property=\"og:type\" content=\"article\" \/>\n<meta property=\"og:title\" content=\"BIC9010, Interfaz de comunicaci\u00f3n segura - Soluciones de conectividad par ACTIA Energy\" \/>\n<meta property=\"og:description\" content=\"Descubra el interfaz de comunicaci\u00f3n BIC9010, una soluci\u00f3n segura para acceder de forma remota a los contadores industriales.\" \/>\n<meta property=\"og:url\" content=\"https:\/\/actiaenergy.com\/es\/solutions\/interfaz-comunicacion-contador-bic9010\/\" \/>\n<meta property=\"og:site_name\" content=\"ACTIA Energy\" \/>\n<meta property=\"article:modified_time\" content=\"2026-04-02T10:12:17+00:00\" \/>\n<meta property=\"og:image\" content=\"https:\/\/actiaenergy.com\/wp-content\/uploads\/boitier-interface-communication\u2013bic9010-1080-01-36.webp\" \/>\n\t<meta property=\"og:image:width\" content=\"1080\" \/>\n\t<meta property=\"og:image:height\" content=\"1080\" \/>\n\t<meta property=\"og:image:type\" content=\"image\/webp\" \/>\n<meta name=\"twitter:card\" content=\"summary_large_image\" \/>\n<meta name=\"twitter:label1\" content=\"Tiempo de lectura\" \/>\n\t<meta name=\"twitter:data1\" content=\"1 minuto\" \/>\n<script type=\"application\/ld+json\" class=\"yoast-schema-graph\">{\"@context\":\"https:\\\/\\\/schema.org\",\"@graph\":[{\"@type\":\"WebPage\",\"@id\":\"https:\\\/\\\/actiaenergy.com\\\/es\\\/solutions\\\/interfaz-comunicacion-contador-bic9010\\\/\",\"url\":\"https:\\\/\\\/actiaenergy.com\\\/es\\\/solutions\\\/interfaz-comunicacion-contador-bic9010\\\/\",\"name\":\"BIC9010, Interfaz de comunicaci\u00f3n segura - Soluciones de conectividad par ACTIA Energy\",\"isPartOf\":{\"@id\":\"https:\\\/\\\/actiaenergy.com\\\/es\\\/#website\"},\"primaryImageOfPage\":{\"@id\":\"https:\\\/\\\/actiaenergy.com\\\/es\\\/solutions\\\/interfaz-comunicacion-contador-bic9010\\\/#primaryimage\"},\"image\":{\"@id\":\"https:\\\/\\\/actiaenergy.com\\\/es\\\/solutions\\\/interfaz-comunicacion-contador-bic9010\\\/#primaryimage\"},\"thumbnailUrl\":\"https:\\\/\\\/actiaenergy.com\\\/wp-content\\\/uploads\\\/boitier-interface-communication\u2013bic9010-1080-01-36.webp\",\"datePublished\":\"2026-04-02T08:12:14+00:00\",\"dateModified\":\"2026-04-02T10:12:17+00:00\",\"description\":\"Descubra el interfaz de comunicaci\u00f3n BIC9010, una soluci\u00f3n segura para acceder de forma remota a los contadores industriales.\",\"breadcrumb\":{\"@id\":\"https:\\\/\\\/actiaenergy.com\\\/es\\\/solutions\\\/interfaz-comunicacion-contador-bic9010\\\/#breadcrumb\"},\"inLanguage\":\"es\",\"potentialAction\":[{\"@type\":\"ReadAction\",\"target\":[\"https:\\\/\\\/actiaenergy.com\\\/es\\\/solutions\\\/interfaz-comunicacion-contador-bic9010\\\/\"]}]},{\"@type\":\"ImageObject\",\"inLanguage\":\"es\",\"@id\":\"https:\\\/\\\/actiaenergy.com\\\/es\\\/solutions\\\/interfaz-comunicacion-contador-bic9010\\\/#primaryimage\",\"url\":\"https:\\\/\\\/actiaenergy.com\\\/wp-content\\\/uploads\\\/boitier-interface-communication\u2013bic9010-1080-01-36.webp\",\"contentUrl\":\"https:\\\/\\\/actiaenergy.com\\\/wp-content\\\/uploads\\\/boitier-interface-communication\u2013bic9010-1080-01-36.webp\",\"width\":1080,\"height\":1080,\"caption\":\"Soluciones de conectividad Interfaz de comunicaci\u00f3n segura - ACTIA Energy\"},{\"@type\":\"BreadcrumbList\",\"@id\":\"https:\\\/\\\/actiaenergy.com\\\/es\\\/solutions\\\/interfaz-comunicacion-contador-bic9010\\\/#breadcrumb\",\"itemListElement\":[{\"@type\":\"ListItem\",\"position\":1,\"name\":\"ACTIA Energy\",\"item\":\"https:\\\/\\\/actiaenergy.com\\\/es\\\/\"},{\"@type\":\"ListItem\",\"position\":2,\"name\":\"Soluciones\",\"item\":\"https:\\\/\\\/actiaenergy.com\\\/es\\\/soluciones\\\/\"},{\"@type\":\"ListItem\",\"position\":3,\"name\":\"Interfaz de comunicaci\u00f3n segura\"}]},{\"@type\":\"WebSite\",\"@id\":\"https:\\\/\\\/actiaenergy.com\\\/es\\\/#website\",\"url\":\"https:\\\/\\\/actiaenergy.com\\\/es\\\/\",\"name\":\"ACTIA Energy\",\"description\":\"L&#039;ing\u00e9nierie de l&#039;\u00e9nergie de demain.\",\"publisher\":{\"@id\":\"https:\\\/\\\/actiaenergy.com\\\/es\\\/#organization\"},\"potentialAction\":[{\"@type\":\"SearchAction\",\"target\":{\"@type\":\"EntryPoint\",\"urlTemplate\":\"https:\\\/\\\/actiaenergy.com\\\/es\\\/?s={search_term_string}\"},\"query-input\":{\"@type\":\"PropertyValueSpecification\",\"valueRequired\":true,\"valueName\":\"search_term_string\"}}],\"inLanguage\":\"es\"},{\"@type\":\"Organization\",\"@id\":\"https:\\\/\\\/actiaenergy.com\\\/es\\\/#organization\",\"name\":\"ACTIA Energy\",\"url\":\"https:\\\/\\\/actiaenergy.com\\\/es\\\/\",\"logo\":{\"@type\":\"ImageObject\",\"inLanguage\":\"es\",\"@id\":\"https:\\\/\\\/actiaenergy.com\\\/es\\\/#\\\/schema\\\/logo\\\/image\\\/\",\"url\":\"https:\\\/\\\/actiaenergy.com\\\/wp-content\\\/uploads\\\/Logo-ACTIA-Couleurs-h150.png\",\"contentUrl\":\"https:\\\/\\\/actiaenergy.com\\\/wp-content\\\/uploads\\\/Logo-ACTIA-Couleurs-h150.png\",\"width\":706,\"height\":150,\"caption\":\"ACTIA Energy\"},\"image\":{\"@id\":\"https:\\\/\\\/actiaenergy.com\\\/es\\\/#\\\/schema\\\/logo\\\/image\\\/\"}}]}<\/script>\n<!-- \/ Yoast SEO plugin. -->","yoast_head_json":{"title":"BIC9010, Interfaz de comunicaci\u00f3n segura - Soluciones de conectividad par ACTIA Energy","description":"Descubra el interfaz de comunicaci\u00f3n BIC9010, una soluci\u00f3n segura para acceder de forma remota a los contadores industriales.","robots":{"index":"index","follow":"follow","max-snippet":"max-snippet:-1","max-image-preview":"max-image-preview:large","max-video-preview":"max-video-preview:-1"},"canonical":"https:\/\/actiaenergy.com\/es\/solutions\/interfaz-comunicacion-contador-bic9010\/","og_locale":"es_ES","og_type":"article","og_title":"BIC9010, Interfaz de comunicaci\u00f3n segura - Soluciones de conectividad par ACTIA Energy","og_description":"Descubra el interfaz de comunicaci\u00f3n BIC9010, una soluci\u00f3n segura para acceder de forma remota a los contadores industriales.","og_url":"https:\/\/actiaenergy.com\/es\/solutions\/interfaz-comunicacion-contador-bic9010\/","og_site_name":"ACTIA Energy","article_modified_time":"2026-04-02T10:12:17+00:00","og_image":[{"width":1080,"height":1080,"url":"https:\/\/actiaenergy.com\/wp-content\/uploads\/boitier-interface-communication\u2013bic9010-1080-01-36.webp","type":"image\/webp"}],"twitter_card":"summary_large_image","twitter_misc":{"Tiempo de lectura":"1 minuto"},"schema":{"@context":"https:\/\/schema.org","@graph":[{"@type":"WebPage","@id":"https:\/\/actiaenergy.com\/es\/solutions\/interfaz-comunicacion-contador-bic9010\/","url":"https:\/\/actiaenergy.com\/es\/solutions\/interfaz-comunicacion-contador-bic9010\/","name":"BIC9010, Interfaz de comunicaci\u00f3n segura - Soluciones de conectividad par ACTIA Energy","isPartOf":{"@id":"https:\/\/actiaenergy.com\/es\/#website"},"primaryImageOfPage":{"@id":"https:\/\/actiaenergy.com\/es\/solutions\/interfaz-comunicacion-contador-bic9010\/#primaryimage"},"image":{"@id":"https:\/\/actiaenergy.com\/es\/solutions\/interfaz-comunicacion-contador-bic9010\/#primaryimage"},"thumbnailUrl":"https:\/\/actiaenergy.com\/wp-content\/uploads\/boitier-interface-communication\u2013bic9010-1080-01-36.webp","datePublished":"2026-04-02T08:12:14+00:00","dateModified":"2026-04-02T10:12:17+00:00","description":"Descubra el interfaz de comunicaci\u00f3n BIC9010, una soluci\u00f3n segura para acceder de forma remota a los contadores industriales.","breadcrumb":{"@id":"https:\/\/actiaenergy.com\/es\/solutions\/interfaz-comunicacion-contador-bic9010\/#breadcrumb"},"inLanguage":"es","potentialAction":[{"@type":"ReadAction","target":["https:\/\/actiaenergy.com\/es\/solutions\/interfaz-comunicacion-contador-bic9010\/"]}]},{"@type":"ImageObject","inLanguage":"es","@id":"https:\/\/actiaenergy.com\/es\/solutions\/interfaz-comunicacion-contador-bic9010\/#primaryimage","url":"https:\/\/actiaenergy.com\/wp-content\/uploads\/boitier-interface-communication\u2013bic9010-1080-01-36.webp","contentUrl":"https:\/\/actiaenergy.com\/wp-content\/uploads\/boitier-interface-communication\u2013bic9010-1080-01-36.webp","width":1080,"height":1080,"caption":"Soluciones de conectividad Interfaz de comunicaci\u00f3n segura - ACTIA Energy"},{"@type":"BreadcrumbList","@id":"https:\/\/actiaenergy.com\/es\/solutions\/interfaz-comunicacion-contador-bic9010\/#breadcrumb","itemListElement":[{"@type":"ListItem","position":1,"name":"ACTIA Energy","item":"https:\/\/actiaenergy.com\/es\/"},{"@type":"ListItem","position":2,"name":"Soluciones","item":"https:\/\/actiaenergy.com\/es\/soluciones\/"},{"@type":"ListItem","position":3,"name":"Interfaz de comunicaci\u00f3n segura"}]},{"@type":"WebSite","@id":"https:\/\/actiaenergy.com\/es\/#website","url":"https:\/\/actiaenergy.com\/es\/","name":"ACTIA Energy","description":"L&#039;ing\u00e9nierie de l&#039;\u00e9nergie de demain.","publisher":{"@id":"https:\/\/actiaenergy.com\/es\/#organization"},"potentialAction":[{"@type":"SearchAction","target":{"@type":"EntryPoint","urlTemplate":"https:\/\/actiaenergy.com\/es\/?s={search_term_string}"},"query-input":{"@type":"PropertyValueSpecification","valueRequired":true,"valueName":"search_term_string"}}],"inLanguage":"es"},{"@type":"Organization","@id":"https:\/\/actiaenergy.com\/es\/#organization","name":"ACTIA Energy","url":"https:\/\/actiaenergy.com\/es\/","logo":{"@type":"ImageObject","inLanguage":"es","@id":"https:\/\/actiaenergy.com\/es\/#\/schema\/logo\/image\/","url":"https:\/\/actiaenergy.com\/wp-content\/uploads\/Logo-ACTIA-Couleurs-h150.png","contentUrl":"https:\/\/actiaenergy.com\/wp-content\/uploads\/Logo-ACTIA-Couleurs-h150.png","width":706,"height":150,"caption":"ACTIA Energy"},"image":{"@id":"https:\/\/actiaenergy.com\/es\/#\/schema\/logo\/image\/"}}]}},"_links":{"self":[{"href":"https:\/\/actiaenergy.com\/es\/wp-json\/wp\/v2\/product\/35345","targetHints":{"allow":["GET"]}}],"collection":[{"href":"https:\/\/actiaenergy.com\/es\/wp-json\/wp\/v2\/product"}],"about":[{"href":"https:\/\/actiaenergy.com\/es\/wp-json\/wp\/v2\/types\/product"}],"wp:featuredmedia":[{"embeddable":true,"href":"https:\/\/actiaenergy.com\/es\/wp-json\/wp\/v2\/media\/35338"}],"wp:attachment":[{"href":"https:\/\/actiaenergy.com\/es\/wp-json\/wp\/v2\/media?parent=35345"}],"wp:term":[{"taxonomy":"product_brand","embeddable":true,"href":"https:\/\/actiaenergy.com\/es\/wp-json\/wp\/v2\/product_brand?post=35345"},{"taxonomy":"product_cat","embeddable":true,"href":"https:\/\/actiaenergy.com\/es\/wp-json\/wp\/v2\/product_cat?post=35345"},{"taxonomy":"product_tag","embeddable":true,"href":"https:\/\/actiaenergy.com\/es\/wp-json\/wp\/v2\/product_tag?post=35345"}],"curies":[{"name":"wp","href":"https:\/\/api.w.org\/{rel}","templated":true}]}}