{"id":35354,"date":"2025-03-07T00:00:00","date_gmt":"2025-03-06T23:00:00","guid":{"rendered":"https:\/\/actiaenergy.com\/solutions\/tablero-alojamiento-exterior\/"},"modified":"2026-04-02T12:12:53","modified_gmt":"2026-04-02T10:12:53","slug":"tablero-alojamiento-exterior","status":"publish","type":"product","link":"https:\/\/actiaenergy.com\/es\/solutions\/tablero-alojamiento-exterior\/","title":{"rendered":"Tablero de alojamiento exterior para equipos exteriores"},"content":{"rendered":"<p class=\"product-description\">El tablero de Alojamiento Outdoor cumple con los est\u00e1ndares de calidad y fiabilidad exigidos para despliegues en exteriores. Fabricado en acero galvanizado con un revestimiento anticorrosi\u00f3n, este tablero outdoor est\u00e1 dise\u00f1ado para resistir la humedad, el polvo, las variaciones t\u00e9rmicas y los impactos.<\/p>\n<p class=\"product-description\">Est\u00e1 equipado con un sistema de ventilaci\u00f3n integrado, garantizando una buena disipaci\u00f3n del calor y limitando los riesgos de sobrecalentamiento.<\/p>\n<p class=\"product-description\">Su dise\u00f1o ergon\u00f3mico asegura un acceso facilitado para las operaciones de mantenimiento y refuerza la seguridad de los equipos instalados.<\/p>\n<p class=\"product-description\">Este tablero es ideal para operadores de telecomunicaciones, proveedores de servicios de datos y empresas industriales que necesiten fiabilidad a largo plazo.<\/p>\n","protected":false},"excerpt":{"rendered":"<p>Tablero de alojamiento exterior ofrece una protecci\u00f3n robusta y fiable para sus equipos instalados en el exterior. Dise\u00f1ado para resistir condiciones dif\u00edciles, garantiza durabilidad y rendimiento.<\/p>\n","protected":false},"featured_media":35347,"template":"","meta":{"site-sidebar-layout":"default","site-content-layout":"","ast-site-content-layout":"default","site-content-style":"default","site-sidebar-style":"default","ast-global-header-display":"","ast-banner-title-visibility":"","ast-main-header-display":"","ast-hfb-above-header-display":"","ast-hfb-below-header-display":"","ast-hfb-mobile-header-display":"","site-post-title":"","ast-breadcrumbs-content":"","ast-featured-img":"","footer-sml-layout":"","ast-disable-related-posts":"","theme-transparent-header-meta":"","adv-header-id-meta":"","stick-header-meta":"","header-above-stick-meta":"","header-main-stick-meta":"","header-below-stick-meta":"","astra-migrate-meta-layouts":"default","ast-page-background-enabled":"default","ast-page-background-meta":{"desktop":{"background-color":"var(--ast-global-color-5)","background-image":"","background-repeat":"repeat","background-position":"center center","background-size":"auto","background-attachment":"scroll","background-type":"","background-media":"","overlay-type":"","overlay-color":"","overlay-opacity":"","overlay-gradient":""},"tablet":{"background-color":"","background-image":"","background-repeat":"repeat","background-position":"center center","background-size":"auto","background-attachment":"scroll","background-type":"","background-media":"","overlay-type":"","overlay-color":"","overlay-opacity":"","overlay-gradient":""},"mobile":{"background-color":"","background-image":"","background-repeat":"repeat","background-position":"center center","background-size":"auto","background-attachment":"scroll","background-type":"","background-media":"","overlay-type":"","overlay-color":"","overlay-opacity":"","overlay-gradient":""}},"ast-content-background-meta":{"desktop":{"background-color":"var(--ast-global-color-4)","background-image":"","background-repeat":"repeat","background-position":"center center","background-size":"auto","background-attachment":"scroll","background-type":"","background-media":"","overlay-type":"","overlay-color":"","overlay-opacity":"","overlay-gradient":""},"tablet":{"background-color":"var(--ast-global-color-4)","background-image":"","background-repeat":"repeat","background-position":"center center","background-size":"auto","background-attachment":"scroll","background-type":"","background-media":"","overlay-type":"","overlay-color":"","overlay-opacity":"","overlay-gradient":""},"mobile":{"background-color":"var(--ast-global-color-4)","background-image":"","background-repeat":"repeat","background-position":"center center","background-size":"auto","background-attachment":"scroll","background-type":"","background-media":"","overlay-type":"","overlay-color":"","overlay-opacity":"","overlay-gradient":""}}},"product_brand":[],"product_cat":[7217,7369],"product_tag":[5904,7370,7371,7372,7373],"class_list":{"0":"post-35354","1":"product","2":"type-product","3":"status-publish","4":"has-post-thumbnail","6":"product_cat-soluciones-para-telefonia","7":"product_cat-solucion-para-exteriores","8":"product_tag-outdoor","9":"product_tag-tablero-de-alojamiento","10":"product_tag-instalacion-exterior","11":"product_tag-equipos-electronicos","12":"product_tag-seguridad","13":"desktop-align-left","14":"tablet-align-left","15":"mobile-align-left","17":"first","18":"instock","19":"product-type-simple"},"yoast_head":"<!-- This site is optimized with the Yoast SEO plugin v27.5 - https:\/\/yoast.com\/product\/yoast-seo-wordpress\/ -->\n<title>Tablero de alojamiento exterior, Tablero de alojamiento exterior para equipos exteriores - Soluciones para Telefon\u00eda par ACTIA Energy<\/title>\n<meta name=\"description\" content=\"Tablero de alojamiento exterior protege sus equipos exteriores. Resistente, ventilada y segura, ideal para entornos exigentes.\" \/>\n<meta name=\"robots\" content=\"index, follow, max-snippet:-1, max-image-preview:large, max-video-preview:-1\" \/>\n<link rel=\"canonical\" href=\"https:\/\/actiaenergy.com\/es\/solutions\/tablero-alojamiento-exterior\/\" \/>\n<meta property=\"og:locale\" content=\"es_ES\" \/>\n<meta property=\"og:type\" content=\"article\" \/>\n<meta property=\"og:title\" content=\"Tablero de alojamiento exterior, Tablero de alojamiento exterior para equipos exteriores - Soluciones para Telefon\u00eda par ACTIA Energy\" \/>\n<meta property=\"og:description\" content=\"Tablero de alojamiento exterior protege sus equipos exteriores. Resistente, ventilada y segura, ideal para entornos exigentes.\" \/>\n<meta property=\"og:url\" content=\"https:\/\/actiaenergy.com\/es\/solutions\/tablero-alojamiento-exterior\/\" \/>\n<meta property=\"og:site_name\" content=\"ACTIA Energy\" \/>\n<meta property=\"article:modified_time\" content=\"2026-04-02T10:12:53+00:00\" \/>\n<meta property=\"og:image\" content=\"https:\/\/actiaenergy.com\/wp-content\/uploads\/baie-d-hebergement-1080-1-36.webp\" \/>\n\t<meta property=\"og:image:width\" content=\"1080\" \/>\n\t<meta property=\"og:image:height\" content=\"1080\" \/>\n\t<meta property=\"og:image:type\" content=\"image\/webp\" \/>\n<meta name=\"twitter:card\" content=\"summary_large_image\" \/>\n<meta name=\"twitter:label1\" content=\"Tiempo de lectura\" \/>\n\t<meta name=\"twitter:data1\" content=\"1 minuto\" \/>\n<script type=\"application\/ld+json\" class=\"yoast-schema-graph\">{\"@context\":\"https:\\\/\\\/schema.org\",\"@graph\":[{\"@type\":\"WebPage\",\"@id\":\"https:\\\/\\\/actiaenergy.com\\\/es\\\/solutions\\\/tablero-alojamiento-exterior\\\/\",\"url\":\"https:\\\/\\\/actiaenergy.com\\\/es\\\/solutions\\\/tablero-alojamiento-exterior\\\/\",\"name\":\"Tablero de alojamiento exterior, Tablero de alojamiento exterior para equipos exteriores - Soluciones para Telefon\u00eda par ACTIA Energy\",\"isPartOf\":{\"@id\":\"https:\\\/\\\/actiaenergy.com\\\/es\\\/#website\"},\"primaryImageOfPage\":{\"@id\":\"https:\\\/\\\/actiaenergy.com\\\/es\\\/solutions\\\/tablero-alojamiento-exterior\\\/#primaryimage\"},\"image\":{\"@id\":\"https:\\\/\\\/actiaenergy.com\\\/es\\\/solutions\\\/tablero-alojamiento-exterior\\\/#primaryimage\"},\"thumbnailUrl\":\"https:\\\/\\\/actiaenergy.com\\\/wp-content\\\/uploads\\\/baie-d-hebergement-1080-1-36.webp\",\"datePublished\":\"2025-03-06T23:00:00+00:00\",\"dateModified\":\"2026-04-02T10:12:53+00:00\",\"description\":\"Tablero de alojamiento exterior protege sus equipos exteriores. Resistente, ventilada y segura, ideal para entornos exigentes.\",\"breadcrumb\":{\"@id\":\"https:\\\/\\\/actiaenergy.com\\\/es\\\/solutions\\\/tablero-alojamiento-exterior\\\/#breadcrumb\"},\"inLanguage\":\"es\",\"potentialAction\":[{\"@type\":\"ReadAction\",\"target\":[\"https:\\\/\\\/actiaenergy.com\\\/es\\\/solutions\\\/tablero-alojamiento-exterior\\\/\"]}]},{\"@type\":\"ImageObject\",\"inLanguage\":\"es\",\"@id\":\"https:\\\/\\\/actiaenergy.com\\\/es\\\/solutions\\\/tablero-alojamiento-exterior\\\/#primaryimage\",\"url\":\"https:\\\/\\\/actiaenergy.com\\\/wp-content\\\/uploads\\\/baie-d-hebergement-1080-1-36.webp\",\"contentUrl\":\"https:\\\/\\\/actiaenergy.com\\\/wp-content\\\/uploads\\\/baie-d-hebergement-1080-1-36.webp\",\"width\":1080,\"height\":1080,\"caption\":\"Soluciones para Telefon\u00eda Tablero de alojamiento exterior para equipos exteriores - ACTIA Energy\"},{\"@type\":\"BreadcrumbList\",\"@id\":\"https:\\\/\\\/actiaenergy.com\\\/es\\\/solutions\\\/tablero-alojamiento-exterior\\\/#breadcrumb\",\"itemListElement\":[{\"@type\":\"ListItem\",\"position\":1,\"name\":\"ACTIA Energy\",\"item\":\"https:\\\/\\\/actiaenergy.com\\\/es\\\/actia-energy\\\/\"},{\"@type\":\"ListItem\",\"position\":2,\"name\":\"Soluciones\",\"item\":\"https:\\\/\\\/actiaenergy.com\\\/es\\\/soluciones\\\/\"},{\"@type\":\"ListItem\",\"position\":3,\"name\":\"Tablero de alojamiento exterior para equipos exteriores\"}]},{\"@type\":\"WebSite\",\"@id\":\"https:\\\/\\\/actiaenergy.com\\\/es\\\/#website\",\"url\":\"https:\\\/\\\/actiaenergy.com\\\/es\\\/\",\"name\":\"ACTIA Energy\",\"description\":\"L&#039;ing\u00e9nierie de l&#039;\u00e9nergie de demain.\",\"publisher\":{\"@id\":\"https:\\\/\\\/actiaenergy.com\\\/es\\\/#organization\"},\"potentialAction\":[{\"@type\":\"SearchAction\",\"target\":{\"@type\":\"EntryPoint\",\"urlTemplate\":\"https:\\\/\\\/actiaenergy.com\\\/es\\\/?s={search_term_string}\"},\"query-input\":{\"@type\":\"PropertyValueSpecification\",\"valueRequired\":true,\"valueName\":\"search_term_string\"}}],\"inLanguage\":\"es\"},{\"@type\":\"Organization\",\"@id\":\"https:\\\/\\\/actiaenergy.com\\\/es\\\/#organization\",\"name\":\"ACTIA Energy\",\"url\":\"https:\\\/\\\/actiaenergy.com\\\/es\\\/\",\"logo\":{\"@type\":\"ImageObject\",\"inLanguage\":\"es\",\"@id\":\"https:\\\/\\\/actiaenergy.com\\\/es\\\/#\\\/schema\\\/logo\\\/image\\\/\",\"url\":\"https:\\\/\\\/actiaenergy.com\\\/wp-content\\\/uploads\\\/Logo-ACTIA-Couleurs-h150.png\",\"contentUrl\":\"https:\\\/\\\/actiaenergy.com\\\/wp-content\\\/uploads\\\/Logo-ACTIA-Couleurs-h150.png\",\"width\":706,\"height\":150,\"caption\":\"ACTIA Energy\"},\"image\":{\"@id\":\"https:\\\/\\\/actiaenergy.com\\\/es\\\/#\\\/schema\\\/logo\\\/image\\\/\"}}]}<\/script>\n<!-- \/ Yoast SEO plugin. -->","yoast_head_json":{"title":"Tablero de alojamiento exterior, Tablero de alojamiento exterior para equipos exteriores - Soluciones para Telefon\u00eda par ACTIA Energy","description":"Tablero de alojamiento exterior protege sus equipos exteriores. Resistente, ventilada y segura, ideal para entornos exigentes.","robots":{"index":"index","follow":"follow","max-snippet":"max-snippet:-1","max-image-preview":"max-image-preview:large","max-video-preview":"max-video-preview:-1"},"canonical":"https:\/\/actiaenergy.com\/es\/solutions\/tablero-alojamiento-exterior\/","og_locale":"es_ES","og_type":"article","og_title":"Tablero de alojamiento exterior, Tablero de alojamiento exterior para equipos exteriores - Soluciones para Telefon\u00eda par ACTIA Energy","og_description":"Tablero de alojamiento exterior protege sus equipos exteriores. Resistente, ventilada y segura, ideal para entornos exigentes.","og_url":"https:\/\/actiaenergy.com\/es\/solutions\/tablero-alojamiento-exterior\/","og_site_name":"ACTIA Energy","article_modified_time":"2026-04-02T10:12:53+00:00","og_image":[{"width":1080,"height":1080,"url":"https:\/\/actiaenergy.com\/wp-content\/uploads\/baie-d-hebergement-1080-1-36.webp","type":"image\/webp"}],"twitter_card":"summary_large_image","twitter_misc":{"Tiempo de lectura":"1 minuto"},"schema":{"@context":"https:\/\/schema.org","@graph":[{"@type":"WebPage","@id":"https:\/\/actiaenergy.com\/es\/solutions\/tablero-alojamiento-exterior\/","url":"https:\/\/actiaenergy.com\/es\/solutions\/tablero-alojamiento-exterior\/","name":"Tablero de alojamiento exterior, Tablero de alojamiento exterior para equipos exteriores - Soluciones para Telefon\u00eda par ACTIA Energy","isPartOf":{"@id":"https:\/\/actiaenergy.com\/es\/#website"},"primaryImageOfPage":{"@id":"https:\/\/actiaenergy.com\/es\/solutions\/tablero-alojamiento-exterior\/#primaryimage"},"image":{"@id":"https:\/\/actiaenergy.com\/es\/solutions\/tablero-alojamiento-exterior\/#primaryimage"},"thumbnailUrl":"https:\/\/actiaenergy.com\/wp-content\/uploads\/baie-d-hebergement-1080-1-36.webp","datePublished":"2025-03-06T23:00:00+00:00","dateModified":"2026-04-02T10:12:53+00:00","description":"Tablero de alojamiento exterior protege sus equipos exteriores. Resistente, ventilada y segura, ideal para entornos exigentes.","breadcrumb":{"@id":"https:\/\/actiaenergy.com\/es\/solutions\/tablero-alojamiento-exterior\/#breadcrumb"},"inLanguage":"es","potentialAction":[{"@type":"ReadAction","target":["https:\/\/actiaenergy.com\/es\/solutions\/tablero-alojamiento-exterior\/"]}]},{"@type":"ImageObject","inLanguage":"es","@id":"https:\/\/actiaenergy.com\/es\/solutions\/tablero-alojamiento-exterior\/#primaryimage","url":"https:\/\/actiaenergy.com\/wp-content\/uploads\/baie-d-hebergement-1080-1-36.webp","contentUrl":"https:\/\/actiaenergy.com\/wp-content\/uploads\/baie-d-hebergement-1080-1-36.webp","width":1080,"height":1080,"caption":"Soluciones para Telefon\u00eda Tablero de alojamiento exterior para equipos exteriores - ACTIA Energy"},{"@type":"BreadcrumbList","@id":"https:\/\/actiaenergy.com\/es\/solutions\/tablero-alojamiento-exterior\/#breadcrumb","itemListElement":[{"@type":"ListItem","position":1,"name":"ACTIA Energy","item":"https:\/\/actiaenergy.com\/es\/actia-energy\/"},{"@type":"ListItem","position":2,"name":"Soluciones","item":"https:\/\/actiaenergy.com\/es\/soluciones\/"},{"@type":"ListItem","position":3,"name":"Tablero de alojamiento exterior para equipos exteriores"}]},{"@type":"WebSite","@id":"https:\/\/actiaenergy.com\/es\/#website","url":"https:\/\/actiaenergy.com\/es\/","name":"ACTIA Energy","description":"L&#039;ing\u00e9nierie de l&#039;\u00e9nergie de demain.","publisher":{"@id":"https:\/\/actiaenergy.com\/es\/#organization"},"potentialAction":[{"@type":"SearchAction","target":{"@type":"EntryPoint","urlTemplate":"https:\/\/actiaenergy.com\/es\/?s={search_term_string}"},"query-input":{"@type":"PropertyValueSpecification","valueRequired":true,"valueName":"search_term_string"}}],"inLanguage":"es"},{"@type":"Organization","@id":"https:\/\/actiaenergy.com\/es\/#organization","name":"ACTIA Energy","url":"https:\/\/actiaenergy.com\/es\/","logo":{"@type":"ImageObject","inLanguage":"es","@id":"https:\/\/actiaenergy.com\/es\/#\/schema\/logo\/image\/","url":"https:\/\/actiaenergy.com\/wp-content\/uploads\/Logo-ACTIA-Couleurs-h150.png","contentUrl":"https:\/\/actiaenergy.com\/wp-content\/uploads\/Logo-ACTIA-Couleurs-h150.png","width":706,"height":150,"caption":"ACTIA Energy"},"image":{"@id":"https:\/\/actiaenergy.com\/es\/#\/schema\/logo\/image\/"}}]}},"_links":{"self":[{"href":"https:\/\/actiaenergy.com\/es\/wp-json\/wp\/v2\/product\/35354","targetHints":{"allow":["GET"]}}],"collection":[{"href":"https:\/\/actiaenergy.com\/es\/wp-json\/wp\/v2\/product"}],"about":[{"href":"https:\/\/actiaenergy.com\/es\/wp-json\/wp\/v2\/types\/product"}],"wp:featuredmedia":[{"embeddable":true,"href":"https:\/\/actiaenergy.com\/es\/wp-json\/wp\/v2\/media\/35347"}],"wp:attachment":[{"href":"https:\/\/actiaenergy.com\/es\/wp-json\/wp\/v2\/media?parent=35354"}],"wp:term":[{"taxonomy":"product_brand","embeddable":true,"href":"https:\/\/actiaenergy.com\/es\/wp-json\/wp\/v2\/product_brand?post=35354"},{"taxonomy":"product_cat","embeddable":true,"href":"https:\/\/actiaenergy.com\/es\/wp-json\/wp\/v2\/product_cat?post=35354"},{"taxonomy":"product_tag","embeddable":true,"href":"https:\/\/actiaenergy.com\/es\/wp-json\/wp\/v2\/product_tag?post=35354"}],"curies":[{"name":"wp","href":"https:\/\/api.w.org\/{rel}","templated":true}]}}