{"id":35369,"date":"2025-03-07T00:00:00","date_gmt":"2025-03-06T23:00:00","guid":{"rendered":"https:\/\/actiaenergy.com\/solutions\/cuadro-b-cube\/"},"modified":"2026-04-02T12:13:30","modified_gmt":"2026-04-02T10:13:30","slug":"cuadro-b-cube","status":"publish","type":"product","link":"https:\/\/actiaenergy.com\/es\/solutions\/cuadro-b-cube\/","title":{"rendered":"Cuadro t\u00e9cnica B-Cube"},"content":{"rendered":"<p class=\"product-description\">El Cuadro T\u00e9cnico B-Cube est\u00e1 espec\u00edficamente dise\u00f1ado para satisfacer las necesidades complejas de las infraestructuras de telecomunicaciones, instalaciones industriales, centros de datos temporales y redes de comunicaci\u00f3n. Est\u00e1 disponible en varias configuraciones (Tipo I, II, III, IV) para adaptarse a los requisitos de los clientes.<\/p>\n<p class=\"product-description\">Cada Cuadro B-Cube permite la integraci\u00f3n de equipos de energ\u00eda, comunicaci\u00f3n y bater\u00edas en un espacio seguro.<\/p>\n<p class=\"product-description\">Fabricado en aluminio con un dise\u00f1o de doble piel, este cuadro ofrece un excelente aislamiento t\u00e9rmico y protecci\u00f3n contra la intemperie (\u00edndice IP54). Adem\u00e1s, su sistema de ventilaci\u00f3n integrado y sus dispositivos de seguridad garantizan un funcionamiento fiable en exteriores.<\/p>\n<p class=\"product-description\">Puede montarse en la pared, sobre poste o colocarse en el suelo, seg\u00fan las necesidades espec\u00edficas del sitio.<\/p>\n","protected":false},"excerpt":{"rendered":"<p>Cuadro B-Cube son soluciones vers\u00e1tiles y robustas para la instalaci\u00f3n de equipos de energ\u00eda, radio y transmisi\u00f3n, adaptadas a entornos exteriores e interiores.<\/p>\n","protected":false},"featured_media":35356,"template":"","meta":{"site-sidebar-layout":"default","site-content-layout":"","ast-site-content-layout":"default","site-content-style":"default","site-sidebar-style":"default","ast-global-header-display":"","ast-banner-title-visibility":"","ast-main-header-display":"","ast-hfb-above-header-display":"","ast-hfb-below-header-display":"","ast-hfb-mobile-header-display":"","site-post-title":"","ast-breadcrumbs-content":"","ast-featured-img":"","footer-sml-layout":"","ast-disable-related-posts":"","theme-transparent-header-meta":"","adv-header-id-meta":"","stick-header-meta":"","header-above-stick-meta":"","header-main-stick-meta":"","header-below-stick-meta":"","astra-migrate-meta-layouts":"default","ast-page-background-enabled":"default","ast-page-background-meta":{"desktop":{"background-color":"var(--ast-global-color-5)","background-image":"","background-repeat":"repeat","background-position":"center center","background-size":"auto","background-attachment":"scroll","background-type":"","background-media":"","overlay-type":"","overlay-color":"","overlay-opacity":"","overlay-gradient":""},"tablet":{"background-color":"","background-image":"","background-repeat":"repeat","background-position":"center center","background-size":"auto","background-attachment":"scroll","background-type":"","background-media":"","overlay-type":"","overlay-color":"","overlay-opacity":"","overlay-gradient":""},"mobile":{"background-color":"","background-image":"","background-repeat":"repeat","background-position":"center center","background-size":"auto","background-attachment":"scroll","background-type":"","background-media":"","overlay-type":"","overlay-color":"","overlay-opacity":"","overlay-gradient":""}},"ast-content-background-meta":{"desktop":{"background-color":"var(--ast-global-color-4)","background-image":"","background-repeat":"repeat","background-position":"center center","background-size":"auto","background-attachment":"scroll","background-type":"","background-media":"","overlay-type":"","overlay-color":"","overlay-opacity":"","overlay-gradient":""},"tablet":{"background-color":"var(--ast-global-color-4)","background-image":"","background-repeat":"repeat","background-position":"center center","background-size":"auto","background-attachment":"scroll","background-type":"","background-media":"","overlay-type":"","overlay-color":"","overlay-opacity":"","overlay-gradient":""},"mobile":{"background-color":"var(--ast-global-color-4)","background-image":"","background-repeat":"repeat","background-position":"center center","background-size":"auto","background-attachment":"scroll","background-type":"","background-media":"","overlay-type":"","overlay-color":"","overlay-opacity":"","overlay-gradient":""}}},"product_brand":[],"product_cat":[7217,7369],"product_tag":[7374,7375,7376,7377],"class_list":{"0":"post-35369","1":"product","2":"type-product","3":"status-publish","4":"has-post-thumbnail","6":"product_cat-soluciones-para-telefonia","7":"product_cat-solucion-para-exteriores","8":"product_tag-cuadro-b-cube","9":"product_tag-equipos-de-energia","10":"product_tag-equipos-de-comunicacion","11":"product_tag-instalaciones-exteriores","12":"desktop-align-left","13":"tablet-align-left","14":"mobile-align-left","16":"first","17":"instock","18":"product-type-simple"},"yoast_head":"<!-- This site is optimized with the Yoast SEO plugin v27.5 - https:\/\/yoast.com\/product\/yoast-seo-wordpress\/ -->\n<title>Cuadro B-Cube, Cuadro t\u00e9cnica B-Cube - Soluciones para Telefon\u00eda par ACTIA Energy<\/title>\n<meta name=\"description\" content=\"Cuadro B-Cube es una soluci\u00f3n robusta para la integraci\u00f3n de equipos de energ\u00eda y comunicaci\u00f3n, ideal para exteriores exigentes.\" \/>\n<meta name=\"robots\" content=\"index, follow, max-snippet:-1, max-image-preview:large, max-video-preview:-1\" \/>\n<link rel=\"canonical\" href=\"https:\/\/actiaenergy.com\/es\/solutions\/cuadro-b-cube\/\" \/>\n<meta property=\"og:locale\" content=\"es_ES\" \/>\n<meta property=\"og:type\" content=\"article\" \/>\n<meta property=\"og:title\" content=\"Cuadro B-Cube, Cuadro t\u00e9cnica B-Cube - Soluciones para Telefon\u00eda par ACTIA Energy\" \/>\n<meta property=\"og:description\" content=\"Cuadro B-Cube es una soluci\u00f3n robusta para la integraci\u00f3n de equipos de energ\u00eda y comunicaci\u00f3n, ideal para exteriores exigentes.\" \/>\n<meta property=\"og:url\" content=\"https:\/\/actiaenergy.com\/es\/solutions\/cuadro-b-cube\/\" \/>\n<meta property=\"og:site_name\" content=\"ACTIA Energy\" \/>\n<meta property=\"article:modified_time\" content=\"2026-04-02T10:13:30+00:00\" \/>\n<meta property=\"og:image\" content=\"https:\/\/actiaenergy.com\/wp-content\/uploads\/coffre-b-cube1080-1-36.webp\" \/>\n\t<meta property=\"og:image:width\" content=\"1080\" \/>\n\t<meta property=\"og:image:height\" content=\"1080\" \/>\n\t<meta property=\"og:image:type\" content=\"image\/webp\" \/>\n<meta name=\"twitter:card\" content=\"summary_large_image\" \/>\n<meta name=\"twitter:label1\" content=\"Tiempo de lectura\" \/>\n\t<meta name=\"twitter:data1\" content=\"1 minuto\" \/>\n<script type=\"application\/ld+json\" class=\"yoast-schema-graph\">{\"@context\":\"https:\\\/\\\/schema.org\",\"@graph\":[{\"@type\":\"WebPage\",\"@id\":\"https:\\\/\\\/actiaenergy.com\\\/es\\\/solutions\\\/cuadro-b-cube\\\/\",\"url\":\"https:\\\/\\\/actiaenergy.com\\\/es\\\/solutions\\\/cuadro-b-cube\\\/\",\"name\":\"Cuadro B-Cube, Cuadro t\u00e9cnica B-Cube - Soluciones para Telefon\u00eda par ACTIA Energy\",\"isPartOf\":{\"@id\":\"https:\\\/\\\/actiaenergy.com\\\/es\\\/#website\"},\"primaryImageOfPage\":{\"@id\":\"https:\\\/\\\/actiaenergy.com\\\/es\\\/solutions\\\/cuadro-b-cube\\\/#primaryimage\"},\"image\":{\"@id\":\"https:\\\/\\\/actiaenergy.com\\\/es\\\/solutions\\\/cuadro-b-cube\\\/#primaryimage\"},\"thumbnailUrl\":\"https:\\\/\\\/actiaenergy.com\\\/wp-content\\\/uploads\\\/coffre-b-cube1080-1-36.webp\",\"datePublished\":\"2025-03-06T23:00:00+00:00\",\"dateModified\":\"2026-04-02T10:13:30+00:00\",\"description\":\"Cuadro B-Cube es una soluci\u00f3n robusta para la integraci\u00f3n de equipos de energ\u00eda y comunicaci\u00f3n, ideal para exteriores exigentes.\",\"breadcrumb\":{\"@id\":\"https:\\\/\\\/actiaenergy.com\\\/es\\\/solutions\\\/cuadro-b-cube\\\/#breadcrumb\"},\"inLanguage\":\"es\",\"potentialAction\":[{\"@type\":\"ReadAction\",\"target\":[\"https:\\\/\\\/actiaenergy.com\\\/es\\\/solutions\\\/cuadro-b-cube\\\/\"]}]},{\"@type\":\"ImageObject\",\"inLanguage\":\"es\",\"@id\":\"https:\\\/\\\/actiaenergy.com\\\/es\\\/solutions\\\/cuadro-b-cube\\\/#primaryimage\",\"url\":\"https:\\\/\\\/actiaenergy.com\\\/wp-content\\\/uploads\\\/coffre-b-cube1080-1-36.webp\",\"contentUrl\":\"https:\\\/\\\/actiaenergy.com\\\/wp-content\\\/uploads\\\/coffre-b-cube1080-1-36.webp\",\"width\":1080,\"height\":1080,\"caption\":\"Soluciones para Telefon\u00eda Cuadro t\u00e9cnica B-Cube - ACTIA Energy\"},{\"@type\":\"BreadcrumbList\",\"@id\":\"https:\\\/\\\/actiaenergy.com\\\/es\\\/solutions\\\/cuadro-b-cube\\\/#breadcrumb\",\"itemListElement\":[{\"@type\":\"ListItem\",\"position\":1,\"name\":\"ACTIA Energy\",\"item\":\"https:\\\/\\\/actiaenergy.com\\\/es\\\/actia-energy\\\/\"},{\"@type\":\"ListItem\",\"position\":2,\"name\":\"Soluciones\",\"item\":\"https:\\\/\\\/actiaenergy.com\\\/es\\\/soluciones\\\/\"},{\"@type\":\"ListItem\",\"position\":3,\"name\":\"Cuadro t\u00e9cnica B-Cube\"}]},{\"@type\":\"WebSite\",\"@id\":\"https:\\\/\\\/actiaenergy.com\\\/es\\\/#website\",\"url\":\"https:\\\/\\\/actiaenergy.com\\\/es\\\/\",\"name\":\"ACTIA Energy\",\"description\":\"L&#039;ing\u00e9nierie de l&#039;\u00e9nergie de demain.\",\"publisher\":{\"@id\":\"https:\\\/\\\/actiaenergy.com\\\/es\\\/#organization\"},\"potentialAction\":[{\"@type\":\"SearchAction\",\"target\":{\"@type\":\"EntryPoint\",\"urlTemplate\":\"https:\\\/\\\/actiaenergy.com\\\/es\\\/?s={search_term_string}\"},\"query-input\":{\"@type\":\"PropertyValueSpecification\",\"valueRequired\":true,\"valueName\":\"search_term_string\"}}],\"inLanguage\":\"es\"},{\"@type\":\"Organization\",\"@id\":\"https:\\\/\\\/actiaenergy.com\\\/es\\\/#organization\",\"name\":\"ACTIA Energy\",\"url\":\"https:\\\/\\\/actiaenergy.com\\\/es\\\/\",\"logo\":{\"@type\":\"ImageObject\",\"inLanguage\":\"es\",\"@id\":\"https:\\\/\\\/actiaenergy.com\\\/es\\\/#\\\/schema\\\/logo\\\/image\\\/\",\"url\":\"https:\\\/\\\/actiaenergy.com\\\/wp-content\\\/uploads\\\/Logo-ACTIA-Couleurs-h150.png\",\"contentUrl\":\"https:\\\/\\\/actiaenergy.com\\\/wp-content\\\/uploads\\\/Logo-ACTIA-Couleurs-h150.png\",\"width\":706,\"height\":150,\"caption\":\"ACTIA Energy\"},\"image\":{\"@id\":\"https:\\\/\\\/actiaenergy.com\\\/es\\\/#\\\/schema\\\/logo\\\/image\\\/\"}}]}<\/script>\n<!-- \/ Yoast SEO plugin. -->","yoast_head_json":{"title":"Cuadro B-Cube, Cuadro t\u00e9cnica B-Cube - Soluciones para Telefon\u00eda par ACTIA Energy","description":"Cuadro B-Cube es una soluci\u00f3n robusta para la integraci\u00f3n de equipos de energ\u00eda y comunicaci\u00f3n, ideal para exteriores exigentes.","robots":{"index":"index","follow":"follow","max-snippet":"max-snippet:-1","max-image-preview":"max-image-preview:large","max-video-preview":"max-video-preview:-1"},"canonical":"https:\/\/actiaenergy.com\/es\/solutions\/cuadro-b-cube\/","og_locale":"es_ES","og_type":"article","og_title":"Cuadro B-Cube, Cuadro t\u00e9cnica B-Cube - Soluciones para Telefon\u00eda par ACTIA Energy","og_description":"Cuadro B-Cube es una soluci\u00f3n robusta para la integraci\u00f3n de equipos de energ\u00eda y comunicaci\u00f3n, ideal para exteriores exigentes.","og_url":"https:\/\/actiaenergy.com\/es\/solutions\/cuadro-b-cube\/","og_site_name":"ACTIA Energy","article_modified_time":"2026-04-02T10:13:30+00:00","og_image":[{"width":1080,"height":1080,"url":"https:\/\/actiaenergy.com\/wp-content\/uploads\/coffre-b-cube1080-1-36.webp","type":"image\/webp"}],"twitter_card":"summary_large_image","twitter_misc":{"Tiempo de lectura":"1 minuto"},"schema":{"@context":"https:\/\/schema.org","@graph":[{"@type":"WebPage","@id":"https:\/\/actiaenergy.com\/es\/solutions\/cuadro-b-cube\/","url":"https:\/\/actiaenergy.com\/es\/solutions\/cuadro-b-cube\/","name":"Cuadro B-Cube, Cuadro t\u00e9cnica B-Cube - Soluciones para Telefon\u00eda par ACTIA Energy","isPartOf":{"@id":"https:\/\/actiaenergy.com\/es\/#website"},"primaryImageOfPage":{"@id":"https:\/\/actiaenergy.com\/es\/solutions\/cuadro-b-cube\/#primaryimage"},"image":{"@id":"https:\/\/actiaenergy.com\/es\/solutions\/cuadro-b-cube\/#primaryimage"},"thumbnailUrl":"https:\/\/actiaenergy.com\/wp-content\/uploads\/coffre-b-cube1080-1-36.webp","datePublished":"2025-03-06T23:00:00+00:00","dateModified":"2026-04-02T10:13:30+00:00","description":"Cuadro B-Cube es una soluci\u00f3n robusta para la integraci\u00f3n de equipos de energ\u00eda y comunicaci\u00f3n, ideal para exteriores exigentes.","breadcrumb":{"@id":"https:\/\/actiaenergy.com\/es\/solutions\/cuadro-b-cube\/#breadcrumb"},"inLanguage":"es","potentialAction":[{"@type":"ReadAction","target":["https:\/\/actiaenergy.com\/es\/solutions\/cuadro-b-cube\/"]}]},{"@type":"ImageObject","inLanguage":"es","@id":"https:\/\/actiaenergy.com\/es\/solutions\/cuadro-b-cube\/#primaryimage","url":"https:\/\/actiaenergy.com\/wp-content\/uploads\/coffre-b-cube1080-1-36.webp","contentUrl":"https:\/\/actiaenergy.com\/wp-content\/uploads\/coffre-b-cube1080-1-36.webp","width":1080,"height":1080,"caption":"Soluciones para Telefon\u00eda Cuadro t\u00e9cnica B-Cube - ACTIA Energy"},{"@type":"BreadcrumbList","@id":"https:\/\/actiaenergy.com\/es\/solutions\/cuadro-b-cube\/#breadcrumb","itemListElement":[{"@type":"ListItem","position":1,"name":"ACTIA Energy","item":"https:\/\/actiaenergy.com\/es\/actia-energy\/"},{"@type":"ListItem","position":2,"name":"Soluciones","item":"https:\/\/actiaenergy.com\/es\/soluciones\/"},{"@type":"ListItem","position":3,"name":"Cuadro t\u00e9cnica B-Cube"}]},{"@type":"WebSite","@id":"https:\/\/actiaenergy.com\/es\/#website","url":"https:\/\/actiaenergy.com\/es\/","name":"ACTIA Energy","description":"L&#039;ing\u00e9nierie de l&#039;\u00e9nergie de demain.","publisher":{"@id":"https:\/\/actiaenergy.com\/es\/#organization"},"potentialAction":[{"@type":"SearchAction","target":{"@type":"EntryPoint","urlTemplate":"https:\/\/actiaenergy.com\/es\/?s={search_term_string}"},"query-input":{"@type":"PropertyValueSpecification","valueRequired":true,"valueName":"search_term_string"}}],"inLanguage":"es"},{"@type":"Organization","@id":"https:\/\/actiaenergy.com\/es\/#organization","name":"ACTIA Energy","url":"https:\/\/actiaenergy.com\/es\/","logo":{"@type":"ImageObject","inLanguage":"es","@id":"https:\/\/actiaenergy.com\/es\/#\/schema\/logo\/image\/","url":"https:\/\/actiaenergy.com\/wp-content\/uploads\/Logo-ACTIA-Couleurs-h150.png","contentUrl":"https:\/\/actiaenergy.com\/wp-content\/uploads\/Logo-ACTIA-Couleurs-h150.png","width":706,"height":150,"caption":"ACTIA Energy"},"image":{"@id":"https:\/\/actiaenergy.com\/es\/#\/schema\/logo\/image\/"}}]}},"_links":{"self":[{"href":"https:\/\/actiaenergy.com\/es\/wp-json\/wp\/v2\/product\/35369","targetHints":{"allow":["GET"]}}],"collection":[{"href":"https:\/\/actiaenergy.com\/es\/wp-json\/wp\/v2\/product"}],"about":[{"href":"https:\/\/actiaenergy.com\/es\/wp-json\/wp\/v2\/types\/product"}],"wp:featuredmedia":[{"embeddable":true,"href":"https:\/\/actiaenergy.com\/es\/wp-json\/wp\/v2\/media\/35356"}],"wp:attachment":[{"href":"https:\/\/actiaenergy.com\/es\/wp-json\/wp\/v2\/media?parent=35369"}],"wp:term":[{"taxonomy":"product_brand","embeddable":true,"href":"https:\/\/actiaenergy.com\/es\/wp-json\/wp\/v2\/product_brand?post=35369"},{"taxonomy":"product_cat","embeddable":true,"href":"https:\/\/actiaenergy.com\/es\/wp-json\/wp\/v2\/product_cat?post=35369"},{"taxonomy":"product_tag","embeddable":true,"href":"https:\/\/actiaenergy.com\/es\/wp-json\/wp\/v2\/product_tag?post=35369"}],"curies":[{"name":"wp","href":"https:\/\/api.w.org\/{rel}","templated":true}]}}