{"id":35378,"date":"2025-01-07T00:00:00","date_gmt":"2025-01-06T23:00:00","guid":{"rendered":"https:\/\/actiaenergy.com\/solutions\/programas-de-formacion\/"},"modified":"2026-04-02T12:14:12","modified_gmt":"2026-04-02T10:14:12","slug":"programas-de-formacion","status":"publish","type":"product","link":"https:\/\/actiaenergy.com\/es\/solutions\/programas-de-formacion\/","title":{"rendered":"Formaci\u00f3n t\u00e9cnica para infraestructuras"},"content":{"rendered":"<p class=\"product-description\">El cat\u00e1logo de formaci\u00f3n ACTIA Energy ofrece una amplia gama de cursos destinados a los profesionales del sector energ\u00e9tico, abarcando sistemas de supervisi\u00f3n, gesti\u00f3n de redes el\u00e9ctricas, ciberseguridad y electrotecnia.<\/p>\n<p class=\"product-description\">Estructurados en torno a recorridos pr\u00e1cticos y te\u00f3ricos, nuestros cursos se adaptan a las necesidades de operadores, ingenieros y t\u00e9cnicos.<\/p>\n<p class=\"product-description\">Permiten adquirir un dominio avanzado de las herramientas y tecnolog\u00edas indispensables para la gesti\u00f3n de infraestructuras energ\u00e9ticas e industriales.<\/p>\n<p class=\"product-description\">Nuestros cursos est\u00e1n dise\u00f1ados para ser directamente aplicables en el entorno profesional, con un equilibrio entre teor\u00eda y ejercicios pr\u00e1cticos.<\/p>\n<p class=\"product-description\">Son impartidos por nuestros equipos y pueden realizarse en las instalaciones del cliente o en nuestro centro de formaci\u00f3n.<\/p>\n<div class=\"pdfviewer\">&#13;<br \/>\n    <a  class=\"_3d-flip-book  fb3d-link-lightbox-mode\" data-id=\"0\" data-mode=\"link-lightbox\" data-title=\"false\" data-template=\"short-white-book-view\" data-lightbox=\"dark-shadow\" data-urlparam=\"fb3d-page\" data-page-n=\"0\" data-pdf=\"https:\/\/actiaenergy.com\/xml-ecatalogue\/Pdf\/PROGRAMMES-DE-FORMATION-E1-FP-FR.pdf\" data-tax=\"null\" data-thumbnail=\"\" data-cols=\"3\" data-book-template=\"default\" data-trigger=\"\" style=\"background-color:#221f21\">&#13;<br \/>\n        <img decoding=\"async\" class=\"brochure-pdf\" src=\"https:\/\/actiaenergy.com\/xml-ecatalogue\/Pdf\/Thumbnails\/PROGRAMMES-DE-FORMATION-E1-FP-FR_thumb_normal.jpg\">&#13;<br \/>\n    <\/a>&#13;\n<\/div>\n","protected":false},"excerpt":{"rendered":"<p>Un conjunto de cursos t\u00e9cnicos dise\u00f1ados para desarrollar competencias en telecontrol, control-mando, ciberseguridad y profesiones relacionadas con la electrotecnia.<\/p>\n","protected":false},"featured_media":35371,"template":"","meta":{"site-sidebar-layout":"default","site-content-layout":"","ast-site-content-layout":"default","site-content-style":"default","site-sidebar-style":"default","ast-global-header-display":"","ast-banner-title-visibility":"","ast-main-header-display":"","ast-hfb-above-header-display":"","ast-hfb-below-header-display":"","ast-hfb-mobile-header-display":"","site-post-title":"","ast-breadcrumbs-content":"","ast-featured-img":"","footer-sml-layout":"","ast-disable-related-posts":"","theme-transparent-header-meta":"","adv-header-id-meta":"","stick-header-meta":"","header-above-stick-meta":"","header-main-stick-meta":"","header-below-stick-meta":"","astra-migrate-meta-layouts":"default","ast-page-background-enabled":"default","ast-page-background-meta":{"desktop":{"background-color":"var(--ast-global-color-5)","background-image":"","background-repeat":"repeat","background-position":"center center","background-size":"auto","background-attachment":"scroll","background-type":"","background-media":"","overlay-type":"","overlay-color":"","overlay-opacity":"","overlay-gradient":""},"tablet":{"background-color":"","background-image":"","background-repeat":"repeat","background-position":"center center","background-size":"auto","background-attachment":"scroll","background-type":"","background-media":"","overlay-type":"","overlay-color":"","overlay-opacity":"","overlay-gradient":""},"mobile":{"background-color":"","background-image":"","background-repeat":"repeat","background-position":"center center","background-size":"auto","background-attachment":"scroll","background-type":"","background-media":"","overlay-type":"","overlay-color":"","overlay-opacity":"","overlay-gradient":""}},"ast-content-background-meta":{"desktop":{"background-color":"var(--ast-global-color-4)","background-image":"","background-repeat":"repeat","background-position":"center center","background-size":"auto","background-attachment":"scroll","background-type":"","background-media":"","overlay-type":"","overlay-color":"","overlay-opacity":"","overlay-gradient":""},"tablet":{"background-color":"var(--ast-global-color-4)","background-image":"","background-repeat":"repeat","background-position":"center center","background-size":"auto","background-attachment":"scroll","background-type":"","background-media":"","overlay-type":"","overlay-color":"","overlay-opacity":"","overlay-gradient":""},"mobile":{"background-color":"var(--ast-global-color-4)","background-image":"","background-repeat":"repeat","background-position":"center center","background-size":"auto","background-attachment":"scroll","background-type":"","background-media":"","overlay-type":"","overlay-color":"","overlay-opacity":"","overlay-gradient":""}}},"product_brand":[],"product_cat":[7223,7384],"product_tag":[7385],"class_list":{"0":"post-35378","1":"product","2":"type-product","3":"status-publish","4":"has-post-thumbnail","6":"product_cat-catalogo-de-formacion-actia-energy","7":"product_cat-formacion-y-competencias","8":"product_tag-control","9":"desktop-align-left","10":"tablet-align-left","11":"mobile-align-left","13":"first","14":"instock","15":"product-type-simple"},"yoast_head":"<!-- This site is optimized with the Yoast SEO plugin v27.5 - https:\/\/yoast.com\/product\/yoast-seo-wordpress\/ -->\n<title>Programas de formaci\u00f3n, Formaci\u00f3n t\u00e9cnica para infraestructuras - Cat\u00e1logo de formaci\u00f3n ACTIA Energy par ACTIA Energy<\/title>\n<meta name=\"description\" content=\"Descubra nuestro programa de formaci\u00f3n: telecontrol, control de mando y competencias profesionales para los profesionales de las redes el\u00e9ctricas.\" \/>\n<meta name=\"robots\" content=\"index, follow, max-snippet:-1, max-image-preview:large, max-video-preview:-1\" \/>\n<link rel=\"canonical\" href=\"https:\/\/actiaenergy.com\/es\/solutions\/programas-de-formacion\/\" \/>\n<meta property=\"og:locale\" content=\"es_ES\" \/>\n<meta property=\"og:type\" content=\"article\" \/>\n<meta property=\"og:title\" content=\"Programas de formaci\u00f3n, Formaci\u00f3n t\u00e9cnica para infraestructuras - Cat\u00e1logo de formaci\u00f3n ACTIA Energy par ACTIA Energy\" \/>\n<meta property=\"og:description\" content=\"Descubra nuestro programa de formaci\u00f3n: telecontrol, control de mando y competencias profesionales para los profesionales de las redes el\u00e9ctricas.\" \/>\n<meta property=\"og:url\" content=\"https:\/\/actiaenergy.com\/es\/solutions\/programas-de-formacion\/\" \/>\n<meta property=\"og:site_name\" content=\"ACTIA Energy\" \/>\n<meta property=\"article:modified_time\" content=\"2026-04-02T10:14:12+00:00\" \/>\n<meta property=\"og:image\" content=\"https:\/\/actiaenergy.com\/wp-content\/uploads\/formations-actia-energy-1080-1-36.webp\" \/>\n\t<meta property=\"og:image:width\" content=\"1080\" \/>\n\t<meta property=\"og:image:height\" content=\"1080\" \/>\n\t<meta property=\"og:image:type\" content=\"image\/webp\" \/>\n<meta name=\"twitter:card\" content=\"summary_large_image\" \/>\n<meta name=\"twitter:label1\" content=\"Tiempo de lectura\" \/>\n\t<meta name=\"twitter:data1\" content=\"1 minuto\" \/>\n<script type=\"application\/ld+json\" class=\"yoast-schema-graph\">{\"@context\":\"https:\\\/\\\/schema.org\",\"@graph\":[{\"@type\":\"WebPage\",\"@id\":\"https:\\\/\\\/actiaenergy.com\\\/es\\\/solutions\\\/programas-de-formacion\\\/\",\"url\":\"https:\\\/\\\/actiaenergy.com\\\/es\\\/solutions\\\/programas-de-formacion\\\/\",\"name\":\"Programas de formaci\u00f3n, Formaci\u00f3n t\u00e9cnica para infraestructuras - Cat\u00e1logo de formaci\u00f3n ACTIA Energy par ACTIA Energy\",\"isPartOf\":{\"@id\":\"https:\\\/\\\/actiaenergy.com\\\/es\\\/#website\"},\"primaryImageOfPage\":{\"@id\":\"https:\\\/\\\/actiaenergy.com\\\/es\\\/solutions\\\/programas-de-formacion\\\/#primaryimage\"},\"image\":{\"@id\":\"https:\\\/\\\/actiaenergy.com\\\/es\\\/solutions\\\/programas-de-formacion\\\/#primaryimage\"},\"thumbnailUrl\":\"https:\\\/\\\/actiaenergy.com\\\/wp-content\\\/uploads\\\/formations-actia-energy-1080-1-36.webp\",\"datePublished\":\"2025-01-06T23:00:00+00:00\",\"dateModified\":\"2026-04-02T10:14:12+00:00\",\"description\":\"Descubra nuestro programa de formaci\u00f3n: telecontrol, control de mando y competencias profesionales para los profesionales de las redes el\u00e9ctricas.\",\"breadcrumb\":{\"@id\":\"https:\\\/\\\/actiaenergy.com\\\/es\\\/solutions\\\/programas-de-formacion\\\/#breadcrumb\"},\"inLanguage\":\"es\",\"potentialAction\":[{\"@type\":\"ReadAction\",\"target\":[\"https:\\\/\\\/actiaenergy.com\\\/es\\\/solutions\\\/programas-de-formacion\\\/\"]}]},{\"@type\":\"ImageObject\",\"inLanguage\":\"es\",\"@id\":\"https:\\\/\\\/actiaenergy.com\\\/es\\\/solutions\\\/programas-de-formacion\\\/#primaryimage\",\"url\":\"https:\\\/\\\/actiaenergy.com\\\/wp-content\\\/uploads\\\/formations-actia-energy-1080-1-36.webp\",\"contentUrl\":\"https:\\\/\\\/actiaenergy.com\\\/wp-content\\\/uploads\\\/formations-actia-energy-1080-1-36.webp\",\"width\":1080,\"height\":1080,\"caption\":\"Cat\u00e1logo de formaci\u00f3n ACTIA Energy Formaci\u00f3n t\u00e9cnica para infraestructuras - ACTIA Energy\"},{\"@type\":\"BreadcrumbList\",\"@id\":\"https:\\\/\\\/actiaenergy.com\\\/es\\\/solutions\\\/programas-de-formacion\\\/#breadcrumb\",\"itemListElement\":[{\"@type\":\"ListItem\",\"position\":1,\"name\":\"ACTIA Energy\",\"item\":\"https:\\\/\\\/actiaenergy.com\\\/es\\\/actia-energy\\\/\"},{\"@type\":\"ListItem\",\"position\":2,\"name\":\"Soluciones\",\"item\":\"https:\\\/\\\/actiaenergy.com\\\/es\\\/soluciones\\\/\"},{\"@type\":\"ListItem\",\"position\":3,\"name\":\"Formaci\u00f3n t\u00e9cnica para infraestructuras\"}]},{\"@type\":\"WebSite\",\"@id\":\"https:\\\/\\\/actiaenergy.com\\\/es\\\/#website\",\"url\":\"https:\\\/\\\/actiaenergy.com\\\/es\\\/\",\"name\":\"ACTIA Energy\",\"description\":\"L&#039;ing\u00e9nierie de l&#039;\u00e9nergie de demain.\",\"publisher\":{\"@id\":\"https:\\\/\\\/actiaenergy.com\\\/es\\\/#organization\"},\"potentialAction\":[{\"@type\":\"SearchAction\",\"target\":{\"@type\":\"EntryPoint\",\"urlTemplate\":\"https:\\\/\\\/actiaenergy.com\\\/es\\\/?s={search_term_string}\"},\"query-input\":{\"@type\":\"PropertyValueSpecification\",\"valueRequired\":true,\"valueName\":\"search_term_string\"}}],\"inLanguage\":\"es\"},{\"@type\":\"Organization\",\"@id\":\"https:\\\/\\\/actiaenergy.com\\\/es\\\/#organization\",\"name\":\"ACTIA Energy\",\"url\":\"https:\\\/\\\/actiaenergy.com\\\/es\\\/\",\"logo\":{\"@type\":\"ImageObject\",\"inLanguage\":\"es\",\"@id\":\"https:\\\/\\\/actiaenergy.com\\\/es\\\/#\\\/schema\\\/logo\\\/image\\\/\",\"url\":\"https:\\\/\\\/actiaenergy.com\\\/wp-content\\\/uploads\\\/Logo-ACTIA-Couleurs-h150.png\",\"contentUrl\":\"https:\\\/\\\/actiaenergy.com\\\/wp-content\\\/uploads\\\/Logo-ACTIA-Couleurs-h150.png\",\"width\":706,\"height\":150,\"caption\":\"ACTIA Energy\"},\"image\":{\"@id\":\"https:\\\/\\\/actiaenergy.com\\\/es\\\/#\\\/schema\\\/logo\\\/image\\\/\"}}]}<\/script>\n<!-- \/ Yoast SEO plugin. -->","yoast_head_json":{"title":"Programas de formaci\u00f3n, Formaci\u00f3n t\u00e9cnica para infraestructuras - Cat\u00e1logo de formaci\u00f3n ACTIA Energy par ACTIA Energy","description":"Descubra nuestro programa de formaci\u00f3n: telecontrol, control de mando y competencias profesionales para los profesionales de las redes el\u00e9ctricas.","robots":{"index":"index","follow":"follow","max-snippet":"max-snippet:-1","max-image-preview":"max-image-preview:large","max-video-preview":"max-video-preview:-1"},"canonical":"https:\/\/actiaenergy.com\/es\/solutions\/programas-de-formacion\/","og_locale":"es_ES","og_type":"article","og_title":"Programas de formaci\u00f3n, Formaci\u00f3n t\u00e9cnica para infraestructuras - Cat\u00e1logo de formaci\u00f3n ACTIA Energy par ACTIA Energy","og_description":"Descubra nuestro programa de formaci\u00f3n: telecontrol, control de mando y competencias profesionales para los profesionales de las redes el\u00e9ctricas.","og_url":"https:\/\/actiaenergy.com\/es\/solutions\/programas-de-formacion\/","og_site_name":"ACTIA Energy","article_modified_time":"2026-04-02T10:14:12+00:00","og_image":[{"width":1080,"height":1080,"url":"https:\/\/actiaenergy.com\/wp-content\/uploads\/formations-actia-energy-1080-1-36.webp","type":"image\/webp"}],"twitter_card":"summary_large_image","twitter_misc":{"Tiempo de lectura":"1 minuto"},"schema":{"@context":"https:\/\/schema.org","@graph":[{"@type":"WebPage","@id":"https:\/\/actiaenergy.com\/es\/solutions\/programas-de-formacion\/","url":"https:\/\/actiaenergy.com\/es\/solutions\/programas-de-formacion\/","name":"Programas de formaci\u00f3n, Formaci\u00f3n t\u00e9cnica para infraestructuras - Cat\u00e1logo de formaci\u00f3n ACTIA Energy par ACTIA Energy","isPartOf":{"@id":"https:\/\/actiaenergy.com\/es\/#website"},"primaryImageOfPage":{"@id":"https:\/\/actiaenergy.com\/es\/solutions\/programas-de-formacion\/#primaryimage"},"image":{"@id":"https:\/\/actiaenergy.com\/es\/solutions\/programas-de-formacion\/#primaryimage"},"thumbnailUrl":"https:\/\/actiaenergy.com\/wp-content\/uploads\/formations-actia-energy-1080-1-36.webp","datePublished":"2025-01-06T23:00:00+00:00","dateModified":"2026-04-02T10:14:12+00:00","description":"Descubra nuestro programa de formaci\u00f3n: telecontrol, control de mando y competencias profesionales para los profesionales de las redes el\u00e9ctricas.","breadcrumb":{"@id":"https:\/\/actiaenergy.com\/es\/solutions\/programas-de-formacion\/#breadcrumb"},"inLanguage":"es","potentialAction":[{"@type":"ReadAction","target":["https:\/\/actiaenergy.com\/es\/solutions\/programas-de-formacion\/"]}]},{"@type":"ImageObject","inLanguage":"es","@id":"https:\/\/actiaenergy.com\/es\/solutions\/programas-de-formacion\/#primaryimage","url":"https:\/\/actiaenergy.com\/wp-content\/uploads\/formations-actia-energy-1080-1-36.webp","contentUrl":"https:\/\/actiaenergy.com\/wp-content\/uploads\/formations-actia-energy-1080-1-36.webp","width":1080,"height":1080,"caption":"Cat\u00e1logo de formaci\u00f3n ACTIA Energy Formaci\u00f3n t\u00e9cnica para infraestructuras - ACTIA Energy"},{"@type":"BreadcrumbList","@id":"https:\/\/actiaenergy.com\/es\/solutions\/programas-de-formacion\/#breadcrumb","itemListElement":[{"@type":"ListItem","position":1,"name":"ACTIA Energy","item":"https:\/\/actiaenergy.com\/es\/actia-energy\/"},{"@type":"ListItem","position":2,"name":"Soluciones","item":"https:\/\/actiaenergy.com\/es\/soluciones\/"},{"@type":"ListItem","position":3,"name":"Formaci\u00f3n t\u00e9cnica para infraestructuras"}]},{"@type":"WebSite","@id":"https:\/\/actiaenergy.com\/es\/#website","url":"https:\/\/actiaenergy.com\/es\/","name":"ACTIA Energy","description":"L&#039;ing\u00e9nierie de l&#039;\u00e9nergie de demain.","publisher":{"@id":"https:\/\/actiaenergy.com\/es\/#organization"},"potentialAction":[{"@type":"SearchAction","target":{"@type":"EntryPoint","urlTemplate":"https:\/\/actiaenergy.com\/es\/?s={search_term_string}"},"query-input":{"@type":"PropertyValueSpecification","valueRequired":true,"valueName":"search_term_string"}}],"inLanguage":"es"},{"@type":"Organization","@id":"https:\/\/actiaenergy.com\/es\/#organization","name":"ACTIA Energy","url":"https:\/\/actiaenergy.com\/es\/","logo":{"@type":"ImageObject","inLanguage":"es","@id":"https:\/\/actiaenergy.com\/es\/#\/schema\/logo\/image\/","url":"https:\/\/actiaenergy.com\/wp-content\/uploads\/Logo-ACTIA-Couleurs-h150.png","contentUrl":"https:\/\/actiaenergy.com\/wp-content\/uploads\/Logo-ACTIA-Couleurs-h150.png","width":706,"height":150,"caption":"ACTIA Energy"},"image":{"@id":"https:\/\/actiaenergy.com\/es\/#\/schema\/logo\/image\/"}}]}},"_links":{"self":[{"href":"https:\/\/actiaenergy.com\/es\/wp-json\/wp\/v2\/product\/35378","targetHints":{"allow":["GET"]}}],"collection":[{"href":"https:\/\/actiaenergy.com\/es\/wp-json\/wp\/v2\/product"}],"about":[{"href":"https:\/\/actiaenergy.com\/es\/wp-json\/wp\/v2\/types\/product"}],"wp:featuredmedia":[{"embeddable":true,"href":"https:\/\/actiaenergy.com\/es\/wp-json\/wp\/v2\/media\/35371"}],"wp:attachment":[{"href":"https:\/\/actiaenergy.com\/es\/wp-json\/wp\/v2\/media?parent=35378"}],"wp:term":[{"taxonomy":"product_brand","embeddable":true,"href":"https:\/\/actiaenergy.com\/es\/wp-json\/wp\/v2\/product_brand?post=35378"},{"taxonomy":"product_cat","embeddable":true,"href":"https:\/\/actiaenergy.com\/es\/wp-json\/wp\/v2\/product_cat?post=35378"},{"taxonomy":"product_tag","embeddable":true,"href":"https:\/\/actiaenergy.com\/es\/wp-json\/wp\/v2\/product_tag?post=35378"}],"curies":[{"name":"wp","href":"https:\/\/api.w.org\/{rel}","templated":true}]}}